{"id":4596,"date":"2023-06-09T09:09:01","date_gmt":"2023-06-09T07:09:01","guid":{"rendered":"https:\/\/agora.xtec.cat\/inslaserrasabadell\/?page_id=4596"},"modified":"2023-06-09T09:10:07","modified_gmt":"2023-06-09T07:10:07","slug":"preinscripcio","status":"publish","type":"page","link":"https:\/\/agora.xtec.cat\/inslaserrasabadell\/secretaria\/preinscripcio\/","title":{"rendered":"Preinscripci\u00f3"},"content":{"rendered":"<p>&nbsp;<\/p>\n<table style=\"width: 65%; height: 221px;\" width=\"0\">\n<tbody>\n<tr>\n<td width=\"736\">Publicaci\u00f3 de les llistes d&#8217;alumnat adm\u00e8s i de la\u00a0llista d\u2019espera, que caduca el 04\/09<\/td>\n<td width=\"149\">12 de juny<\/td>\n<\/tr>\n<tr>\n<td width=\"736\">Presentaci\u00f3 de reclamacions a les llistes d\u2019assignaci\u00f3 a l\u2019OME<\/td>\n<td width=\"149\">13, 14 i 15 de juny<\/td>\n<\/tr>\n<tr>\n<td width=\"736\">Per\u00edode de matriculaci\u00f3 (2n cicle infantil, prim\u00e0ria i ESO)<\/td>\n<td width=\"149\">del 20 al 28 de juny<\/td>\n<\/tr>\n<tr>\n<td width=\"736\">Publicaci\u00f3 de la llista d\u2019alumnes matriculats al centre procedents del proc\u00e9s de preinscripci\u00f3 i admissi\u00f3<\/td>\n<td width=\"149\">30 de setembre<\/td>\n<\/tr>\n<\/tbody>\n<\/table>\n<p><strong><u>Reclamacions a l\u2019OME<\/u><\/strong><u>:<\/u><\/p>\n<p>Sup\u00f2sits en qu\u00e8\u00a0<strong>les fam\u00edlies poden presentar una reclamaci\u00f3:<\/strong><\/p>\n<p>&#8211; Disconformitat amb l\u2019assignaci\u00f3 de pla\u00e7a: Qualsevol nova petici\u00f3 ha de disposar de vacants.<\/p>\n<p>&#8211; Germans separats<\/p>\n<p>&#8211; Pla\u00e7a d\u2019ofici sense cap centre assignat<\/p>\n<p>&#8211; Canvis de poblaci\u00f3 sense pla\u00e7a assignada<\/p>\n<p>&#8211; Anomalies del Programa GEDAC sense assignaci\u00f3 (no han aparegut al llistat)<\/p>\n<p>Cada situaci\u00f3 de les \u00a0plantejades ser\u00e0 valorada per la CGA. Cap d\u2019elles no d\u00f3na un dret autom\u00e0tic d\u2019assignaci\u00f3.<\/p>\n<p><u>No ser\u00e0 motiu de reclamaci\u00f3:<\/u><\/p>\n<ul>\n<li>Quan la fam\u00edlia t\u00e9 el seu fill\/a en llista d\u2019espera i est\u00e0 pendent que el centre confirmi la matr\u00edcula perqu\u00e8 s\u2019activi la llista, amb ocasi\u00f3 de vacant. A tall d\u2019exemple, si han posat a la sol\u00b7licitud els 10 centres possibles que podien demanar, apareixeran a 10 llistes d\u2019espera fins al 4 de setembre.<\/li>\n<\/ul>\n<p><u>En la resta de casos:<\/u>\u00a0oblits, canvis de domicili noves incorporacions, canvis de centre per motius personals&#8230;, podran fer una \u201c<strong><u>petici\u00f3 fora de termini&#8221;<\/u><\/strong>, que s\u2019atendran a l\u2019OME, amb cita pr\u00e8via, fora del per\u00edode de reclamacions.<\/p>\n<p><strong>Procediment:<\/strong><\/p>\n<p>&#8211;\u00a0\u00a0\u00a0\u00a0\u00a0\u00a0\u00a0\u00a0\u00a0\u00a0<strong>Dates:<\/strong>\u00a0dies 13, 14 i 15 de juny<\/p>\n<p>&#8211;\u00a0\u00a0\u00a0\u00a0\u00a0\u00a0\u00a0\u00a0\u00a0\u00a0<strong>Vies:<\/strong><\/p>\n<p style=\"padding-left: 40px;\"><strong>1)\u00a0\u00a0\u00a0\u00a0<\/strong><strong>Telem\u00e0tica:<\/strong>\u00a0a trav\u00e9s d\u2019aquest formulari:\u00a0<a href=\"https:\/\/forms.gle\/yTZTeZHkJxx6ttX96\" data-saferedirecturl=\"https:\/\/www.google.com\/url?q=https:\/\/forms.gle\/yTZTeZHkJxx6ttX96&amp;source=gmail&amp;ust=1686378706865000&amp;usg=AOvVaw1Nwyewe6hucE7K7l6qkm-1\">Reclamaci\u00f3 contra la pla\u00e7a assignada<\/a><\/p>\n<p style=\"padding-left: 40px;\"><strong>2)\u00a0\u00a0\u00a0\u00a0<\/strong><strong>Presencial:<\/strong>\u00a0Excepcionalment, tamb\u00e9 poden\u00a0<strong>demanar cita pr\u00e8via<\/strong>\u00a0perqu\u00e8 se\u2019ls atengui presencialment a l\u2019OME, trucant al 010 (des del tel\u00e8fon fix) i al 93 745 31 10 (des del tel\u00e8fon m\u00f2bil).<\/p>\n<p><strong><u>Per\u00edode de matriculaci\u00f3 d\u2019infantil, prim\u00e0ria i ESO<\/u><\/strong>: les fam\u00edlies faran la matr\u00edcula del 20 al 28 de juny<\/p>\n","protected":false},"excerpt":{"rendered":"<p>&nbsp; Publicaci\u00f3 de les llistes d&#8217;alumnat adm\u00e8s i de la\u00a0llista d\u2019espera, que caduca el 04\/09 12 de juny Presentaci\u00f3 de reclamacions a les llistes d\u2019assignaci\u00f3 a l\u2019OME 13, 14 i 15 de juny Per\u00edode de matriculaci\u00f3 (2n cicle infantil, prim\u00e0ria i ESO) del 20 al 28 de juny Publicaci\u00f3 de la llista d\u2019alumnes matriculats al [&hellip;]<\/p>\n","protected":false},"author":1,"featured_media":0,"parent":81,"menu_order":0,"comment_status":"closed","ping_status":"closed","template":"","meta":{"_bbp_topic_count":0,"_bbp_reply_count":0,"_bbp_total_topic_count":0,"_bbp_total_reply_count":0,"_bbp_voice_count":0,"_bbp_anonymous_reply_count":0,"_bbp_topic_count_hidden":0,"_bbp_reply_count_hidden":0,"_bbp_forum_subforum_count":0,"site-sidebar-layout":"default","site-content-layout":"","ast-site-content-layout":"","site-content-style":"default","site-sidebar-style":"default","ast-global-header-display":"","ast-banner-title-visibility":"","ast-main-header-display":"","ast-hfb-above-header-display":"","ast-hfb-below-header-display":"","ast-hfb-mobile-header-display":"","site-post-title":"","ast-breadcrumbs-content":"","ast-featured-img":"","footer-sml-layout":"","theme-transparent-header-meta":"","adv-header-id-meta":"","stick-header-meta":"","header-above-stick-meta":"","header-main-stick-meta":"","header-below-stick-meta":"","astra-migrate-meta-layouts":"default","ast-page-background-enabled":"default","ast-page-background-meta":{"desktop":{"background-color":"var(--ast-global-color-4)","background-image":"","background-repeat":"repeat","background-position":"center center","background-size":"auto","background-attachment":"scroll","background-type":"","background-media":"","overlay-type":"","overlay-color":"","overlay-opacity":"","overlay-gradient":""},"tablet":{"background-color":"","background-image":"","background-repeat":"repeat","background-position":"center center","background-size":"auto","background-attachment":"scroll","background-type":"","background-media":"","overlay-type":"","overlay-color":"","overlay-opacity":"","overlay-gradient":""},"mobile":{"background-color":"","background-image":"","background-repeat":"repeat","background-position":"center center","background-size":"auto","background-attachment":"scroll","background-type":"","background-media":"","overlay-type":"","overlay-color":"","overlay-opacity":"","overlay-gradient":""}},"ast-content-background-meta":{"desktop":{"background-color":"var(--ast-global-color-5)","background-image":"","background-repeat":"repeat","background-position":"center center","background-size":"auto","background-attachment":"scroll","background-type":"","background-media":"","overlay-type":"","overlay-color":"","overlay-opacity":"","overlay-gradient":""},"tablet":{"background-color":"var(--ast-global-color-5)","background-image":"","background-repeat":"repeat","background-position":"center center","background-size":"auto","background-attachment":"scroll","background-type":"","background-media":"","overlay-type":"","overlay-color":"","overlay-opacity":"","overlay-gradient":""},"mobile":{"background-color":"var(--ast-global-color-5)","background-image":"","background-repeat":"repeat","background-position":"center center","background-size":"auto","background-attachment":"scroll","background-type":"","background-media":"","overlay-type":"","overlay-color":"","overlay-opacity":"","overlay-gradient":""}},"footnotes":""},"class_list":["post-4596","page","type-page","status-publish","hentry"],"post_mailing_queue_ids":[],"_links":{"self":[{"href":"https:\/\/agora.xtec.cat\/inslaserrasabadell\/wp-json\/wp\/v2\/pages\/4596","targetHints":{"allow":["GET"]}}],"collection":[{"href":"https:\/\/agora.xtec.cat\/inslaserrasabadell\/wp-json\/wp\/v2\/pages"}],"about":[{"href":"https:\/\/agora.xtec.cat\/inslaserrasabadell\/wp-json\/wp\/v2\/types\/page"}],"author":[{"embeddable":true,"href":"https:\/\/agora.xtec.cat\/inslaserrasabadell\/wp-json\/wp\/v2\/users\/1"}],"replies":[{"embeddable":true,"href":"https:\/\/agora.xtec.cat\/inslaserrasabadell\/wp-json\/wp\/v2\/comments?post=4596"}],"version-history":[{"count":1,"href":"https:\/\/agora.xtec.cat\/inslaserrasabadell\/wp-json\/wp\/v2\/pages\/4596\/revisions"}],"predecessor-version":[{"id":4597,"href":"https:\/\/agora.xtec.cat\/inslaserrasabadell\/wp-json\/wp\/v2\/pages\/4596\/revisions\/4597"}],"up":[{"embeddable":true,"href":"https:\/\/agora.xtec.cat\/inslaserrasabadell\/wp-json\/wp\/v2\/pages\/81"}],"wp:attachment":[{"href":"https:\/\/agora.xtec.cat\/inslaserrasabadell\/wp-json\/wp\/v2\/media?parent=4596"}],"curies":[{"name":"wp","href":"https:\/\/api.w.org\/{rel}","templated":true}]}}