{"id":4137,"date":"2022-06-08T09:07:04","date_gmt":"2022-06-08T07:07:04","guid":{"rendered":"https:\/\/agora.xtec.cat\/inslaserrasabadell\/?page_id=4137"},"modified":"2023-05-26T08:01:21","modified_gmt":"2023-05-26T06:01:21","slug":"objectius","status":"publish","type":"page","link":"https:\/\/agora.xtec.cat\/inslaserrasabadell\/projecte-educatiu\/estrategia-digital-de-centre\/estrategia\/objectius\/","title":{"rendered":"Objectius"},"content":{"rendered":"<p>Dintre del marc de l&#8217;Estrategia Digital de Centre, s&#8217;han establert els seg\u00fcents objectius:<\/p>\n<ul>\n<li style=\"list-style-type: none;\">\n<ul>\n<li style=\"list-style-type: none;\">\n<ul>\n<li style=\"list-style-type: none;\">\n<ul style=\"list-style-type: square;\">\n<li><strong>Objectiu 1. Desenvolupar l\u2019Estrat\u00e8gia Digital de Centre.<\/strong><\/li>\n<li><strong>Objectiu 2. Elaborar El Pla d&#8217;Acollida Digital.<\/strong><\/li>\n<li><strong>Objectiu 3. Elaborar el Pla de Comunicaci\u00f3 del Centre.<\/strong><\/li>\n<li><strong>Objectiu 4. Assolir la compet\u00e8ncia digital de l\u2019alumnat (CDA)<\/strong><\/li>\n<\/ul>\n<\/li>\n<\/ul>\n<\/li>\n<\/ul>\n<\/li>\n<\/ul>\n<p>&nbsp;<\/p>\n<p style=\"text-align: center;\">Indicadors i Criteris d&#8217;\u00c8xit<\/p>\n<table dir=\"ltr\" style=\"width: 100%; height: 322px;\" cellspacing=\"0\" cellpadding=\"0\">\n<colgroup>\n<col width=\"450\" \/>\n<col width=\"244\" \/>\n<col width=\"230\" \/><\/colgroup>\n<tbody>\n<tr style=\"height: 33px;\">\n<td style=\"height: 33px;\" colspan=\"3\" rowspan=\"1\" data-sheets-value=\"{&quot;1&quot;:2,&quot;2&quot;:&quot;OBJECTIU 1 &quot;}\" data-sheets-numberformat=\"{&quot;1&quot;:1}\">OBJECTIU 1<\/td>\n<\/tr>\n<tr style=\"height: 96px;\">\n<td style=\"height: 96px;\" colspan=\"3\" rowspan=\"1\" data-sheets-value=\"{&quot;1&quot;:2,&quot;2&quot;:&quot;Desenvolupar l\u2019Estrat\u00e8gia Digital de Centre. (difusi\u00f3 i implementaci\u00f3)\\n\\nINDICADOR D'OBJECTIU: Elaboraci\u00f3 i difusi\u00f3 del document de l'EDC de centre al juny 2023.\\nCRITERI D'\u00c8XIT: 100%&quot;}\" data-sheets-textstyleruns=\"{&quot;1&quot;:0}\uee10{&quot;1&quot;:72,&quot;2&quot;:{&quot;5&quot;:1}}\uee10{&quot;1&quot;:94,&quot;2&quot;:{&quot;2&quot;:{&quot;1&quot;:2,&quot;2&quot;:14515819},&quot;5&quot;:1}}\uee10{&quot;1&quot;:95,&quot;2&quot;:{&quot;2&quot;:{&quot;1&quot;:2,&quot;2&quot;:14515819}}}\uee10{&quot;1&quot;:162,&quot;2&quot;:{&quot;5&quot;:1}}\uee10{&quot;1&quot;:178,&quot;2&quot;:{&quot;2&quot;:{&quot;1&quot;:2,&quot;2&quot;:14515819}}}\">Desenvolupar l\u2019Estrat\u00e8gia Digital de Centre.<\/p>\n<p>INDICADOR D&#8217;OBJECTIU: Elaboraci\u00f3 i difusi\u00f3 del document de l&#8217;EDC de centre al juny 2023.<br \/>\nCRITERI D&#8217;\u00c8XIT: 100%<\/td>\n<\/tr>\n<tr style=\"height: 33px;\">\n<td style=\"height: 33px;\" data-sheets-value=\"{&quot;1&quot;:2,&quot;2&quot;:&quot;ACTIVITATS&quot;}\" data-sheets-numberformat=\"{&quot;1&quot;:1}\">ACTIVITATS<\/td>\n<td style=\"height: 33px;\" data-sheets-value=\"{&quot;1&quot;:2,&quot;2&quot;:&quot;INDICADORS&quot;}\" data-sheets-numberformat=\"{&quot;1&quot;:1}\">INDICADORS<\/td>\n<td style=\"height: 33px;\" data-sheets-value=\"{&quot;1&quot;:2,&quot;2&quot;:&quot;CRITERI D'\u00c8XIT &quot;}\" data-sheets-numberformat=\"{&quot;1&quot;:1}\">CRITERI D&#8217;\u00c8XIT<\/td>\n<\/tr>\n<tr style=\"height: 80px;\">\n<td style=\"height: 80px;\" data-sheets-value=\"{&quot;1&quot;:2,&quot;2&quot;:&quot;1.1 Elaboraci\u00f3 del document de l'EDC.&quot;}\" data-sheets-numberformat=\"{&quot;1&quot;:1}\">1.1 Elaboraci\u00f3 del document de l&#8217;EDC.<\/td>\n<td style=\"height: 80px;\" data-sheets-value=\"{&quot;1&quot;:2,&quot;2&quot;:&quot;IA: Elaboraci\u00f3 del document.\\nIQ: Redacci\u00f3 de la part d'estrat\u00e8gia i de la part de cultura al juny 2023.&quot;}\" data-sheets-numberformat=\"{&quot;1&quot;:1}\" data-sheets-textstyleruns=\"{&quot;1&quot;:0,&quot;2&quot;:{&quot;2&quot;:{&quot;1&quot;:2,&quot;2&quot;:14515819},&quot;5&quot;:1}}\uee10{&quot;1&quot;:3,&quot;2&quot;:{&quot;2&quot;:{&quot;1&quot;:2,&quot;2&quot;:14515819}}}\uee10{&quot;1&quot;:29,&quot;2&quot;:{&quot;2&quot;:{&quot;1&quot;:2,&quot;2&quot;:14515819},&quot;5&quot;:1}}\uee10{&quot;1&quot;:32,&quot;2&quot;:{&quot;2&quot;:{&quot;1&quot;:2,&quot;2&quot;:14515819}}}\uee10{&quot;1&quot;:102}\">IA: Elaboraci\u00f3 del document.<br \/>\nIQ: Redacci\u00f3 de la part d&#8217;estrat\u00e8gia i de la part de cultura al juny 2023.<\/td>\n<td style=\"height: 80px;\" data-sheets-value=\"{&quot;1&quot;:2,&quot;2&quot;:&quot;CE IA: Fet\\nCE IQ: 75%&quot;}\" data-sheets-numberformat=\"{&quot;1&quot;:1}\" data-sheets-textstyleruns=\"{&quot;1&quot;:0,&quot;2&quot;:{&quot;4&quot;:11,&quot;5&quot;:1}}\uee10{&quot;1&quot;:6,&quot;2&quot;:{&quot;4&quot;:11}}\uee10{&quot;1&quot;:11,&quot;2&quot;:{&quot;4&quot;:11,&quot;5&quot;:1}}\uee10{&quot;1&quot;:17,&quot;2&quot;:{&quot;4&quot;:11}}\">CE IA: Fet<br \/>\nCE IQ: 75%<\/td>\n<\/tr>\n<tr style=\"height: 80px;\">\n<td style=\"height: 80px;\" data-sheets-value=\"{&quot;1&quot;:2,&quot;2&quot;:&quot;1.2 Difusi\u00f3 a partir de l'espai de l'EDC del centre del document elaborat&quot;}\" data-sheets-numberformat=\"{&quot;1&quot;:1}\">1.2 Difusi\u00f3 a partir de l&#8217;espai de l&#8217;EDC del centre del document elaborat<\/td>\n<td style=\"height: 80px;\" data-sheets-value=\"{&quot;1&quot;:2,&quot;2&quot;:&quot;IA: Publicaci\u00f3 del document.\\nIQ: Percentatge de membres de la Comunitat educativa que valoren positivament l'EDC.&quot;}\" data-sheets-numberformat=\"{&quot;1&quot;:1}\" data-sheets-textstyleruns=\"{&quot;1&quot;:0,&quot;2&quot;:{&quot;5&quot;:1}}\uee10{&quot;1&quot;:4}\uee10{&quot;1&quot;:28,&quot;2&quot;:{&quot;5&quot;:1}}\uee10{&quot;1&quot;:32}\">IA: Publicaci\u00f3 del document.<br \/>\nIQ: Percentatge de membres de la Comunitat educativa que valoren positivament l&#8217;EDC.<\/td>\n<td style=\"height: 80px;\" data-sheets-value=\"{&quot;1&quot;:2,&quot;2&quot;:&quot;CE IA: Fet\\nCE IQ: 80%&quot;}\" data-sheets-numberformat=\"{&quot;1&quot;:1}\" data-sheets-textstyleruns=\"{&quot;1&quot;:0}\uee10{&quot;1&quot;:10,&quot;2&quot;:{&quot;5&quot;:0}}\uee10{&quot;1&quot;:11}\uee10{&quot;1&quot;:18,&quot;2&quot;:{&quot;5&quot;:0}}\">CE IA: Fet<br \/>\nCE IQ: 80%<\/td>\n<\/tr>\n<\/tbody>\n<\/table>\n<table dir=\"ltr\" cellspacing=\"0\" cellpadding=\"0\">\n<colgroup>\n<col width=\"450\" \/>\n<col width=\"244\" \/>\n<col width=\"230\" \/><\/colgroup>\n<tbody>\n<tr>\n<td colspan=\"3\" rowspan=\"1\" data-sheets-value=\"{&quot;1&quot;:2,&quot;2&quot;:&quot;OBJECTIU 2 &quot;}\" data-sheets-numberformat=\"{&quot;1&quot;:1}\">OBJECTIU 2<\/td>\n<\/tr>\n<tr>\n<td colspan=\"3\" rowspan=\"1\" data-sheets-value=\"{&quot;1&quot;:2,&quot;2&quot;:&quot;Millorar l'acolliment digital de la Comunitat Educativa.\\n\\nINDICADOR D'OBJECTIU: Grau de satisfacci\u00f3 de la Comunitat educativa respecte a l'acolliment digital. \\nCRITERI D'\u00c8XIT: 3 sobre 5&quot;}\" data-sheets-textstyleruns=\"{&quot;1&quot;:0}\uee10{&quot;1&quot;:57,&quot;2&quot;:{&quot;5&quot;:1}}\uee10{&quot;1&quot;:79,&quot;2&quot;:{&quot;2&quot;:{&quot;1&quot;:2,&quot;2&quot;:14515819}}}\uee10{&quot;1&quot;:161,&quot;2&quot;:{&quot;5&quot;:1}}\uee10{&quot;1&quot;:177,&quot;2&quot;:{&quot;2&quot;:{&quot;1&quot;:2,&quot;2&quot;:14515819},&quot;5&quot;:1}}\">Elaborar el Pla d&#8217;Acollida Digital<\/p>\n<p>INDICADOR D&#8217;OBJECTIU: Grau de satisfacci\u00f3 de la Comunitat educativa respecte a l&#8217;acolliment digital.<br \/>\nCRITERI D&#8217;\u00c8XIT: 3 sobre 5<\/td>\n<\/tr>\n<tr>\n<td data-sheets-value=\"{&quot;1&quot;:2,&quot;2&quot;:&quot;ACTIVITATS&quot;}\" data-sheets-numberformat=\"{&quot;1&quot;:1}\">ACTIVITATS<\/td>\n<td data-sheets-value=\"{&quot;1&quot;:2,&quot;2&quot;:&quot;INDICADORS&quot;}\" data-sheets-numberformat=\"{&quot;1&quot;:1}\">INDICADORS<\/td>\n<td data-sheets-value=\"{&quot;1&quot;:2,&quot;2&quot;:&quot;CRITERI D'\u00c8XIT &quot;}\" data-sheets-numberformat=\"{&quot;1&quot;:1}\">CRITERI D&#8217;\u00c8XIT<\/td>\n<\/tr>\n<tr>\n<td data-sheets-value=\"{&quot;1&quot;:2,&quot;2&quot;:&quot;2.1 Creaci\u00f3 del pla d'acollida digital del professorat&quot;}\" data-sheets-numberformat=\"{&quot;1&quot;:1}\">2.1 Creaci\u00f3 del pla d&#8217;acollida digital del professorat<\/td>\n<td data-sheets-value=\"{&quot;1&quot;:2,&quot;2&quot;:&quot;indicador 1: fet\/no fet \\nindicador 2 valoraci\u00f3&quot;}\" data-sheets-numberformat=\"{&quot;1&quot;:1}\">indicador 1: fet\/no fet<br \/>\nindicador 2 valoraci\u00f3<\/td>\n<td data-sheets-value=\"{&quot;1&quot;:2,&quot;2&quot;:&quot;Fet\\n&gt;3\/5&quot;}\" data-sheets-numberformat=\"{&quot;1&quot;:1}\">Fet<br \/>\n&gt;3\/5<\/td>\n<\/tr>\n<tr>\n<td data-sheets-value=\"{&quot;1&quot;:2,&quot;2&quot;:&quot;2.2 Creaci\u00f3 del pla d'acollida digital de l'alumnat&quot;}\" data-sheets-numberformat=\"{&quot;1&quot;:1}\">2.2 Creaci\u00f3 del pla d&#8217;acollida digital de l&#8217;alumnat<\/td>\n<td data-sheets-value=\"{&quot;1&quot;:2,&quot;2&quot;:&quot;indicador 1: fet\/no fet \\nindicador 2 valoraci\u00f3&quot;}\" data-sheets-numberformat=\"{&quot;1&quot;:1}\">indicador 1: fet\/no fet<br \/>\nindicador 2 valoraci\u00f3<\/td>\n<td data-sheets-value=\"{&quot;1&quot;:2,&quot;2&quot;:&quot;Fet\\n&gt;3\/5&quot;}\" data-sheets-numberformat=\"{&quot;1&quot;:1}\">Fet<br \/>\n&gt;3\/5<\/td>\n<\/tr>\n<tr>\n<td data-sheets-value=\"{&quot;1&quot;:2,&quot;2&quot;:&quot;2.3 Creaci\u00f3 del pla d'acollida digital de les fam\u00edlies&quot;}\" data-sheets-numberformat=\"{&quot;1&quot;:1}\">2.3 Creaci\u00f3 del pla d&#8217;acollida digital de les fam\u00edlies<\/td>\n<td data-sheets-value=\"{&quot;1&quot;:2,&quot;2&quot;:&quot;indicador 1: fet\/no fet \\nindicador 2 valoraci\u00f3&quot;}\" data-sheets-numberformat=\"{&quot;1&quot;:1}\">indicador 1: fet\/no fet<br \/>\nindicador 2 valoraci\u00f3<\/td>\n<td data-sheets-value=\"{&quot;1&quot;:2,&quot;2&quot;:&quot;Fet\\n&gt;3\/5&quot;}\" data-sheets-numberformat=\"{&quot;1&quot;:1}\">Fet<br \/>\n&gt;3\/5<\/td>\n<\/tr>\n<\/tbody>\n<\/table>\n<table dir=\"ltr\" cellspacing=\"0\" cellpadding=\"0\">\n<colgroup>\n<col width=\"450\" \/>\n<col width=\"244\" \/>\n<col width=\"230\" \/><\/colgroup>\n<tbody>\n<tr>\n<td colspan=\"3\" rowspan=\"1\" data-sheets-value=\"{&quot;1&quot;:2,&quot;2&quot;:&quot;OBJECTIU 3 &quot;}\" data-sheets-numberformat=\"{&quot;1&quot;:1}\">OBJECTIU 3<\/td>\n<\/tr>\n<tr>\n<td colspan=\"3\" rowspan=\"1\" data-sheets-value=\"{&quot;1&quot;:2,&quot;2&quot;:&quot;Elaborar el pla de comunicaci\u00f3 del centre per ordenar i unificar criteris sobre tots els aspecters relacionats amb la comunicaci\u00f3. xarxes, plataformes, correus, logos, criteris est\u00e8tics ( lletra, colors, formats\u2026)\\n\\nINDICADOR D'OBJECTIU: Percentatge de membres de la comunitat educativa que valoren positivament el document elaborat. \\nCRITERI D'\u00c8XIT: 4 sobre 5&quot;}\" data-sheets-textstyleruns=\"{&quot;1&quot;:0}\uee10{&quot;1&quot;:215,&quot;2&quot;:{&quot;5&quot;:1}}\uee10{&quot;1&quot;:238,&quot;2&quot;:{&quot;2&quot;:{&quot;1&quot;:2,&quot;2&quot;:13386021}}}\uee10{&quot;1&quot;:335,&quot;2&quot;:{&quot;5&quot;:1}}\uee10{&quot;1&quot;:381,&quot;2&quot;:{&quot;2&quot;:{&quot;1&quot;:2,&quot;2&quot;:13386021}}}\">Elaborar el Pla de Comunicaci\u00f3 del Centre<\/p>\n<p>INDICADOR D&#8217;OBJECTIU: Percentatge de membres de la comunitat educativa que valoren positivament el document elaborat.<br \/>\nCRITERI D&#8217;\u00c8XIT: 4 sobre 5<\/td>\n<\/tr>\n<tr>\n<td data-sheets-value=\"{&quot;1&quot;:2,&quot;2&quot;:&quot;ACTIVITATS&quot;}\" data-sheets-numberformat=\"{&quot;1&quot;:1}\">ACTIVITATS<\/td>\n<td data-sheets-value=\"{&quot;1&quot;:2,&quot;2&quot;:&quot;INDICADORS&quot;}\" data-sheets-numberformat=\"{&quot;1&quot;:1}\">INDICADORS<\/td>\n<td data-sheets-value=\"{&quot;1&quot;:2,&quot;2&quot;:&quot;CRITERI D'\u00c8XIT &quot;}\" data-sheets-numberformat=\"{&quot;1&quot;:1}\">CRITERI D&#8217;\u00c8XIT<\/td>\n<\/tr>\n<tr>\n<td data-sheets-value=\"{&quot;1&quot;:2,&quot;2&quot;:&quot;3.1 Redacci\u00f3 del Pla de comunicaci\u00f3 del centre.&quot;}\" data-sheets-numberformat=\"{&quot;1&quot;:1}\">3.1 Redacci\u00f3 del Pla de comunicaci\u00f3 del centre.<\/td>\n<td data-sheets-value=\"{&quot;1&quot;:2,&quot;2&quot;:&quot;indicador 1: fet\/no fet \\nindicador 2 valoraci\u00f3&quot;}\" data-sheets-numberformat=\"{&quot;1&quot;:1}\">indicador 1: fet\/no fet<br \/>\nindicador 2 valoraci\u00f3<\/td>\n<td data-sheets-value=\"{&quot;1&quot;:2,&quot;2&quot;:&quot;Fet\\n&gt;3\/5&quot;}\" data-sheets-numberformat=\"{&quot;1&quot;:1}\">Fet<br \/>\n&gt;3\/5<\/td>\n<\/tr>\n<tr>\n<td data-sheets-value=\"{&quot;1&quot;:2,&quot;2&quot;:&quot;3.2 Difusi\u00f3 del Pla de comunicaci\u00f3 del centre&quot;}\" data-sheets-numberformat=\"{&quot;1&quot;:1}\">3.2 Difusi\u00f3 del Pla de comunicaci\u00f3 del centre<\/td>\n<td data-sheets-value=\"{&quot;1&quot;:2,&quot;2&quot;:&quot;indicador 1: existeix a la web i difusi\u00f3 correu\\nindicador 2: coneixement del pla (valoraci\u00f3)&quot;}\" data-sheets-numberformat=\"{&quot;1&quot;:1}\">indicador 1: existeix a la web i difusi\u00f3 correu<br \/>\nindicador 2: coneixement del pla (valoraci\u00f3)<\/td>\n<td data-sheets-value=\"{&quot;1&quot;:2,&quot;2&quot;:&quot;si\\n&gt;75% CE&quot;}\" data-sheets-numberformat=\"{&quot;1&quot;:1}\">si<br \/>\n&gt;75% CE<\/td>\n<\/tr>\n<\/tbody>\n<\/table>\n<table dir=\"ltr\" cellspacing=\"0\" cellpadding=\"0\">\n<colgroup>\n<col width=\"450\" \/>\n<col width=\"244\" \/>\n<col width=\"230\" \/><\/colgroup>\n<tbody>\n<tr>\n<td colspan=\"3\" rowspan=\"1\" data-sheets-value=\"{&quot;1&quot;:2,&quot;2&quot;:&quot;OBJECTIU 4&quot;}\" data-sheets-numberformat=\"{&quot;1&quot;:1}\">OBJECTIU 4<\/td>\n<\/tr>\n<tr>\n<td colspan=\"3\" rowspan=\"1\" data-sheets-value=\"{&quot;1&quot;:2,&quot;2&quot;:&quot;Millorar l\u2019assoliment de la compet\u00e8ncia digital de l\u2019alumnat per tal que esdevinguin ciutadans amb una bona compet\u00e8ncia digital, capa\u00e7os de comprendre i utilitzar correctament els avan\u00e7os digitals que s'anir\u00e0 trobant. \\n\\nINDICADOR D'OBJECTIU: Millora del percentatge d'assolimnet de la CDA de l'alumnat al centre, respecte la valoraci\u00f3 inicial individual. \\nCRITERI D'\u00c8XIT: 80%&quot;}\" data-sheets-textstyleruns=\"{&quot;1&quot;:0}\uee10{&quot;1&quot;:220,&quot;2&quot;:{&quot;5&quot;:1}}\uee10{&quot;1&quot;:242,&quot;2&quot;:{&quot;2&quot;:{&quot;1&quot;:2,&quot;2&quot;:14515819}}}\uee10{&quot;1&quot;:354,&quot;2&quot;:{&quot;5&quot;:1}}\uee10{&quot;1&quot;:505,&quot;2&quot;:{&quot;2&quot;:{&quot;1&quot;:2,&quot;2&quot;:14515819}}}\">Assolir la compet\u00e8ncia digital de l\u2019alumnat<\/p>\n<p>INDICADOR D&#8217;OBJECTIU: Millora del percentatge d&#8217;assolimnet de la CDA de l&#8217;alumnat al centre, respecte la valoraci\u00f3 inicial individual.<br \/>\nCRITERI D&#8217;\u00c8XIT: 80%<\/td>\n<\/tr>\n<tr>\n<td data-sheets-value=\"{&quot;1&quot;:2,&quot;2&quot;:&quot;ACTIVITATS&quot;}\" data-sheets-numberformat=\"{&quot;1&quot;:1}\">ACTIVITATS<\/td>\n<td data-sheets-value=\"{&quot;1&quot;:2,&quot;2&quot;:&quot;INDICADORS&quot;}\" data-sheets-numberformat=\"{&quot;1&quot;:1}\">INDICADORS<\/td>\n<td data-sheets-value=\"{&quot;1&quot;:2,&quot;2&quot;:&quot;CRITERI D'\u00c8XIT &quot;}\" data-sheets-numberformat=\"{&quot;1&quot;:1}\">CRITERI D&#8217;\u00c8XIT<\/td>\n<\/tr>\n<tr>\n<td data-sheets-value=\"{&quot;1&quot;:2,&quot;2&quot;:&quot;4.1 Creaci\u00f3 d'una (avaluaci\u00f3 inicial) diagnosi instrumental a l'alumnat. &quot;}\" data-sheets-numberformat=\"{&quot;1&quot;:1}\" data-sheets-textstyleruns=\"{&quot;1&quot;:0}\uee10{&quot;1&quot;:18,&quot;2&quot;:{&quot;2&quot;:{&quot;1&quot;:2,&quot;2&quot;:255}}}\uee10{&quot;1&quot;:38}\">4.1 Creaci\u00f3 d&#8217;una (avaluaci\u00f3 inicial) diagnosi instrumental a l&#8217;alumnat.<\/td>\n<td data-sheets-value=\"{&quot;1&quot;:2,&quot;2&quot;:&quot;indicador 1: fet\/no fet\\nindicador 2: alumnat que respon&quot;}\" data-sheets-numberformat=\"{&quot;1&quot;:1}\">indicador 1: fet\/no fet<br \/>\nindicador 2: alumnat que respon<\/td>\n<td data-sheets-numberformat=\"{&quot;1&quot;:1}\"><\/td>\n<\/tr>\n<tr>\n<td data-sheets-value=\"{&quot;1&quot;:2,&quot;2&quot;:&quot;4.2 Seq\u00fcenciaci\u00f3 de la compet\u00e8ncia digital a les \u00e0rees curriculars als diferents cicles per tal d'anar introduint progressivament els diferents recursos que ens permetran avan\u00e7ar en la CD de l'alumnat. &quot;}\" data-sheets-numberformat=\"{&quot;1&quot;:1}\">4.2 Seq\u00fcenciaci\u00f3 de la compet\u00e8ncia digital a les \u00e0rees curriculars als diferents cicles per tal d&#8217;anar introduint progressivament els diferents recursos que ens permetran avan\u00e7ar en la CD de l&#8217;alumnat.<\/td>\n<td data-sheets-numberformat=\"{&quot;1&quot;:1}\"><\/td>\n<td data-sheets-numberformat=\"{&quot;1&quot;:1}\"><\/td>\n<\/tr>\n<\/tbody>\n<\/table>\n<p>&nbsp;<\/p>\n","protected":false},"excerpt":{"rendered":"<p>Dintre del marc de l&#8217;Estrategia Digital de Centre, s&#8217;han establert els seg\u00fcents objectius: Objectiu 1. Desenvolupar l\u2019Estrat\u00e8gia Digital de Centre. Objectiu 2. Elaborar El Pla d&#8217;Acollida Digital. Objectiu 3. Elaborar el Pla de Comunicaci\u00f3 del Centre. Objectiu 4. Assolir la compet\u00e8ncia digital de l\u2019alumnat (CDA) &nbsp; Indicadors i Criteris d&#8217;\u00c8xit OBJECTIU 1 Desenvolupar l\u2019Estrat\u00e8gia Digital [&hellip;]<\/p>\n","protected":false},"author":7,"featured_media":0,"parent":4107,"menu_order":2,"comment_status":"closed","ping_status":"closed","template":"page-templates\/side-menu.php","meta":{"_bbp_topic_count":0,"_bbp_reply_count":0,"_bbp_total_topic_count":0,"_bbp_total_reply_count":0,"_bbp_voice_count":0,"_bbp_anonymous_reply_count":0,"_bbp_topic_count_hidden":0,"_bbp_reply_count_hidden":0,"_bbp_forum_subforum_count":0,"site-sidebar-layout":"default","site-content-layout":"","ast-site-content-layout":"","site-content-style":"default","site-sidebar-style":"default","ast-global-header-display":"","ast-banner-title-visibility":"","ast-main-header-display":"","ast-hfb-above-header-display":"","ast-hfb-below-header-display":"","ast-hfb-mobile-header-display":"","site-post-title":"","ast-breadcrumbs-content":"","ast-featured-img":"","footer-sml-layout":"","theme-transparent-header-meta":"","adv-header-id-meta":"","stick-header-meta":"","header-above-stick-meta":"","header-main-stick-meta":"","header-below-stick-meta":"","astra-migrate-meta-layouts":"default","ast-page-background-enabled":"default","ast-page-background-meta":{"desktop":{"background-color":"var(--ast-global-color-4)","background-image":"","background-repeat":"repeat","background-position":"center center","background-size":"auto","background-attachment":"scroll","background-type":"","background-media":"","overlay-type":"","overlay-color":"","overlay-opacity":"","overlay-gradient":""},"tablet":{"background-color":"","background-image":"","background-repeat":"repeat","background-position":"center center","background-size":"auto","background-attachment":"scroll","background-type":"","background-media":"","overlay-type":"","overlay-color":"","overlay-opacity":"","overlay-gradient":""},"mobile":{"background-color":"","background-image":"","background-repeat":"repeat","background-position":"center center","background-size":"auto","background-attachment":"scroll","background-type":"","background-media":"","overlay-type":"","overlay-color":"","overlay-opacity":"","overlay-gradient":""}},"ast-content-background-meta":{"desktop":{"background-color":"var(--ast-global-color-5)","background-image":"","background-repeat":"repeat","background-position":"center center","background-size":"auto","background-attachment":"scroll","background-type":"","background-media":"","overlay-type":"","overlay-color":"","overlay-opacity":"","overlay-gradient":""},"tablet":{"background-color":"var(--ast-global-color-5)","background-image":"","background-repeat":"repeat","background-position":"center center","background-size":"auto","background-attachment":"scroll","background-type":"","background-media":"","overlay-type":"","overlay-color":"","overlay-opacity":"","overlay-gradient":""},"mobile":{"background-color":"var(--ast-global-color-5)","background-image":"","background-repeat":"repeat","background-position":"center center","background-size":"auto","background-attachment":"scroll","background-type":"","background-media":"","overlay-type":"","overlay-color":"","overlay-opacity":"","overlay-gradient":""}},"footnotes":""},"class_list":["post-4137","page","type-page","status-publish","hentry"],"post_mailing_queue_ids":[],"_links":{"self":[{"href":"https:\/\/agora.xtec.cat\/inslaserrasabadell\/wp-json\/wp\/v2\/pages\/4137","targetHints":{"allow":["GET"]}}],"collection":[{"href":"https:\/\/agora.xtec.cat\/inslaserrasabadell\/wp-json\/wp\/v2\/pages"}],"about":[{"href":"https:\/\/agora.xtec.cat\/inslaserrasabadell\/wp-json\/wp\/v2\/types\/page"}],"author":[{"embeddable":true,"href":"https:\/\/agora.xtec.cat\/inslaserrasabadell\/wp-json\/wp\/v2\/users\/7"}],"replies":[{"embeddable":true,"href":"https:\/\/agora.xtec.cat\/inslaserrasabadell\/wp-json\/wp\/v2\/comments?post=4137"}],"version-history":[{"count":3,"href":"https:\/\/agora.xtec.cat\/inslaserrasabadell\/wp-json\/wp\/v2\/pages\/4137\/revisions"}],"predecessor-version":[{"id":4538,"href":"https:\/\/agora.xtec.cat\/inslaserrasabadell\/wp-json\/wp\/v2\/pages\/4137\/revisions\/4538"}],"up":[{"embeddable":true,"href":"https:\/\/agora.xtec.cat\/inslaserrasabadell\/wp-json\/wp\/v2\/pages\/4107"}],"wp:attachment":[{"href":"https:\/\/agora.xtec.cat\/inslaserrasabadell\/wp-json\/wp\/v2\/media?parent=4137"}],"curies":[{"name":"wp","href":"https:\/\/api.w.org\/{rel}","templated":true}]}}