{"id":39,"date":"2014-09-17T16:36:44","date_gmt":"2014-09-17T16:36:44","guid":{"rendered":"http:\/\/agora.xtec.cat\/inslaserrasabadell\/?page_id=39"},"modified":"2025-12-17T12:34:20","modified_gmt":"2025-12-17T11:34:20","slug":"instal%c2%b7lacions","status":"publish","type":"page","link":"https:\/\/agora.xtec.cat\/inslaserrasabadell\/linstitut\/instal%c2%b7lacions\/","title":{"rendered":"Instal\u00b7lacions"},"content":{"rendered":"<p><a href=\"https:\/\/agora.xtec.cat\/inslaserrasabadell\/wp-content\/uploads\/usu1513\/2019\/09\/Dxwo8fuXQAIoG0r.jpg\"><img loading=\"lazy\" decoding=\"async\" class=\"alignnone size-large wp-image-2588\" src=\"https:\/\/agora.xtec.cat\/inslaserrasabadell\/wp-content\/uploads\/usu1513\/2019\/09\/Dxwo8fuXQAIoG0r-1024x301.jpg\" alt=\"\" width=\"1024\" height=\"301\" srcset=\"https:\/\/agora.xtec.cat\/inslaserrasabadell\/wp-content\/uploads\/usu1513\/2019\/09\/Dxwo8fuXQAIoG0r-1024x301.jpg 1024w, https:\/\/agora.xtec.cat\/inslaserrasabadell\/wp-content\/uploads\/usu1513\/2019\/09\/Dxwo8fuXQAIoG0r-300x88.jpg 300w, https:\/\/agora.xtec.cat\/inslaserrasabadell\/wp-content\/uploads\/usu1513\/2019\/09\/Dxwo8fuXQAIoG0r-768x225.jpg 768w, https:\/\/agora.xtec.cat\/inslaserrasabadell\/wp-content\/uploads\/usu1513\/2019\/09\/Dxwo8fuXQAIoG0r.jpg 1199w\" sizes=\"auto, (max-width: 1024px) 100vw, 1024px\" \/><\/a><\/p>\n<p>L&#8217;edifici que acull l&#8217;Institut La Serra \u00e9s inicialment el de l\u2019Escola Agn\u00e8s Armengol, amb qui comparteix espais. L\u2019estiu del 2014 el Departament d\u2019Ensenyament va iniciar un pla d\u2019obres per a executar en quatre anys que deixa el centre dividit en tres zones: la de l\u2019escola, la de l\u2019institut, amb accessos independents cadascuna; i la dels espais d\u2019\u00fas com\u00fa.<\/p>\n<p>Aquest pla va incloure diferents remodelacions a l\u2019edifici, la creaci\u00f3 d\u2019accessos per a vianants independents per a l\u2019escola i per a l\u2019institut i una ampliaci\u00f3 de l\u2019edifici que \u00e9s l&#8217;actual entrada al centre.<\/p>\n<figure id=\"attachment_5341\" aria-describedby=\"caption-attachment-5341\" style=\"width: 300px\" class=\"wp-caption alignleft\"><a href=\"https:\/\/agora.xtec.cat\/inslaserrasabadell\/wp-content\/uploads\/usu1513\/2025\/03\/IMG_1626.jpg\"><img loading=\"lazy\" decoding=\"async\" class=\"wp-image-5341 size-medium\" src=\"https:\/\/agora.xtec.cat\/inslaserrasabadell\/wp-content\/uploads\/usu1513\/2025\/03\/IMG_1626-300x225.jpg\" alt=\"Acc\u00e9s al centre\" width=\"300\" height=\"225\" srcset=\"https:\/\/agora.xtec.cat\/inslaserrasabadell\/wp-content\/uploads\/usu1513\/2025\/03\/IMG_1626-300x225.jpg 300w, https:\/\/agora.xtec.cat\/inslaserrasabadell\/wp-content\/uploads\/usu1513\/2025\/03\/IMG_1626-1024x768.jpg 1024w, https:\/\/agora.xtec.cat\/inslaserrasabadell\/wp-content\/uploads\/usu1513\/2025\/03\/IMG_1626-768x576.jpg 768w, https:\/\/agora.xtec.cat\/inslaserrasabadell\/wp-content\/uploads\/usu1513\/2025\/03\/IMG_1626-1536x1152.jpg 1536w, https:\/\/agora.xtec.cat\/inslaserrasabadell\/wp-content\/uploads\/usu1513\/2025\/03\/IMG_1626-200x150.jpg 200w, https:\/\/agora.xtec.cat\/inslaserrasabadell\/wp-content\/uploads\/usu1513\/2025\/03\/IMG_1626.jpg 2016w\" sizes=\"auto, (max-width: 300px) 100vw, 300px\" \/><\/a><figcaption id=\"caption-attachment-5341\" class=\"wp-caption-text\">Acc\u00e9s a l&#8217;institut, Avinguda Can Bordoll<\/figcaption><\/figure>\n<p>&nbsp;<\/p>\n<p>&nbsp;<\/p>\n<p>&nbsp;<\/p>\n<p>&nbsp;<\/p>\n<p>&nbsp;<\/p>\n<p>&nbsp;<\/p>\n<p>&nbsp;<\/p>\n<figure id=\"attachment_5342\" aria-describedby=\"caption-attachment-5342\" style=\"width: 300px\" class=\"wp-caption alignleft\"><a href=\"https:\/\/agora.xtec.cat\/inslaserrasabadell\/wp-content\/uploads\/usu1513\/2025\/03\/IMG_1627-1.jpg\"><img loading=\"lazy\" decoding=\"async\" class=\"wp-image-5342 size-medium\" src=\"https:\/\/agora.xtec.cat\/inslaserrasabadell\/wp-content\/uploads\/usu1513\/2025\/03\/IMG_1627-1-300x225.jpg\" alt=\"acc\u00e8s rampa\" width=\"300\" height=\"225\" srcset=\"https:\/\/agora.xtec.cat\/inslaserrasabadell\/wp-content\/uploads\/usu1513\/2025\/03\/IMG_1627-1-300x225.jpg 300w, https:\/\/agora.xtec.cat\/inslaserrasabadell\/wp-content\/uploads\/usu1513\/2025\/03\/IMG_1627-1-1024x768.jpg 1024w, https:\/\/agora.xtec.cat\/inslaserrasabadell\/wp-content\/uploads\/usu1513\/2025\/03\/IMG_1627-1-768x576.jpg 768w, https:\/\/agora.xtec.cat\/inslaserrasabadell\/wp-content\/uploads\/usu1513\/2025\/03\/IMG_1627-1-1536x1152.jpg 1536w, https:\/\/agora.xtec.cat\/inslaserrasabadell\/wp-content\/uploads\/usu1513\/2025\/03\/IMG_1627-1-200x150.jpg 200w, https:\/\/agora.xtec.cat\/inslaserrasabadell\/wp-content\/uploads\/usu1513\/2025\/03\/IMG_1627-1.jpg 2016w\" sizes=\"auto, (max-width: 300px) 100vw, 300px\" \/><\/a><figcaption id=\"caption-attachment-5342\" class=\"wp-caption-text\">Entrada institut<\/figcaption><\/figure>\n<p>&nbsp;<\/p>\n<p>&nbsp;<\/p>\n<p>&nbsp;<\/p>\n<figure id=\"attachment_5617\" aria-describedby=\"caption-attachment-5617\" style=\"width: 300px\" class=\"wp-caption alignleft\"><a href=\"https:\/\/agora.xtec.cat\/inslaserrasabadell\/wp-content\/uploads\/usu1513\/2025\/12\/institut-la-serrasbd.jpg\"><img loading=\"lazy\" decoding=\"async\" class=\"wp-image-5617 size-medium\" src=\"https:\/\/agora.xtec.cat\/inslaserrasabadell\/wp-content\/uploads\/usu1513\/2025\/12\/institut-la-serrasbd-300x225.jpg\" alt=\"\" width=\"300\" height=\"225\" srcset=\"https:\/\/agora.xtec.cat\/inslaserrasabadell\/wp-content\/uploads\/usu1513\/2025\/12\/institut-la-serrasbd-300x225.jpg 300w, https:\/\/agora.xtec.cat\/inslaserrasabadell\/wp-content\/uploads\/usu1513\/2025\/12\/institut-la-serrasbd-1024x768.jpg 1024w, https:\/\/agora.xtec.cat\/inslaserrasabadell\/wp-content\/uploads\/usu1513\/2025\/12\/institut-la-serrasbd-768x576.jpg 768w, https:\/\/agora.xtec.cat\/inslaserrasabadell\/wp-content\/uploads\/usu1513\/2025\/12\/institut-la-serrasbd-1536x1152.jpg 1536w, https:\/\/agora.xtec.cat\/inslaserrasabadell\/wp-content\/uploads\/usu1513\/2025\/12\/institut-la-serrasbd-200x150.jpg 200w, https:\/\/agora.xtec.cat\/inslaserrasabadell\/wp-content\/uploads\/usu1513\/2025\/12\/institut-la-serrasbd.jpg 2000w\" sizes=\"auto, (max-width: 300px) 100vw, 300px\" \/><\/a><figcaption id=\"caption-attachment-5617\" class=\"wp-caption-text\">Consergeria<\/figcaption><\/figure>\n<p>&nbsp;<\/p>\n<p>&nbsp;<\/p>\n<p>&nbsp;<\/p>\n<p>&nbsp;<\/p>\n<p>&nbsp;<\/p>\n<p>&nbsp;<\/p>\n<p>&nbsp;<\/p>\n<p>&nbsp;<\/p>\n<div><\/div>\n<div><\/div>\n<div><\/div>\n<div><\/div>\n<div>L&#8217;institut\u00a0disposa de:<\/div>\n<div>\n<ul>\n<li>Planta baixa: Aula de Visual, Aula de m\u00fasica, una aula FAIG-rob\u00f2tica, espai escolta&#8217;m, aula de desdoblament, quatre aules ordin\u00e0ries.<\/li>\n<li>Primera planta: Laboratori, taller de tecnologia, espai de gu\u00e0rdia, cinc aules ordin\u00e0ries, biblioteca\/Aula d&#8217;Acollida i l&#8217;aula cuina.<\/li>\n<li>Edifici exterior: gimn\u00e0s, vestuaris, patis i pista.<\/li>\n<\/ul>\n<div>Altres espais:<\/div>\n<\/div>\n<div>\n<ul>\n<li>Sala de professorat (primera planta)<\/li>\n<li>Despatxos de direcci\u00f3, de tutoria, consergeria i secretaria.<\/li>\n<li>Sales de servei inform\u00e0tic (2 espais a lla primera planta)<\/li>\n<\/ul>\n<\/div>\n","protected":false},"excerpt":{"rendered":"<p>L&#8217;edifici que acull l&#8217;Institut La Serra \u00e9s inicialment el de l\u2019Escola Agn\u00e8s Armengol, amb qui comparteix espais. L\u2019estiu del 2014 el Departament d\u2019Ensenyament va iniciar un pla d\u2019obres per a executar en quatre anys que deixa el centre dividit en tres zones: la de l\u2019escola, la de l\u2019institut, amb accessos independents cadascuna; i la dels [&hellip;]<\/p>\n","protected":false},"author":1,"featured_media":0,"parent":19,"menu_order":30,"comment_status":"closed","ping_status":"closed","template":"page-templates\/side-menu.php","meta":{"_bbp_topic_count":0,"_bbp_reply_count":0,"_bbp_total_topic_count":0,"_bbp_total_reply_count":0,"_bbp_voice_count":0,"_bbp_anonymous_reply_count":0,"_bbp_topic_count_hidden":0,"_bbp_reply_count_hidden":0,"_bbp_forum_subforum_count":0,"site-sidebar-layout":"default","site-content-layout":"","ast-site-content-layout":"","site-content-style":"default","site-sidebar-style":"default","ast-global-header-display":"","ast-banner-title-visibility":"","ast-main-header-display":"","ast-hfb-above-header-display":"","ast-hfb-below-header-display":"","ast-hfb-mobile-header-display":"","site-post-title":"","ast-breadcrumbs-content":"","ast-featured-img":"","footer-sml-layout":"","theme-transparent-header-meta":"","adv-header-id-meta":"","stick-header-meta":"","header-above-stick-meta":"","header-main-stick-meta":"","header-below-stick-meta":"","astra-migrate-meta-layouts":"default","ast-page-background-enabled":"default","ast-page-background-meta":{"desktop":{"background-color":"var(--ast-global-color-4)","background-image":"","background-repeat":"repeat","background-position":"center center","background-size":"auto","background-attachment":"scroll","background-type":"","background-media":"","overlay-type":"","overlay-color":"","overlay-opacity":"","overlay-gradient":""},"tablet":{"background-color":"","background-image":"","background-repeat":"repeat","background-position":"center center","background-size":"auto","background-attachment":"scroll","background-type":"","background-media":"","overlay-type":"","overlay-color":"","overlay-opacity":"","overlay-gradient":""},"mobile":{"background-color":"","background-image":"","background-repeat":"repeat","background-position":"center center","background-size":"auto","background-attachment":"scroll","background-type":"","background-media":"","overlay-type":"","overlay-color":"","overlay-opacity":"","overlay-gradient":""}},"ast-content-background-meta":{"desktop":{"background-color":"var(--ast-global-color-5)","background-image":"","background-repeat":"repeat","background-position":"center center","background-size":"auto","background-attachment":"scroll","background-type":"","background-media":"","overlay-type":"","overlay-color":"","overlay-opacity":"","overlay-gradient":""},"tablet":{"background-color":"var(--ast-global-color-5)","background-image":"","background-repeat":"repeat","background-position":"center center","background-size":"auto","background-attachment":"scroll","background-type":"","background-media":"","overlay-type":"","overlay-color":"","overlay-opacity":"","overlay-gradient":""},"mobile":{"background-color":"var(--ast-global-color-5)","background-image":"","background-repeat":"repeat","background-position":"center center","background-size":"auto","background-attachment":"scroll","background-type":"","background-media":"","overlay-type":"","overlay-color":"","overlay-opacity":"","overlay-gradient":""}},"footnotes":""},"class_list":["post-39","page","type-page","status-publish","hentry"],"post_mailing_queue_ids":[],"_links":{"self":[{"href":"https:\/\/agora.xtec.cat\/inslaserrasabadell\/wp-json\/wp\/v2\/pages\/39","targetHints":{"allow":["GET"]}}],"collection":[{"href":"https:\/\/agora.xtec.cat\/inslaserrasabadell\/wp-json\/wp\/v2\/pages"}],"about":[{"href":"https:\/\/agora.xtec.cat\/inslaserrasabadell\/wp-json\/wp\/v2\/types\/page"}],"author":[{"embeddable":true,"href":"https:\/\/agora.xtec.cat\/inslaserrasabadell\/wp-json\/wp\/v2\/users\/1"}],"replies":[{"embeddable":true,"href":"https:\/\/agora.xtec.cat\/inslaserrasabadell\/wp-json\/wp\/v2\/comments?post=39"}],"version-history":[{"count":6,"href":"https:\/\/agora.xtec.cat\/inslaserrasabadell\/wp-json\/wp\/v2\/pages\/39\/revisions"}],"predecessor-version":[{"id":5618,"href":"https:\/\/agora.xtec.cat\/inslaserrasabadell\/wp-json\/wp\/v2\/pages\/39\/revisions\/5618"}],"up":[{"embeddable":true,"href":"https:\/\/agora.xtec.cat\/inslaserrasabadell\/wp-json\/wp\/v2\/pages\/19"}],"wp:attachment":[{"href":"https:\/\/agora.xtec.cat\/inslaserrasabadell\/wp-json\/wp\/v2\/media?parent=39"}],"curies":[{"name":"wp","href":"https:\/\/api.w.org\/{rel}","templated":true}]}}