{"id":3706,"date":"2021-10-10T11:54:23","date_gmt":"2021-10-10T09:54:23","guid":{"rendered":"https:\/\/agora.xtec.cat\/inslaserrasabadell\/?page_id=3706"},"modified":"2021-10-10T12:04:32","modified_gmt":"2021-10-10T10:04:32","slug":"estades-linguistiques","status":"publish","type":"page","link":"https:\/\/agora.xtec.cat\/inslaserrasabadell\/projectes\/estades-linguistiques\/","title":{"rendered":"Estades ling\u00fc\u00edstiques"},"content":{"rendered":"<p><span style=\"color: #ff0000;\"><strong>CURS 2020-21<\/strong><\/span><\/p>\n<p><strong>#ESTFSE21<\/strong><\/p>\n<p>El passat 19 de Juliol, alumnat del nostre centre va participar a les estades ling\u00fc\u00edstiques en llengua anglesa que es van dur a terme a l&#8217;Alberg de la xarxa Xanascat situat a <a href=\"https:\/\/xanascat.gencat.cat\/ca\/albergs\/albergs\/coma-ruga-xanascat\" target=\"_blank\" rel=\"noopener\">Coma-Ruga<\/a>.<\/p>\n<p>Aquesta activitat, subvencionada pel Fons Social Europeu, va permetre que 9 alumnes del centre realitzessin una estada durant 5 dies en un entorn fabul\u00f3s, visquent la llengua anglesa durant tot el dia.<\/p>\n<p>Comiat el primer dia d&#8217;estada. Sortida des del centre.<\/p>\n<p><a href=\"https:\/\/agora.xtec.cat\/inslaserrasabadell\/wp-content\/uploads\/usu1513\/2021\/10\/IMG-3123.jpg\"><img loading=\"lazy\" decoding=\"async\" class=\"alignnone size-medium wp-image-3716\" src=\"https:\/\/agora.xtec.cat\/inslaserrasabadell\/wp-content\/uploads\/usu1513\/2021\/10\/IMG-3123-300x225.jpg\" alt=\"\" width=\"300\" height=\"225\" srcset=\"https:\/\/agora.xtec.cat\/inslaserrasabadell\/wp-content\/uploads\/usu1513\/2021\/10\/IMG-3123-300x225.jpg 300w, https:\/\/agora.xtec.cat\/inslaserrasabadell\/wp-content\/uploads\/usu1513\/2021\/10\/IMG-3123-1024x768.jpg 1024w, https:\/\/agora.xtec.cat\/inslaserrasabadell\/wp-content\/uploads\/usu1513\/2021\/10\/IMG-3123-768x576.jpg 768w, https:\/\/agora.xtec.cat\/inslaserrasabadell\/wp-content\/uploads\/usu1513\/2021\/10\/IMG-3123-1536x1152.jpg 1536w, https:\/\/agora.xtec.cat\/inslaserrasabadell\/wp-content\/uploads\/usu1513\/2021\/10\/IMG-3123-200x150.jpg 200w, https:\/\/agora.xtec.cat\/inslaserrasabadell\/wp-content\/uploads\/usu1513\/2021\/10\/IMG-3123.jpg 2016w\" sizes=\"auto, (max-width: 300px) 100vw, 300px\" \/><\/a><a href=\"https:\/\/agora.xtec.cat\/inslaserrasabadell\/wp-content\/uploads\/usu1513\/2021\/10\/IMG-3132-scaled.jpg\"><img loading=\"lazy\" decoding=\"async\" class=\"alignnone size-medium wp-image-3714\" src=\"https:\/\/agora.xtec.cat\/inslaserrasabadell\/wp-content\/uploads\/usu1513\/2021\/10\/IMG-3132-300x225.jpg\" alt=\"\" width=\"300\" height=\"225\" srcset=\"https:\/\/agora.xtec.cat\/inslaserrasabadell\/wp-content\/uploads\/usu1513\/2021\/10\/IMG-3132-300x225.jpg 300w, https:\/\/agora.xtec.cat\/inslaserrasabadell\/wp-content\/uploads\/usu1513\/2021\/10\/IMG-3132-1024x768.jpg 1024w, https:\/\/agora.xtec.cat\/inslaserrasabadell\/wp-content\/uploads\/usu1513\/2021\/10\/IMG-3132-768x576.jpg 768w, https:\/\/agora.xtec.cat\/inslaserrasabadell\/wp-content\/uploads\/usu1513\/2021\/10\/IMG-3132-1536x1152.jpg 1536w, https:\/\/agora.xtec.cat\/inslaserrasabadell\/wp-content\/uploads\/usu1513\/2021\/10\/IMG-3132-2048x1536.jpg 2048w, https:\/\/agora.xtec.cat\/inslaserrasabadell\/wp-content\/uploads\/usu1513\/2021\/10\/IMG-3132-200x150.jpg 200w\" sizes=\"auto, (max-width: 300px) 100vw, 300px\" \/><\/a><\/p>\n<p>&nbsp;<\/p>\n<p>El<strong><a href=\"https:\/\/espai.educacio.gencat.cat\/Centres\/Projectes-educatius\/Pagines\/default.aspx\" target=\"_blank\" rel=\"noopener noreferrer\"> Programa d\u2019orientaci\u00f3 i refor\u00e7 per a l\u2019avan\u00e7 i suport a l\u2019educaci\u00f3<\/a> <\/strong>del Ministeri d\u2019Educaci\u00f3 i Formaci\u00f3 Professional est\u00e0 cofinan\u00e7at pel Programa operatiu d\u2019ocupaci\u00f3, formaci\u00f3 i educaci\u00f3 del Fons Social Europeu 2014-2020 (POEFE)<\/p>\n<table style=\"border-collapse: collapse; width: 100%;\">\n<tbody>\n<tr>\n<td style=\"width: 33.3333%;\"><a href=\"https:\/\/agora.xtec.cat\/inslaserrasabadell\/wp-content\/uploads\/usu1513\/2021\/10\/FSE.png\"><img loading=\"lazy\" decoding=\"async\" class=\"alignnone size-medium wp-image-3708\" src=\"https:\/\/agora.xtec.cat\/inslaserrasabadell\/wp-content\/uploads\/usu1513\/2021\/10\/FSE-300x70.png\" alt=\"\" width=\"300\" height=\"70\" srcset=\"https:\/\/agora.xtec.cat\/inslaserrasabadell\/wp-content\/uploads\/usu1513\/2021\/10\/FSE-300x70.png 300w, https:\/\/agora.xtec.cat\/inslaserrasabadell\/wp-content\/uploads\/usu1513\/2021\/10\/FSE.png 466w\" sizes=\"auto, (max-width: 300px) 100vw, 300px\" \/><\/a><\/td>\n<td style=\"width: 33.3333%;\"><a href=\"https:\/\/agora.xtec.cat\/inslaserrasabadell\/wp-content\/uploads\/usu1513\/2021\/10\/FSE-Logotipo-Ministerio-Educacion-e1453369120209.png\"><img loading=\"lazy\" decoding=\"async\" class=\"alignnone size-medium wp-image-3709\" src=\"https:\/\/agora.xtec.cat\/inslaserrasabadell\/wp-content\/uploads\/usu1513\/2021\/10\/FSE-Logotipo-Ministerio-Educacion-e1453369120209-300x64.png\" alt=\"\" width=\"300\" height=\"64\" srcset=\"https:\/\/agora.xtec.cat\/inslaserrasabadell\/wp-content\/uploads\/usu1513\/2021\/10\/FSE-Logotipo-Ministerio-Educacion-e1453369120209-300x64.png 300w, https:\/\/agora.xtec.cat\/inslaserrasabadell\/wp-content\/uploads\/usu1513\/2021\/10\/FSE-Logotipo-Ministerio-Educacion-e1453369120209-1024x217.png 1024w, https:\/\/agora.xtec.cat\/inslaserrasabadell\/wp-content\/uploads\/usu1513\/2021\/10\/FSE-Logotipo-Ministerio-Educacion-e1453369120209-768x163.png 768w, https:\/\/agora.xtec.cat\/inslaserrasabadell\/wp-content\/uploads\/usu1513\/2021\/10\/FSE-Logotipo-Ministerio-Educacion-e1453369120209-1536x326.png 1536w, https:\/\/agora.xtec.cat\/inslaserrasabadell\/wp-content\/uploads\/usu1513\/2021\/10\/FSE-Logotipo-Ministerio-Educacion-e1453369120209.png 2000w\" sizes=\"auto, (max-width: 300px) 100vw, 300px\" \/><\/a><\/td>\n<td style=\"width: 33.3333%;\"><a href=\"https:\/\/agora.xtec.cat\/inslaserrasabadell\/wp-content\/uploads\/usu1513\/2021\/10\/Educacio-logo_color.jpg\"><img loading=\"lazy\" decoding=\"async\" class=\"alignnone size-medium wp-image-3707\" src=\"https:\/\/agora.xtec.cat\/inslaserrasabadell\/wp-content\/uploads\/usu1513\/2021\/10\/Educacio-logo_color-300x51.jpg\" alt=\"\" width=\"300\" height=\"51\" srcset=\"https:\/\/agora.xtec.cat\/inslaserrasabadell\/wp-content\/uploads\/usu1513\/2021\/10\/Educacio-logo_color-300x51.jpg 300w, https:\/\/agora.xtec.cat\/inslaserrasabadell\/wp-content\/uploads\/usu1513\/2021\/10\/Educacio-logo_color.jpg 754w\" sizes=\"auto, (max-width: 300px) 100vw, 300px\" \/><\/a><\/td>\n<\/tr>\n<\/tbody>\n<\/table>\n","protected":false},"excerpt":{"rendered":"<p>CURS 2020-21 #ESTFSE21 El passat 19 de Juliol, alumnat del nostre centre va participar a les estades ling\u00fc\u00edstiques en llengua anglesa que es van dur a terme a l&#8217;Alberg de la xarxa Xanascat situat a Coma-Ruga. Aquesta activitat, subvencionada pel Fons Social Europeu, va permetre que 9 alumnes del centre realitzessin una estada durant 5 [&hellip;]<\/p>\n","protected":false},"author":1,"featured_media":0,"parent":3701,"menu_order":0,"comment_status":"closed","ping_status":"closed","template":"","meta":{"_bbp_topic_count":0,"_bbp_reply_count":0,"_bbp_total_topic_count":0,"_bbp_total_reply_count":0,"_bbp_voice_count":0,"_bbp_anonymous_reply_count":0,"_bbp_topic_count_hidden":0,"_bbp_reply_count_hidden":0,"_bbp_forum_subforum_count":0,"site-sidebar-layout":"default","site-content-layout":"","ast-site-content-layout":"","site-content-style":"default","site-sidebar-style":"default","ast-global-header-display":"","ast-banner-title-visibility":"","ast-main-header-display":"","ast-hfb-above-header-display":"","ast-hfb-below-header-display":"","ast-hfb-mobile-header-display":"","site-post-title":"","ast-breadcrumbs-content":"","ast-featured-img":"","footer-sml-layout":"","theme-transparent-header-meta":"","adv-header-id-meta":"","stick-header-meta":"","header-above-stick-meta":"","header-main-stick-meta":"","header-below-stick-meta":"","astra-migrate-meta-layouts":"default","ast-page-background-enabled":"default","ast-page-background-meta":{"desktop":{"background-color":"var(--ast-global-color-4)","background-image":"","background-repeat":"repeat","background-position":"center center","background-size":"auto","background-attachment":"scroll","background-type":"","background-media":"","overlay-type":"","overlay-color":"","overlay-opacity":"","overlay-gradient":""},"tablet":{"background-color":"","background-image":"","background-repeat":"repeat","background-position":"center center","background-size":"auto","background-attachment":"scroll","background-type":"","background-media":"","overlay-type":"","overlay-color":"","overlay-opacity":"","overlay-gradient":""},"mobile":{"background-color":"","background-image":"","background-repeat":"repeat","background-position":"center center","background-size":"auto","background-attachment":"scroll","background-type":"","background-media":"","overlay-type":"","overlay-color":"","overlay-opacity":"","overlay-gradient":""}},"ast-content-background-meta":{"desktop":{"background-color":"var(--ast-global-color-5)","background-image":"","background-repeat":"repeat","background-position":"center center","background-size":"auto","background-attachment":"scroll","background-type":"","background-media":"","overlay-type":"","overlay-color":"","overlay-opacity":"","overlay-gradient":""},"tablet":{"background-color":"var(--ast-global-color-5)","background-image":"","background-repeat":"repeat","background-position":"center center","background-size":"auto","background-attachment":"scroll","background-type":"","background-media":"","overlay-type":"","overlay-color":"","overlay-opacity":"","overlay-gradient":""},"mobile":{"background-color":"var(--ast-global-color-5)","background-image":"","background-repeat":"repeat","background-position":"center center","background-size":"auto","background-attachment":"scroll","background-type":"","background-media":"","overlay-type":"","overlay-color":"","overlay-opacity":"","overlay-gradient":""}},"footnotes":""},"class_list":["post-3706","page","type-page","status-publish","hentry"],"post_mailing_queue_ids":[],"_links":{"self":[{"href":"https:\/\/agora.xtec.cat\/inslaserrasabadell\/wp-json\/wp\/v2\/pages\/3706","targetHints":{"allow":["GET"]}}],"collection":[{"href":"https:\/\/agora.xtec.cat\/inslaserrasabadell\/wp-json\/wp\/v2\/pages"}],"about":[{"href":"https:\/\/agora.xtec.cat\/inslaserrasabadell\/wp-json\/wp\/v2\/types\/page"}],"author":[{"embeddable":true,"href":"https:\/\/agora.xtec.cat\/inslaserrasabadell\/wp-json\/wp\/v2\/users\/1"}],"replies":[{"embeddable":true,"href":"https:\/\/agora.xtec.cat\/inslaserrasabadell\/wp-json\/wp\/v2\/comments?post=3706"}],"version-history":[{"count":3,"href":"https:\/\/agora.xtec.cat\/inslaserrasabadell\/wp-json\/wp\/v2\/pages\/3706\/revisions"}],"predecessor-version":[{"id":3717,"href":"https:\/\/agora.xtec.cat\/inslaserrasabadell\/wp-json\/wp\/v2\/pages\/3706\/revisions\/3717"}],"up":[{"embeddable":true,"href":"https:\/\/agora.xtec.cat\/inslaserrasabadell\/wp-json\/wp\/v2\/pages\/3701"}],"wp:attachment":[{"href":"https:\/\/agora.xtec.cat\/inslaserrasabadell\/wp-json\/wp\/v2\/media?parent=3706"}],"curies":[{"name":"wp","href":"https:\/\/api.w.org\/{rel}","templated":true}]}}