{"id":3701,"date":"2021-10-10T11:11:20","date_gmt":"2021-10-10T09:11:20","guid":{"rendered":"https:\/\/agora.xtec.cat\/inslaserrasabadell\/?page_id=3701"},"modified":"2025-03-26T22:08:22","modified_gmt":"2025-03-26T21:08:22","slug":"projectes","status":"publish","type":"page","link":"https:\/\/agora.xtec.cat\/inslaserrasabadell\/projectes\/","title":{"rendered":"Projectes"},"content":{"rendered":"<p>Cinema en Curs.<\/p>\n<p>FAIG (projecte d&#8217;innovaci\u00f3 pedag\u00f2gica)<\/p>\n<p>EDUvincles.<\/p>\n<p>Tutoria Intensiva.<\/p>\n<p>Col\u00b7laboraci\u00f3 amb Secretariado Gitano.<\/p>\n<p>Empieza por Educar (ExE).<\/p>\n<p>Aula Pont.<\/p>\n<p><a href=\"https:\/\/agora.xtec.cat\/inslaserrasabadell\/categoria\/veuserra\/\">La Veu de La Serra. Revista Digital (Optativa Web).<\/a><\/p>\n<p><a href=\"https:\/\/agora.xtec.cat\/inslaserrasabadell\/categoria\/terraescudella\/\">Terra d&#8217;Escudella.<\/a><\/p>\n<p><a href=\"https:\/\/agora.xtec.cat\/inslaserrasabadell\/categoria\/llegim\/\">Qu\u00e8 llegim a La Serra?<\/a><\/p>\n<p><a href=\"https:\/\/agora.xtec.cat\/inslaserrasabadell\/projectes\/estades-linguistiques\/\">Estades d&#8217;Immersi\u00f3 ling\u00fc\u00edstica en Angl\u00e8s<\/a><\/p>\n<p>&nbsp;<\/p>\n","protected":false},"excerpt":{"rendered":"<p>Cinema en Curs. FAIG (projecte d&#8217;innovaci\u00f3 pedag\u00f2gica) EDUvincles. Tutoria Intensiva. Col\u00b7laboraci\u00f3 amb Secretariado Gitano. Empieza por Educar (ExE). Aula Pont. La Veu de La Serra. Revista Digital (Optativa Web). Terra d&#8217;Escudella. Qu\u00e8 llegim a La Serra? Estades d&#8217;Immersi\u00f3 ling\u00fc\u00edstica en Angl\u00e8s &nbsp;<\/p>\n","protected":false},"author":1,"featured_media":0,"parent":0,"menu_order":0,"comment_status":"closed","ping_status":"closed","template":"","meta":{"_bbp_topic_count":0,"_bbp_reply_count":0,"_bbp_total_topic_count":0,"_bbp_total_reply_count":0,"_bbp_voice_count":0,"_bbp_anonymous_reply_count":0,"_bbp_topic_count_hidden":0,"_bbp_reply_count_hidden":0,"_bbp_forum_subforum_count":0,"site-sidebar-layout":"default","site-content-layout":"","ast-site-content-layout":"","site-content-style":"default","site-sidebar-style":"default","ast-global-header-display":"","ast-banner-title-visibility":"","ast-main-header-display":"","ast-hfb-above-header-display":"","ast-hfb-below-header-display":"","ast-hfb-mobile-header-display":"","site-post-title":"","ast-breadcrumbs-content":"","ast-featured-img":"","footer-sml-layout":"","theme-transparent-header-meta":"","adv-header-id-meta":"","stick-header-meta":"","header-above-stick-meta":"","header-main-stick-meta":"","header-below-stick-meta":"","astra-migrate-meta-layouts":"default","ast-page-background-enabled":"default","ast-page-background-meta":{"desktop":{"background-color":"var(--ast-global-color-4)","background-image":"","background-repeat":"repeat","background-position":"center center","background-size":"auto","background-attachment":"scroll","background-type":"","background-media":"","overlay-type":"","overlay-color":"","overlay-opacity":"","overlay-gradient":""},"tablet":{"background-color":"","background-image":"","background-repeat":"repeat","background-position":"center center","background-size":"auto","background-attachment":"scroll","background-type":"","background-media":"","overlay-type":"","overlay-color":"","overlay-opacity":"","overlay-gradient":""},"mobile":{"background-color":"","background-image":"","background-repeat":"repeat","background-position":"center center","background-size":"auto","background-attachment":"scroll","background-type":"","background-media":"","overlay-type":"","overlay-color":"","overlay-opacity":"","overlay-gradient":""}},"ast-content-background-meta":{"desktop":{"background-color":"var(--ast-global-color-5)","background-image":"","background-repeat":"repeat","background-position":"center center","background-size":"auto","background-attachment":"scroll","background-type":"","background-media":"","overlay-type":"","overlay-color":"","overlay-opacity":"","overlay-gradient":""},"tablet":{"background-color":"var(--ast-global-color-5)","background-image":"","background-repeat":"repeat","background-position":"center center","background-size":"auto","background-attachment":"scroll","background-type":"","background-media":"","overlay-type":"","overlay-color":"","overlay-opacity":"","overlay-gradient":""},"mobile":{"background-color":"var(--ast-global-color-5)","background-image":"","background-repeat":"repeat","background-position":"center center","background-size":"auto","background-attachment":"scroll","background-type":"","background-media":"","overlay-type":"","overlay-color":"","overlay-opacity":"","overlay-gradient":""}},"footnotes":""},"class_list":["post-3701","page","type-page","status-publish","hentry"],"post_mailing_queue_ids":[],"_links":{"self":[{"href":"https:\/\/agora.xtec.cat\/inslaserrasabadell\/wp-json\/wp\/v2\/pages\/3701","targetHints":{"allow":["GET"]}}],"collection":[{"href":"https:\/\/agora.xtec.cat\/inslaserrasabadell\/wp-json\/wp\/v2\/pages"}],"about":[{"href":"https:\/\/agora.xtec.cat\/inslaserrasabadell\/wp-json\/wp\/v2\/types\/page"}],"author":[{"embeddable":true,"href":"https:\/\/agora.xtec.cat\/inslaserrasabadell\/wp-json\/wp\/v2\/users\/1"}],"replies":[{"embeddable":true,"href":"https:\/\/agora.xtec.cat\/inslaserrasabadell\/wp-json\/wp\/v2\/comments?post=3701"}],"version-history":[{"count":4,"href":"https:\/\/agora.xtec.cat\/inslaserrasabadell\/wp-json\/wp\/v2\/pages\/3701\/revisions"}],"predecessor-version":[{"id":5311,"href":"https:\/\/agora.xtec.cat\/inslaserrasabadell\/wp-json\/wp\/v2\/pages\/3701\/revisions\/5311"}],"wp:attachment":[{"href":"https:\/\/agora.xtec.cat\/inslaserrasabadell\/wp-json\/wp\/v2\/media?parent=3701"}],"curies":[{"name":"wp","href":"https:\/\/api.w.org\/{rel}","templated":true}]}}