{"id":27,"date":"2014-09-17T16:24:03","date_gmt":"2014-09-17T16:24:03","guid":{"rendered":"http:\/\/agora.xtec.cat\/inslaserrasabadell\/?page_id=27"},"modified":"2016-10-22T19:04:58","modified_gmt":"2016-10-22T17:04:58","slug":"historia","status":"publish","type":"page","link":"https:\/\/agora.xtec.cat\/inslaserrasabadell\/linstitut\/historia\/","title":{"rendered":"Hist\u00f2ria"},"content":{"rendered":"<p>A finals de 2013 els Serveis Territorials d\u2019Ensenyament al Vall\u00e8s Occidental fan p\u00fablica la voluntat de crear un nou Institut d\u00b4Ensenyament Secundari a la ciutat de Sabadell, concretament al barri de Torre-romeu, per tal d\u2019incorporar l\u2019alumnat de les escoles del districte que aix\u00ed ho desitgi. Fins llavors aquest alumnat estava adscrit a centres de secund\u00e0ria del nucli de Sabadell.<\/p>\n<p>Es pret\u00e9n vincular l&#8217;alumnat d&#8217;aquest entorn al tram de secund\u00e0ria donat que hi ha evid\u00e8ncies contrastades de l&#8217;alt absentisme i l&#8217;abandonament prematur d&#8217;alumnat de la zona en aquesta etapa educativa.<br \/>\nEncara que, com qualsevol altre institut, est\u00e0 obert a qualsevol demanda de l\u2019alumnat de la ciutat, es considera que per la seva ubicaci\u00f3 geogr\u00e0fica acollir\u00e0 priorit\u00e0riament l&#8217;alumnat de les escoles del districte.<\/p>\n<figure id=\"attachment_496\" aria-describedby=\"caption-attachment-496\" style=\"width: 800px\" class=\"wp-caption alignnone\"><a href=\"http:\/\/agora.xtec.cat\/inslaserrasabadell\/wp-content\/uploads\/usu1513\/2014\/09\/060615-Rigau-IES-La-Serra.jpg\"><img loading=\"lazy\" decoding=\"async\" class=\"wp-image-496 size-full\" src=\"http:\/\/agora.xtec.cat\/inslaserrasabadell\/wp-content\/uploads\/usu1513\/2014\/09\/060615-Rigau-IES-La-Serra.jpg\" alt=\"Rigau-Laserra\" width=\"800\" height=\"365\" srcset=\"https:\/\/agora.xtec.cat\/inslaserrasabadell\/wp-content\/uploads\/usu1513\/2014\/09\/060615-Rigau-IES-La-Serra.jpg 800w, https:\/\/agora.xtec.cat\/inslaserrasabadell\/wp-content\/uploads\/usu1513\/2014\/09\/060615-Rigau-IES-La-Serra-300x137.jpg 300w, https:\/\/agora.xtec.cat\/inslaserrasabadell\/wp-content\/uploads\/usu1513\/2014\/09\/060615-Rigau-IES-La-Serra-768x350.jpg 768w\" sizes=\"auto, (max-width: 800px) 100vw, 800px\" \/><\/a><figcaption id=\"caption-attachment-496\" class=\"wp-caption-text\"><em>La consellera d&#8217;Ensenyament Irene Rigau inaugura l&#8217;Institut La Serra el juny de 2015. FOTO: Generalitat de Catalunya<\/em><\/figcaption><\/figure>\n<p>&nbsp;<\/p>\n<p>El curs 2014\/2015 l\u2019Institut comen\u00e7a a funcionar. Defineix els objectius generals, els explica a les escoles implicades i escull com a nom del centre el de l\u2019INSTITUT LA SERRA, que identifica la seva zona d\u2019influ\u00e8ncia.<\/p>\n<p>L\u2019equip de professorat, amb for\u00e7a experi\u00e8ncia docent en altres centres educatius, comen\u00e7a amb molta il\u00b7lusi\u00f3 i ganes de treballar. Al mateix temps, com a equip, t\u00e9 la voluntat d\u2019incorporar experi\u00e8ncies i models organitzatius alternatius i innovadors adients per tal d\u2019afavorir tant la vinculaci\u00f3 dels alumnes a l\u2019Institut com el seu \u00e8xit acad\u00e8mic, personal i social, i aix\u00ed contribuir a la reducci\u00f3 de l&#8217;abandonament i el frac\u00e0s escolar.<\/p>\n<p>&nbsp;<\/p>\n","protected":false},"excerpt":{"rendered":"<p>A finals de 2013 els Serveis Territorials d\u2019Ensenyament al Vall\u00e8s Occidental fan p\u00fablica la voluntat de crear un nou Institut d\u00b4Ensenyament Secundari a la ciutat de Sabadell, concretament al barri de Torre-romeu, per tal d\u2019incorporar l\u2019alumnat de les escoles del districte que aix\u00ed ho desitgi. Fins llavors aquest alumnat estava adscrit a centres de secund\u00e0ria [&hellip;]<\/p>\n","protected":false},"author":1,"featured_media":0,"parent":19,"menu_order":20,"comment_status":"closed","ping_status":"closed","template":"page-templates\/side-menu.php","meta":{"_bbp_topic_count":0,"_bbp_reply_count":0,"_bbp_total_topic_count":0,"_bbp_total_reply_count":0,"_bbp_voice_count":0,"_bbp_anonymous_reply_count":0,"_bbp_topic_count_hidden":0,"_bbp_reply_count_hidden":0,"_bbp_forum_subforum_count":0,"site-sidebar-layout":"default","site-content-layout":"","ast-site-content-layout":"","site-content-style":"default","site-sidebar-style":"default","ast-global-header-display":"","ast-banner-title-visibility":"","ast-main-header-display":"","ast-hfb-above-header-display":"","ast-hfb-below-header-display":"","ast-hfb-mobile-header-display":"","site-post-title":"","ast-breadcrumbs-content":"","ast-featured-img":"","footer-sml-layout":"","theme-transparent-header-meta":"","adv-header-id-meta":"","stick-header-meta":"","header-above-stick-meta":"","header-main-stick-meta":"","header-below-stick-meta":"","astra-migrate-meta-layouts":"default","ast-page-background-enabled":"default","ast-page-background-meta":{"desktop":{"background-color":"var(--ast-global-color-4)","background-image":"","background-repeat":"repeat","background-position":"center center","background-size":"auto","background-attachment":"scroll","background-type":"","background-media":"","overlay-type":"","overlay-color":"","overlay-opacity":"","overlay-gradient":""},"tablet":{"background-color":"","background-image":"","background-repeat":"repeat","background-position":"center center","background-size":"auto","background-attachment":"scroll","background-type":"","background-media":"","overlay-type":"","overlay-color":"","overlay-opacity":"","overlay-gradient":""},"mobile":{"background-color":"","background-image":"","background-repeat":"repeat","background-position":"center center","background-size":"auto","background-attachment":"scroll","background-type":"","background-media":"","overlay-type":"","overlay-color":"","overlay-opacity":"","overlay-gradient":""}},"ast-content-background-meta":{"desktop":{"background-color":"var(--ast-global-color-5)","background-image":"","background-repeat":"repeat","background-position":"center center","background-size":"auto","background-attachment":"scroll","background-type":"","background-media":"","overlay-type":"","overlay-color":"","overlay-opacity":"","overlay-gradient":""},"tablet":{"background-color":"var(--ast-global-color-5)","background-image":"","background-repeat":"repeat","background-position":"center center","background-size":"auto","background-attachment":"scroll","background-type":"","background-media":"","overlay-type":"","overlay-color":"","overlay-opacity":"","overlay-gradient":""},"mobile":{"background-color":"var(--ast-global-color-5)","background-image":"","background-repeat":"repeat","background-position":"center center","background-size":"auto","background-attachment":"scroll","background-type":"","background-media":"","overlay-type":"","overlay-color":"","overlay-opacity":"","overlay-gradient":""}},"footnotes":""},"class_list":["post-27","page","type-page","status-publish","hentry"],"post_mailing_queue_ids":[],"_links":{"self":[{"href":"https:\/\/agora.xtec.cat\/inslaserrasabadell\/wp-json\/wp\/v2\/pages\/27","targetHints":{"allow":["GET"]}}],"collection":[{"href":"https:\/\/agora.xtec.cat\/inslaserrasabadell\/wp-json\/wp\/v2\/pages"}],"about":[{"href":"https:\/\/agora.xtec.cat\/inslaserrasabadell\/wp-json\/wp\/v2\/types\/page"}],"author":[{"embeddable":true,"href":"https:\/\/agora.xtec.cat\/inslaserrasabadell\/wp-json\/wp\/v2\/users\/1"}],"replies":[{"embeddable":true,"href":"https:\/\/agora.xtec.cat\/inslaserrasabadell\/wp-json\/wp\/v2\/comments?post=27"}],"version-history":[{"count":4,"href":"https:\/\/agora.xtec.cat\/inslaserrasabadell\/wp-json\/wp\/v2\/pages\/27\/revisions"}],"predecessor-version":[{"id":500,"href":"https:\/\/agora.xtec.cat\/inslaserrasabadell\/wp-json\/wp\/v2\/pages\/27\/revisions\/500"}],"up":[{"embeddable":true,"href":"https:\/\/agora.xtec.cat\/inslaserrasabadell\/wp-json\/wp\/v2\/pages\/19"}],"wp:attachment":[{"href":"https:\/\/agora.xtec.cat\/inslaserrasabadell\/wp-json\/wp\/v2\/media?parent=27"}],"curies":[{"name":"wp","href":"https:\/\/api.w.org\/{rel}","templated":true}]}}