{"id":21,"date":"2014-09-17T16:14:14","date_gmt":"2014-09-17T16:14:14","guid":{"rendered":"http:\/\/agora.xtec.cat\/inslaserrasabadell\/?page_id=21"},"modified":"2020-06-16T16:43:24","modified_gmt":"2020-06-16T14:43:24","slug":"on-som","status":"publish","type":"page","link":"https:\/\/agora.xtec.cat\/inslaserrasabadell\/linstitut\/on-som\/","title":{"rendered":"On som"},"content":{"rendered":"<p style=\"color: #666666;\"><span style=\"color: #000000;\"><strong>Institut\u00a0La Serra<\/strong><\/span><\/p>\n<p style=\"color: #666666;\"><span style=\"color: #000000;\">Avinguda Can Bordoll, 92. 08202. Sabadell.\u00a0<\/span><\/p>\n<p style=\"color: #666666;\"><span style=\"color: #000000;\">93 746 71 05 &#8211; 631 886 404<\/span><\/p>\n<p style=\"color: #666666;\"><span style=\"color: #000000;\">a8074410@xtec.cat<\/span><\/p>\n<p><iframe loading=\"lazy\" src=\"https:\/\/www.google.com\/maps\/embed?pb=!1m18!1m12!1m3!1d2986.3586010917384!2d2.1294362935664277!3d41.53983222686859!2m3!1f0!2f0!3f0!3m2!1i1024!2i768!4f13.1!3m3!1m2!1s0x12a4959dc6f9c961%3A0x168fb26bf17f4548!2sAv.+Can+Bordoll%2C+92%2C+08202+Sabadell%2C+Barcelona%2C+Espanya!5e0!3m2!1sca!2sus!4v1477156092248\" width=\"600\" height=\"450\" frameborder=\"0\"><\/iframe><\/p>\n<p>L&#8217;Institut la Serra est\u00e0 ubicat al Districte VII de la ciutat de Sabadell, anomenat de La Serra. El districte el conformen els nuclis de Can Roqueta, Torre-romeu i El Poblenou, on hi ha les escoles Agn\u00e8s Armengol, Joan Montllor i Juan Ramon Jim\u00e9nez, respectivament.\u00a0Actualment, l&#8217;entorn del centre s&#8217;ha convertit en pol\u00edgon des que a partir dels anys 90 s\u2019hi construeixen m\u00faltiples naus industrials. I, a l&#8217;altra banda de les naus, s\u2019hi construeixen blocs de pisos de protecci\u00f3 oficial.\u00a0<span style=\"font-size: medium;\"><span lang=\"ca-ES\">La progressiva construcci\u00f3 d&#8217;habitatges ha fet que, poc a poc, Can Roqueta s&#8217;hagi apropat tant a nivell f\u00edsic com de transport a Torre-romeu.<\/span><\/span><\/p>\n<p align=\"JUSTIFY\">L&#8217;edifici que acull el centre \u00e9s inicialment el de l\u2019Escola Agn\u00e8s Armengol, amb qui comparteix espais.\u00a0L\u2019estiu del 2014 el Departament d\u2019Ensenyament inicia un pla d\u2019obres per a executar en quatre anys que deixar\u00e0 el centre dividit en tres zones:\u00a0la de l\u2019escola, la de l\u2019institut, amb accessos independents cadascuna d\u2019elles; i la dels espais d\u2019\u00fas com\u00fa. Aquest pla inclou diferents remodelacions a l\u2019edifici, la creaci\u00f3 d\u2019accessos per a vianants independents per a l\u2019escola i per a l\u2019institut i una ampliaci\u00f3 de l\u2019edifici.<\/p>\n<p><strong>Com arribar-hi en transport p\u00fablic:<br \/>\n<\/strong><\/p>\n<ul>\n<li>En\u00a0tren: Estaci\u00f3\u00a0Renfe Sabadell Centre. Despr\u00e9s cal agafar l\u00ednies 4, 44 o 23 d&#8217;autob\u00fas.<\/li>\n<li>En\u00a0bus: L\u00ednies\u00a04 i 23 (parada Agn\u00e8s Armengol). La l\u00ednia 44 deixa a uns 10 minuts a peu (parada Segre).<\/li>\n<\/ul>\n<p><strong>Escoles adscrites a l&#8217;institut:<br \/>\n<\/strong>Escola Agn\u00e8s Armengol, Escola Joan Monllor i Escola Juan Ram\u00f3n Jim\u00e9nez.<\/p>\n<p><strong>Correus electr\u00f2nics de contacte:<\/strong><\/p>\n<ul>\n<li><span style=\"font-size: medium;\">Bustia General:\u00a0<\/span><\/li>\n<li><span style=\"font-size: medium;\">Director:\u00a0a8074410@xtec.cat<\/span><\/li>\n<li>Coordinaci\u00f3 Pedag\u00f2gica:<\/li>\n<li>Secretaria:<\/li>\n<\/ul>\n<p>&nbsp;<\/p>\n","protected":false},"excerpt":{"rendered":"<p>Institut\u00a0La Serra Avinguda Can Bordoll, 92. 08202. Sabadell.\u00a0 93 746 71 05 &#8211; 631 886 404 a8074410@xtec.cat L&#8217;Institut la Serra est\u00e0 ubicat al Districte VII de la ciutat de Sabadell, anomenat de La Serra. El districte el conformen els nuclis de Can Roqueta, Torre-romeu i El Poblenou, on hi ha les escoles Agn\u00e8s Armengol, Joan [&hellip;]<\/p>\n","protected":false},"author":1,"featured_media":0,"parent":19,"menu_order":10,"comment_status":"closed","ping_status":"closed","template":"page-templates\/side-menu.php","meta":{"_bbp_topic_count":0,"_bbp_reply_count":0,"_bbp_total_topic_count":0,"_bbp_total_reply_count":0,"_bbp_voice_count":0,"_bbp_anonymous_reply_count":0,"_bbp_topic_count_hidden":0,"_bbp_reply_count_hidden":0,"_bbp_forum_subforum_count":0,"site-sidebar-layout":"default","site-content-layout":"","ast-site-content-layout":"","site-content-style":"default","site-sidebar-style":"default","ast-global-header-display":"","ast-banner-title-visibility":"","ast-main-header-display":"","ast-hfb-above-header-display":"","ast-hfb-below-header-display":"","ast-hfb-mobile-header-display":"","site-post-title":"","ast-breadcrumbs-content":"","ast-featured-img":"","footer-sml-layout":"","theme-transparent-header-meta":"","adv-header-id-meta":"","stick-header-meta":"","header-above-stick-meta":"","header-main-stick-meta":"","header-below-stick-meta":"","astra-migrate-meta-layouts":"default","ast-page-background-enabled":"default","ast-page-background-meta":{"desktop":{"background-color":"var(--ast-global-color-4)","background-image":"","background-repeat":"repeat","background-position":"center center","background-size":"auto","background-attachment":"scroll","background-type":"","background-media":"","overlay-type":"","overlay-color":"","overlay-opacity":"","overlay-gradient":""},"tablet":{"background-color":"","background-image":"","background-repeat":"repeat","background-position":"center center","background-size":"auto","background-attachment":"scroll","background-type":"","background-media":"","overlay-type":"","overlay-color":"","overlay-opacity":"","overlay-gradient":""},"mobile":{"background-color":"","background-image":"","background-repeat":"repeat","background-position":"center center","background-size":"auto","background-attachment":"scroll","background-type":"","background-media":"","overlay-type":"","overlay-color":"","overlay-opacity":"","overlay-gradient":""}},"ast-content-background-meta":{"desktop":{"background-color":"var(--ast-global-color-5)","background-image":"","background-repeat":"repeat","background-position":"center center","background-size":"auto","background-attachment":"scroll","background-type":"","background-media":"","overlay-type":"","overlay-color":"","overlay-opacity":"","overlay-gradient":""},"tablet":{"background-color":"var(--ast-global-color-5)","background-image":"","background-repeat":"repeat","background-position":"center center","background-size":"auto","background-attachment":"scroll","background-type":"","background-media":"","overlay-type":"","overlay-color":"","overlay-opacity":"","overlay-gradient":""},"mobile":{"background-color":"var(--ast-global-color-5)","background-image":"","background-repeat":"repeat","background-position":"center center","background-size":"auto","background-attachment":"scroll","background-type":"","background-media":"","overlay-type":"","overlay-color":"","overlay-opacity":"","overlay-gradient":""}},"footnotes":""},"class_list":["post-21","page","type-page","status-publish","hentry"],"post_mailing_queue_ids":[],"_links":{"self":[{"href":"https:\/\/agora.xtec.cat\/inslaserrasabadell\/wp-json\/wp\/v2\/pages\/21","targetHints":{"allow":["GET"]}}],"collection":[{"href":"https:\/\/agora.xtec.cat\/inslaserrasabadell\/wp-json\/wp\/v2\/pages"}],"about":[{"href":"https:\/\/agora.xtec.cat\/inslaserrasabadell\/wp-json\/wp\/v2\/types\/page"}],"author":[{"embeddable":true,"href":"https:\/\/agora.xtec.cat\/inslaserrasabadell\/wp-json\/wp\/v2\/users\/1"}],"replies":[{"embeddable":true,"href":"https:\/\/agora.xtec.cat\/inslaserrasabadell\/wp-json\/wp\/v2\/comments?post=21"}],"version-history":[{"count":4,"href":"https:\/\/agora.xtec.cat\/inslaserrasabadell\/wp-json\/wp\/v2\/pages\/21\/revisions"}],"predecessor-version":[{"id":3175,"href":"https:\/\/agora.xtec.cat\/inslaserrasabadell\/wp-json\/wp\/v2\/pages\/21\/revisions\/3175"}],"up":[{"embeddable":true,"href":"https:\/\/agora.xtec.cat\/inslaserrasabadell\/wp-json\/wp\/v2\/pages\/19"}],"wp:attachment":[{"href":"https:\/\/agora.xtec.cat\/inslaserrasabadell\/wp-json\/wp\/v2\/media?parent=21"}],"curies":[{"name":"wp","href":"https:\/\/api.w.org\/{rel}","templated":true}]}}