{"id":195,"date":"2014-09-22T10:39:39","date_gmt":"2014-09-22T10:39:39","guid":{"rendered":"http:\/\/agora.xtec.cat\/inslaserrasabadell\/?page_id=195"},"modified":"2026-04-15T20:45:05","modified_gmt":"2026-04-15T18:45:05","slug":"eso","status":"publish","type":"page","link":"https:\/\/agora.xtec.cat\/inslaserrasabadell\/projecte-educatiu\/estudis\/eso\/","title":{"rendered":"ESO"},"content":{"rendered":"<p>El centre ofereix estudis d&#8217;ESO, amb dues l\u00ednies per nivell. Cada nivell, alhora, est\u00e0 dividit en 3 tutories individuals.<\/p>\n<ul>\n<li>Llibres de text i lectures obligat\u00f2ries:\n<ul>\n<li>Els llibres de text i les lectures estan socialitzats, i el preu de socialitzaci\u00f3 incl\u00f2s en la quota de material anual.<\/li>\n<\/ul>\n<\/li>\n<li>Mat\u00e8ries optatives:\n<ul>\n<li>1r d&#8217;ESO<\/li>\n<li>2n d&#8217;ESO<\/li>\n<li>3r d&#8217;ESO<\/li>\n<li>4t d&#8217;ESO (en aquest cas s\u00f3n Mat\u00e8ries Optatives Espec\u00edfiques).<\/li>\n<\/ul>\n<\/li>\n<li>Viatge d&#8217;estudis:\n<ul>\n<li>A final de curs s&#8217;ofereix a l&#8217;alumnat de 4t d&#8217;ESO i altres nivells (depenent de la disponibilitat de places) realitzar una estada de tres dies (dues nits) al final de curs, en una destinaci\u00f3 propera (habitualment amb activitats relacionades amb activitats esportives a la natura)<\/li>\n<\/ul>\n<\/li>\n<\/ul>\n<header class=\"entry-header\" style=\"color: #444444;\"><\/header>\n<div class=\"entry-content\" style=\"color: #444444;\">\n<div class=\"entry-content\"><\/div>\n<\/div>\n","protected":false},"excerpt":{"rendered":"<p>El centre ofereix estudis d&#8217;ESO, amb dues l\u00ednies per nivell. Cada nivell, alhora, est\u00e0 dividit en 3 tutories individuals. Llibres de text i lectures obligat\u00f2ries: Els llibres de text i les lectures estan socialitzats, i el preu de socialitzaci\u00f3 incl\u00f2s en la quota de material anual. Mat\u00e8ries optatives: 1r d&#8217;ESO 2n d&#8217;ESO 3r d&#8217;ESO 4t [&hellip;]<\/p>\n","protected":false},"author":1,"featured_media":0,"parent":5314,"menu_order":0,"comment_status":"closed","ping_status":"closed","template":"","meta":{"_bbp_topic_count":0,"_bbp_reply_count":0,"_bbp_total_topic_count":0,"_bbp_total_reply_count":0,"_bbp_voice_count":0,"_bbp_anonymous_reply_count":0,"_bbp_topic_count_hidden":0,"_bbp_reply_count_hidden":0,"_bbp_forum_subforum_count":0,"site-sidebar-layout":"default","site-content-layout":"","ast-site-content-layout":"default","site-content-style":"default","site-sidebar-style":"default","ast-global-header-display":"","ast-banner-title-visibility":"","ast-main-header-display":"","ast-hfb-above-header-display":"","ast-hfb-below-header-display":"","ast-hfb-mobile-header-display":"","site-post-title":"","ast-breadcrumbs-content":"","ast-featured-img":"","footer-sml-layout":"","theme-transparent-header-meta":"default","adv-header-id-meta":"","stick-header-meta":"","header-above-stick-meta":"","header-main-stick-meta":"","header-below-stick-meta":"","astra-migrate-meta-layouts":"set","ast-page-background-enabled":"default","ast-page-background-meta":{"desktop":{"background-color":"var(--ast-global-color-4)","background-image":"","background-repeat":"repeat","background-position":"center center","background-size":"auto","background-attachment":"scroll","background-type":"","background-media":"","overlay-type":"","overlay-color":"","overlay-opacity":"","overlay-gradient":""},"tablet":{"background-color":"","background-image":"","background-repeat":"repeat","background-position":"center center","background-size":"auto","background-attachment":"scroll","background-type":"","background-media":"","overlay-type":"","overlay-color":"","overlay-opacity":"","overlay-gradient":""},"mobile":{"background-color":"","background-image":"","background-repeat":"repeat","background-position":"center center","background-size":"auto","background-attachment":"scroll","background-type":"","background-media":"","overlay-type":"","overlay-color":"","overlay-opacity":"","overlay-gradient":""}},"ast-content-background-meta":{"desktop":{"background-color":"var(--ast-global-color-5)","background-image":"","background-repeat":"repeat","background-position":"center center","background-size":"auto","background-attachment":"scroll","background-type":"","background-media":"","overlay-type":"","overlay-color":"","overlay-opacity":"","overlay-gradient":""},"tablet":{"background-color":"var(--ast-global-color-5)","background-image":"","background-repeat":"repeat","background-position":"center center","background-size":"auto","background-attachment":"scroll","background-type":"","background-media":"","overlay-type":"","overlay-color":"","overlay-opacity":"","overlay-gradient":""},"mobile":{"background-color":"var(--ast-global-color-5)","background-image":"","background-repeat":"repeat","background-position":"center center","background-size":"auto","background-attachment":"scroll","background-type":"","background-media":"","overlay-type":"","overlay-color":"","overlay-opacity":"","overlay-gradient":""}},"footnotes":""},"class_list":["post-195","page","type-page","status-publish","hentry"],"post_mailing_queue_ids":[],"_links":{"self":[{"href":"https:\/\/agora.xtec.cat\/inslaserrasabadell\/wp-json\/wp\/v2\/pages\/195","targetHints":{"allow":["GET"]}}],"collection":[{"href":"https:\/\/agora.xtec.cat\/inslaserrasabadell\/wp-json\/wp\/v2\/pages"}],"about":[{"href":"https:\/\/agora.xtec.cat\/inslaserrasabadell\/wp-json\/wp\/v2\/types\/page"}],"author":[{"embeddable":true,"href":"https:\/\/agora.xtec.cat\/inslaserrasabadell\/wp-json\/wp\/v2\/users\/1"}],"replies":[{"embeddable":true,"href":"https:\/\/agora.xtec.cat\/inslaserrasabadell\/wp-json\/wp\/v2\/comments?post=195"}],"version-history":[{"count":5,"href":"https:\/\/agora.xtec.cat\/inslaserrasabadell\/wp-json\/wp\/v2\/pages\/195\/revisions"}],"predecessor-version":[{"id":5743,"href":"https:\/\/agora.xtec.cat\/inslaserrasabadell\/wp-json\/wp\/v2\/pages\/195\/revisions\/5743"}],"up":[{"embeddable":true,"href":"https:\/\/agora.xtec.cat\/inslaserrasabadell\/wp-json\/wp\/v2\/pages\/5314"}],"wp:attachment":[{"href":"https:\/\/agora.xtec.cat\/inslaserrasabadell\/wp-json\/wp\/v2\/media?parent=195"}],"curies":[{"name":"wp","href":"https:\/\/api.w.org\/{rel}","templated":true}]}}