{"id":903,"date":"2021-07-19T18:25:26","date_gmt":"2021-07-19T16:25:26","guid":{"rendered":"https:\/\/agora.xtec.cat\/inslasagrera\/?page_id=903"},"modified":"2025-02-04T23:42:22","modified_gmt":"2025-02-04T22:42:22","slug":"chromebooks","status":"publish","type":"page","link":"https:\/\/agora.xtec.cat\/inslasagrera\/chromebooks\/","title":{"rendered":"Chromebooks"},"content":{"rendered":"<h2 style=\"text-align: left;\">Informaci\u00f3 sobre els dispositius digitals<\/h2>\n<p><img loading=\"lazy\" decoding=\"async\" class=\"size-full wp-image-508 alignnone\" src=\"https:\/\/agora.xtec.cat\/inslasagrera\/wp-content\/uploads\/usu2404\/2021\/02\/separador_fulles02.png\" alt=\"\" width=\"191\" height=\"20\" \/><\/p>\n<p><i><span style=\"font-weight: 400;\">El Pla d\u2019Educaci\u00f3 Digital de Catalunya 2020-2023 (PEDC) t\u00e9 per objectiu contribuir al desenvolupament de les compet\u00e8ncies digitals que la ciutadania necessita per viure i treballar en una societat immersa en constants transformacions i canvis. Per tal d\u2019assolir aquest prop\u00f2sit \u00e9s necessari assegurar la connectivitat dels centres educatius i proporcionar els equipaments necessaris a alumnes i docents.<\/span><\/i><\/p>\n<p><i><span style=\"font-weight: 400;\">Des de l\u2019Institut la Sagrera Sant Andreu posem a disposici\u00f3 de l&#8217;alumnat un ordinador port\u00e0til <\/span><\/i><i><span style=\"font-weight: 400;\">Notebook LN 300e Chr2 N4020 DC\/RAM 4Gb 32G d&#8217;11,6 Polzades amb Sistema Operatiu ChromeOS<\/span><\/i><i><span style=\"font-weight: 400;\">. L\u2019ordinador i el carregador pertanyen al centre, i<\/span><\/i><i><span style=\"font-weight: 400;\"> s&#8217;hauran de retornar al centre al final de la seva etapa educativa obligat\u00f2ria al centre.<\/span><\/i><\/p>\n<p><i><span style=\"font-weight: 400;\">Ser\u00e0 responsabilitat de l\u2019alumne\/a mantenir-lo en bon estat.<\/span><\/i> <i><span style=\"font-weight: 400;\">En cas de desperfecte <\/span><\/i><i><span style=\"font-weight: 400;\">(pantalla trencada, teclat trencat, cops o desperfectes a l\u2019estructura\u2026), la garantia del Departament d\u2019Educaci\u00f3 de Catalunya, en cobrir\u00e0 la reparaci\u00f3 mitjan\u00e7ant el seu servei t\u00e8cnic de reparaci\u00f3 d\u2019ordinadors. No obstant aix\u00f2, en cas de trencament intencionat o mal \u00fas i, tenint en compte el procediment intern dels dispositius digitals del centre, l\u2019alumnat haur\u00e0 de fer-se c\u00e0rrec de la situaci\u00f3 amb les mesures restauratives estipulades. <\/span><\/i><i><span style=\"font-weight: 400;\">El carregador<\/span><\/i><i><span style=\"font-weight: 400;\"> no t\u00e9 garantia per part del Departament d\u2019Educaci\u00f3 i s\u2019haur\u00e0 de reposar o reemborsar per part de la fam\u00edlia de l\u2019alumnat en cas de p\u00e8rdua o desperfecte.<\/span><\/i><\/p>\n<p><i><span style=\"font-weight: 400;\">En cas de robatori del dispositiu caldr\u00e0 presentar una den\u00fancia i el Departament d\u2019Educaci\u00f3 es far\u00e0 c\u00e0rrec de substituir-lo.\u00a0<\/span><\/i><\/p>\n<p><i><span style=\"font-weight: 400;\">Si al final de la seva etapa educativa obligat\u00f2ria al centre no es retorna l\u2019ordinador ni el carregador per part de la fam\u00edlia\/alumnat, es procediran a fer els tr\u00e0mits pertinents per la seva recuperaci\u00f3. En aquests casos s\u2019aplicaran les mesures que el Departament d\u2019Educaci\u00f3 ens indiqui.\u00a0<\/span><\/i><\/p>\n<p><i><span style=\"font-weight: 400;\">L\u2019alumne\/a haur\u00e0 de fer-se responsable de portar l\u2019ordinador carregat, cada dia. No es podr\u00e0 carregar al centre.<\/span><\/i><\/p>\n<p><i><span style=\"font-weight: 400;\">Per evitar possibles danys s&#8217;aconsella que s&#8217;usi una funda per al dispositiu.<\/span><\/i><\/p>\n<p><i><span style=\"font-weight: 400;\">Per tal d\u2019anar fent el seguiment dels dispositius al llarg dels cursos, des del centre es podr\u00e0 demanar diversos punts de control si aix\u00ed ho considera.<\/span><\/i><\/p>\n<p><img loading=\"lazy\" decoding=\"async\" class=\"size-full wp-image-508 alignnone\" src=\"https:\/\/agora.xtec.cat\/inslasagrera\/wp-content\/uploads\/usu2404\/2021\/02\/separador_fulles02.png\" alt=\"\" width=\"191\" height=\"20\" \/><\/p>\n","protected":false},"excerpt":{"rendered":"<p>Informaci\u00f3 sobre els dispositius digitals<\/p>\n<p>El Pla d\u2019Educaci\u00f3 Digital de Catalunya 2020-2023 (PEDC) t\u00e9 per objectiu contribuir al desenvolupament de les compet\u00e8ncies digitals que la ciutadania necessita per viure i treballar en una societat immersa en constants transformacions i canvis. Per tal d\u2019assolir aquest prop\u00f2sit \u00e9s&hellip;  <a href=\"https:\/\/agora.xtec.cat\/inslasagrera\/chromebooks\/\" title=\"Read Chromebooks\">Llegeix m\u00e9s\u00bb<\/a><\/p>\n","protected":false},"author":3,"featured_media":0,"parent":0,"menu_order":0,"comment_status":"closed","ping_status":"closed","template":"","meta":{"_bbp_topic_count":0,"_bbp_reply_count":0,"_bbp_total_topic_count":0,"_bbp_total_reply_count":0,"_bbp_voice_count":0,"_bbp_anonymous_reply_count":0,"_bbp_topic_count_hidden":0,"_bbp_reply_count_hidden":0,"_bbp_forum_subforum_count":0,"footnotes":""},"class_list":["post-903","page","type-page","status-publish","hentry"],"post_mailing_queue_ids":[],"_links":{"self":[{"href":"https:\/\/agora.xtec.cat\/inslasagrera\/wp-json\/wp\/v2\/pages\/903","targetHints":{"allow":["GET"]}}],"collection":[{"href":"https:\/\/agora.xtec.cat\/inslasagrera\/wp-json\/wp\/v2\/pages"}],"about":[{"href":"https:\/\/agora.xtec.cat\/inslasagrera\/wp-json\/wp\/v2\/types\/page"}],"author":[{"embeddable":true,"href":"https:\/\/agora.xtec.cat\/inslasagrera\/wp-json\/wp\/v2\/users\/3"}],"replies":[{"embeddable":true,"href":"https:\/\/agora.xtec.cat\/inslasagrera\/wp-json\/wp\/v2\/comments?post=903"}],"version-history":[{"count":4,"href":"https:\/\/agora.xtec.cat\/inslasagrera\/wp-json\/wp\/v2\/pages\/903\/revisions"}],"predecessor-version":[{"id":2142,"href":"https:\/\/agora.xtec.cat\/inslasagrera\/wp-json\/wp\/v2\/pages\/903\/revisions\/2142"}],"wp:attachment":[{"href":"https:\/\/agora.xtec.cat\/inslasagrera\/wp-json\/wp\/v2\/media?parent=903"}],"curies":[{"name":"wp","href":"https:\/\/api.w.org\/{rel}","templated":true}]}}