{"id":901,"date":"2021-07-19T18:25:41","date_gmt":"2021-07-19T16:25:41","guid":{"rendered":"https:\/\/agora.xtec.cat\/inslasagrera\/?page_id=901"},"modified":"2025-01-29T16:19:31","modified_gmt":"2025-01-29T15:19:31","slug":"horari","status":"publish","type":"page","link":"https:\/\/agora.xtec.cat\/inslasagrera\/horari\/","title":{"rendered":"Marc horari"},"content":{"rendered":"<h2 style=\"text-align: left;\">1r i 2n d&#8217;ESO<\/h2>\n<p><img loading=\"lazy\" decoding=\"async\" class=\"size-full wp-image-508 alignnone\" src=\"https:\/\/agora.xtec.cat\/inslasagrera\/wp-content\/uploads\/usu2404\/2021\/02\/separador_fulles02.png\" alt=\"\" width=\"191\" height=\"20\" \/><\/p>\n<p>Aquest horari \u00e9s una proposta orientativa de l&#8217;organitzaci\u00f3 hor\u00e0ria setmanal.<\/p>\n<p><a href=\"https:\/\/agora.xtec.cat\/inslasagrera\/wp-content\/uploads\/usu2404\/2021\/07\/marc_horari_1r_2n_21.png\"><img loading=\"lazy\" decoding=\"async\" class=\"aligncenter size-large wp-image-1163\" src=\"https:\/\/agora.xtec.cat\/inslasagrera\/wp-content\/uploads\/usu2404\/2021\/07\/marc_horari_1r_2n_21-1024x676.png\" alt=\"\" width=\"1024\" height=\"676\" srcset=\"https:\/\/agora.xtec.cat\/inslasagrera\/wp-content\/uploads\/usu2404\/2021\/07\/marc_horari_1r_2n_21-1024x676.png 1024w, https:\/\/agora.xtec.cat\/inslasagrera\/wp-content\/uploads\/usu2404\/2021\/07\/marc_horari_1r_2n_21-300x198.png 300w, https:\/\/agora.xtec.cat\/inslasagrera\/wp-content\/uploads\/usu2404\/2021\/07\/marc_horari_1r_2n_21-768x507.png 768w, https:\/\/agora.xtec.cat\/inslasagrera\/wp-content\/uploads\/usu2404\/2021\/07\/marc_horari_1r_2n_21.png 1151w\" sizes=\"auto, (max-width: 1024px) 100vw, 1024px\" \/><\/a><\/p>\n<hr \/>\n<h2 style=\"text-align: left;\">3r i 4t d&#8217;ESO<\/h2>\n<p><img loading=\"lazy\" decoding=\"async\" class=\"size-full wp-image-508 alignnone\" src=\"https:\/\/agora.xtec.cat\/inslasagrera\/wp-content\/uploads\/usu2404\/2021\/02\/separador_fulles02.png\" alt=\"\" width=\"191\" height=\"20\" \/><\/p>\n<p><a href=\"https:\/\/agora.xtec.cat\/inslasagrera\/wp-content\/uploads\/usu2404\/2021\/07\/marc_horari_3r_4t_21.png\"><img loading=\"lazy\" decoding=\"async\" class=\"aligncenter size-large wp-image-1164\" src=\"https:\/\/agora.xtec.cat\/inslasagrera\/wp-content\/uploads\/usu2404\/2021\/07\/marc_horari_3r_4t_21-1024x608.png\" alt=\"\" width=\"1024\" height=\"608\" srcset=\"https:\/\/agora.xtec.cat\/inslasagrera\/wp-content\/uploads\/usu2404\/2021\/07\/marc_horari_3r_4t_21-1024x608.png 1024w, https:\/\/agora.xtec.cat\/inslasagrera\/wp-content\/uploads\/usu2404\/2021\/07\/marc_horari_3r_4t_21-300x178.png 300w, https:\/\/agora.xtec.cat\/inslasagrera\/wp-content\/uploads\/usu2404\/2021\/07\/marc_horari_3r_4t_21-768x456.png 768w, https:\/\/agora.xtec.cat\/inslasagrera\/wp-content\/uploads\/usu2404\/2021\/07\/marc_horari_3r_4t_21.png 1153w\" sizes=\"auto, (max-width: 1024px) 100vw, 1024px\" \/><\/a><\/p>\n<hr \/>\n<h2 style=\"text-align: left;\">1r i 2n de Batxillerat<\/h2>\n<p><img loading=\"lazy\" decoding=\"async\" class=\"size-full wp-image-508 alignnone\" src=\"https:\/\/agora.xtec.cat\/inslasagrera\/wp-content\/uploads\/usu2404\/2021\/02\/separador_fulles02.png\" alt=\"\" width=\"191\" height=\"20\" \/><a href=\"https:\/\/agora.xtec.cat\/inslasagrera\/wp-content\/uploads\/usu2404\/2025\/01\/Captura.jpg\"><img loading=\"lazy\" decoding=\"async\" class=\"wp-image-2126 size-full aligncenter\" src=\"https:\/\/agora.xtec.cat\/inslasagrera\/wp-content\/uploads\/usu2404\/2025\/01\/Captura.jpg\" alt=\"\" width=\"992\" height=\"607\" srcset=\"https:\/\/agora.xtec.cat\/inslasagrera\/wp-content\/uploads\/usu2404\/2025\/01\/Captura.jpg 992w, https:\/\/agora.xtec.cat\/inslasagrera\/wp-content\/uploads\/usu2404\/2025\/01\/Captura-300x184.jpg 300w, https:\/\/agora.xtec.cat\/inslasagrera\/wp-content\/uploads\/usu2404\/2025\/01\/Captura-768x470.jpg 768w\" sizes=\"auto, (max-width: 992px) 100vw, 992px\" \/><\/a><\/p>\n<h2 style=\"text-align: left;\">Calendari<\/h2>\n<p><img loading=\"lazy\" decoding=\"async\" class=\"size-full wp-image-508 alignnone\" src=\"https:\/\/agora.xtec.cat\/inslasagrera\/wp-content\/uploads\/usu2404\/2021\/02\/separador_fulles02.png\" alt=\"\" width=\"191\" height=\"20\" \/><a href=\"https:\/\/agora.xtec.cat\/inslasagrera\/wp-content\/uploads\/usu2404\/2025\/01\/1_Calendari-curs-2024_2025-1.jpg\"><img loading=\"lazy\" decoding=\"async\" class=\"wp-image-2111 size-large aligncenter\" src=\"https:\/\/agora.xtec.cat\/inslasagrera\/wp-content\/uploads\/usu2404\/2025\/01\/1_Calendari-curs-2024_2025-1-725x1024.jpg\" alt=\"\" width=\"725\" height=\"1024\" srcset=\"https:\/\/agora.xtec.cat\/inslasagrera\/wp-content\/uploads\/usu2404\/2025\/01\/1_Calendari-curs-2024_2025-1-725x1024.jpg 725w, https:\/\/agora.xtec.cat\/inslasagrera\/wp-content\/uploads\/usu2404\/2025\/01\/1_Calendari-curs-2024_2025-1-212x300.jpg 212w, https:\/\/agora.xtec.cat\/inslasagrera\/wp-content\/uploads\/usu2404\/2025\/01\/1_Calendari-curs-2024_2025-1-768x1085.jpg 768w, https:\/\/agora.xtec.cat\/inslasagrera\/wp-content\/uploads\/usu2404\/2025\/01\/1_Calendari-curs-2024_2025-1-1087x1536.jpg 1087w, https:\/\/agora.xtec.cat\/inslasagrera\/wp-content\/uploads\/usu2404\/2025\/01\/1_Calendari-curs-2024_2025-1.jpg 1242w\" sizes=\"auto, (max-width: 725px) 100vw, 725px\" \/><\/a><a href=\"https:\/\/agora.xtec.cat\/inslasagrera\/wp-content\/uploads\/usu2404\/2025\/01\/2_Calendari-curs-2024_2025.jpg\"><img loading=\"lazy\" decoding=\"async\" class=\"size-large wp-image-2110 aligncenter\" src=\"https:\/\/agora.xtec.cat\/inslasagrera\/wp-content\/uploads\/usu2404\/2025\/01\/2_Calendari-curs-2024_2025-725x1024.jpg\" alt=\"\" width=\"725\" height=\"1024\" srcset=\"https:\/\/agora.xtec.cat\/inslasagrera\/wp-content\/uploads\/usu2404\/2025\/01\/2_Calendari-curs-2024_2025-725x1024.jpg 725w, https:\/\/agora.xtec.cat\/inslasagrera\/wp-content\/uploads\/usu2404\/2025\/01\/2_Calendari-curs-2024_2025-212x300.jpg 212w, https:\/\/agora.xtec.cat\/inslasagrera\/wp-content\/uploads\/usu2404\/2025\/01\/2_Calendari-curs-2024_2025-768x1085.jpg 768w, https:\/\/agora.xtec.cat\/inslasagrera\/wp-content\/uploads\/usu2404\/2025\/01\/2_Calendari-curs-2024_2025-1087x1536.jpg 1087w, https:\/\/agora.xtec.cat\/inslasagrera\/wp-content\/uploads\/usu2404\/2025\/01\/2_Calendari-curs-2024_2025.jpg 1242w\" sizes=\"auto, (max-width: 725px) 100vw, 725px\" \/><\/a><\/p>\n<p>&nbsp;<\/p>\n","protected":false},"excerpt":{"rendered":"<p>1r i 2n d&#8217;ESO<\/p>\n<p>Aquest horari \u00e9s una proposta orientativa de l&#8217;organitzaci\u00f3 hor\u00e0ria setmanal.<br \/>\n<a href=\"https:\/\/agora.xtec.cat\/inslasagrera\/wp-content\/uploads\/usu2404\/2021\/07\/marc_horari_1r_2n_21.png\"><\/a><\/p>\n<p>3r i 4t d&#8217;ESO<\/p>\n<p><a href=\"https:\/\/agora.xtec.cat\/inslasagrera\/wp-content\/uploads\/usu2404\/2021\/07\/marc_horari_3r_4t_21.png\"><\/a><\/p>\n<p>1r i 2n de Batxillerat<br \/>\n<a href=\"https:\/\/agora.xtec.cat\/inslasagrera\/wp-content\/uploads\/usu2404\/2025\/01\/Captura.jpg\"><\/a><br \/>\nCalendari<br \/>\n<a href=\"https:\/\/agora.xtec.cat\/inslasagrera\/wp-content\/uploads\/usu2404\/2025\/01\/1_Calendari-curs-2024_2025-1.jpg\"><\/a><a href=\"https:\/\/agora.xtec.cat\/inslasagrera\/wp-content\/uploads\/usu2404\/2025\/01\/2_Calendari-curs-2024_2025.jpg\"><\/a><br \/>\n&nbsp;<\/p>\n","protected":false},"author":3,"featured_media":0,"parent":0,"menu_order":0,"comment_status":"closed","ping_status":"closed","template":"","meta":{"_bbp_topic_count":0,"_bbp_reply_count":0,"_bbp_total_topic_count":0,"_bbp_total_reply_count":0,"_bbp_voice_count":0,"_bbp_anonymous_reply_count":0,"_bbp_topic_count_hidden":0,"_bbp_reply_count_hidden":0,"_bbp_forum_subforum_count":0,"footnotes":""},"class_list":["post-901","page","type-page","status-publish","hentry"],"post_mailing_queue_ids":[],"_links":{"self":[{"href":"https:\/\/agora.xtec.cat\/inslasagrera\/wp-json\/wp\/v2\/pages\/901","targetHints":{"allow":["GET"]}}],"collection":[{"href":"https:\/\/agora.xtec.cat\/inslasagrera\/wp-json\/wp\/v2\/pages"}],"about":[{"href":"https:\/\/agora.xtec.cat\/inslasagrera\/wp-json\/wp\/v2\/types\/page"}],"author":[{"embeddable":true,"href":"https:\/\/agora.xtec.cat\/inslasagrera\/wp-json\/wp\/v2\/users\/3"}],"replies":[{"embeddable":true,"href":"https:\/\/agora.xtec.cat\/inslasagrera\/wp-json\/wp\/v2\/comments?post=901"}],"version-history":[{"count":6,"href":"https:\/\/agora.xtec.cat\/inslasagrera\/wp-json\/wp\/v2\/pages\/901\/revisions"}],"predecessor-version":[{"id":2127,"href":"https:\/\/agora.xtec.cat\/inslasagrera\/wp-json\/wp\/v2\/pages\/901\/revisions\/2127"}],"wp:attachment":[{"href":"https:\/\/agora.xtec.cat\/inslasagrera\/wp-json\/wp\/v2\/media?parent=901"}],"curies":[{"name":"wp","href":"https:\/\/api.w.org\/{rel}","templated":true}]}}