{"id":845,"date":"2021-02-15T23:29:18","date_gmt":"2021-02-15T22:29:18","guid":{"rendered":"https:\/\/agora.xtec.cat\/inslasagrera\/?page_id=845"},"modified":"2026-02-09T09:27:55","modified_gmt":"2026-02-09T08:27:55","slug":"qui-som","status":"publish","type":"page","link":"https:\/\/agora.xtec.cat\/inslasagrera\/qui-som\/","title":{"rendered":"Qui som"},"content":{"rendered":"<h2 style=\"text-align: left;\">Professorat<\/h2>\n<p><img loading=\"lazy\" decoding=\"async\" class=\"size-full wp-image-508 alignnone alignleft\" src=\"https:\/\/agora.xtec.cat\/inslasagrera\/wp-content\/uploads\/usu2404\/2021\/02\/separador_fulles02.png\" alt=\"\" width=\"191\" height=\"20\" \/><\/p>\n<p>&nbsp;<\/p>\n<p><a href=\"https:\/\/agora.xtec.cat\/inslasagrera\/wp-content\/uploads\/usu2404\/2025\/12\/claustre-nadalenc.png\"><img loading=\"lazy\" decoding=\"async\" class=\"alignnone size-full wp-image-2414\" src=\"https:\/\/agora.xtec.cat\/inslasagrera\/wp-content\/uploads\/usu2404\/2025\/12\/claustre-nadalenc.png\" alt=\"\" width=\"697\" height=\"355\" srcset=\"https:\/\/agora.xtec.cat\/inslasagrera\/wp-content\/uploads\/usu2404\/2025\/12\/claustre-nadalenc.png 697w, https:\/\/agora.xtec.cat\/inslasagrera\/wp-content\/uploads\/usu2404\/2025\/12\/claustre-nadalenc-300x153.png 300w\" sizes=\"auto, (max-width: 697px) 100vw, 697px\" \/><\/a><\/p>\n<ul>\n<li><b>Orientaci\u00f3, suport educatiu i CEEPSIR<\/b>: Maria A., Virg\u00ednia S, Elisabet M., N\u00faria P., \u00c0gueda R., Aziz K., Noelia O., Dani, Carolina R. (estudiant TIS en pr\u00e0ctiques).<\/li>\n<li><b>Lleng\u00fces rom\u00e0niques<\/b>: Irene C., Emilio V., Rebeca F. (Vicentes S), Cl\u00e0udia P., Roser M., Susana C., Cl\u00e0udia P., Irina N., \u00c8ric G. (Marta.R), Aina Q., Jordi C. (Anna.C)<\/li>\n<li><b>Lleng\u00fces estrangeres<\/b>: Rita A., Guadalupe C., Albert Q., Helena.H, M\u00f2nica.R<\/li>\n<li><b>Matem\u00e0tiques i Economia<\/b>: Yago C., Maria D., Albert F., \u00c0ngel C., Marina G., Mari Carmen M., Ana P.<\/li>\n<li><b>Ci\u00e8ncies Socials i Filosofia<\/b>: Marta C. (N\u00faria A.), N\u00e0dia C., Anna G., Virginia M., Mart\u00ed S., Eva.S<\/li>\n<li><b>Ci\u00e8ncies<\/b>: Natxo P., Albert P., \u00c0lex T., Teo J., Laura S., Carlos C., Pilar F.<\/li>\n<li><b>Tecnologia<\/b>: David B., Francesc M., Jessica P., Noem\u00ed L, Neus P, \u00d2scar D. Hugo H (estudiant SMIX en pr\u00e0ctiques)<\/li>\n<li><b>Educaci\u00f3 f\u00edsica<\/b>: Xavier G., Albert G., Marc R.<\/li>\n<li><b>Art\u00edstic<\/b>: Sandra G., Marina C., Noem\u00ed Q., Andrea T.<\/li>\n<li><b>Consergeria, administraci\u00f3 i servei de neteja<\/b>: Xus M., Bisila T., Olga C., Jordi J., Mary, Carmen i Ang\u00e9lica.<\/li>\n<\/ul>\n","protected":false},"excerpt":{"rendered":"<p>Professorat<\/p>\n<p>&nbsp;<br \/>\n<a href=\"https:\/\/agora.xtec.cat\/inslasagrera\/wp-content\/uploads\/usu2404\/2025\/12\/claustre-nadalenc.png\"><\/a><\/p>\n<ul>\n<li>Orientaci\u00f3, suport educatiu i CEEPSIR: Maria A., Virg\u00ednia S, Elisabet M., N\u00faria P., \u00c0gueda R., Aziz K., Noelia O., Dani, Carolina R. (estudiant TIS en pr\u00e0ctiques).<\/li>\n<li>Lleng\u00fces rom\u00e0niques: Irene C., Emilio V., Rebeca F. (Vicentes S), Cl\u00e0udia P., Roser M., Susana C., Cl\u00e0udia P., Irina&hellip;  <a href=\"https:\/\/agora.xtec.cat\/inslasagrera\/qui-som\/\" title=\"Read Qui som\">Llegeix m\u00e9s\u00bb<\/a><br \/>\n","protected":false},"author":3,"featured_media":0,"parent":0,"menu_order":0,"comment_status":"closed","ping_status":"closed","template":"","meta":{"_bbp_topic_count":0,"_bbp_reply_count":0,"_bbp_total_topic_count":0,"_bbp_total_reply_count":0,"_bbp_voice_count":0,"_bbp_anonymous_reply_count":0,"_bbp_topic_count_hidden":0,"_bbp_reply_count_hidden":0,"_bbp_forum_subforum_count":0,"footnotes":""},"class_list":["post-845","page","type-page","status-publish","hentry"],"post_mailing_queue_ids":[],"_links":{"self":[{"href":"https:\/\/agora.xtec.cat\/inslasagrera\/wp-json\/wp\/v2\/pages\/845","targetHints":{"allow":["GET"]}}],"collection":[{"href":"https:\/\/agora.xtec.cat\/inslasagrera\/wp-json\/wp\/v2\/pages"}],"about":[{"href":"https:\/\/agora.xtec.cat\/inslasagrera\/wp-json\/wp\/v2\/types\/page"}],"author":[{"embeddable":true,"href":"https:\/\/agora.xtec.cat\/inslasagrera\/wp-json\/wp\/v2\/users\/3"}],"replies":[{"embeddable":true,"href":"https:\/\/agora.xtec.cat\/inslasagrera\/wp-json\/wp\/v2\/comments?post=845"}],"version-history":[{"count":8,"href":"https:\/\/agora.xtec.cat\/inslasagrera\/wp-json\/wp\/v2\/pages\/845\/revisions"}],"predecessor-version":[{"id":2444,"href":"https:\/\/agora.xtec.cat\/inslasagrera\/wp-json\/wp\/v2\/pages\/845\/revisions\/2444"}],"wp:attachment":[{"href":"https:\/\/agora.xtec.cat\/inslasagrera\/wp-json\/wp\/v2\/media?parent=845"}],"curies":[{"name":"wp","href":"https:\/\/api.w.org\/{rel}","templated":true}]}}