{"id":655,"date":"2021-02-05T11:32:28","date_gmt":"2021-02-05T10:32:28","guid":{"rendered":"https:\/\/agora.xtec.cat\/inslasagrera\/?page_id=655"},"modified":"2021-02-16T00:20:51","modified_gmt":"2021-02-15T23:20:51","slug":"organitzacio","status":"publish","type":"page","link":"https:\/\/agora.xtec.cat\/inslasagrera\/organitzacio\/","title":{"rendered":"Organitzaci\u00f3"},"content":{"rendered":"<h2>Pilars pedag\u00f2gics<\/h2>\n<p><img loading=\"lazy\" decoding=\"async\" class=\"size-full wp-image-508 alignnone\" src=\"https:\/\/agora.xtec.cat\/inslasagrera\/wp-content\/uploads\/usu2404\/2021\/02\/separador_fulles02.png\" alt=\"\" width=\"191\" height=\"20\" \/><\/p>\n<ul class=\"pics_fulles\">\n<li><strong>L\u2019acompanyament emocional<\/strong>\u00a0de l\u2019alumnat des de la seva entrada al centre i durant tota l\u2019etapa, amb la pres\u00e8ncia de l\u2019adult facilitador al seu costat.<\/li>\n<li><strong>La inclusi\u00f3<\/strong> en el seu sentit m\u00e9s ampli per garantir la igualtat d\u2019oportunitats a tot l\u2019alumnat.<\/li>\n<li><strong>L\u2019enfocament globalitzat<\/strong>\u00a0de l\u2019aprenentatge, amb les metodologies que hi s\u00f3n coherents, i el foment de la creativitat.<span class=\"mce-nbsp\">\u00a0<\/span><\/li>\n<\/ul>\n<h2>La jornada s&#8217;organitza en 3 grans franges hor\u00e0ries:<\/h2>\n<p><img loading=\"lazy\" decoding=\"async\" class=\"size-full wp-image-508 alignnone\" src=\"https:\/\/agora.xtec.cat\/inslasagrera\/wp-content\/uploads\/usu2404\/2021\/02\/separador_fulles02.png\" alt=\"\" width=\"191\" height=\"20\" \/><\/p>\n<div class=\"row\" style=\"margin-bottom: 1em !important;\">\n<div class=\"small-12 large-4 text-center columns\">\n<p><img loading=\"lazy\" decoding=\"async\" class=\"rodona aligncenter wp-image-669 size-full\" src=\"https:\/\/agora.xtec.cat\/inslasagrera\/wp-content\/uploads\/usu2404\/2021\/02\/instrumentals001.jpg\" alt=\"Alumnat treballant amb una caixa d'una assignatura instrumental\" width=\"300\" height=\"300\" srcset=\"https:\/\/agora.xtec.cat\/inslasagrera\/wp-content\/uploads\/usu2404\/2021\/02\/instrumentals001.jpg 300w, https:\/\/agora.xtec.cat\/inslasagrera\/wp-content\/uploads\/usu2404\/2021\/02\/instrumentals001-150x150.jpg 150w\" sizes=\"auto, (max-width: 300px) 100vw, 300px\" \/><span data-mce-type=\"bookmark\" style=\"display: inline-block; width: 0px; overflow: hidden; line-height: 0;\" class=\"mce_SELRES_start\">\ufeff<\/span><span data-mce-type=\"bookmark\" style=\"display: inline-block; width: 0px; overflow: hidden; line-height: 0;\" class=\"mce_SELRES_end\">\ufeff<\/span><\/p>\n<p><strong>Propostes instrumentals<\/strong> per assolir les compet\u00e8ncies de l\u2019\u00e0mbit ling\u00fc\u00edstic i matem\u00e0tic.<\/p>\n<ul class=\"pics_fulles\">\n<li>Treball en grup classe<\/li>\n<li>Codoc\u00e8ncies<\/li>\n<li>Suports espec\u00edfics a l\u2019aula per afavorir la inclusi\u00f3<\/li>\n<li>Objectius personalitzats segons el Pla Personal d\u2019Aprenentatge i Treball<\/li>\n<\/ul>\n<\/div>\n<div class=\"small-12 large-4 text-center columns\">\n<p><img loading=\"lazy\" decoding=\"async\" class=\"rodona aligncenter wp-image-668 size-full\" src=\"https:\/\/agora.xtec.cat\/inslasagrera\/wp-content\/uploads\/usu2404\/2021\/02\/tg002.jpg\" alt=\"Alumnat a l'aula de treball globalitzat\" width=\"300\" height=\"300\" srcset=\"https:\/\/agora.xtec.cat\/inslasagrera\/wp-content\/uploads\/usu2404\/2021\/02\/tg002.jpg 300w, https:\/\/agora.xtec.cat\/inslasagrera\/wp-content\/uploads\/usu2404\/2021\/02\/tg002-150x150.jpg 150w\" sizes=\"auto, (max-width: 300px) 100vw, 300px\" \/><\/p>\n<p><strong>Treball globalitzat<\/strong> de l\u2019\u00e0mbit cientificotecnol\u00f2gic i social, amb els suport de les \u00e0rees instrumentals.<\/p>\n<ul class=\"pics_fulles\">\n<li>Els tres grups estaran en franja hor\u00e0ria<\/li>\n<li>4 docents per tres grups (m\u00faltiples agrupacions)<\/li>\n<li>Treball en grups cooperatius<\/li>\n<li>Dispositiu digital personal<\/li>\n<\/ul>\n<\/div>\n<div class=\"small-12 large-4 text-center columns\">\n<p><img loading=\"lazy\" decoding=\"async\" class=\"rodona aligncenter wp-image-670 size-full\" src=\"https:\/\/agora.xtec.cat\/inslasagrera\/wp-content\/uploads\/usu2404\/2021\/02\/creacions001.jpg\" alt=\"Alumne fent la creaci\u00f3 de Lettering\" width=\"300\" height=\"300\" srcset=\"https:\/\/agora.xtec.cat\/inslasagrera\/wp-content\/uploads\/usu2404\/2021\/02\/creacions001.jpg 300w, https:\/\/agora.xtec.cat\/inslasagrera\/wp-content\/uploads\/usu2404\/2021\/02\/creacions001-150x150.jpg 150w\" sizes=\"auto, (max-width: 300px) 100vw, 300px\" \/><\/p>\n<p><strong>Creacions<\/strong> per fomentar la creativitat des de totes les \u00e0rees.<\/p>\n<ul class=\"pics_fulles\">\n<li>Foment de l\u2019expressi\u00f3 i la creativitat ens tots els \u00e0mbits<\/li>\n<li>4-5 creacions simult\u00e0nies de 36 hores de durada<\/li>\n<li>D\u2019elecci\u00f3 volunt\u00e0ria garantint el m\u00ednims de m\u00fasica i visual i pl\u00e0stica<\/li>\n<li>Introducci\u00f3 de la segona llengua estrangera<\/li>\n<\/ul>\n<\/div>\n<\/div>\n","protected":false},"excerpt":{"rendered":"<p>Pilars pedag\u00f2gics<\/p>\n<ul class=\"pics_fulles\">\n<li>L\u2019acompanyament emocional\u00a0de l\u2019alumnat des de la seva entrada al centre i durant tota l\u2019etapa, amb la pres\u00e8ncia de l\u2019adult facilitador al seu costat.<\/li>\n<li>La inclusi\u00f3 en el seu sentit m\u00e9s ampli per garantir la igualtat d\u2019oportunitats a tot l\u2019alumnat.<\/li>\n<li>L\u2019enfocament globalitzat\u00a0de l\u2019aprenentatge, amb les metodologies&hellip;  <a href=\"https:\/\/agora.xtec.cat\/inslasagrera\/organitzacio\/\" title=\"Read Organitzaci\u00f3\">Llegeix m\u00e9s\u00bb<\/a><br \/>\n","protected":false},"author":3,"featured_media":0,"parent":0,"menu_order":0,"comment_status":"closed","ping_status":"closed","template":"","meta":{"_bbp_topic_count":0,"_bbp_reply_count":0,"_bbp_total_topic_count":0,"_bbp_total_reply_count":0,"_bbp_voice_count":0,"_bbp_anonymous_reply_count":0,"_bbp_topic_count_hidden":0,"_bbp_reply_count_hidden":0,"_bbp_forum_subforum_count":0,"footnotes":""},"class_list":["post-655","page","type-page","status-publish","hentry"],"post_mailing_queue_ids":[],"_links":{"self":[{"href":"https:\/\/agora.xtec.cat\/inslasagrera\/wp-json\/wp\/v2\/pages\/655","targetHints":{"allow":["GET"]}}],"collection":[{"href":"https:\/\/agora.xtec.cat\/inslasagrera\/wp-json\/wp\/v2\/pages"}],"about":[{"href":"https:\/\/agora.xtec.cat\/inslasagrera\/wp-json\/wp\/v2\/types\/page"}],"author":[{"embeddable":true,"href":"https:\/\/agora.xtec.cat\/inslasagrera\/wp-json\/wp\/v2\/users\/3"}],"replies":[{"embeddable":true,"href":"https:\/\/agora.xtec.cat\/inslasagrera\/wp-json\/wp\/v2\/comments?post=655"}],"version-history":[{"count":4,"href":"https:\/\/agora.xtec.cat\/inslasagrera\/wp-json\/wp\/v2\/pages\/655\/revisions"}],"predecessor-version":[{"id":866,"href":"https:\/\/agora.xtec.cat\/inslasagrera\/wp-json\/wp\/v2\/pages\/655\/revisions\/866"}],"wp:attachment":[{"href":"https:\/\/agora.xtec.cat\/inslasagrera\/wp-json\/wp\/v2\/media?parent=655"}],"curies":[{"name":"wp","href":"https:\/\/api.w.org\/{rel}","templated":true}]}}