{"id":509,"date":"2021-02-04T20:28:18","date_gmt":"2021-02-04T19:28:18","guid":{"rendered":"https:\/\/agora.xtec.cat\/inslasagrera\/?page_id=509"},"modified":"2021-07-22T17:04:46","modified_gmt":"2021-07-22T15:04:46","slug":"eixos-del-projecte","status":"publish","type":"page","link":"https:\/\/agora.xtec.cat\/inslasagrera\/eixos-del-projecte\/","title":{"rendered":"Eixos del projecte"},"content":{"rendered":"<h2 style=\"text-align: left;\">Com ho fem<\/h2>\n<p><img loading=\"lazy\" decoding=\"async\" class=\"size-full wp-image-508 alignnone\" src=\"https:\/\/agora.xtec.cat\/inslasagrera\/wp-content\/uploads\/usu2404\/2021\/02\/separador_fulles02.png\" alt=\"\" width=\"191\" height=\"20\" \/><\/p>\n<div class=\"row\" style=\"margin-bottom: 1em !important;\">\n<div class=\"small-12 large-4 text-center columns\">\n<p><img loading=\"lazy\" decoding=\"async\" class=\"rodona aligncenter wp-image-744 size-full\" src=\"https:\/\/agora.xtec.cat\/inslasagrera\/wp-content\/uploads\/usu2404\/2021\/02\/acompemocional002.jpg\" alt=\"\" width=\"300\" height=\"300\" srcset=\"https:\/\/agora.xtec.cat\/inslasagrera\/wp-content\/uploads\/usu2404\/2021\/02\/acompemocional002.jpg 300w, https:\/\/agora.xtec.cat\/inslasagrera\/wp-content\/uploads\/usu2404\/2021\/02\/acompemocional002-150x150.jpg 150w\" sizes=\"auto, (max-width: 300px) 100vw, 300px\" \/><\/p>\n<h3>Acompanyament emocional<\/h3>\n<p>L\u2019acompanyament emocional de l\u2019alumnat des de la seva entrada al centre i durant tota l\u2019etapa, amb la pres\u00e8ncia de l\u2019adult facilitador.<\/p>\n<p>&nbsp;<\/p>\n<\/div>\n<div class=\"small-12 large-4 text-center columns\">\n<p><img loading=\"lazy\" decoding=\"async\" class=\"rodona aligncenter wp-image-747 size-full\" src=\"https:\/\/agora.xtec.cat\/inslasagrera\/wp-content\/uploads\/usu2404\/2021\/02\/educacio_inclusiva_1.jpg\" alt=\"Alumnat fent un joc cooperatiu\" width=\"300\" height=\"300\" srcset=\"https:\/\/agora.xtec.cat\/inslasagrera\/wp-content\/uploads\/usu2404\/2021\/02\/educacio_inclusiva_1.jpg 300w, https:\/\/agora.xtec.cat\/inslasagrera\/wp-content\/uploads\/usu2404\/2021\/02\/educacio_inclusiva_1-150x150.jpg 150w\" sizes=\"auto, (max-width: 300px) 100vw, 300px\" \/><\/p>\n<h3>Processos d&#8217;educaci\u00f3 inclusiva<\/h3>\n<p>La inclusi\u00f3 en el seu sentit m\u00e9s ampli per garantir la igualtat d\u2019oportunitats a tot l\u2019alumnat.<\/p>\n<\/div>\n<div class=\"small-12 large-4 text-center columns\">\n<p><img loading=\"lazy\" decoding=\"async\" class=\"rodona aligncenter wp-image-748 size-full\" src=\"https:\/\/agora.xtec.cat\/inslasagrera\/wp-content\/uploads\/usu2404\/2021\/02\/tg004.jpg\" alt=\"Grup d'alumnes fent una creaci\u00f3 de treball globalitzat\" width=\"300\" height=\"300\" srcset=\"https:\/\/agora.xtec.cat\/inslasagrera\/wp-content\/uploads\/usu2404\/2021\/02\/tg004.jpg 300w, https:\/\/agora.xtec.cat\/inslasagrera\/wp-content\/uploads\/usu2404\/2021\/02\/tg004-150x150.jpg 150w\" sizes=\"auto, (max-width: 300px) 100vw, 300px\" \/><\/p>\n<h3>Enfocament globalitzat de l&#8217;aprenentatge<\/h3>\n<p>L\u2019enfocament globalitzat de l\u2019aprenentatge, amb les metodologies que hi s\u00f3n coherents, i el foment de la creativitat.<\/p>\n<p>&nbsp;<\/p>\n<\/div>\n<\/div>\n<hr \/>\n<h2 style=\"text-align: left;\">Els 10 eixos del nostre projecte<\/h2>\n<p><img loading=\"lazy\" decoding=\"async\" class=\"size-full wp-image-508 alignnone\" src=\"https:\/\/agora.xtec.cat\/inslasagrera\/wp-content\/uploads\/usu2404\/2021\/02\/separador_fulles02.png\" alt=\"\" width=\"191\" height=\"20\" \/><\/p>\n<h3>El nostre objectiu \u00e9s crear les condicions id\u00f2nies perqu\u00e8 els nois i les noies assoleixin els aprenentatges necessaris per al seu desenvolupament. Per aix\u00f2:<\/h3>\n<ul class=\"pics_fulles\">\n<li>Posem l\u2019<strong>alumnat al centre<\/strong> del proc\u00e9s d\u2019aprenentatge.<\/li>\n<li>Creiem en\u00a0la <strong>naturalesa social<\/strong> de l\u2019aprenentatge.<\/li>\n<li>Impulsem un <strong>aprenentatge inclusiu<\/strong>,\u00a0sensible a les difer\u00e8ncies individuals i potenciador de la igualtat d\u2019oportunitats.<\/li>\n<li>Vetllem per un<strong> clima<\/strong>\u00a0de conviv\u00e8ncia adequat i <strong>respectu\u00f3s<\/strong> que afavoreixi l\u2019aprenentatge.<\/li>\n<li>Promovem l&#8217;<strong>aprenentatge aut\u00f2nom<\/strong>.<\/li>\n<li>Fomentem el treball\u00a0cooperatiu en grups naturals d\u2019<strong>aprenentatge entre iguals<\/strong>.<\/li>\n<li>Prioritzem les \u00e0rees\u00a0instrumentals per garantir l\u2019<strong>assoliment de les compet\u00e8ncies b\u00e0siques<\/strong>.<\/li>\n<li>Utilitzem l&#8217;<strong>aprenentatge globalitzat<\/strong>\u00a0per reunir diferents \u00e0mbits curriculars i les compet\u00e8ncies digital, personal i social.<\/li>\n<li>Potenciem la<strong> creativitat<\/strong>\u00a0i l&#8217;expressi\u00f3 a trav\u00e9s de l\u2019<strong>emoci\u00f3<\/strong> i el <strong>plaer<\/strong>.<\/li>\n<li>Oferim orientaci\u00f3\u00a0educativa continuada en tots els cursos mitjan\u00e7ant el <strong>pla d\u2019acci\u00f3 tutorial<\/strong>.<\/li>\n<\/ul>\n<hr \/>\n<h2 style=\"text-align: left;\">L\u2019atenci\u00f3 personalitzada<\/h2>\n<p><img loading=\"lazy\" decoding=\"async\" class=\"size-full wp-image-508 alignnone\" src=\"https:\/\/agora.xtec.cat\/inslasagrera\/wp-content\/uploads\/usu2404\/2021\/02\/separador_fulles02.png\" alt=\"\" width=\"191\" height=\"20\" \/><\/p>\n<ul class=\"pics_fulles\">\n<li>Establim<strong> vincles<\/strong>: tots som tutors\/es<\/li>\n<li>Respectem la<strong> diversitat de ritmes<\/strong>: grups heterogenis<\/li>\n<li><strong>Codoc\u00e8ncia<\/strong>, <strong>desdoblament<\/strong>, <strong>suports espec\u00edfics<\/strong> a l\u2019aula<\/li>\n<li>Atenem la <strong>individualitat en les maneres d\u2019aprendre<\/strong>: Pla personal d\u2019aprenentatge i treball<\/li>\n<li>Fomentem la <strong>consci\u00e8ncia en l\u2019aprenentatge<\/strong>: l\u2019avaluaci\u00f3<\/li>\n<li>Vetllem per l\u2019<strong>orientaci\u00f3<\/strong> des de 1r d\u2019ESO<\/li>\n<\/ul>\n<hr \/>\n<h2 style=\"text-align: left;\">Recursos i suports<\/h2>\n<p><img loading=\"lazy\" decoding=\"async\" class=\"size-full wp-image-508 alignnone\" src=\"https:\/\/agora.xtec.cat\/inslasagrera\/wp-content\/uploads\/usu2404\/2021\/02\/separador_fulles02.png\" alt=\"\" width=\"191\" height=\"20\" \/><\/p>\n<ul class=\"pics_fulles\">\n<li>Treballem en grup de manera cooperativa<\/li>\n<li>Fem \u00fas de les noves tecnologies: dispositiu digital personal<\/li>\n<li>Treballem les compet\u00e8ncies b\u00e0siques<\/li>\n<li>Fomentem la globalitzaci\u00f3 dels aprenentatges<\/li>\n<li>Oferim moments de creaci\u00f3 i expressi\u00f3<\/li>\n<li>Adeq\u00fcem els espais d\u2019acord amb la metodologia plantejada<\/li>\n<\/ul>\n<hr \/>\n<h2 style=\"text-align: left;\">La comunitat educativa<\/h2>\n<p><img loading=\"lazy\" decoding=\"async\" class=\"size-full wp-image-508 alignnone\" src=\"https:\/\/agora.xtec.cat\/inslasagrera\/wp-content\/uploads\/usu2404\/2021\/02\/separador_fulles02.png\" alt=\"\" width=\"191\" height=\"20\" \/><\/p>\n<ul class=\"pics_fulles\">\n<li>Mantenim consci\u00e8ncia de l\u2019\u00fas responsable dels materials i dels espais<\/li>\n<li>Impliquem les fam\u00edlies en el proc\u00e9s<\/li>\n<li>Mantenim contacte amb els centres de prim\u00e0ria<\/li>\n<li>Fem xarxa<\/li>\n<\/ul>\n<hr \/>\n<h2 style=\"text-align: left;\">L\u2019inici de curs<\/h2>\n<p><img loading=\"lazy\" decoding=\"async\" class=\"size-full wp-image-508 alignnone\" src=\"https:\/\/agora.xtec.cat\/inslasagrera\/wp-content\/uploads\/usu2404\/2021\/02\/separador_fulles02.png\" alt=\"\" width=\"191\" height=\"20\" \/><\/p>\n<ul class=\"pics_fulles\">\n<li><strong>Acollida<\/strong>: per\u00edode adaptaci\u00f3, coneixement i vinculaci\u00f3<\/li>\n<li><strong>Material<\/strong>\n<ul style=\"list-style-type: disc;\">\n<li>Socialitzat a l\u2019aula<\/li>\n<li>Dispositiu digital per TG com a una eina educativa m\u00e9s<\/li>\n<\/ul>\n<\/li>\n<li><strong>Comunicaci\u00f3 fam\u00edlia escola<\/strong>\n<ul style=\"list-style-type: disc;\">\n<li>Reunions (seguiment, avaluaci\u00f3)<\/li>\n<li>Entrevistes (quan s\u2019escaigui)<\/li>\n<\/ul>\n<\/li>\n<\/ul>\n<hr \/>\n<h2 style=\"text-align: left;\">Les sortides<\/h2>\n<p><img loading=\"lazy\" decoding=\"async\" class=\"size-full wp-image-508 alignnone\" src=\"https:\/\/agora.xtec.cat\/inslasagrera\/wp-content\/uploads\/usu2404\/2021\/02\/separador_fulles02.png\" alt=\"\" width=\"191\" height=\"20\" \/><\/p>\n<ul class=\"pics_fulles\">\n<li>Camps d&#8217;aprenentatge\u00a0\/ Col\u00f2nies<\/li>\n<li>Sortides als espais educatius de l\u2019entorn<\/li>\n<li>Sortides a la natura<\/li>\n<li>Sortides vinculades als \u00e0mbits<\/li>\n<li>Intercanvis ling\u00fc\u00edstics<\/li>\n<\/ul>\n<hr \/>\n<p>&nbsp;<\/p>\n","protected":false},"excerpt":{"rendered":"<p>Com ho fem<\/p>\n<p>Acompanyament emocional<br \/>\nL\u2019acompanyament emocional de l\u2019alumnat des de la seva entrada al centre i durant tota l\u2019etapa, amb la pres\u00e8ncia de l\u2019adult facilitador.<br \/>\n&nbsp;<\/p>\n<p>Processos d&#8217;educaci\u00f3 inclusiva<br \/>\nLa inclusi\u00f3 en el seu sentit m\u00e9s ampli per garantir la igualtat d\u2019oportunitats a tot l\u2019alumnat.<\/p>\n<p>Enfocament globalitzat de l&#8217;aprenentatge<br \/>\nL\u2019enfocament globalitzat&hellip;  <a href=\"https:\/\/agora.xtec.cat\/inslasagrera\/eixos-del-projecte\/\" title=\"Read Eixos del projecte\">Llegeix m\u00e9s\u00bb<\/a><\/p>\n","protected":false},"author":1,"featured_media":0,"parent":0,"menu_order":0,"comment_status":"closed","ping_status":"closed","template":"","meta":{"_bbp_topic_count":0,"_bbp_reply_count":0,"_bbp_total_topic_count":0,"_bbp_total_reply_count":0,"_bbp_voice_count":0,"_bbp_anonymous_reply_count":0,"_bbp_topic_count_hidden":0,"_bbp_reply_count_hidden":0,"_bbp_forum_subforum_count":0,"footnotes":""},"class_list":["post-509","page","type-page","status-publish","hentry"],"post_mailing_queue_ids":[],"_links":{"self":[{"href":"https:\/\/agora.xtec.cat\/inslasagrera\/wp-json\/wp\/v2\/pages\/509","targetHints":{"allow":["GET"]}}],"collection":[{"href":"https:\/\/agora.xtec.cat\/inslasagrera\/wp-json\/wp\/v2\/pages"}],"about":[{"href":"https:\/\/agora.xtec.cat\/inslasagrera\/wp-json\/wp\/v2\/types\/page"}],"author":[{"embeddable":true,"href":"https:\/\/agora.xtec.cat\/inslasagrera\/wp-json\/wp\/v2\/users\/1"}],"replies":[{"embeddable":true,"href":"https:\/\/agora.xtec.cat\/inslasagrera\/wp-json\/wp\/v2\/comments?post=509"}],"version-history":[{"count":3,"href":"https:\/\/agora.xtec.cat\/inslasagrera\/wp-json\/wp\/v2\/pages\/509\/revisions"}],"predecessor-version":[{"id":1175,"href":"https:\/\/agora.xtec.cat\/inslasagrera\/wp-json\/wp\/v2\/pages\/509\/revisions\/1175"}],"wp:attachment":[{"href":"https:\/\/agora.xtec.cat\/inslasagrera\/wp-json\/wp\/v2\/media?parent=509"}],"curies":[{"name":"wp","href":"https:\/\/api.w.org\/{rel}","templated":true}]}}