{"id":1016,"date":"2021-07-20T19:46:19","date_gmt":"2021-07-20T17:46:19","guid":{"rendered":"https:\/\/agora.xtec.cat\/inslasagrera\/?page_id=1016"},"modified":"2025-02-04T21:31:24","modified_gmt":"2025-02-04T20:31:24","slug":"nofc","status":"publish","type":"page","link":"https:\/\/agora.xtec.cat\/inslasagrera\/nofc\/","title":{"rendered":"NOFC"},"content":{"rendered":"<h2 style=\"text-align: center;\">Normes d&#8217;Organitzaci\u00f3 i Funcionament de Centre<\/h2>\n<p><img loading=\"lazy\" decoding=\"async\" class=\"size-full wp-image-508 aligncenter\" src=\"https:\/\/agora.xtec.cat\/inslasagrera\/wp-content\/uploads\/usu2404\/2021\/02\/separador_fulles02.png\" alt=\"\" width=\"191\" height=\"20\" \/><\/p>\n<div class=\"row\" style=\"margin-bottom: 1em !important;\">\n<div class=\"small-12 large-4 text-center columns\">\n<p><a class=\"button large\" style=\"width: 400px; padding: 1em; font-weight: 400; margin: 0.1em; color: white !important; background-color: #418000bf;\" href=\"https:\/\/drive.google.com\/file\/d\/1GEHr3MtUZ9y-8a6TZRLA9h6uYuP460uf\/view?usp=sharing\" target=\"_blank\" rel=\"noopener noreferrer\">Protocol de tel\u00e8fons m\u00f2bils<\/a><\/p>\n<\/div>\n<div class=\"small-12 large-4 text-center columns\">\n<p><a class=\"button large\" style=\"width: 400px; padding: 1em; font-weight: 400; margin: 0.1em; color: white !important; background-color: #418000bf;\" href=\"https:\/\/drive.google.com\/file\/d\/1N3ghdSl69pwllZpZPqZ4Xvoj4ZcNibRb\/view?usp=sharing\" target=\"_blank\" rel=\"noopener noreferrer\">Procediment de tipificaci\u00f3 d&#8217;incid\u00e8ncies i aplicaci\u00f3 de mesures<\/a><\/p>\n<\/div>\n<\/div>\n<div class=\"row\" style=\"margin-bottom: 1em !important;\">\n<div class=\"small-12 large-4 text-center columns\">\n<p><a class=\"button large\" style=\"width: 400px; padding: 1em; font-weight: 400; margin: 0.1em; color: white !important; background-color: #418000bf;\" href=\"https:\/\/drive.google.com\/file\/d\/1xAON1N43TKUZCKW5oYKn8SBMdknHnYKV\/view?usp=sharing\" target=\"_blank\" rel=\"noopener noreferrer\">Procediment de gesti\u00f3 de chromebooks i G-Suite<\/a><\/p>\n<\/div>\n<div class=\"small-12 large-4 text-center columns\">\n<p><a class=\"button large\" style=\"width: 400px; padding: 1em; font-weight: 400; margin: 0.1em; color: white !important; background-color: #418000bf;\" href=\"https:\/\/drive.google.com\/file\/d\/1F19pb1M-kaQnJDoiINd2BzD4jYGCNkEf\/view?usp=sharing\" target=\"_blank\" rel=\"noopener noreferrer\">Procediment d&#8217;entrades i sortides<\/a><\/p>\n<\/div>\n<\/div>\n","protected":false},"excerpt":{"rendered":"<p>Normes d&#8217;Organitzaci\u00f3 i Funcionament de Centre<\/p>\n<p><a class=\"button large\" style=\"width: 400px; padding: 1em; font-weight: 400; margin: 0.1em; color: white !important; background-color: #418000bf;\" href=\"https:\/\/drive.google.com\/file\/d\/1GEHr3MtUZ9y-8a6TZRLA9h6uYuP460uf\/view?usp=sharing\" target=\"_blank\" rel=\"noopener noreferrer\">Protocol de tel\u00e8fons m\u00f2bils<\/a><\/p>\n<p><a class=\"button large\" style=\"width: 400px; padding: 1em; font-weight: 400; margin: 0.1em; color: white !important; background-color: #418000bf;\" href=\"https:\/\/drive.google.com\/file\/d\/1N3ghdSl69pwllZpZPqZ4Xvoj4ZcNibRb\/view?usp=sharing\" target=\"_blank\"&hellip;  <a href=\"https:\/\/agora.xtec.cat\/inslasagrera\/nofc\/\" title=\"Read NOFC\">Llegeix m\u00e9s\u00bb<\/a><\/p>\n","protected":false},"author":3,"featured_media":0,"parent":0,"menu_order":0,"comment_status":"closed","ping_status":"closed","template":"","meta":{"_bbp_topic_count":0,"_bbp_reply_count":0,"_bbp_total_topic_count":0,"_bbp_total_reply_count":0,"_bbp_voice_count":0,"_bbp_anonymous_reply_count":0,"_bbp_topic_count_hidden":0,"_bbp_reply_count_hidden":0,"_bbp_forum_subforum_count":0,"footnotes":""},"class_list":["post-1016","page","type-page","status-publish","hentry"],"post_mailing_queue_ids":[],"_links":{"self":[{"href":"https:\/\/agora.xtec.cat\/inslasagrera\/wp-json\/wp\/v2\/pages\/1016","targetHints":{"allow":["GET"]}}],"collection":[{"href":"https:\/\/agora.xtec.cat\/inslasagrera\/wp-json\/wp\/v2\/pages"}],"about":[{"href":"https:\/\/agora.xtec.cat\/inslasagrera\/wp-json\/wp\/v2\/types\/page"}],"author":[{"embeddable":true,"href":"https:\/\/agora.xtec.cat\/inslasagrera\/wp-json\/wp\/v2\/users\/3"}],"replies":[{"embeddable":true,"href":"https:\/\/agora.xtec.cat\/inslasagrera\/wp-json\/wp\/v2\/comments?post=1016"}],"version-history":[{"count":5,"href":"https:\/\/agora.xtec.cat\/inslasagrera\/wp-json\/wp\/v2\/pages\/1016\/revisions"}],"predecessor-version":[{"id":2135,"href":"https:\/\/agora.xtec.cat\/inslasagrera\/wp-json\/wp\/v2\/pages\/1016\/revisions\/2135"}],"wp:attachment":[{"href":"https:\/\/agora.xtec.cat\/inslasagrera\/wp-json\/wp\/v2\/media?parent=1016"}],"curies":[{"name":"wp","href":"https:\/\/api.w.org\/{rel}","templated":true}]}}