{"id":565,"date":"2017-10-18T22:34:02","date_gmt":"2017-10-18T20:34:02","guid":{"rendered":"http:\/\/agora.xtec.cat\/inslariera\/?page_id=565"},"modified":"2022-07-12T09:30:57","modified_gmt":"2022-07-12T07:30:57","slug":"ampa","status":"publish","type":"page","link":"https:\/\/agora.xtec.cat\/inslariera\/ampa\/","title":{"rendered":"AMPA"},"content":{"rendered":"<p><span style=\"font-weight: 400;\">\r\n\t<div class=\"slideshow_container slideshow_container_style-light\" style=\"height: 300px; \" data-slideshow-id=\"2481\" data-style-name=\"style-light\" data-style-version=\"2.3.1\" >\r\n\r\n\t\t\t\t\t<div class=\"slideshow_loading_icon\"><\/div>\r\n\t\t\r\n\t\t<div class=\"slideshow_content\" style=\"display: none;\">\r\n\r\n\t\t\t<div class=\"slideshow_view\">\r\n\t\t\t\t<div class=\"slideshow_slide slideshow_slide_image\">\r\n\t\t\t\t\t\t\t\t\t\t\t<img src=\"https:\/\/agora.xtec.cat\/inslariera\/wp-content\/uploads\/usu1137\/2022\/07\/ampalariera_web_ampa_imatge.jpg\" alt=\"ampalariera_web_ampa_imatge\" width=\"1280\" height=\"270\" \/>\r\n\t\t\t\t\t\t\t\t\t\t<div class=\"slideshow_description_box slideshow_transparent\">\r\n\t\t\t\t\t\t<div class=\"slideshow_title\">ampalariera_web_ampa_imatge<\/div>\t\t\t\t\t\t\t\t\t\t\t<\/div>\r\n\t\t\t\t<\/div>\r\n\r\n\t\t\t\t\t\t<div style=\"clear: both;\"><\/div><\/div>\r\n\t\t<\/div>\r\n\r\n\t\t<div class=\"slideshow_controlPanel slideshow_transparent\" style=\"display: none;\"><ul><li class=\"slideshow_togglePlay\" data-play-text=\"Visualitza\" data-pause-text=\"Pausa\"><\/li><\/ul><\/div>\r\n\r\n\t\t<div class=\"slideshow_button slideshow_previous slideshow_transparent\" role=\"button\" data-previous-text=\"Anterior\" style=\"display: none;\"><\/div>\r\n\t\t<div class=\"slideshow_button slideshow_next slideshow_transparent\" role=\"button\" data-next-text=\"Seg\u00fcent\" style=\"display: none;\"><\/div>\r\n\r\n\t\t<div class=\"slideshow_pagination\" style=\"display: none;\" data-go-to-text=\"V\u00e9s a la diapositiva\"><div class=\"slideshow_pagination_center\"><\/div><\/div>\r\n\r\n\t\t<!-- WordPress Slideshow Version 2.3.1 -->\r\n\r\n\t\t\t<\/div>\r\n\r\n<\/span><\/p>\n<p><span style=\"font-weight: 400;\">Benvolgudes fam\u00edlies,<br \/>\n<\/span><span style=\"font-weight: 400;\">L&#8217;AMPA La Riera us d\u00f3na la benvinguda a l&#8217;Institut. Esperem que us trobeu acollits en aquesta nova etapa.<br \/>\n<\/span><span style=\"font-weight: 400;\">Per tal de promoure la vostra participaci\u00f3 a la gesti\u00f3 del centre, us convidem que formeu part de l&#8217;AMPA.<\/span><\/p>\n<p>&nbsp;<\/p>\n<h6><span style=\"font-weight: 400;\">Quines accions promou l&#8217;AMPA La Riera?<\/span><\/h6>\n<ul>\n<li><span style=\"font-weight: 400;\">Ajudem a la direcci\u00f3 del centre a consolidar el projecte educatiu del centre.<\/span><\/li>\n<li><span style=\"font-weight: 400;\">Col\u00b7laborem amb l&#8217;Institut, administracions i organitzacions locals per tal d&#8217;impulsar el projecte \u2028del nou Institut La Riera a l&#8217;edifici de l&#8217;antic Lola Anglada.<\/span><\/li>\n<li><span style=\"font-weight: 400;\">Participem en la presa de decisions de l&#8217;escola mitjan\u00e7ant un representant al Consell Escolar.<\/span><\/li>\n<li><span style=\"font-weight: 400;\">Organitzem espais de formaci\u00f3 i reflexi\u00f3 sobre temes que interessen a mares i pares.<\/span><\/li>\n<li><span style=\"font-weight: 400;\">Col\u00b7laborem amb l&#8217;institut amb les seves festes.<\/span><\/li>\n<li><span style=\"font-weight: 400;\">Impulsem la socialitzaci\u00f3 de llibres de text.<\/span><\/li>\n<li><span style=\"font-weight: 400;\">Gestionem el cobrament de la quota de l&#8217;AMPA i la quota de <\/span><b>socialitzaci\u00f3 de llibres<\/b><span style=\"font-weight: 400;\">.<\/span><\/li>\n<\/ul>\n<h6><\/h6>\n<p>&nbsp;<\/p>\n<h6>Quina finalitat t\u00e9 la quota de l&#8217;AMPA?<\/h6>\n<p><span style=\"font-weight: 400;\">L&#8217;aportaci\u00f3 econ\u00f2mica de les fam\u00edlies permet a tot l&#8217;alumnat del centre, gaudir i participar de diverses activitats formatives i l\u00fadiques, com la xocolatada, el dinar solidari\u2026 Aix\u00ed com fer front a les despeses generades, com les assegurances de l&#8217;AMPA i altres que vagin sorgint durant el transcurs del curs.<br \/>\n<\/span><span style=\"font-weight: 400;\">A m\u00e9s, com a socis de l\u2019AMPA, us podeu beneficiar del projecte de <\/span><b>socialitzaci\u00f3 dels llibres<\/b><span style=\"font-weight: 400;\"> de lectura. Aquest projecte permet disposar dels llibres de text necessaris durant cada curs, impulsant la seva reutilitzaci\u00f3 i promovent els principis de sostenibilitat i cooperaci\u00f3.<\/span><\/p>\n","protected":false},"excerpt":{"rendered":"<p>\t\t\t\t\t\tampalariera_web_ampa_imatge\t\t\t\t\t\t\t\t\t\t\t<\/p>\n<ul>\n<li class=\"slideshow_togglePlay\" data-play-text=\"Visualitza\" data-pause-text=\"Pausa\"><\/li>\n<\/ul>\n<p>Benvolgudes fam\u00edlies,<br \/>\nL&#8217;AMPA La Riera us d\u00f3na la benvinguda a l&#8217;Institut. Esperem que us trobeu acollits en aquesta nova etapa.<br \/>\nPer tal de promoure la vostra participaci\u00f3 a la gesti\u00f3 del centre, us convidem que formeu part de l&#8217;AMPA.<br \/>\n&nbsp;<br \/>\nQuines accions promou l&#8217;AMPA La Riera?<\/p>\n<ul>\n<li>Ajudem&hellip;  <a href=\"https:\/\/agora.xtec.cat\/inslariera\/ampa\/\" title=\"Read AMPA\">Llegeix m\u00e9s\u00bb<\/a><br \/>\n","protected":false},"author":1,"featured_media":0,"parent":0,"menu_order":0,"comment_status":"closed","ping_status":"closed","template":"","meta":{"_bbp_topic_count":0,"_bbp_reply_count":0,"_bbp_total_topic_count":0,"_bbp_total_reply_count":0,"_bbp_voice_count":0,"_bbp_anonymous_reply_count":0,"_bbp_topic_count_hidden":0,"_bbp_reply_count_hidden":0,"_bbp_forum_subforum_count":0,"footnotes":""},"class_list":["post-565","page","type-page","status-publish","hentry"],"post_mailing_queue_ids":[],"_links":{"self":[{"href":"https:\/\/agora.xtec.cat\/inslariera\/wp-json\/wp\/v2\/pages\/565","targetHints":{"allow":["GET"]}}],"collection":[{"href":"https:\/\/agora.xtec.cat\/inslariera\/wp-json\/wp\/v2\/pages"}],"about":[{"href":"https:\/\/agora.xtec.cat\/inslariera\/wp-json\/wp\/v2\/types\/page"}],"author":[{"embeddable":true,"href":"https:\/\/agora.xtec.cat\/inslariera\/wp-json\/wp\/v2\/users\/1"}],"replies":[{"embeddable":true,"href":"https:\/\/agora.xtec.cat\/inslariera\/wp-json\/wp\/v2\/comments?post=565"}],"version-history":[{"count":3,"href":"https:\/\/agora.xtec.cat\/inslariera\/wp-json\/wp\/v2\/pages\/565\/revisions"}],"predecessor-version":[{"id":2482,"href":"https:\/\/agora.xtec.cat\/inslariera\/wp-json\/wp\/v2\/pages\/565\/revisions\/2482"}],"wp:attachment":[{"href":"https:\/\/agora.xtec.cat\/inslariera\/wp-json\/wp\/v2\/media?parent=565"}],"curies":[{"name":"wp","href":"https:\/\/api.w.org\/{rel}","templated":true}]}}