{"id":55,"date":"2024-09-01T16:59:49","date_gmt":"2024-09-01T14:59:49","guid":{"rendered":"http:\/\/agora.xtec.cat\/inslariera\/?page_id=55"},"modified":"2026-02-10T12:51:01","modified_gmt":"2026-02-10T11:51:01","slug":"horaris","status":"publish","type":"page","link":"https:\/\/agora.xtec.cat\/inslariera\/linstitut\/horaris\/","title":{"rendered":"Horaris"},"content":{"rendered":"<p>L&#8217;<strong>horari marc de l&#8217;institut \u00e9s de 8.00 a 14.40 h<\/strong><\/p>\n<p><strong>Horari general d\u2019atenci\u00f3 al p\u00fablic<\/strong><\/p>\n<p>L\u2019<strong>horari d\u2019atenci\u00f3 al p\u00fablic de l&#8217;equip directiu i de gesti\u00f3<\/strong> \u00e9s el seg\u00fcent:<\/p>\n<ul>\n<li><strong>Direcci\u00f3<\/strong> (Montse Alsina):\n<ul>\n<li>Dimecres de 8 a 12 h i de 15.30 a 16.30 h<\/li>\n<li>Dijous de 12 a 14 h<\/li>\n<\/ul>\n<\/li>\n<li><strong>Cap d\u2019Estudis <\/strong>(Flors Llard\u00e9n):\n<ul>\n<li>Dilluns de 10.20 h a 11.20 h<\/li>\n<\/ul>\n<\/li>\n<li><strong>Coordinadora Pedag\u00f2gica <\/strong>(Anna P\u00e9rez):\n<ul>\n<li>Dimarts de 10.20 h a 11.20 h<\/li>\n<\/ul>\n<\/li>\n<li><strong>Secretari <\/strong>(Joan Carles Garay):\n<ul>\n<li>Divendres de 9 a 10 h<\/li>\n<\/ul>\n<\/li>\n<li><strong>Coordinadora 1r i 2n d&#8217;ESO<\/strong> (Andrea Romero)\n<ul>\n<li>Dilluns de 10.20 a 11.20 h<\/li>\n<\/ul>\n<\/li>\n<li><strong>Coordinadora 3 i 4t d&#8217;ESO<\/strong> (Anna P\u00e9rez)\n<ul>\n<li>Dimarts de 10.20 a 11.20 h<\/li>\n<\/ul>\n<\/li>\n<li><strong>Coordinador batxillerat<\/strong> (Carlos Sedano)\n<ul>\n<li>Dimecres de 10.20 a 11.20 h<\/li>\n<\/ul>\n<\/li>\n<\/ul>\n<p>Tamb\u00e9 es podr\u00e0 atendre les fam\u00edlies fora d\u2019aquest horari, demanant cita pr\u00e8via al tel\u00e8fon 938574313 o b\u00e9 per correu electr\u00f2nic (inslariera<span class=\"\">@xtec.cat<\/span>)<\/p>\n<p><strong>Horari d&#8217;atenci\u00f3 de secretaria <\/strong>(Ana Sanquirgo)<\/p>\n<ul>\n<li>Dilluns: d&#8217;11 a 13 h<\/li>\n<li>Dimarts: de 9 a 10.30 h<\/li>\n<li>Dimecres: de 8 a 10 h i de 15 a 16 h<\/li>\n<li>Dijous: de 8 a 10 h i de 15 a 16 h<\/li>\n<li>Divendres: de 9 a 10 h<\/li>\n<\/ul>\n<p>Tamb\u00e9 es podr\u00e0 atendre les fam\u00edlies fora d&#8217;aquest horari, demanant cita pr\u00e8via al tel\u00e8fon 938574313 o b\u00e9 per correu electr\u00f2nic (secretaria@inslariera.cat)<\/p>\n<p><strong>Horari d&#8217;atenci\u00f3 a les fam\u00edlies (tutories)<\/strong><\/p>\n<p><strong>ESO<\/strong><\/p>\n<ul>\n<li><strong>1r ESO A.<\/strong>\u00a0 Marisa Garcia. Dimecres de 10.20 a 11.20 h<\/li>\n<li><strong>1r ESO B.<\/strong>\u00a0 Judit Mi\u00f1\u00f3n. Dilluns de 9 a 10 h<\/li>\n<li><strong>1r ESO A\/B.<\/strong> Eloi Guerrero. Dimecres de 9\u00a0 a 10 h<\/li>\n<li><strong>2n ESO A.<\/strong> Ester Rod\u00f3n. Divendres de 9 a 10 h<\/li>\n<li><strong>2n ESO B.<\/strong> Sara Parlad\u00e9. Dimecres d&#8217;11.20 a 12.20 h<\/li>\n<li><strong>2n ESO A\/B.<\/strong> Carles Roig. Dijous de 9 a 10 h<\/li>\n<li><strong>3r ESO A.<\/strong> Marta Miguel. Dimarts de 9 a 10 h<\/li>\n<li><strong>3r ESO B.<\/strong> Marta Calaf. Dilluns d&#8217;11.20 a 12.20 h<\/li>\n<li><strong>3r ESO A\/B.<\/strong> Rosa Mateo. Divendres de 10.20 a 11.20 h<\/li>\n<li><strong>4t ESO A.<\/strong> Marta Fern\u00e1ndez. Divendres d&#8217;11.20 a 12.20 h<\/li>\n<li><strong>4t ESO B.<\/strong> Pep Beltran. Dijous de 10.20 a 11.20 h<\/li>\n<li><strong>4t ESO A\/B.<\/strong> Pol Bolibar. Dijous d&#8217;11.20 a 12.20 h<\/li>\n<\/ul>\n<p><strong>BATXILLERAT<\/strong><\/p>\n<ul>\n<li><strong>1r batxillerat.<\/strong> Carlos Sedano. Divendres de 12.40 a 13.40 h<\/li>\n<li><strong>2n batxillerat.<\/strong> Jaume Calvo. Dilluns de 10.20 a 11.20 h<\/li>\n<\/ul>\n","protected":false},"excerpt":{"rendered":"<p>L&#8217;horari marc de l&#8217;institut \u00e9s de 8.00 a 14.40 h<br \/>\nHorari general d\u2019atenci\u00f3 al p\u00fablic<br \/>\nL\u2019horari d\u2019atenci\u00f3 al p\u00fablic de l&#8217;equip directiu i de gesti\u00f3 \u00e9s el seg\u00fcent:<\/p>\n<ul>\n<li>Direcci\u00f3 (Montse Alsina):\n<ul>\n<li>Dimecres de 8 a 12 h i de 15.30 a 16.30 h<\/li>\n<li>Dijous de 12 a 14 h<\/li>\n<\/ul>\n<\/li>\n<li>Cap d\u2019Estudis&hellip;  <a href=\"https:\/\/agora.xtec.cat\/inslariera\/linstitut\/horaris\/\" title=\"Read Horaris\">Llegeix m\u00e9s\u00bb<\/a><br \/>\n","protected":false},"author":1,"featured_media":0,"parent":19,"menu_order":80,"comment_status":"closed","ping_status":"closed","template":"page-templates\/side-menu.php","meta":{"_bbp_topic_count":0,"_bbp_reply_count":0,"_bbp_total_topic_count":0,"_bbp_total_reply_count":0,"_bbp_voice_count":0,"_bbp_anonymous_reply_count":0,"_bbp_topic_count_hidden":0,"_bbp_reply_count_hidden":0,"_bbp_forum_subforum_count":0,"footnotes":""},"class_list":["post-55","page","type-page","status-publish","hentry"],"post_mailing_queue_ids":[],"_links":{"self":[{"href":"https:\/\/agora.xtec.cat\/inslariera\/wp-json\/wp\/v2\/pages\/55","targetHints":{"allow":["GET"]}}],"collection":[{"href":"https:\/\/agora.xtec.cat\/inslariera\/wp-json\/wp\/v2\/pages"}],"about":[{"href":"https:\/\/agora.xtec.cat\/inslariera\/wp-json\/wp\/v2\/types\/page"}],"author":[{"embeddable":true,"href":"https:\/\/agora.xtec.cat\/inslariera\/wp-json\/wp\/v2\/users\/1"}],"replies":[{"embeddable":true,"href":"https:\/\/agora.xtec.cat\/inslariera\/wp-json\/wp\/v2\/comments?post=55"}],"version-history":[{"count":6,"href":"https:\/\/agora.xtec.cat\/inslariera\/wp-json\/wp\/v2\/pages\/55\/revisions"}],"predecessor-version":[{"id":2906,"href":"https:\/\/agora.xtec.cat\/inslariera\/wp-json\/wp\/v2\/pages\/55\/revisions\/2906"}],"up":[{"embeddable":true,"href":"https:\/\/agora.xtec.cat\/inslariera\/wp-json\/wp\/v2\/pages\/19"}],"wp:attachment":[{"href":"https:\/\/agora.xtec.cat\/inslariera\/wp-json\/wp\/v2\/media?parent=55"}],"curies":[{"name":"wp","href":"https:\/\/api.w.org\/{rel}","templated":true}]}}