{"id":46,"date":"2024-09-01T16:53:45","date_gmt":"2024-09-01T14:53:45","guid":{"rendered":"http:\/\/agora.xtec.cat\/inslariera\/?page_id=46"},"modified":"2024-11-06T10:44:53","modified_gmt":"2024-11-06T09:44:53","slug":"organigrama","status":"publish","type":"page","link":"https:\/\/agora.xtec.cat\/inslariera\/linstitut\/organigrama\/","title":{"rendered":"Organigrama"},"content":{"rendered":"<p>La nostra estructura actual \u00e9s la seg\u00fcent:<\/p>\n<ul>\n<li>Equip directiu:\n<ul>\n<li>Direcci\u00f3, Cap d&#8217;Estudis, Coordinaci\u00f3 pedag\u00f2gica i Secretaria<\/li>\n<\/ul>\n<\/li>\n<li>Consell de direcci\u00f3<\/li>\n<li>Departaments<\/li>\n<li>Equips docents de 1r, 2n, 3r i 4t d&#8217;ESO i de 1r i 2n de batxillerat<\/li>\n<li>Tutories i cotutories<\/li>\n<li>Consell escolar<\/li>\n<li>C\u00e0rrecs<\/li>\n<\/ul>\n<p><a href=\"https:\/\/agora.xtec.cat\/inslariera\/wp-content\/uploads\/usu1137\/2020\/02\/Untitled-Document.png\"><img loading=\"lazy\" decoding=\"async\" class=\"alignleft wp-image-1472 size-full\" src=\"https:\/\/agora.xtec.cat\/inslariera\/wp-content\/uploads\/usu1137\/2020\/02\/Untitled-Document.png\" alt=\"\" width=\"3361\" height=\"1521\" srcset=\"https:\/\/agora.xtec.cat\/inslariera\/wp-content\/uploads\/usu1137\/2020\/02\/Untitled-Document.png 3361w, https:\/\/agora.xtec.cat\/inslariera\/wp-content\/uploads\/usu1137\/2020\/02\/Untitled-Document-300x136.png 300w, https:\/\/agora.xtec.cat\/inslariera\/wp-content\/uploads\/usu1137\/2020\/02\/Untitled-Document-768x348.png 768w, https:\/\/agora.xtec.cat\/inslariera\/wp-content\/uploads\/usu1137\/2020\/02\/Untitled-Document-1024x463.png 1024w\" sizes=\"auto, (max-width: 3361px) 100vw, 3361px\" \/><\/a><\/p>\n<p>&nbsp;<\/p>\n","protected":false},"excerpt":{"rendered":"<p>La nostra estructura actual \u00e9s la seg\u00fcent:<\/p>\n<ul>\n<li>Equip directiu:\n<ul>\n<li>Direcci\u00f3, Cap d&#8217;Estudis, Coordinaci\u00f3 pedag\u00f2gica i Secretaria<\/li>\n<\/ul>\n<\/li>\n<li>Consell de direcci\u00f3<\/li>\n<li>Departaments<\/li>\n<li>Equips docents de 1r, 2n, 3r i 4t d&#8217;ESO i de 1r i 2n de batxillerat<\/li>\n<li>Tutories i cotutories<\/li>\n<li>Consell escolar<\/li>\n<li>C\u00e0rrecs<\/li>\n<\/ul>\n<p><a href=\"https:\/\/agora.xtec.cat\/inslariera\/wp-content\/uploads\/usu1137\/2020\/02\/Untitled-Document.png\"><\/a><br \/>\n&nbsp;<\/p>\n","protected":false},"author":1,"featured_media":0,"parent":19,"menu_order":50,"comment_status":"closed","ping_status":"closed","template":"page-templates\/side-menu.php","meta":{"_bbp_topic_count":0,"_bbp_reply_count":0,"_bbp_total_topic_count":0,"_bbp_total_reply_count":0,"_bbp_voice_count":0,"_bbp_anonymous_reply_count":0,"_bbp_topic_count_hidden":0,"_bbp_reply_count_hidden":0,"_bbp_forum_subforum_count":0,"footnotes":""},"class_list":["post-46","page","type-page","status-publish","hentry"],"post_mailing_queue_ids":[],"_links":{"self":[{"href":"https:\/\/agora.xtec.cat\/inslariera\/wp-json\/wp\/v2\/pages\/46","targetHints":{"allow":["GET"]}}],"collection":[{"href":"https:\/\/agora.xtec.cat\/inslariera\/wp-json\/wp\/v2\/pages"}],"about":[{"href":"https:\/\/agora.xtec.cat\/inslariera\/wp-json\/wp\/v2\/types\/page"}],"author":[{"embeddable":true,"href":"https:\/\/agora.xtec.cat\/inslariera\/wp-json\/wp\/v2\/users\/1"}],"replies":[{"embeddable":true,"href":"https:\/\/agora.xtec.cat\/inslariera\/wp-json\/wp\/v2\/comments?post=46"}],"version-history":[{"count":4,"href":"https:\/\/agora.xtec.cat\/inslariera\/wp-json\/wp\/v2\/pages\/46\/revisions"}],"predecessor-version":[{"id":2747,"href":"https:\/\/agora.xtec.cat\/inslariera\/wp-json\/wp\/v2\/pages\/46\/revisions\/2747"}],"up":[{"embeddable":true,"href":"https:\/\/agora.xtec.cat\/inslariera\/wp-json\/wp\/v2\/pages\/19"}],"wp:attachment":[{"href":"https:\/\/agora.xtec.cat\/inslariera\/wp-json\/wp\/v2\/media?parent=46"}],"curies":[{"name":"wp","href":"https:\/\/api.w.org\/{rel}","templated":true}]}}