{"id":43,"date":"2024-09-01T16:45:07","date_gmt":"2024-09-01T14:45:07","guid":{"rendered":"http:\/\/agora.xtec.cat\/inslariera\/?page_id=43"},"modified":"2026-02-10T10:34:07","modified_gmt":"2026-02-10T09:34:07","slug":"consell-escolar","status":"publish","type":"page","link":"https:\/\/agora.xtec.cat\/inslariera\/linstitut\/consell-escolar\/","title":{"rendered":"Consell escolar"},"content":{"rendered":"<header class=\"entry-header\">\n<h1 class=\"entry-title\">Consell escolar<\/h1>\n<\/header>\n<div class=\"entry-content\">\n<p>El Consell Escolar \u00e9s l\u2019<strong>\u00f2rgan col\u00b7legiat de participaci\u00f3<\/strong> de la comunitat educativa.<\/p>\n<p>La <strong>composici\u00f3<\/strong> del Consell Escolar de l\u2019Institut La Riera es:<\/p>\n<ul>\n<li>La <strong>directora<\/strong> del centre, Montserrat Alsina, qui n\u2019\u00e9s la presidenta<\/li>\n<li>La c<strong>ap d\u2019estudis<\/strong>,\u00a0Flors Llard\u00e9n.<\/li>\n<li>El <strong>secretari<\/strong> del centre, Joan Carles Garay.<\/li>\n<li><strong>4 representants del sector professorat:<\/strong> Nati Bayarri, Pep Beltran,\u00a0 Marta Calaf i N\u00e8stor Abad.<\/li>\n<li><strong>3 representants del sector fam\u00edlies<\/strong>: Kim Alb\u00f3, N\u00faria Hijazo (AMPA) i Edurne \u00c1lvarez.<\/li>\n<li><strong>1 representant del sector alumnat<\/strong>: Oriol Duarte.<\/li>\n<li><strong>1 representant del sector PAS:<\/strong> Ana Sanquirgo (administrativa)<\/li>\n<li>No tenim assignat el representant de l&#8217;Ajuntament de Badalona<\/li>\n<\/ul>\n<\/div>\n<p>Trobareu m\u00e9s informaci\u00f3 del consell escolar en aquest<a href=\"https:\/\/educacio.gencat.cat\/ca\/arees-actuacio\/centres-serveis-educatius\/centres\/consells-escolars-centres\/index.html\"> enlla\u00e7<\/a><\/p>\n","protected":false},"excerpt":{"rendered":"<p>Consell escolar<\/p>\n<p>El Consell Escolar \u00e9s l\u2019\u00f2rgan col\u00b7legiat de participaci\u00f3 de la comunitat educativa.<br \/>\nLa composici\u00f3 del Consell Escolar de l\u2019Institut La Riera es:<\/p>\n<ul>\n<li>La directora del centre, Montserrat Alsina, qui n\u2019\u00e9s la presidenta<\/li>\n<li>La cap d\u2019estudis,\u00a0Flors Llard\u00e9n.<\/li>\n<li>El secretari del centre, Joan Carles Garay.<\/li>\n<li>4 representants del sector professorat: Nati&hellip;  <a href=\"https:\/\/agora.xtec.cat\/inslariera\/linstitut\/consell-escolar\/\" title=\"Read Consell escolar\">Llegeix m\u00e9s\u00bb<\/a><br \/>\n","protected":false},"author":1,"featured_media":0,"parent":19,"menu_order":40,"comment_status":"closed","ping_status":"closed","template":"page-templates\/side-menu.php","meta":{"_bbp_topic_count":0,"_bbp_reply_count":0,"_bbp_total_topic_count":0,"_bbp_total_reply_count":0,"_bbp_voice_count":0,"_bbp_anonymous_reply_count":0,"_bbp_topic_count_hidden":0,"_bbp_reply_count_hidden":0,"_bbp_forum_subforum_count":0,"footnotes":""},"class_list":["post-43","page","type-page","status-publish","hentry"],"post_mailing_queue_ids":[],"_links":{"self":[{"href":"https:\/\/agora.xtec.cat\/inslariera\/wp-json\/wp\/v2\/pages\/43","targetHints":{"allow":["GET"]}}],"collection":[{"href":"https:\/\/agora.xtec.cat\/inslariera\/wp-json\/wp\/v2\/pages"}],"about":[{"href":"https:\/\/agora.xtec.cat\/inslariera\/wp-json\/wp\/v2\/types\/page"}],"author":[{"embeddable":true,"href":"https:\/\/agora.xtec.cat\/inslariera\/wp-json\/wp\/v2\/users\/1"}],"replies":[{"embeddable":true,"href":"https:\/\/agora.xtec.cat\/inslariera\/wp-json\/wp\/v2\/comments?post=43"}],"version-history":[{"count":5,"href":"https:\/\/agora.xtec.cat\/inslariera\/wp-json\/wp\/v2\/pages\/43\/revisions"}],"predecessor-version":[{"id":2899,"href":"https:\/\/agora.xtec.cat\/inslariera\/wp-json\/wp\/v2\/pages\/43\/revisions\/2899"}],"up":[{"embeddable":true,"href":"https:\/\/agora.xtec.cat\/inslariera\/wp-json\/wp\/v2\/pages\/19"}],"wp:attachment":[{"href":"https:\/\/agora.xtec.cat\/inslariera\/wp-json\/wp\/v2\/media?parent=43"}],"curies":[{"name":"wp","href":"https:\/\/api.w.org\/{rel}","templated":true}]}}