{"id":39,"date":"2024-09-01T16:36:44","date_gmt":"2024-09-01T14:36:44","guid":{"rendered":"http:\/\/agora.xtec.cat\/inslariera\/?page_id=39"},"modified":"2024-11-06T09:51:39","modified_gmt":"2024-11-06T08:51:39","slug":"instal%c2%b7lacions","status":"publish","type":"page","link":"https:\/\/agora.xtec.cat\/inslariera\/linstitut\/instal%c2%b7lacions\/","title":{"rendered":"Instal\u00b7lacions"},"content":{"rendered":"\r\n\t<div class=\"slideshow_container slideshow_container_style-light\" style=\"height: 200px; \" data-slideshow-id=\"31\" data-style-name=\"style-light\" data-style-version=\"2.3.1\" >\r\n\r\n\t\t\t\t\t<div class=\"slideshow_loading_icon\"><\/div>\r\n\t\t\r\n\t\t<div class=\"slideshow_content\" style=\"display: none;\">\r\n\r\n\t\t\t<div class=\"slideshow_view\">\r\n\t\t\t\t<div class=\"slideshow_slide slideshow_slide_image\">\r\n\t\t\t\t\t\t\t\t\t\t\t<img src=\"https:\/\/agora.xtec.cat\/inslariera\/wp-content\/uploads\/usu1137\/2020\/02\/ins-c\u00f2pia.jpg\" alt=\"ins c\u00f2pia\" width=\"1311\" height=\"393\" \/>\r\n\t\t\t\t\t\t\t\t\t\t<div class=\"slideshow_description_box slideshow_transparent\">\r\n\t\t\t\t\t\t<div class=\"slideshow_title\">ins c\u00f2pia<\/div>\t\t\t\t\t\t\t\t\t\t\t<\/div>\r\n\t\t\t\t<\/div>\r\n\r\n\t\t\t\t\t\t<div style=\"clear: both;\"><\/div><\/div><div class=\"slideshow_view\">\r\n\t\t\t\t<div class=\"slideshow_slide slideshow_slide_image\">\r\n\t\t\t\t\t\t\t\t\t\t\t<img src=\"https:\/\/agora.xtec.cat\/inslariera\/wp-content\/uploads\/usu1137\/2020\/02\/aula.jpg\" alt=\"aula\" width=\"1386\" height=\"673\" \/>\r\n\t\t\t\t\t\t\t\t\t\t<div class=\"slideshow_description_box slideshow_transparent\">\r\n\t\t\t\t\t\t<div class=\"slideshow_title\">aula<\/div>\t\t\t\t\t\t\t\t\t\t\t<\/div>\r\n\t\t\t\t<\/div>\r\n\r\n\t\t\t\t\t\t<div style=\"clear: both;\"><\/div><\/div><div class=\"slideshow_view\">\r\n\t\t\t\t<div class=\"slideshow_slide slideshow_slide_image\">\r\n\t\t\t\t\t\t\t\t\t\t\t<img src=\"https:\/\/agora.xtec.cat\/inslariera\/wp-content\/uploads\/usu1137\/2019\/02\/730387e4-72ef-4b08-8615-e92b8df30119.jpg\" alt=\"Pavell\u00f3 Esportiu de Casagemes\" width=\"1600\" height=\"1200\" \/>\r\n\t\t\t\t\t\t\t\t\t\t<div class=\"slideshow_description_box slideshow_transparent\">\r\n\t\t\t\t\t\t<div class=\"slideshow_title\">Pavell\u00f3 Esportiu de Casagemes<\/div>\t\t\t\t\t\t<div class=\"slideshow_description\">L&#039;activitat d&#039;educaci\u00f3 f\u00edsica es realitza al Pavell\u00f3 Municipal de Casagemes<\/div>\t\t\t\t\t<\/div>\r\n\t\t\t\t<\/div>\r\n\r\n\t\t\t\t\t\t<div style=\"clear: both;\"><\/div><\/div><div class=\"slideshow_view\">\r\n\t\t\t\t<div class=\"slideshow_slide slideshow_slide_image\">\r\n\t\t\t\t\t\t\t\t\t\t\t<img src=\"https:\/\/agora.xtec.cat\/inslariera\/wp-content\/uploads\/usu1137\/2019\/02\/863db55c-f5ed-4388-aaeb-b5d7148d6228-1.jpg\" alt=\"M\u00f2duls\" width=\"1600\" height=\"900\" \/>\r\n\t\t\t\t\t\t\t\t\t\t<div class=\"slideshow_description_box slideshow_transparent\">\r\n\t\t\t\t\t\t<div class=\"slideshow_title\">M\u00f2duls<\/div>\t\t\t\t\t\t\t\t\t\t\t<\/div>\r\n\t\t\t\t<\/div>\r\n\r\n\t\t\t\t\t\t<div style=\"clear: both;\"><\/div><\/div>\r\n\t\t<\/div>\r\n\r\n\t\t<div class=\"slideshow_controlPanel slideshow_transparent\" style=\"display: none;\"><ul><li class=\"slideshow_togglePlay\" data-play-text=\"Visualitza\" data-pause-text=\"Pausa\"><\/li><\/ul><\/div>\r\n\r\n\t\t<div class=\"slideshow_button slideshow_previous slideshow_transparent\" role=\"button\" data-previous-text=\"Anterior\" style=\"display: none;\"><\/div>\r\n\t\t<div class=\"slideshow_button slideshow_next slideshow_transparent\" role=\"button\" data-next-text=\"Seg\u00fcent\" style=\"display: none;\"><\/div>\r\n\r\n\t\t<div class=\"slideshow_pagination\" style=\"display: none;\" data-go-to-text=\"V\u00e9s a la diapositiva\"><div class=\"slideshow_pagination_center\"><\/div><\/div>\r\n\r\n\t\t<!-- WordPress Slideshow Version 2.3.1 -->\r\n\r\n\t\t\t<\/div>\r\n\r\n\n<p><span style=\"font-family: inherit; font-size: 1em;\"><strong>ESO<\/strong>\u00a0Estem ubicats en uns m\u00f2duls dins el parc de Can Solei i Ca l&#8217;Arn\u00fas. Comptem amb:<\/span><\/p>\n<ul>\n<li style=\"list-style-type: none;\">\n<ul>\n<li>Aules grup-classe<\/li>\n<li>Aules desdoblament<\/li>\n<li>Taller de tecnologia<\/li>\n<li>Laboratori<\/li>\n<li>Aula de m\u00fasica \/ Visual i pl\u00e0stica<\/li>\n<li>Biblioteca<\/li>\n<li>Despatx d&#8217;orientaci\u00f3<\/li>\n<li>Aules de tutories individuals<\/li>\n<\/ul>\n<\/li>\n<\/ul>\n<p>L&#8217;educaci\u00f3 f\u00edsica es realitza al Poliesportiu de Casagemes i a la pista esportiva de l&#8217;associaci\u00f3 Iris-Sol-Casagemes<\/p>\n<p><strong>BATXILLERAT. <\/strong>Provisionalment est\u00e0 ubicat al Centre Cultural El Carme a l&#8217;espera de l&#8217;adequaci\u00f3 dels baixos de l&#8217;edifici Jumberca.<\/p>\n","protected":false},"excerpt":{"rendered":"<p>\t\t\t\t\t\tins c\u00f2pia\t\t\t\t\t\t\t\t\t\t\t<\/p>\n<p>\t\t\t\t\t\taula\t\t\t\t\t\t\t\t\t\t\t<\/p>\n<p>\t\t\t\t\t\tPavell\u00f3 Esportiu de Casagemes\t\t\t\t\t\tL&#039;activitat d&#039;educaci\u00f3 f\u00edsica es realitza al Pavell\u00f3 Municipal de Casagemes\t\t\t\t\t<\/p>\n<p>\t\t\t\t\t\tM\u00f2duls\t\t\t\t\t\t\t\t\t\t\t<\/p>\n<ul>\n<li class=\"slideshow_togglePlay\" data-play-text=\"Visualitza\" data-pause-text=\"Pausa\"><\/li>\n<\/ul>\n<p>ESO\u00a0Estem ubicats en uns m\u00f2duls dins el parc de Can Solei i Ca l&#8217;Arn\u00fas. Comptem amb:<\/p>\n<ul>\n<li style=\"list-style-type: none;\">\n<ul>\n<li>Aules grup-classe<\/li>\n<li>Aules desdoblament<\/li>\n<li>Taller de tecnologia<\/li>\n<li>Laboratori<\/li>\n<li>Aula de m\u00fasica \/ Visual i pl\u00e0stica<\/li>\n<li>Biblioteca<\/li>\n<li>Despatx d&#8217;orientaci\u00f3<\/li>\n<li>Aules&hellip;  <a href=\"https:\/\/agora.xtec.cat\/inslariera\/linstitut\/instal%c2%b7lacions\/\" title=\"Read Instal\u00b7lacions\">Llegeix m\u00e9s\u00bb<\/a><br \/>\n","protected":false},"author":1,"featured_media":0,"parent":19,"menu_order":30,"comment_status":"closed","ping_status":"closed","template":"page-templates\/side-menu.php","meta":{"_bbp_topic_count":0,"_bbp_reply_count":0,"_bbp_total_topic_count":0,"_bbp_total_reply_count":0,"_bbp_voice_count":0,"_bbp_anonymous_reply_count":0,"_bbp_topic_count_hidden":0,"_bbp_reply_count_hidden":0,"_bbp_forum_subforum_count":0,"footnotes":""},"class_list":["post-39","page","type-page","status-publish","hentry"],"post_mailing_queue_ids":[],"_links":{"self":[{"href":"https:\/\/agora.xtec.cat\/inslariera\/wp-json\/wp\/v2\/pages\/39","targetHints":{"allow":["GET"]}}],"collection":[{"href":"https:\/\/agora.xtec.cat\/inslariera\/wp-json\/wp\/v2\/pages"}],"about":[{"href":"https:\/\/agora.xtec.cat\/inslariera\/wp-json\/wp\/v2\/types\/page"}],"author":[{"embeddable":true,"href":"https:\/\/agora.xtec.cat\/inslariera\/wp-json\/wp\/v2\/users\/1"}],"replies":[{"embeddable":true,"href":"https:\/\/agora.xtec.cat\/inslariera\/wp-json\/wp\/v2\/comments?post=39"}],"version-history":[{"count":5,"href":"https:\/\/agora.xtec.cat\/inslariera\/wp-json\/wp\/v2\/pages\/39\/revisions"}],"predecessor-version":[{"id":2744,"href":"https:\/\/agora.xtec.cat\/inslariera\/wp-json\/wp\/v2\/pages\/39\/revisions\/2744"}],"up":[{"embeddable":true,"href":"https:\/\/agora.xtec.cat\/inslariera\/wp-json\/wp\/v2\/pages\/19"}],"wp:attachment":[{"href":"https:\/\/agora.xtec.cat\/inslariera\/wp-json\/wp\/v2\/media?parent=39"}],"curies":[{"name":"wp","href":"https:\/\/api.w.org\/{rel}","templated":true}]}}