{"id":2904,"date":"2026-02-13T12:59:37","date_gmt":"2026-02-13T11:59:37","guid":{"rendered":"https:\/\/agora.xtec.cat\/inslariera\/?page_id=2904"},"modified":"2026-02-13T12:59:37","modified_gmt":"2026-02-13T11:59:37","slug":"programa-faig","status":"publish","type":"page","link":"https:\/\/agora.xtec.cat\/inslariera\/projectes-del-centre\/programa-faig\/","title":{"rendered":"Programa FAIG"},"content":{"rendered":"<p>El <strong>Programa Experimental FAIG. Fer per aprendre, imaginant globalment <\/strong>\u00e9s un programa experimental de suport a la innovaci\u00f3 del Departament d\u2019Educaci\u00f3 de Catalunya impulsat pel Centre de Recursos Pedag\u00f2gics Espec\u00edfics de Suport a la Innovaci\u00f3 i a la Recerca Educativa (CESIRE).<\/p>\n<p>Els centres FAIG reben acompanyament, formaci\u00f3 pedag\u00f2gica, capacitaci\u00f3 tecnol\u00f2gica i una dotaci\u00f3 d\u2019equipament de fabricaci\u00f3 digital per impulsar la millora de les pr\u00e0ctiques d\u2019ensenyament-aprenentatge en el marc dels projectes ABP.<\/p>\n<p><strong>Els tres eixos d&#8217;innovaci\u00f3 del programa FAIG s\u00f3n<\/strong>.<\/p>\n<ul>\n<li>Aprenentatge per projectes<\/li>\n<li>Actitud <em>maker<\/em> i fabricaci\u00f3 digital<\/li>\n<li>Desafiaments i reptes socials<\/li>\n<\/ul>\n<p>El prop\u00f2sit del programa \u00e9s <strong>que tot l\u2019alumnat aprengui profundament i amb sentit<\/strong>, a trav\u00e9s de projectes ABP d\u2019alta qualitat i rigor pedag\u00f2gic que connectin amb problemes socials rellevants i integrin el proc\u00e9s creatiu <em>maker<\/em> amb impacte a la comunitat.<\/p>\n<p><strong>Podeu trobar m\u00e9s informaci\u00f3 clicant al seg\u00fcent\u00a0<a href=\"https:\/\/xtec.gencat.cat\/ca\/innovacio\/suport-a-la-innovacio\/programa-experimental-faig\/\" target=\"_blank\" rel=\"noopener\" data-saferedirecturl=\"https:\/\/www.google.com\/url?q=https:\/\/xtec.gencat.cat\/ca\/innovacio\/suport-a-la-innovacio\/programa-experimental-faig\/&amp;source=gmail&amp;ust=1771069260325000&amp;usg=AOvVaw17wVghWhKZ1VOpF8HHraDF\">enlla\u00e7<\/a><\/strong>.<\/p>\n","protected":false},"excerpt":{"rendered":"<p>El Programa Experimental FAIG. Fer per aprendre, imaginant globalment \u00e9s un programa experimental de suport a la innovaci\u00f3 del Departament d\u2019Educaci\u00f3 de Catalunya impulsat pel Centre de Recursos Pedag\u00f2gics Espec\u00edfics de Suport a la Innovaci\u00f3 i a la Recerca Educativa (CESIRE).<br \/>\nEls centres FAIG reben acompanyament,&hellip;  <a href=\"https:\/\/agora.xtec.cat\/inslariera\/projectes-del-centre\/programa-faig\/\" title=\"Read Programa FAIG\">Llegeix m\u00e9s\u00bb<\/a><\/p>\n","protected":false},"author":7,"featured_media":0,"parent":731,"menu_order":0,"comment_status":"closed","ping_status":"closed","template":"","meta":{"_bbp_topic_count":0,"_bbp_reply_count":0,"_bbp_total_topic_count":0,"_bbp_total_reply_count":0,"_bbp_voice_count":0,"_bbp_anonymous_reply_count":0,"_bbp_topic_count_hidden":0,"_bbp_reply_count_hidden":0,"_bbp_forum_subforum_count":0,"footnotes":""},"class_list":["post-2904","page","type-page","status-publish","hentry"],"post_mailing_queue_ids":[],"_links":{"self":[{"href":"https:\/\/agora.xtec.cat\/inslariera\/wp-json\/wp\/v2\/pages\/2904","targetHints":{"allow":["GET"]}}],"collection":[{"href":"https:\/\/agora.xtec.cat\/inslariera\/wp-json\/wp\/v2\/pages"}],"about":[{"href":"https:\/\/agora.xtec.cat\/inslariera\/wp-json\/wp\/v2\/types\/page"}],"author":[{"embeddable":true,"href":"https:\/\/agora.xtec.cat\/inslariera\/wp-json\/wp\/v2\/users\/7"}],"replies":[{"embeddable":true,"href":"https:\/\/agora.xtec.cat\/inslariera\/wp-json\/wp\/v2\/comments?post=2904"}],"version-history":[{"count":2,"href":"https:\/\/agora.xtec.cat\/inslariera\/wp-json\/wp\/v2\/pages\/2904\/revisions"}],"predecessor-version":[{"id":2916,"href":"https:\/\/agora.xtec.cat\/inslariera\/wp-json\/wp\/v2\/pages\/2904\/revisions\/2916"}],"up":[{"embeddable":true,"href":"https:\/\/agora.xtec.cat\/inslariera\/wp-json\/wp\/v2\/pages\/731"}],"wp:attachment":[{"href":"https:\/\/agora.xtec.cat\/inslariera\/wp-json\/wp\/v2\/media?parent=2904"}],"curies":[{"name":"wp","href":"https:\/\/api.w.org\/{rel}","templated":true}]}}