{"id":2739,"date":"2024-11-06T14:55:37","date_gmt":"2024-11-06T13:55:37","guid":{"rendered":"https:\/\/agora.xtec.cat\/inslariera\/?page_id=2739"},"modified":"2024-11-10T21:08:49","modified_gmt":"2024-11-10T20:08:49","slug":"master-universitari-de-formacio-del-professorat-mufps","status":"publish","type":"page","link":"https:\/\/agora.xtec.cat\/inslariera\/projectes-del-centre\/master-universitari-de-formacio-del-professorat-mufps\/","title":{"rendered":"M\u00e0ster Universitari de Formaci\u00f3 del Professorat (MUFPS)"},"content":{"rendered":"<p>L&#8217;institut La Riera participa en el Programa d\u2019innovaci\u00f3 pedag\u00f2gica de <strong><a href=\"https:\/\/espai.educacio.gencat.cat\/Centres\/Innovacio-pedagogica\/Programes\/Centres-formadors-MUFPS\/Pagines\/default.aspx\" target=\"_blank\" rel=\"noopener\">Pr\u00e0ctiques del M\u00e0ster Universitari de Formaci\u00f3 del Professorat d\u2019educaci\u00f3 secund\u00e0ria obligat\u00f2ria i batxillerat, Formaci\u00f3 professional i Ensenyament d\u2019idiomes\u00a0(MUFPS)<\/a><\/strong>, impulsat per la\u00a0 Direcci\u00f3 General d\u2019Innovaci\u00f3, Digitalitzaci\u00f3, Curr\u00edculum i Lleng\u00fces.<\/p>\n<p>Aquest programa t\u00e9 com a finalitat millorar i avan\u00e7ar en el model de pr\u00e0ctiques dels estudiants universitaris amb la implicaci\u00f3 directa de la universitat i del centre formador.<\/p>\n<p>Els <strong>objectius<\/strong> del programa s\u00f3n els seg\u00fcents:<\/p>\n<ul>\n<li>Assignar valor\u00a0als centres formadors com a institucions clau en la formaci\u00f3 inicial de la funci\u00f3 docent.<\/li>\n<li>Professionalitzar i recon\u00e8ixer la tasca d\u2019acompanyament dels mentors de centre i dels tutors\u00a0de les universitats.<\/li>\n<li>Incorporar l\u2019estudiant universitari al centre formador com a agent actiu\u00a0que col\u00b7labora en el desenvolupament del projecte educatiu de centre, alhora que es retroalimenta per millorar el desenvolupament professional i personal.<\/li>\n<li>Promoure la col\u00b7laboraci\u00f3 en projectes de recerca i de transformaci\u00f3 educativa\u00a0entre les universitats i els centres formadors.<\/li>\n<\/ul>\n<p><a href=\"https:\/\/agora.xtec.cat\/inslariera\/portada\/rebuda-estudiants-del-master-del-professorat-mufps\/\">Rebuda de l&#8217;alumnat<\/a><\/p>\n","protected":false},"excerpt":{"rendered":"<p>L&#8217;institut La Riera participa en el Programa d\u2019innovaci\u00f3 pedag\u00f2gica de <a href=\"https:\/\/espai.educacio.gencat.cat\/Centres\/Innovacio-pedagogica\/Programes\/Centres-formadors-MUFPS\/Pagines\/default.aspx\" target=\"_blank\" rel=\"noopener\">Pr\u00e0ctiques del M\u00e0ster Universitari de Formaci\u00f3 del Professorat d\u2019educaci\u00f3 secund\u00e0ria obligat\u00f2ria i batxillerat, Formaci\u00f3 professional i Ensenyament d\u2019idiomes\u00a0(MUFPS)<\/a>, impulsat per la\u00a0 Direcci\u00f3 General d\u2019Innovaci\u00f3, Digitalitzaci\u00f3, Curr\u00edculum i Lleng\u00fces.<br \/>\nAquest programa t\u00e9 com a&hellip;  <a href=\"https:\/\/agora.xtec.cat\/inslariera\/projectes-del-centre\/master-universitari-de-formacio-del-professorat-mufps\/\" title=\"Read M\u00e0ster Universitari de Formaci\u00f3 del Professorat (MUFPS)\">Llegeix m\u00e9s\u00bb<\/a><\/p>\n","protected":false},"author":7,"featured_media":0,"parent":731,"menu_order":0,"comment_status":"closed","ping_status":"closed","template":"","meta":{"_bbp_topic_count":0,"_bbp_reply_count":0,"_bbp_total_topic_count":0,"_bbp_total_reply_count":0,"_bbp_voice_count":0,"_bbp_anonymous_reply_count":0,"_bbp_topic_count_hidden":0,"_bbp_reply_count_hidden":0,"_bbp_forum_subforum_count":0,"footnotes":""},"class_list":["post-2739","page","type-page","status-publish","hentry"],"post_mailing_queue_ids":[],"_links":{"self":[{"href":"https:\/\/agora.xtec.cat\/inslariera\/wp-json\/wp\/v2\/pages\/2739","targetHints":{"allow":["GET"]}}],"collection":[{"href":"https:\/\/agora.xtec.cat\/inslariera\/wp-json\/wp\/v2\/pages"}],"about":[{"href":"https:\/\/agora.xtec.cat\/inslariera\/wp-json\/wp\/v2\/types\/page"}],"author":[{"embeddable":true,"href":"https:\/\/agora.xtec.cat\/inslariera\/wp-json\/wp\/v2\/users\/7"}],"replies":[{"embeddable":true,"href":"https:\/\/agora.xtec.cat\/inslariera\/wp-json\/wp\/v2\/comments?post=2739"}],"version-history":[{"count":3,"href":"https:\/\/agora.xtec.cat\/inslariera\/wp-json\/wp\/v2\/pages\/2739\/revisions"}],"predecessor-version":[{"id":2771,"href":"https:\/\/agora.xtec.cat\/inslariera\/wp-json\/wp\/v2\/pages\/2739\/revisions\/2771"}],"up":[{"embeddable":true,"href":"https:\/\/agora.xtec.cat\/inslariera\/wp-json\/wp\/v2\/pages\/731"}],"wp:attachment":[{"href":"https:\/\/agora.xtec.cat\/inslariera\/wp-json\/wp\/v2\/media?parent=2739"}],"curies":[{"name":"wp","href":"https:\/\/api.w.org\/{rel}","templated":true}]}}