{"id":2433,"date":"2022-06-19T22:13:25","date_gmt":"2022-06-19T20:13:25","guid":{"rendered":"https:\/\/agora.xtec.cat\/inslariera\/?page_id=2433"},"modified":"2022-07-12T09:21:46","modified_gmt":"2022-07-12T07:21:46","slug":"comissions","status":"publish","type":"page","link":"https:\/\/agora.xtec.cat\/inslariera\/ampa\/comissions\/","title":{"rendered":"Comissions"},"content":{"rendered":"<p><span style=\"font-weight: 400;\">Per tal de promoure la participaci\u00f3 de les fam\u00edlies en la gesti\u00f3 del centre, us convidem que formeu part de l&#8217;AMPA a trav\u00e9s de les comissions.<\/span><\/p>\n<p>&nbsp;<\/p>\n<h4>Comissions de l&#8217;AMPA<\/h4>\n<h6><\/h6>\n<h6>Comissi\u00f3 d&#8217;obres<\/h6>\n<p><span style=\"font-weight: 400;\">Fa un control i seguiment de les obres de rehabilitaci\u00f3 de l&#8217;antiga escola Lola Anglada que es convertir\u00e0 en el nou Institut La Riera, aix\u00ed com del local de Can Jumberca que es convertir\u00e0 en espai provisional pel Batxillerat. Col\u00b7labora amb les administracions per impulsar el projecte. Treballa conjuntament amb la PILA (Plataforma Institut Lola Anglada).<\/span><\/p>\n<p>&nbsp;<\/p>\n<h6>Comissi\u00f3 de festes<\/h6>\n<p><span style=\"font-weight: 400;\">Col\u00b7labora amb l&#8217;Institut en l&#8217;organitzaci\u00f3 de festes com Carnestoltes, Nadal&#8230; Hi aporta material i menjar, i gestiona concursos o sortejos amb regals.<\/span><\/p>\n<p>&nbsp;<\/p>\n<h6>Comissi\u00f3 de biblioteca<\/h6>\n<p><span style=\"font-weight: 400;\">Vetlla per completar i dotar a la Biblioteca de l&#8217;Institut de llibres, revistes, cat\u00e0legs&#8230; d&#8217;inter\u00e8s per a l&#8217;alumnat de manera que disposin d&#8217;un ampli ventall de material.<\/span><\/p>\n<p>&nbsp;<\/p>\n<h6>Comissi\u00f3 d&#8217;extraescolars<\/h6>\n<p><span style=\"font-weight: 400;\">Fa el seguiment i proposta d&#8217;activitats extraescolars per a l&#8217;alumnat. En aquests moments hi ha <\/span><b>futbol sala<\/b><span style=\"font-weight: 400;\"> i <\/span><b>aula de refor\u00e7<\/b><span style=\"font-weight: 400;\">.<\/span><\/p>\n<p>&nbsp;<\/p>\n<h6>Comissi\u00f3 de socialitzaci\u00f3<\/h6>\n<p><span style=\"font-weight: 400;\">Gestiona de forma integral el projecte de socialitzaci\u00f3 de l&#8217;Institut, mitjan\u00e7ant el qual l&#8217;alumnat, de les fam\u00edlies s\u00f2cies de l&#8217;AMPA, pot accedir a l&#8217;\u00fas de llibres socialitzats al llarg de tota l&#8217;etapa educativa, amb l&#8217;estalvi de costos i l&#8217;aposta per la sostenibilitat que suposa.<\/span><\/p>\n<p>&nbsp;<\/p>\n<h6>Comissi\u00f3 de xerrades<\/h6>\n<p><span style=\"font-weight: 400;\">Proposa i gestiona xerrades educatives que complementin l&#8217;itinerari acad\u00e8mic de l&#8217;alumnat i ofereixen a les fam\u00edlies un espai d&#8217;aprenentatge i debat.<\/span><\/p>\n<p>&nbsp;<\/p>\n<h6>Comissi\u00f3 de comunicaci\u00f3<\/h6>\n<p><span style=\"font-weight: 400;\">Facilita i millora la comunicaci\u00f3 entre AMPA, fam\u00edlies i institut de manera que la informaci\u00f3 arribi a tothom d&#8217;una forma clara i amb un llenguatge unitari tot utilitzant les plataformes actuals.<\/span><\/p>\n<p>&nbsp;<\/p>\n<h4>Quines accions promou l&#8217;AMPA?<\/h4>\n<ul>\n<li style=\"font-weight: 400;\" aria-level=\"1\"><span style=\"font-weight: 400;\">Ajudem a la direcci\u00f3 del centre a consolidar el projecte educatiu del centre.<\/span><\/li>\n<li style=\"font-weight: 400;\" aria-level=\"1\"><span style=\"font-weight: 400;\">Col\u00b7laborem amb l&#8217;Institut, administracions i organitzacions locals per tal d&#8217;impulsar el projecte del nou Institut La Riera a l&#8217;edifici de l&#8217;antic Lola Anglada.<\/span><\/li>\n<li style=\"font-weight: 400;\" aria-level=\"1\"><span style=\"font-weight: 400;\">Participem en la presa de decisions de l&#8217;escola mitjan\u00e7ant un representant al Consell Escolar.<\/span><\/li>\n<li style=\"font-weight: 400;\" aria-level=\"1\"><span style=\"font-weight: 400;\">Organitzem espais de formaci\u00f3 i reflexi\u00f3 sobre temes que interessen a mares i pares.<\/span><\/li>\n<li style=\"font-weight: 400;\" aria-level=\"1\"><span style=\"font-weight: 400;\">Col\u00b7laborem amb l&#8217;escola amb les seves festes.<\/span><\/li>\n<li style=\"font-weight: 400;\" aria-level=\"1\"><span style=\"font-weight: 400;\">Impulsem la socialitzaci\u00f3 de llibres de text.<\/span><\/li>\n<li style=\"font-weight: 400;\" aria-level=\"1\"><span style=\"font-weight: 400;\">Fem costat les fam\u00edlies organitzant altres activitats com refor\u00e7 escolar.<\/span><\/li>\n<li style=\"font-weight: 400;\" aria-level=\"1\"><span style=\"font-weight: 400;\">Gestionem el cobrament de la quota de l&#8217;AMPA i la quota de socialitzaci\u00f3 de llibres.<\/span><\/li>\n<\/ul>\n<p>&nbsp;<\/p>\n<h6>Quina finalitat t\u00e9 la quota de l&#8217;AMPA?<\/h6>\n<p><span style=\"font-weight: 400;\">L&#8217;aportaci\u00f3 econ\u00f2mica de les fam\u00edlies permet a tot l&#8217;alumnat del centre, gaudir i participar de diverses activitats formatives i l\u00fadiques, com la xocolatada, el dinar solidari&#8230; Aix\u00ed com fer front a les despeses generades, com les assegurances de l&#8217;AMPA i altres que vagin sorgint durant el transcurs del curs.<\/span><\/p>\n<p><span style=\"font-weight: 400;\">A m\u00e9s, com a socis de l&#8217;AMPA, us podeu beneficiar del projecte de socialitzaci\u00f3 dels llibres de lectura. Aquest projecte permet disposar dels llibres de text necessaris durant cada curs, impulsant la seva reutilitzaci\u00f3 i promovent els principis de sostenibilitat i cooperaci\u00f3.<\/span><\/p>\n<p><span style=\"font-weight: 400;\">Gr\u00e0cies per la vostra col\u00b7laboraci\u00f3.<\/span><\/p>\n","protected":false},"excerpt":{"rendered":"<p>Per tal de promoure la participaci\u00f3 de les fam\u00edlies en la gesti\u00f3 del centre, us convidem que formeu part de l&#8217;AMPA a trav\u00e9s de les comissions.<br \/>\n&nbsp;<br \/>\nComissions de l&#8217;AMPA<\/p>\n<p>Comissi\u00f3 d&#8217;obres<br \/>\nFa un control i seguiment de les obres de rehabilitaci\u00f3 de l&#8217;antiga escola Lola Anglada que es&hellip;  <a href=\"https:\/\/agora.xtec.cat\/inslariera\/ampa\/comissions\/\" title=\"Read Comissions\">Llegeix m\u00e9s\u00bb<\/a><\/p>\n","protected":false},"author":1,"featured_media":0,"parent":565,"menu_order":1,"comment_status":"closed","ping_status":"closed","template":"","meta":{"_bbp_topic_count":0,"_bbp_reply_count":0,"_bbp_total_topic_count":0,"_bbp_total_reply_count":0,"_bbp_voice_count":0,"_bbp_anonymous_reply_count":0,"_bbp_topic_count_hidden":0,"_bbp_reply_count_hidden":0,"_bbp_forum_subforum_count":0,"footnotes":""},"class_list":["post-2433","page","type-page","status-publish","hentry"],"post_mailing_queue_ids":[],"_links":{"self":[{"href":"https:\/\/agora.xtec.cat\/inslariera\/wp-json\/wp\/v2\/pages\/2433","targetHints":{"allow":["GET"]}}],"collection":[{"href":"https:\/\/agora.xtec.cat\/inslariera\/wp-json\/wp\/v2\/pages"}],"about":[{"href":"https:\/\/agora.xtec.cat\/inslariera\/wp-json\/wp\/v2\/types\/page"}],"author":[{"embeddable":true,"href":"https:\/\/agora.xtec.cat\/inslariera\/wp-json\/wp\/v2\/users\/1"}],"replies":[{"embeddable":true,"href":"https:\/\/agora.xtec.cat\/inslariera\/wp-json\/wp\/v2\/comments?post=2433"}],"version-history":[{"count":3,"href":"https:\/\/agora.xtec.cat\/inslariera\/wp-json\/wp\/v2\/pages\/2433\/revisions"}],"predecessor-version":[{"id":2476,"href":"https:\/\/agora.xtec.cat\/inslariera\/wp-json\/wp\/v2\/pages\/2433\/revisions\/2476"}],"up":[{"embeddable":true,"href":"https:\/\/agora.xtec.cat\/inslariera\/wp-json\/wp\/v2\/pages\/565"}],"wp:attachment":[{"href":"https:\/\/agora.xtec.cat\/inslariera\/wp-json\/wp\/v2\/media?parent=2433"}],"curies":[{"name":"wp","href":"https:\/\/api.w.org\/{rel}","templated":true}]}}