{"id":1993,"date":"2024-11-08T16:02:22","date_gmt":"2024-11-08T15:02:22","guid":{"rendered":"https:\/\/agora.xtec.cat\/inslariera\/?page_id=1993"},"modified":"2026-02-10T11:13:31","modified_gmt":"2026-02-10T10:13:31","slug":"recuperacio-materies","status":"publish","type":"page","link":"https:\/\/agora.xtec.cat\/inslariera\/alumnat\/recuperacio-materies\/","title":{"rendered":"Recuperaci\u00f3 mat\u00e8ries ESO"},"content":{"rendered":"<p>Aqu\u00ed podeu consultar la informaci\u00f3 de com recuperar les mat\u00e8ries que tingueu suspeses de cursos anteriors i tamb\u00e9 les dates de recuperaci\u00f3, que seran durant la setmana del 19 al 23 de gener de 2026.<\/p>\n<p>SETMANA DE RECUPERACI\u00d3 DE MAT\u00c8RIES PENDENTS DE CURSOS ANTERIORS. (CURS 2025-26)<\/p>\n<table style=\"border-collapse: collapse; width: 71.7412%;\">\n<tbody>\n<tr>\n<td style=\"width: 12.7176%; text-align: center;\"><strong>Dilluns\u00a0 19<\/strong><\/td>\n<td style=\"width: 12.4983%; text-align: center;\"><strong>Dimarts\u00a0 20<\/strong><\/td>\n<td style=\"width: 14.8802%; text-align: center;\"><strong>Dimecres\u00a0 21<\/strong><\/td>\n<td style=\"width: 14.0228%; text-align: center;\"><strong>Dijous\u00a0 22<\/strong><\/td>\n<td style=\"width: 15.6057%; text-align: center;\"><strong>Divendres\u00a0 23<\/strong><\/td>\n<\/tr>\n<tr>\n<td style=\"width: 12.7176%;\">\n<p style=\"text-align: center;\">\n<\/td>\n<td style=\"width: 12.4983%; text-align: center;\"><\/td>\n<td style=\"width: 14.8802%;\">\n<p style=\"text-align: center;\">\n<\/td>\n<td style=\"width: 14.0228%;\"><\/td>\n<td style=\"width: 15.6057%;\"><\/td>\n<\/tr>\n<\/tbody>\n<\/table>\n<table style=\"width: 72.0484%; height: 613px;\">\n<tbody>\n<tr style=\"height: 39px;\">\n<td style=\"width: 14.5987%; height: 39px; text-align: left;\">MAT\u00c8RIES<\/td>\n<td style=\"width: 15.091%; text-align: center; height: 39px;\">1r ESO<\/td>\n<td style=\"width: 16.399%; text-align: center; height: 39px;\">2n ESO<\/td>\n<td style=\"width: 17.3726%; text-align: center; height: 39px;\">3r ESO<\/td>\n<td style=\"width: 17.4169%; text-align: center;\">4t d&#8217;ESO<\/td>\n<\/tr>\n<tr style=\"height: 39px;\">\n<td style=\"width: 14.5987%; height: 39px;\">Llengua catalana<\/td>\n<td style=\"width: 15.091%; text-align: center; height: 39px;\">Recuperaci\u00f3<\/td>\n<td style=\"width: 16.399%; text-align: center; height: 39px;\">Recuperaci\u00f3<\/td>\n<td style=\"width: 17.3726%; text-align: center; height: 39px;\">Recuperaci\u00f3<\/td>\n<td style=\"width: 17.4169%; text-align: center;\"><\/td>\n<\/tr>\n<tr style=\"height: 39px;\">\n<td style=\"width: 14.5987%; height: 39px;\">Llengua castellana<\/td>\n<td style=\"width: 15.091%; text-align: center; height: 39px;\">Recuperaci\u00f3<\/td>\n<td style=\"width: 16.399%; text-align: center; height: 39px;\">Recuperaci\u00f3<\/td>\n<td style=\"width: 17.3726%; text-align: center; height: 39px;\">Recuperaci\u00f3<\/td>\n<td style=\"width: 17.4169%; text-align: center;\"><\/td>\n<\/tr>\n<tr style=\"height: 10px;\">\n<td style=\"width: 14.5987%; height: 10px;\">Llengua anglesa<\/td>\n<td style=\"width: 15.091%; text-align: center; height: 10px;\">Recuperaci\u00f3<\/td>\n<td style=\"width: 16.399%; text-align: center; height: 10px;\">Recuperaci\u00f3<\/td>\n<td style=\"width: 17.3726%; text-align: center; height: 10px;\">Recuperaci\u00f3<\/td>\n<td style=\"width: 17.4169%; text-align: center;\"><\/td>\n<\/tr>\n<tr style=\"height: 39px;\">\n<td style=\"width: 14.5987%; height: 39px;\">Geografia i Hist\u00f2ria<\/td>\n<td style=\"width: 15.091%; text-align: center; height: 39px;\">Recuperaci\u00f3<\/td>\n<td style=\"width: 16.399%; text-align: center; height: 39px;\">Recuperaci\u00f3<\/td>\n<td style=\"width: 17.3726%; text-align: center; height: 39px;\">Recuperaci\u00f3<\/td>\n<td style=\"width: 17.4169%; text-align: center;\"><\/td>\n<\/tr>\n<tr style=\"height: 39px;\">\n<td style=\"width: 14.5987%; height: 39px;\">Biologia i Geologia<\/td>\n<td style=\"width: 15.091%; text-align: center; height: 39px;\">Recuperaci\u00f3<\/td>\n<td style=\"width: 16.399%; text-align: center; height: 39px;\"><\/td>\n<td style=\"width: 17.3726%; text-align: center; height: 39px;\">Recuperaci\u00f3<\/td>\n<td style=\"width: 17.4169%; text-align: center;\"><\/td>\n<\/tr>\n<tr style=\"height: 39px;\">\n<td style=\"width: 14.5987%; height: 39px;\">F\u00edsica i Qu\u00edmica<\/td>\n<td style=\"width: 15.091%; text-align: center; height: 39px;\"><\/td>\n<td style=\"width: 16.399%; text-align: center; height: 39px;\">Recuperaci\u00f3<\/td>\n<td style=\"width: 17.3726%; text-align: center; height: 39px;\">Recuperaci\u00f3<\/td>\n<td style=\"width: 17.4169%; text-align: center;\"><\/td>\n<\/tr>\n<tr style=\"height: 39px;\">\n<td style=\"width: 14.5987%; height: 39px;\">Matem\u00e0tiques<\/td>\n<td style=\"width: 15.091%; text-align: center; height: 39px;\">Recuperaci\u00f3<\/td>\n<td style=\"width: 16.399%; text-align: center; height: 39px;\">Recuperaci\u00f3<\/td>\n<td style=\"width: 17.3726%; text-align: center; height: 39px;\">Recuperaci\u00f3<\/td>\n<td style=\"width: 17.4169%; text-align: center;\"><\/td>\n<\/tr>\n<tr style=\"height: 39px;\">\n<td style=\"width: 14.5987%; height: 39px;\">Educaci\u00f3 f\u00edsica<\/td>\n<td style=\"width: 15.091%; text-align: center; height: 39px;\"><\/td>\n<td style=\"width: 16.399%; text-align: center; height: 39px;\">Recuperaci\u00f3<\/td>\n<td style=\"width: 17.3726%; text-align: center; height: 39px;\"><\/td>\n<td style=\"width: 17.4169%; text-align: center;\"><\/td>\n<\/tr>\n<tr style=\"height: 39px;\">\n<td style=\"width: 14.5987%; height: 39px;\">M\u00fasica<\/td>\n<td style=\"width: 15.091%; text-align: center; height: 39px;\">Recuperaci\u00f3<\/td>\n<td style=\"width: 16.399%; text-align: center; height: 39px;\">Recuperaci\u00f3<\/td>\n<td style=\"width: 17.3726%; text-align: center; height: 39px;\"><\/td>\n<td style=\"width: 17.4169%; text-align: center;\"><\/td>\n<\/tr>\n<tr style=\"height: 39px;\">\n<td style=\"width: 14.5987%; height: 39px;\">Educaci\u00f3 visual i pl\u00e0stica<\/td>\n<td style=\"width: 15.091%; text-align: center; height: 39px;\">Recuperaci\u00f3<\/td>\n<td style=\"width: 16.399%; text-align: center; height: 39px;\"><\/td>\n<td style=\"width: 17.3726%; text-align: center; height: 39px;\">Recuperaci\u00f3<\/td>\n<td style=\"width: 17.4169%; text-align: center;\"><\/td>\n<\/tr>\n<tr style=\"height: 39px;\">\n<td style=\"width: 14.5987%; height: 39px;\">Tecnologia<\/td>\n<td style=\"width: 15.091%; text-align: center; height: 39px;\">Recuperaci\u00f3<\/td>\n<td style=\"width: 16.399%; text-align: center; height: 39px;\">Recuperaci\u00f3<\/td>\n<td style=\"width: 17.3726%; text-align: center; height: 39px;\">Recuperaci\u00f3<\/td>\n<td style=\"width: 17.4169%; text-align: center;\"><\/td>\n<\/tr>\n<tr style=\"height: 39px;\">\n<td style=\"width: 14.5987%; height: 39px;\">Cultura i valors \u00e8tics<\/td>\n<td style=\"width: 15.091%; text-align: center; height: 39px;\"><\/td>\n<td style=\"width: 16.399%; text-align: center; height: 39px;\"><\/td>\n<td style=\"width: 17.3726%; text-align: center; height: 39px;\">Recuperaci\u00f3<\/td>\n<td style=\"width: 17.4169%; text-align: center;\"><\/td>\n<\/tr>\n<tr style=\"height: 39px;\">\n<td style=\"width: 14.5987%; height: 39px;\">Compet\u00e8ncia digital<\/td>\n<td style=\"width: 15.091%; text-align: center; height: 39px;\">Recuperaci\u00f3<\/td>\n<td style=\"width: 16.399%; text-align: center; height: 39px;\">Recuperaci\u00f3<\/td>\n<td style=\"width: 17.3726%; text-align: center; height: 39px;\">Recuperaci\u00f3<\/td>\n<td style=\"width: 17.4169%; text-align: center;\"><\/td>\n<\/tr>\n<tr style=\"height: 39px;\">\n<td style=\"width: 14.5987%; height: 39px;\">Compet\u00e8ncia personal i social<\/td>\n<td style=\"width: 15.091%; text-align: center; height: 39px;\">Recuperaci\u00f3<\/td>\n<td style=\"width: 16.399%; text-align: center; height: 39px;\">Recuperaci\u00f3<\/td>\n<td style=\"width: 17.3726%; text-align: center; height: 39px;\">Recuperaci\u00f3<\/td>\n<td style=\"width: 17.4169%; text-align: center;\"><\/td>\n<\/tr>\n<\/tbody>\n<\/table>\n<p>&nbsp;<\/p>\n","protected":false},"excerpt":{"rendered":"<p>Aqu\u00ed podeu consultar la informaci\u00f3 de com recuperar les mat\u00e8ries que tingueu suspeses de cursos anteriors i tamb\u00e9 les dates de recuperaci\u00f3, que seran durant la setmana del 19 al 23 de gener de 2026.<br \/>\nSETMANA DE RECUPERACI\u00d3 DE MAT\u00c8RIES PENDENTS DE CURSOS ANTERIORS. (CURS 2025-26)<\/p>\n<p>Dilluns\u00a0&hellip;  <a href=\"https:\/\/agora.xtec.cat\/inslariera\/alumnat\/recuperacio-materies\/\" title=\"Read Recuperaci\u00f3 mat\u00e8ries ESO\">Llegeix m\u00e9s\u00bb<\/a><\/p>\n","protected":false},"author":1,"featured_media":0,"parent":874,"menu_order":0,"comment_status":"closed","ping_status":"closed","template":"","meta":{"_bbp_topic_count":0,"_bbp_reply_count":0,"_bbp_total_topic_count":0,"_bbp_total_reply_count":0,"_bbp_voice_count":0,"_bbp_anonymous_reply_count":0,"_bbp_topic_count_hidden":0,"_bbp_reply_count_hidden":0,"_bbp_forum_subforum_count":0,"footnotes":""},"class_list":["post-1993","page","type-page","status-publish","hentry"],"post_mailing_queue_ids":[],"_links":{"self":[{"href":"https:\/\/agora.xtec.cat\/inslariera\/wp-json\/wp\/v2\/pages\/1993","targetHints":{"allow":["GET"]}}],"collection":[{"href":"https:\/\/agora.xtec.cat\/inslariera\/wp-json\/wp\/v2\/pages"}],"about":[{"href":"https:\/\/agora.xtec.cat\/inslariera\/wp-json\/wp\/v2\/types\/page"}],"author":[{"embeddable":true,"href":"https:\/\/agora.xtec.cat\/inslariera\/wp-json\/wp\/v2\/users\/1"}],"replies":[{"embeddable":true,"href":"https:\/\/agora.xtec.cat\/inslariera\/wp-json\/wp\/v2\/comments?post=1993"}],"version-history":[{"count":7,"href":"https:\/\/agora.xtec.cat\/inslariera\/wp-json\/wp\/v2\/pages\/1993\/revisions"}],"predecessor-version":[{"id":2903,"href":"https:\/\/agora.xtec.cat\/inslariera\/wp-json\/wp\/v2\/pages\/1993\/revisions\/2903"}],"up":[{"embeddable":true,"href":"https:\/\/agora.xtec.cat\/inslariera\/wp-json\/wp\/v2\/pages\/874"}],"wp:attachment":[{"href":"https:\/\/agora.xtec.cat\/inslariera\/wp-json\/wp\/v2\/media?parent=1993"}],"curies":[{"name":"wp","href":"https:\/\/api.w.org\/{rel}","templated":true}]}}