{"id":19,"date":"2019-09-17T14:56:56","date_gmt":"2019-09-17T12:56:56","guid":{"rendered":"http:\/\/agora.xtec.cat\/inslariera\/?page_id=19"},"modified":"2020-05-11T07:42:34","modified_gmt":"2020-05-11T05:42:34","slug":"linstitut","status":"publish","type":"page","link":"https:\/\/agora.xtec.cat\/inslariera\/linstitut\/","title":{"rendered":"L&#8217;institut"},"content":{"rendered":"<p style=\"color: #444444;\">L\u2019institut La Riera, comen\u00e7a a funcionar el mes de setembre del 2017 amb el nom de Ca l\u2019Arn\u00fas. \u00c9s un centre p\u00fablic d\u2019Educaci\u00f3 Secund\u00e0ria i Batxillerat del Departament d\u2019Ensenyament.<\/p>\n<p style=\"color: #444444;\">A finals del curs 2017-2018, inicia un proc\u00e9s participatiu per escollir un nom i d\u2019entre les propostes finalistes (Institut Carles Capdevila, Institut Josefina Castellv\u00ed, Institut Carme Guasch, Institut M. Ant\u00f2nia Canals, Institut M. Aur\u00e8lia Capmany, Institut Josep Gual, Institut Maria Niub\u00f3, Institut Bernat Pescaire i Institut Rosa Sensat) guanya el nom de La Riera.<\/p>\n<p style=\"color: #444444;\">L\u2019institut neix a partir de les reivindicacions de la PILA (Plataforma pro Institut Lola Anglada), formada per l\u2019AMPA Lola Anglada, l\u2019AMPA Artur Martorell, AVV Canyad\u00f3 i l\u2019AVV Iris-Sol-Casagemes, amb el recolzament de FAMPAS i altres\u00a0escoles de la ciutat.<\/p>\n<p style=\"color: #444444;\">El mes de desembre del 2016, el Departament d\u2019Ensenyament informa a la\u00a0PILA i als mitjans de comunicaci\u00f3 de la creaci\u00f3 de l\u2019institut Ca l\u2019Arn\u00fas.<\/p>\n<p style=\"color: #444444;\">L\u2019institut s\u2019ubica de manera provisional, durant el curs 2017-2018, dins l\u2019escola Lola Anglada de Badalona i a partir del curs 2018-2019 es trasllada en uns m\u00f2duls ubicats en el terreny que queda al davant de l\u2019escola Lola Anglada dins del parc de Ca l\u2019Arn\u00fas, encara que en un principi la seva ubicaci\u00f3 provisional era el solar de l\u2019antiga f\u00e0brica Jumberca.<\/p>\n<p style=\"color: #444444;\">Est\u00e0 previst que sigui un centre de 3 l\u00ednies d\u2019ESO i 2 de Batxillerat, per\u00f2 en el\u00a0seu inici tindr\u00e0 dos grup-classe per a cada nivell.<\/p>\n","protected":false},"excerpt":{"rendered":"<p>L\u2019institut La Riera, comen\u00e7a a funcionar el mes de setembre del 2017 amb el nom de Ca l\u2019Arn\u00fas. \u00c9s un centre p\u00fablic d\u2019Educaci\u00f3 Secund\u00e0ria i Batxillerat del Departament d\u2019Ensenyament.<br \/>\nA finals del curs 2017-2018, inicia un proc\u00e9s participatiu per escollir un nom i d\u2019entre les propostes&hellip;  <a href=\"https:\/\/agora.xtec.cat\/inslariera\/linstitut\/\" title=\"Read L&#8217;institut\">Llegeix m\u00e9s\u00bb<\/a><\/p>\n","protected":false},"author":1,"featured_media":0,"parent":0,"menu_order":0,"comment_status":"closed","ping_status":"closed","template":"page-templates\/side-menu.php","meta":{"_bbp_topic_count":0,"_bbp_reply_count":0,"_bbp_total_topic_count":0,"_bbp_total_reply_count":0,"_bbp_voice_count":0,"_bbp_anonymous_reply_count":0,"_bbp_topic_count_hidden":0,"_bbp_reply_count_hidden":0,"_bbp_forum_subforum_count":0,"footnotes":""},"class_list":["post-19","page","type-page","status-publish","hentry"],"post_mailing_queue_ids":[],"_links":{"self":[{"href":"https:\/\/agora.xtec.cat\/inslariera\/wp-json\/wp\/v2\/pages\/19","targetHints":{"allow":["GET"]}}],"collection":[{"href":"https:\/\/agora.xtec.cat\/inslariera\/wp-json\/wp\/v2\/pages"}],"about":[{"href":"https:\/\/agora.xtec.cat\/inslariera\/wp-json\/wp\/v2\/types\/page"}],"author":[{"embeddable":true,"href":"https:\/\/agora.xtec.cat\/inslariera\/wp-json\/wp\/v2\/users\/1"}],"replies":[{"embeddable":true,"href":"https:\/\/agora.xtec.cat\/inslariera\/wp-json\/wp\/v2\/comments?post=19"}],"version-history":[{"count":3,"href":"https:\/\/agora.xtec.cat\/inslariera\/wp-json\/wp\/v2\/pages\/19\/revisions"}],"predecessor-version":[{"id":1774,"href":"https:\/\/agora.xtec.cat\/inslariera\/wp-json\/wp\/v2\/pages\/19\/revisions\/1774"}],"wp:attachment":[{"href":"https:\/\/agora.xtec.cat\/inslariera\/wp-json\/wp\/v2\/media?parent=19"}],"curies":[{"name":"wp","href":"https:\/\/api.w.org\/{rel}","templated":true}]}}