{"id":1752,"date":"2024-09-01T20:30:44","date_gmt":"2024-09-01T18:30:44","guid":{"rendered":"https:\/\/agora.xtec.cat\/inslariera\/?page_id=1752"},"modified":"2024-11-06T14:26:31","modified_gmt":"2024-11-06T13:26:31","slug":"carta-de-compromis-educatiu","status":"publish","type":"page","link":"https:\/\/agora.xtec.cat\/inslariera\/documents-de-centre\/carta-de-compromis-educatiu\/","title":{"rendered":"Carta de comprom\u00eds educatiu"},"content":{"rendered":"<p style=\"text-align: center;\"><strong>Comprom\u00eds educatiu de l\u2019institut La Riera\u00a0 amb les fam\u00edlies.<\/strong><\/p>\n<p style=\"text-align: left;\">Les persones sotasignades, Montserrat Alsina Moya, directora de l\u2019institut La Riera, i _____________________________<br \/>\n___________________________________ (mare, pare, tutor\/a)\u00a0de l\u2019alumne\/a _______________________________________ ,<\/p>\n<p>conscients que l\u2019educaci\u00f3 d\u2019infants i joves implica l\u2019acci\u00f3 conjunta de la fam\u00edlia i de l\u2019institut, signem aquesta carta de comprom\u00eds educatiu, la qual comporta els seg\u00fcents <strong>COMPROMISOS<\/strong><\/p>\n<p>&nbsp;<\/p>\n<p><strong><u>Per part del centre<\/u><\/strong><\/p>\n<ol>\n<li>Facilitar una formaci\u00f3 que contribueixi al desenvolupament integral de la personalitat de l\u2019alumne o alumna.<\/li>\n<li>Donar a con\u00e8ixer i vetllar per fer efectius els drets i els deures de l\u2019alumnat en l\u2019\u00e0mbit escolar.<\/li>\n<li>Respectar les conviccions religioses, morals i ideol\u00f2giques de les fam\u00edlies i de l\u2019alumnat en un entorn de di\u00e0leg i conviv\u00e8ncia.<\/li>\n<li>Fomentar l\u2019adquisici\u00f3 de valors lligats al respecte per les persones i per l\u2019entorn natural i social.<\/li>\n<li>Informar la fam\u00edlia i l\u2019alumnat del projecte educatiu i de les normes d\u2019organitzaci\u00f3 i funcionament del centre.<\/li>\n<li>Informar la fam\u00edlia i l\u2019alumnat dels criteris que s\u2019aplicaran per avaluar el rendiment acad\u00e8mic, fer-ne una valoraci\u00f3 objectiva i comunicar a la fam\u00edlia els resultats de les avaluacions.<\/li>\n<li>Adoptar mesures educatives alternatives o complement\u00e0ries adients per atendre les necessitats espec\u00edfiques de l\u2019alumnat i mantenir-ne informada la fam\u00edlia.<\/li>\n<li>Mantenir comunicaci\u00f3 regular amb la fam\u00edlia com a m\u00ednim un cop l\u2019any, per poder compartir aquella informaci\u00f3 que pot ajudar a con\u00e8ixer el desenvolupament acad\u00e8mic i personal del\/de la noi\/a.<\/li>\n<li>Comunicar a la fam\u00edlia les faltes d\u2019assist\u00e8ncia no justificades de l\u2019alumne o alumna al centre, i qualsevol altra circumst\u00e0ncia que sigui rellevant per al desenvolupament acad\u00e8mic i personal<\/li>\n<li>Atendre en un termini raonable dins l\u2019horari establert les peticions d\u2019entrevista o de comunicaci\u00f3 que formuli la fam\u00edlia.<\/li>\n<li>Revisar conjuntament amb la fam\u00edlia el compliment d\u2019aquests compromisos.<\/li>\n<li>Dinamitzar la participaci\u00f3 de les fam\u00edlies com a agents actius del proc\u00e9s educatiu dels seus fills i filles.<\/li>\n<\/ol>\n<p><strong><u>Per part de la fam\u00edlia<\/u><\/strong><\/p>\n<ol>\n<li>Respectar les caracter\u00edstiques pr\u00f2pies del Centre, l\u2019autoritat del professorat i la de l\u2019equip directiu.<\/li>\n<li>Col\u00b7laborar amb el Centre en tot all\u00f2 que fa refer\u00e8ncia a l\u2019aprenentatge del\/de la nostre\/a fill\/a.<\/li>\n<li>Ajudar al\/a la nostre\/a fill\/a a respectar les normes espec\u00edfiques de funcionament del centre, en particular les que afecten la conviv\u00e8ncia escolar i el desenvolupament normal de les classes.<\/li>\n<li>Vetllar per tal que el\/la nostre\/a fill\/a compleixi amb el seu deure b\u00e0sic d\u2019estudi i assist\u00e8ncia regular i puntual a les activitats acad\u00e8miques.<\/li>\n<li>Ajudar el nostre fill o filla a organitzar el temps d\u2019estudi a casa, a fer les tasques encomanades pel professorat, a preparar el material per a l\u2019activitat escolar dins i fora de l\u2019aula.<\/li>\n<li>Vetllar per la salut f\u00edsica (alimentaci\u00f3, descans, higiene i activitat f\u00edsica) i emocional del nostre\/a fill\/a.<\/li>\n<li>Adre\u00e7ar-nos en primer terme al tutor\/a del nostre\/a fill\/a per resoldre els conflictes que puguin sorgir.<\/li>\n<li>Comunicar al centre les informacions del fill o filla que siguin rellevants per al proc\u00e9s d\u2019aprenentatge i per l\u2019organitzaci\u00f3 interna del centre.<\/li>\n<li>Atendre en un termini raonable les peticions d\u2019entrevista o de comunicaci\u00f3 que formuli el centre.<\/li>\n<li>Informar el nostre\/a fill o filla del contingut d\u2019aquesta carta de compromisos.<\/li>\n<li>Revisar conjuntament amb el centre educatiu, si escau, el compliment dels compromisos de la carta.<\/li>\n<li>Retornar degudament signats els documents d\u2019autoritzaci\u00f3, pagaments i altres comunicats dins el termini establert, si s\u2019escau, amb les observacions que considerem<\/li>\n<\/ol>\n<p>I, perqu\u00e8 aix\u00ed consti, signem aquesta carta de comprom\u00eds educatiu<\/p>\n<p>&nbsp;<\/p>\n<p>La Directora \u00a0\u00a0\u00a0\u00a0\u00a0\u00a0\u00a0\u00a0\u00a0\u00a0\u00a0\u00a0\u00a0\u00a0\u00a0\u00a0\u00a0\u00a0\u00a0\u00a0\u00a0\u00a0\u00a0\u00a0\u00a0\u00a0\u00a0\u00a0\u00a0\u00a0\u00a0\u00a0\u00a0\u00a0\u00a0\u00a0\u00a0\u00a0\u00a0\u00a0\u00a0\u00a0\u00a0\u00a0\u00a0\u00a0\u00a0\u00a0\u00a0\u00a0\u00a0\u00a0\u00a0\u00a0\u00a0\u00a0\u00a0\u00a0\u00a0\u00a0\u00a0\u00a0\u00a0\u00a0\u00a0\u00a0\u00a0\u00a0\u00a0\u00a0\u00a0\u00a0 El pare, mare o tutor\/a legal<\/p>\n<p>Signatura \u00a0\u00a0\u00a0\u00a0\u00a0\u00a0\u00a0\u00a0\u00a0\u00a0\u00a0\u00a0\u00a0\u00a0\u00a0\u00a0\u00a0\u00a0\u00a0\u00a0\u00a0\u00a0\u00a0\u00a0\u00a0\u00a0\u00a0\u00a0\u00a0\u00a0\u00a0\u00a0\u00a0\u00a0\u00a0\u00a0\u00a0\u00a0\u00a0\u00a0\u00a0\u00a0\u00a0\u00a0\u00a0\u00a0\u00a0\u00a0\u00a0\u00a0\u00a0\u00a0\u00a0\u00a0\u00a0\u00a0\u00a0\u00a0\u00a0\u00a0\u00a0\u00a0\u00a0\u00a0\u00a0\u00a0\u00a0\u00a0\u00a0\u00a0\u00a0\u00a0\u00a0\u00a0\u00a0\u00a0\u00a0 Signatura<\/p>\n<p>&nbsp;<\/p>\n<p>&nbsp;<\/p>\n","protected":false},"excerpt":{"rendered":"<p>Comprom\u00eds educatiu de l\u2019institut La Riera\u00a0 amb les fam\u00edlies.<br \/>\nLes persones sotasignades, Montserrat Alsina Moya, directora de l\u2019institut La Riera, i _____________________________<br \/>\n___________________________________ (mare, pare, tutor\/a)\u00a0de l\u2019alumne\/a _______________________________________ ,<br \/>\nconscients que l\u2019educaci\u00f3 d\u2019infants i joves implica l\u2019acci\u00f3 conjunta de la fam\u00edlia i de l\u2019institut, signem aquesta carta de&hellip;  <a href=\"https:\/\/agora.xtec.cat\/inslariera\/documents-de-centre\/carta-de-compromis-educatiu\/\" title=\"Read Carta de comprom\u00eds educatiu\">Llegeix m\u00e9s\u00bb<\/a><\/p>\n","protected":false},"author":1,"featured_media":0,"parent":1480,"menu_order":1,"comment_status":"closed","ping_status":"closed","template":"page-templates\/side-menu.php","meta":{"_bbp_topic_count":0,"_bbp_reply_count":0,"_bbp_total_topic_count":0,"_bbp_total_reply_count":0,"_bbp_voice_count":0,"_bbp_anonymous_reply_count":0,"_bbp_topic_count_hidden":0,"_bbp_reply_count_hidden":0,"_bbp_forum_subforum_count":0,"footnotes":""},"class_list":["post-1752","page","type-page","status-publish","hentry"],"post_mailing_queue_ids":[],"_links":{"self":[{"href":"https:\/\/agora.xtec.cat\/inslariera\/wp-json\/wp\/v2\/pages\/1752","targetHints":{"allow":["GET"]}}],"collection":[{"href":"https:\/\/agora.xtec.cat\/inslariera\/wp-json\/wp\/v2\/pages"}],"about":[{"href":"https:\/\/agora.xtec.cat\/inslariera\/wp-json\/wp\/v2\/types\/page"}],"author":[{"embeddable":true,"href":"https:\/\/agora.xtec.cat\/inslariera\/wp-json\/wp\/v2\/users\/1"}],"replies":[{"embeddable":true,"href":"https:\/\/agora.xtec.cat\/inslariera\/wp-json\/wp\/v2\/comments?post=1752"}],"version-history":[{"count":4,"href":"https:\/\/agora.xtec.cat\/inslariera\/wp-json\/wp\/v2\/pages\/1752\/revisions"}],"predecessor-version":[{"id":2759,"href":"https:\/\/agora.xtec.cat\/inslariera\/wp-json\/wp\/v2\/pages\/1752\/revisions\/2759"}],"up":[{"embeddable":true,"href":"https:\/\/agora.xtec.cat\/inslariera\/wp-json\/wp\/v2\/pages\/1480"}],"wp:attachment":[{"href":"https:\/\/agora.xtec.cat\/inslariera\/wp-json\/wp\/v2\/media?parent=1752"}],"curies":[{"name":"wp","href":"https:\/\/api.w.org\/{rel}","templated":true}]}}