{"id":1248,"date":"2025-07-02T12:52:20","date_gmt":"2025-07-02T10:52:20","guid":{"rendered":"http:\/\/agora.xtec.cat\/inslariera\/?page_id=1248"},"modified":"2025-07-03T07:59:32","modified_gmt":"2025-07-03T05:59:32","slug":"optatives","status":"publish","type":"page","link":"https:\/\/agora.xtec.cat\/inslariera\/projectes-del-centre\/optatives\/","title":{"rendered":"Optatives"},"content":{"rendered":"<table style=\"border-collapse: collapse; width: 100%; height: 232px;\" border=\"1\">\n<tbody>\n<tr style=\"height: 31px;\">\n<td style=\"width: 60%; height: 31px;\" colspan=\"3\">\n<h6>Aquest curs hem proposat\u00a0 les seg\u00fcents optatives. Les optatives de 1r d&#8217;ESO s\u00f3n trimestrals i les de 2n i 3r d&#8217;ESO s\u00f3n anuals.<\/h6>\n<h1 style=\"text-align: center;\">OPTATIVES<\/h1>\n<\/td>\n<\/tr>\n<tr style=\"height: 31px;\">\n<td style=\"width: 20%; height: 31px; text-align: center;\">\n<h4><span style=\"color: #3366ff;\"><strong>1r ESO<\/strong><\/span><\/h4>\n<\/td>\n<td style=\"width: 20%; height: 31px; text-align: center;\">\n<h4><span style=\"color: #3366ff;\"><strong>2n ESO<\/strong><\/span><\/h4>\n<\/td>\n<td style=\"width: 20%; height: 31px; text-align: center;\">\n<h4><span style=\"color: #3366ff;\"><strong>3r ESO<\/strong><\/span><\/h4>\n<\/td>\n<\/tr>\n<tr style=\"height: 31px;\">\n<td style=\"width: 20%; height: 31px; text-align: center;\">Angl\u00e8s: Round the world<\/td>\n<td style=\"width: 20%; height: 31px; text-align: center;\">R\u00e0dio<\/td>\n<td style=\"width: 20%; height: 31px; text-align: center;\">\u00a0Emprenedoria<\/td>\n<\/tr>\n<tr style=\"height: 40px;\">\n<td style=\"width: 20%; text-align: center; height: 40px;\">Iniciaci\u00f3 a l&#8217;alemany<\/td>\n<td style=\"width: 20%; text-align: center; height: 40px;\">Alemany<\/td>\n<td style=\"width: 20%; text-align: center; height: 40px;\">Alemany<\/td>\n<\/tr>\n<tr style=\"height: 59px;\">\n<td style=\"width: 20%; text-align: center; height: 59px;\">Hort<\/td>\n<td style=\"width: 20%; text-align: center; height: 59px;\">Rob\u00f2tica i Digitalitzaci\u00f3<\/td>\n<td style=\"width: 20%; text-align: center; height: 59px;\">Cultura cl\u00e0ssica<\/td>\n<\/tr>\n<tr style=\"height: 40px;\">\n<td style=\"width: 20%; text-align: center; height: 40px;\"><\/td>\n<td style=\"width: 20%; text-align: center; height: 40px;\">La banda de la Riera<\/td>\n<td style=\"width: 20%; text-align: center; height: 40px;\">Art<\/td>\n<\/tr>\n<\/tbody>\n<\/table>\n","protected":false},"excerpt":{"rendered":"<p>Aquest curs hem proposat\u00a0 les seg\u00fcents optatives. Les optatives de 1r d&#8217;ESO s\u00f3n trimestrals i les de 2n i 3r d&#8217;ESO s\u00f3n anuals.<br \/>\nOPTATIVES<\/p>\n<p>1r ESO<\/p>\n<p>2n ESO<\/p>\n<p>3r ESO<\/p>\n<p>Angl\u00e8s: Round the world<br \/>\nR\u00e0dio<br \/>\n\u00a0Emprenedoria<\/p>\n<p>Iniciaci\u00f3 a l&#8217;alemany<br \/>\nAlemany<br \/>\nAlemany<\/p>\n<p>Hort<br \/>\nRob\u00f2tica i Digitalitzaci\u00f3<br \/>\nCultura cl\u00e0ssica<\/p>\n<p>La banda de la Riera<br \/>\nArt<\/p>\n","protected":false},"author":1,"featured_media":0,"parent":731,"menu_order":0,"comment_status":"closed","ping_status":"closed","template":"","meta":{"_bbp_topic_count":0,"_bbp_reply_count":0,"_bbp_total_topic_count":0,"_bbp_total_reply_count":0,"_bbp_voice_count":0,"_bbp_anonymous_reply_count":0,"_bbp_topic_count_hidden":0,"_bbp_reply_count_hidden":0,"_bbp_forum_subforum_count":0,"footnotes":""},"class_list":["post-1248","page","type-page","status-publish","hentry"],"post_mailing_queue_ids":[],"_links":{"self":[{"href":"https:\/\/agora.xtec.cat\/inslariera\/wp-json\/wp\/v2\/pages\/1248","targetHints":{"allow":["GET"]}}],"collection":[{"href":"https:\/\/agora.xtec.cat\/inslariera\/wp-json\/wp\/v2\/pages"}],"about":[{"href":"https:\/\/agora.xtec.cat\/inslariera\/wp-json\/wp\/v2\/types\/page"}],"author":[{"embeddable":true,"href":"https:\/\/agora.xtec.cat\/inslariera\/wp-json\/wp\/v2\/users\/1"}],"replies":[{"embeddable":true,"href":"https:\/\/agora.xtec.cat\/inslariera\/wp-json\/wp\/v2\/comments?post=1248"}],"version-history":[{"count":6,"href":"https:\/\/agora.xtec.cat\/inslariera\/wp-json\/wp\/v2\/pages\/1248\/revisions"}],"predecessor-version":[{"id":2838,"href":"https:\/\/agora.xtec.cat\/inslariera\/wp-json\/wp\/v2\/pages\/1248\/revisions\/2838"}],"up":[{"embeddable":true,"href":"https:\/\/agora.xtec.cat\/inslariera\/wp-json\/wp\/v2\/pages\/731"}],"wp:attachment":[{"href":"https:\/\/agora.xtec.cat\/inslariera\/wp-json\/wp\/v2\/media?parent=1248"}],"curies":[{"name":"wp","href":"https:\/\/api.w.org\/{rel}","templated":true}]}}