{"id":77,"date":"2014-09-18T10:29:25","date_gmt":"2014-09-18T09:29:25","guid":{"rendered":"http:\/\/agora.xtec.cat\/inslarboc\/?page_id=77"},"modified":"2019-03-27T13:56:06","modified_gmt":"2019-03-27T12:56:06","slug":"transport-escolar","status":"publish","type":"page","link":"https:\/\/agora.xtec.cat\/inslarboc\/secretaria\/transport-escolar\/","title":{"rendered":"Transport escolar"},"content":{"rendered":"<div align=\"center\">\n<div align=\"center\">\n<p><span style=\"font-family: Arial, Helvetica, sans-serif; font-size: x-large;\"><b><span style=\"color: #000080;\">Institut de l&#8217;Arbo\u00e7<\/span><span style=\"color: #000080; font-size: large;\"><br \/>\n<\/span><\/b><\/span><span style=\"font-family: Arial, Helvetica, sans-serif; font-size: large;\"><b><span style=\"color: #000080;\">TRANSPORT ESCOLAR &#8211; CURS ACAD\u00c8MIC 2019-2020<\/span><\/b><\/span><\/p>\n<p><span style=\"font-family: Arial, Helvetica, sans-serif; font-size: large;\"><b><span style=\"color: #000080;\">Informaci\u00f3 facilitada pel Consell Comarcal del Baix Pened\u00e8s i dirigida a les fam\u00edlies dels alumnes que requereixen de transport escolar<\/span><\/b><\/span><\/p>\n<\/div>\n<p align=\"left\"><span style=\"font-family: Arial, Helvetica, sans-serif; font-size: large;\">Com cada any, des del Consell Comarcal del Baix Pened\u00e8s, comencen a programar el proper curs escolar 2019-2020, i \u00e9s per aquest motiu que us trametem la seg\u00fcent documentaci\u00f3 sobre la sol\u00b7licitud del transport escolar:<\/span><\/p>\n<\/div>\n<ul>\n<li>\n<div align=\"left\"><span style=\"font-family: Arial, Helvetica, sans-serif; font-size: large;\">MODEL Sol\u00b7licitud Transport (<a href=\"https:\/\/agora.xtec.cat\/inslarboc\/wp-content\/uploads\/usu1712\/2019\/03\/MODEL_12-Sol\u00b7licitud_Transport_Escolar-2019-20.odt\" target=\"_blank\" rel=\"noopener noreferrer\">format ODT<\/a> &#8211; <a href=\"https:\/\/agora.xtec.cat\/inslarboc\/wp-content\/uploads\/usu1712\/2019\/03\/MODEL_12-Sol\u00b7licitud_Transport_Escolar-2019-20.pdf\" target=\"_blank\" rel=\"noopener noreferrer\">format PDF<\/a>).<\/span><\/div>\n<\/li>\n<li>\n<div align=\"left\"><span style=\"font-family: Arial, Helvetica, sans-serif; font-size: large;\">Carta informativa per a les fam\u00edlies (<a href=\"https:\/\/agora.xtec.cat\/inslarboc\/wp-content\/uploads\/usu1712\/2019\/03\/Info_families_MODEL_24-Protocol_per_la_recollida_de_les_sol\u00b7licituds_de_Transport.pdf\" target=\"_blank\" rel=\"noopener noreferrer\">format PDF<\/a>).<\/span><\/div>\n<\/li>\n<\/ul>\n<div align=\"center\">\n<p align=\"left\"><span style=\"font-family: Arial, Helvetica, sans-serif; font-size: large;\">TRAMITACI\u00d3 I TERMINI DE LES SOL\u00b7LICITUDS<\/span><\/p>\n<p align=\"left\"><span style=\"font-family: Arial, Helvetica, sans-serif; font-size: large;\">Les dates per presentar les sol\u00b7licituds del Servei de Transport Escolar, curs 2019-20, s\u00f3n:<br \/>\n<\/span><\/p>\n<\/div>\n<ul>\n<li>\n<div align=\"left\"><span style=\"font-family: Arial, Helvetica, sans-serif; font-size: large;\">Del <strong>2 al 10 de maig de 2019<\/strong>, als centres escolars respectius.<\/span><\/div>\n<\/li>\n<li>\n<div align=\"left\"><span style=\"font-family: Arial, Helvetica, sans-serif; font-size: large;\">Del <strong>2 al 24 de maig de 2019<\/strong>, al Consell Comarcal del Baix Pened\u00e8s, Oficina de Registre i Informaci\u00f3 (pl. del Centre, 5, del Vendrell).<\/span><\/div>\n<\/li>\n<\/ul>\n<h6 style=\"text-align: justify;\" align=\"center\"><strong>Cal fer la tramitaci\u00f3 cada curs escolar, sempre que es vulgui utilitzar el Servei de Transport Escolar. En cas que no es faci, no es podr\u00e0 fer \u00fas del servei. El fet d\u2019haver-lo utilitzat el curs anterior, no d\u00f3na cap dret a tornar-lo a utilitzar.<\/strong><\/h6>\n<div align=\"center\"><\/div>\n<div style=\"text-align: justify;\" align=\"center\">\n<p align=\"left\"><span style=\"font-family: Arial, Helvetica, sans-serif; font-size: large;\">Consell Comarcal del Baix Pened\u00e8s<br \/>\ne mail: <a href=\"mailto:educa@baixpenedes.cat\" target=\"_blank\" rel=\"noopener noreferrer\">educa@baixpenedes.cat<\/a><br \/>\nTelf: 977668 999 &#8211; 977 664 557<\/span><\/p>\n<\/div>\n","protected":false},"excerpt":{"rendered":"<p>Institut de l&#8217;Arbo\u00e7<br \/>\nTRANSPORT ESCOLAR &#8211; CURS ACAD\u00c8MIC 2019-2020<br \/>\nInformaci\u00f3 facilitada pel Consell Comarcal del Baix Pened\u00e8s i dirigida a les fam\u00edlies dels alumnes que requereixen de transport escolar<\/p>\n<p>Com cada any, des del Consell Comarcal del Baix Pened\u00e8s, comencen a programar el proper curs escolar 2019-2020, i&hellip;  <a href=\"https:\/\/agora.xtec.cat\/inslarboc\/secretaria\/transport-escolar\/\" title=\"Read Transport escolar\">Llegeix m\u00e9s\u00bb<\/a><\/p>\n","protected":false},"author":1,"featured_media":0,"parent":81,"menu_order":50,"comment_status":"closed","ping_status":"closed","template":"","meta":{"_bbp_topic_count":0,"_bbp_reply_count":0,"_bbp_total_topic_count":0,"_bbp_total_reply_count":0,"_bbp_voice_count":0,"_bbp_anonymous_reply_count":0,"_bbp_topic_count_hidden":0,"_bbp_reply_count_hidden":0,"_bbp_forum_subforum_count":0,"footnotes":""},"class_list":["post-77","page","type-page","status-publish","hentry"],"post_mailing_queue_ids":[],"_links":{"self":[{"href":"https:\/\/agora.xtec.cat\/inslarboc\/wp-json\/wp\/v2\/pages\/77","targetHints":{"allow":["GET"]}}],"collection":[{"href":"https:\/\/agora.xtec.cat\/inslarboc\/wp-json\/wp\/v2\/pages"}],"about":[{"href":"https:\/\/agora.xtec.cat\/inslarboc\/wp-json\/wp\/v2\/types\/page"}],"author":[{"embeddable":true,"href":"https:\/\/agora.xtec.cat\/inslarboc\/wp-json\/wp\/v2\/users\/1"}],"replies":[{"embeddable":true,"href":"https:\/\/agora.xtec.cat\/inslarboc\/wp-json\/wp\/v2\/comments?post=77"}],"version-history":[{"count":3,"href":"https:\/\/agora.xtec.cat\/inslarboc\/wp-json\/wp\/v2\/pages\/77\/revisions"}],"predecessor-version":[{"id":2172,"href":"https:\/\/agora.xtec.cat\/inslarboc\/wp-json\/wp\/v2\/pages\/77\/revisions\/2172"}],"up":[{"embeddable":true,"href":"https:\/\/agora.xtec.cat\/inslarboc\/wp-json\/wp\/v2\/pages\/81"}],"wp:attachment":[{"href":"https:\/\/agora.xtec.cat\/inslarboc\/wp-json\/wp\/v2\/media?parent=77"}],"curies":[{"name":"wp","href":"https:\/\/api.w.org\/{rel}","templated":true}]}}