{"id":646,"date":"2017-12-30T22:47:27","date_gmt":"2017-12-30T21:47:27","guid":{"rendered":"http:\/\/agora.xtec.cat\/inslarboc\/?page_id=646"},"modified":"2018-10-11T08:30:54","modified_gmt":"2018-10-11T06:30:54","slug":"pla-daccio-tutorial","status":"publish","type":"page","link":"https:\/\/agora.xtec.cat\/inslarboc\/projecte-educatiu\/pla-daccio-tutorial\/","title":{"rendered":"Pla d&#8217;acci\u00f3 tutorial"},"content":{"rendered":"<p>El pla d&#8217;acci\u00f3 tutorial (PAT) \u00e9s el document on es recullen les intervencions que els\/les tutors\/es i el professorat del centre realitza respecte de la tutoria.<\/p>\n<p>Pla d&#8217;Acci\u00f3 Tutorial (PAT) actualitzat (<a href=\"http:\/\/www.xtec.cat\/~rpujol1\/PAT\/PAT_INS_de_l_Arboc-Juliol_2018.zip\" target=\"_blank\" rel=\"noopener\">acc\u00e9s<\/a>).<\/p>\n<p style=\"text-align: center;\"><iframe loading=\"lazy\" style=\"border: 1px solid #CCC; border-width: 1px; margin-bottom: 5px; max-width: 100%;\" src=\"\/\/www.slideshare.net\/slideshow\/embed_code\/key\/6xgBHl6vSz92bW\" width=\"668\" height=\"714\" frameborder=\"0\" marginwidth=\"0\" marginheight=\"0\" scrolling=\"no\" allowfullscreen=\"allowfullscreen\"> <\/iframe><\/p>\n","protected":false},"excerpt":{"rendered":"<p>El pla d&#8217;acci\u00f3 tutorial (PAT) \u00e9s el document on es recullen les intervencions que els\/les tutors\/es i el professorat del centre realitza respecte de la tutoria.<br \/>\nPla d&#8217;Acci\u00f3 Tutorial (PAT) actualitzat (<a href=\"http:\/\/www.xtec.cat\/~rpujol1\/PAT\/PAT_INS_de_l_Arboc-Juliol_2018.zip\" target=\"_blank\" rel=\"noopener\">acc\u00e9s<\/a>).<\/p>\n","protected":false},"author":1,"featured_media":0,"parent":57,"menu_order":50,"comment_status":"closed","ping_status":"closed","template":"page-templates\/side-menu.php","meta":{"_bbp_topic_count":0,"_bbp_reply_count":0,"_bbp_total_topic_count":0,"_bbp_total_reply_count":0,"_bbp_voice_count":0,"_bbp_anonymous_reply_count":0,"_bbp_topic_count_hidden":0,"_bbp_reply_count_hidden":0,"_bbp_forum_subforum_count":0,"footnotes":""},"class_list":["post-646","page","type-page","status-publish","hentry"],"post_mailing_queue_ids":[],"_links":{"self":[{"href":"https:\/\/agora.xtec.cat\/inslarboc\/wp-json\/wp\/v2\/pages\/646","targetHints":{"allow":["GET"]}}],"collection":[{"href":"https:\/\/agora.xtec.cat\/inslarboc\/wp-json\/wp\/v2\/pages"}],"about":[{"href":"https:\/\/agora.xtec.cat\/inslarboc\/wp-json\/wp\/v2\/types\/page"}],"author":[{"embeddable":true,"href":"https:\/\/agora.xtec.cat\/inslarboc\/wp-json\/wp\/v2\/users\/1"}],"replies":[{"embeddable":true,"href":"https:\/\/agora.xtec.cat\/inslarboc\/wp-json\/wp\/v2\/comments?post=646"}],"version-history":[{"count":3,"href":"https:\/\/agora.xtec.cat\/inslarboc\/wp-json\/wp\/v2\/pages\/646\/revisions"}],"predecessor-version":[{"id":1533,"href":"https:\/\/agora.xtec.cat\/inslarboc\/wp-json\/wp\/v2\/pages\/646\/revisions\/1533"}],"up":[{"embeddable":true,"href":"https:\/\/agora.xtec.cat\/inslarboc\/wp-json\/wp\/v2\/pages\/57"}],"wp:attachment":[{"href":"https:\/\/agora.xtec.cat\/inslarboc\/wp-json\/wp\/v2\/media?parent=646"}],"curies":[{"name":"wp","href":"https:\/\/api.w.org\/{rel}","templated":true}]}}