{"id":586,"date":"2017-12-29T12:43:11","date_gmt":"2017-12-29T11:43:11","guid":{"rendered":"http:\/\/agora.xtec.cat\/inslarboc\/?page_id=586"},"modified":"2025-09-15T16:50:31","modified_gmt":"2025-09-15T14:50:31","slug":"biblioteca","status":"publish","type":"page","link":"https:\/\/agora.xtec.cat\/inslarboc\/projecte-educatiu\/biblioteca\/","title":{"rendered":"Biblioteca escolar i impuls de la lectura"},"content":{"rendered":"<table style=\"width: 100%; height: 253px;\">\n<tbody>\n<tr style=\"height: 253px;\">\n<td style=\"height: 253px;\"><a href=\"https:\/\/agora.xtec.cat\/inslarboc\/wp-content\/uploads\/usu1712\/2021\/09\/Som_biblioteca_escolar_activa-1.jpg\"><img loading=\"lazy\" decoding=\"async\" class=\"aligncenter size-full wp-image-7259\" src=\"https:\/\/agora.xtec.cat\/inslarboc\/wp-content\/uploads\/usu1712\/2021\/09\/Som_biblioteca_escolar_activa-1.jpg\" alt=\"\" width=\"500\" height=\"500\" srcset=\"https:\/\/agora.xtec.cat\/inslarboc\/wp-content\/uploads\/usu1712\/2021\/09\/Som_biblioteca_escolar_activa-1.jpg 500w, https:\/\/agora.xtec.cat\/inslarboc\/wp-content\/uploads\/usu1712\/2021\/09\/Som_biblioteca_escolar_activa-1-300x300.jpg 300w, https:\/\/agora.xtec.cat\/inslarboc\/wp-content\/uploads\/usu1712\/2021\/09\/Som_biblioteca_escolar_activa-1-150x150.jpg 150w\" sizes=\"auto, (max-width: 500px) 100vw, 500px\" \/><\/a><\/td>\n<td style=\"height: 253px;\"><a href=\"http:\/\/agora.xtec.cat\/inslarboc\/wp-content\/uploads\/usu1712\/2018\/01\/LOGO-BIBLIOTECA-color_1.png\"><img loading=\"lazy\" decoding=\"async\" class=\"alignnone size-full wp-image-839\" src=\"http:\/\/agora.xtec.cat\/inslarboc\/wp-content\/uploads\/usu1712\/2018\/01\/LOGO-BIBLIOTECA-color_1.png\" alt=\"\" width=\"960\" height=\"198\" srcset=\"https:\/\/agora.xtec.cat\/inslarboc\/wp-content\/uploads\/usu1712\/2018\/01\/LOGO-BIBLIOTECA-color_1.png 960w, https:\/\/agora.xtec.cat\/inslarboc\/wp-content\/uploads\/usu1712\/2018\/01\/LOGO-BIBLIOTECA-color_1-300x62.png 300w, https:\/\/agora.xtec.cat\/inslarboc\/wp-content\/uploads\/usu1712\/2018\/01\/LOGO-BIBLIOTECA-color_1-768x158.png 768w\" sizes=\"auto, (max-width: 960px) 100vw, 960px\" \/><\/a><\/td>\n<\/tr>\n<\/tbody>\n<\/table>\n<h2 style=\"text-align: center;\"><a href=\"https:\/\/projectes.xtec.cat\/bescat\/\" target=\"_blank\" rel=\"noopener\"><img loading=\"lazy\" decoding=\"async\" class=\"aligncenter wp-image-10318 size-full\" src=\"https:\/\/agora.xtec.cat\/inslarboc\/wp-content\/uploads\/usu1712\/2023\/06\/BESCAT.edu2_.png\" alt=\"\" width=\"500\" height=\"500\" srcset=\"https:\/\/agora.xtec.cat\/inslarboc\/wp-content\/uploads\/usu1712\/2023\/06\/BESCAT.edu2_.png 500w, https:\/\/agora.xtec.cat\/inslarboc\/wp-content\/uploads\/usu1712\/2023\/06\/BESCAT.edu2_-300x300.png 300w, https:\/\/agora.xtec.cat\/inslarboc\/wp-content\/uploads\/usu1712\/2023\/06\/BESCAT.edu2_-150x150.png 150w\" sizes=\"auto, (max-width: 500px) 100vw, 500px\" \/><\/a><strong>Biblioteca de l&#8217;Institut de l&#8217;Arbo\u00e7<br \/>\n<\/strong><\/h2>\n<p style=\"text-align: justify;\">La biblioteca escolar de l&#8217;Institut de l&#8217;Arbo\u00e7 sempre ha estat una biblioteca amb molta vida, molt activa, on es realitzaven xerrades, el pr\u00e9stec del nostre fons de biblioteca era tot un cl\u00e0ssic, sempre ha estat oberta i disponible a les hores d\u2019esbarjo per a realitzar consultes i com espai d\u2019estudi, les taules tem\u00e0tiques, etc.<\/p>\n<p style=\"text-align: justify;\">Degut a aquesta circumst\u00e0ncia pand\u00e8mica que ens ha tocat viure amb la COVID19 hem hagut de transformar aquest espai, el de la nostra biblioteca, en una aula. Tot i aix\u00f2 es va decidir que la biblioteca havia de continuar present en el dia a dia del nostre centre, i aix\u00ed ha estat. S\u2019ha treballat a l\u2019aula tota aquesta din\u00e0mica que es realitzava a la biblioteca del centre i \u00e9s per aquest motiu que se\u2019ns ha atorgat el <strong>distintiu #biblioactivacovid<\/strong>.<\/p>\n<p style=\"text-align: justify;\">Continuem treballant per a fomentar en el nostre alumnat la lectura i l\u2019h\u00e0bit lector des de diferents \u00e0rees d&#8217;aprenentatges i sempre des de l\u2019equitat.<\/p>\n<table style=\"border-collapse: collapse; width: 100%;\">\n<tbody>\n<tr>\n<td style=\"width: 50%; text-align: center;\"><a href=\"https:\/\/agora.xtec.cat\/inslarboc\/wp-content\/uploads\/usu1712\/2021\/09\/BesCAT-L4-PNG.png\"><img loading=\"lazy\" decoding=\"async\" class=\"aligncenter size-full wp-image-7263\" src=\"https:\/\/agora.xtec.cat\/inslarboc\/wp-content\/uploads\/usu1712\/2021\/09\/BesCAT-L4-PNG.png\" alt=\"\" width=\"500\" height=\"500\" srcset=\"https:\/\/agora.xtec.cat\/inslarboc\/wp-content\/uploads\/usu1712\/2021\/09\/BesCAT-L4-PNG.png 500w, https:\/\/agora.xtec.cat\/inslarboc\/wp-content\/uploads\/usu1712\/2021\/09\/BesCAT-L4-PNG-300x300.png 300w, https:\/\/agora.xtec.cat\/inslarboc\/wp-content\/uploads\/usu1712\/2021\/09\/BesCAT-L4-PNG-150x150.png 150w\" sizes=\"auto, (max-width: 500px) 100vw, 500px\" \/><\/a><\/td>\n<td style=\"width: 50%; text-align: center;\"><a href=\"https:\/\/agora.xtec.cat\/inslarboc\/wp-content\/uploads\/usu1712\/2021\/09\/BesCAT-L2-PNG.png\"><img loading=\"lazy\" decoding=\"async\" class=\"aligncenter size-full wp-image-7264\" src=\"https:\/\/agora.xtec.cat\/inslarboc\/wp-content\/uploads\/usu1712\/2021\/09\/BesCAT-L2-PNG.png\" alt=\"\" width=\"500\" height=\"500\" srcset=\"https:\/\/agora.xtec.cat\/inslarboc\/wp-content\/uploads\/usu1712\/2021\/09\/BesCAT-L2-PNG.png 500w, https:\/\/agora.xtec.cat\/inslarboc\/wp-content\/uploads\/usu1712\/2021\/09\/BesCAT-L2-PNG-300x300.png 300w, https:\/\/agora.xtec.cat\/inslarboc\/wp-content\/uploads\/usu1712\/2021\/09\/BesCAT-L2-PNG-150x150.png 150w\" sizes=\"auto, (max-width: 500px) 100vw, 500px\" \/><\/a><\/td>\n<\/tr>\n<\/tbody>\n<\/table>\n<h5 style=\"text-align: left;\"><span style=\"color: #000000;\">1. Novetats, not\u00edcies i activitats (<\/span><a href=\"http:\/\/agora.xtec.cat\/inslarboc\/categoria\/biblioteca\/\" target=\"_blank\" rel=\"noopener noreferrer\">acc\u00e9s<\/a><span style=\"color: #000000;\">).<\/span><\/h5>\n<h5><span style=\"color: #000000;\">2. Pla d&#8217;obertura de la biblioteca (<\/span><a href=\"https:\/\/agora.xtec.cat\/inslarboc\/wp-content\/uploads\/usu1712\/2021\/09\/Pla_obetura_biblioteca_2021-22.pdf\" target=\"_blank\" rel=\"noopener noreferrer\">acc\u00e9s<\/a><span style=\"color: #000000;\">).<\/span><\/h5>\n<h5 style=\"text-align: left;\"><span style=\"color: #000000;\">3. Reglament de la biblioteca (<\/span><a href=\"https:\/\/agora.xtec.cat\/inslarboc\/wp-content\/uploads\/usu1712\/2021\/09\/Reglament_biblioteca_2021-22.pdf\" target=\"_blank\" rel=\"noopener noreferrer\">acc\u00e9s<\/a><span style=\"color: #000000;\">).<\/span><\/h5>\n<h5><span style=\"color: #000000;\">4. Consultes online (<\/span><a href=\"https:\/\/aplicacions.gestioeducativa.gencat.cat\/epergam\/web\/biblioteca.jsp?codi=43007580\" target=\"_blank\" rel=\"noopener noreferrer\">acc\u00e9s<\/a><span style=\"color: #000000;\">).<\/span><\/h5>\n<table>\n<tbody>\n<tr>\n<td><a href=\"http:\/\/xtec.gencat.cat\/ca\/projectes\/biblioteca\/epergam\/\" target=\"_blank\" rel=\"noopener noreferrer\"><img loading=\"lazy\" decoding=\"async\" class=\"size-full wp-image-842 aligncenter\" src=\"http:\/\/agora.xtec.cat\/inslarboc\/wp-content\/uploads\/usu1712\/2018\/01\/epergam4.gif\" alt=\"\" width=\"406\" height=\"138\" \/><\/a><\/td>\n<td style=\"text-align: justify;\">El cat\u00e0leg de la biblioteca est\u00e0 informatitzat i \u00e9s accessible per Internet, a trav\u00e9s del programa eP\u00e8rgam. L&#8217;eP\u00e8rgam \u00e9s l&#8217;aplicaci\u00f3 de gesti\u00f3 de les biblioteques escolars que ofereix el Departament d&#8217;Ensenyament. \u00c9s una aplicaci\u00f3 en l\u00ednia i es caracteritza per:<\/p>\n<ul>\n<li>Aprofitar els avantatges de la xarxa per fer la catalogaci\u00f3.<\/li>\n<li>Permetre la consulta en l\u00ednia dels cat\u00e0legs de les biblioteques escolars.<\/li>\n<li>Disposar de funcionalitats per incentivar l&#8217;\u00fas de la biblioteca per part de la comunitat escolar.<\/li>\n<li>Facilitar el manteniment t\u00e8cnic de les dades bibliogr\u00e0fiques i d&#8217;usuaris.<\/li>\n<\/ul>\n<\/td>\n<\/tr>\n<\/tbody>\n<\/table>\n<h2 style=\"text-align: center;\"><strong>Impuls de la lectura<\/strong><\/h2>\n<p>El Departament d&#8217;Educaci\u00f3 i Formaci\u00f3 Professional participa, a trav\u00e9s del <a href=\"http:\/\/xtec.gencat.cat\/ca\/projectes\/lectura\/impulslectura\/\" target=\"_blank\" rel=\"noopener noreferrer\">pla d&#8217;impuls de la lectura<\/a>, en el Pla Nacional de Lectura presentat pel Govern de la Generalitat establint com a objectiu estrat\u00e8gic la millora de l&#8217;\u00e8xit escolar de tot l&#8217;alumnat. <strong>I ho fa potenciant la lectura sistem\u00e0tica en totes les \u00e0rees i mat\u00e8ries del curr\u00edculum al llarg de tota l&#8217;escolaritat b\u00e0sica<\/strong> per augmentar la compet\u00e8ncia comunicativa i ling\u00fc\u00edstica i el desenvolupament de l&#8217;h\u00e0bit lector dels infants i joves, sense oblidar que la compet\u00e8ncia lectora \u00e9s la base de molts aprenentatges i un requisit per participar amb \u00e8xit en bona part dels \u00e0mbits de la vida adulta. Concreci\u00f3 de la proposta de cada departament did\u00e0ctic es pot consultar en el seg\u00fcent <a href=\"https:\/\/drive.google.com\/drive\/folders\/1H-9o4olakwswU_JL_XYgKxy2gk2xJpzq\" target=\"_blank\" rel=\"noopener\">enlla\u00e7<\/a>.<\/p>\n","protected":false},"excerpt":{"rendered":"<p><a href=\"https:\/\/agora.xtec.cat\/inslarboc\/wp-content\/uploads\/usu1712\/2021\/09\/Som_biblioteca_escolar_activa-1.jpg\"><\/a><br \/>\n<a href=\"http:\/\/agora.xtec.cat\/inslarboc\/wp-content\/uploads\/usu1712\/2018\/01\/LOGO-BIBLIOTECA-color_1.png\"><\/a><\/p>\n<p><a href=\"https:\/\/projectes.xtec.cat\/bescat\/\" target=\"_blank\" rel=\"noopener\"><\/a>Biblioteca de l&#8217;Institut de l&#8217;Arbo\u00e7<\/p>\n<p>La biblioteca escolar de l&#8217;Institut de l&#8217;Arbo\u00e7 sempre ha estat una biblioteca amb molta vida, molt activa, on es realitzaven xerrades, el pr\u00e9stec del nostre fons de biblioteca era tot un cl\u00e0ssic, sempre ha estat oberta&hellip;  <a href=\"https:\/\/agora.xtec.cat\/inslarboc\/projecte-educatiu\/biblioteca\/\" title=\"Read Biblioteca escolar i impuls de la lectura\">Llegeix m\u00e9s\u00bb<\/a><\/p>\n","protected":false},"author":1,"featured_media":0,"parent":57,"menu_order":40,"comment_status":"closed","ping_status":"closed","template":"page-templates\/side-menu.php","meta":{"_bbp_topic_count":0,"_bbp_reply_count":0,"_bbp_total_topic_count":0,"_bbp_total_reply_count":0,"_bbp_voice_count":0,"_bbp_anonymous_reply_count":0,"_bbp_topic_count_hidden":0,"_bbp_reply_count_hidden":0,"_bbp_forum_subforum_count":0,"footnotes":""},"class_list":["post-586","page","type-page","status-publish","hentry"],"post_mailing_queue_ids":[],"_links":{"self":[{"href":"https:\/\/agora.xtec.cat\/inslarboc\/wp-json\/wp\/v2\/pages\/586","targetHints":{"allow":["GET"]}}],"collection":[{"href":"https:\/\/agora.xtec.cat\/inslarboc\/wp-json\/wp\/v2\/pages"}],"about":[{"href":"https:\/\/agora.xtec.cat\/inslarboc\/wp-json\/wp\/v2\/types\/page"}],"author":[{"embeddable":true,"href":"https:\/\/agora.xtec.cat\/inslarboc\/wp-json\/wp\/v2\/users\/1"}],"replies":[{"embeddable":true,"href":"https:\/\/agora.xtec.cat\/inslarboc\/wp-json\/wp\/v2\/comments?post=586"}],"version-history":[{"count":5,"href":"https:\/\/agora.xtec.cat\/inslarboc\/wp-json\/wp\/v2\/pages\/586\/revisions"}],"predecessor-version":[{"id":13635,"href":"https:\/\/agora.xtec.cat\/inslarboc\/wp-json\/wp\/v2\/pages\/586\/revisions\/13635"}],"up":[{"embeddable":true,"href":"https:\/\/agora.xtec.cat\/inslarboc\/wp-json\/wp\/v2\/pages\/57"}],"wp:attachment":[{"href":"https:\/\/agora.xtec.cat\/inslarboc\/wp-json\/wp\/v2\/media?parent=586"}],"curies":[{"name":"wp","href":"https:\/\/api.w.org\/{rel}","templated":true}]}}