{"id":57,"date":"2014-09-17T17:01:07","date_gmt":"2014-09-17T17:01:07","guid":{"rendered":"http:\/\/agora.xtec.cat\/inslarboc\/?page_id=57"},"modified":"2019-07-16T08:41:58","modified_gmt":"2019-07-16T06:41:58","slug":"projecte-educatiu","status":"publish","type":"page","link":"https:\/\/agora.xtec.cat\/inslarboc\/projecte-educatiu\/","title":{"rendered":"Projecte educatiu"},"content":{"rendered":"<p>El juny de 2003 es va aprovar el primer Projecte Educatiu del Centre (PEC). Quinze anys despr\u00e9s, d&#8217;acord amb el <a href=\"https:\/\/www.slideshare.net\/slideshow\/embed_code\/key\/3ZkDDhEmFAl8RS\" target=\"_blank\" rel=\"noopener noreferrer\">Projecte de Direcci\u00f3 aprovat el maig de 2016<\/a>, vam treballat per fer-ne un de nou, actualitzat, i que don\u00e9s resposta a la realitat actual. En aquest apartat podeu consultar el Projecte Educatiu de Centre (PEC) aprovat el 2003, aix\u00ed com el que vam aprovar el 2018. Per tal que el PEC fos proper a la comunitat educativa vam recollir dades de la poblaci\u00f3 escolar, que tamb\u00e9 estan disponibles en aquest mateix apartat.<\/p>\n<p>D&#8217;acord amb la <a title=\"Article 91 LEC\" href=\"http:\/\/www20.gencat.cat\/portal\/site\/portaljuridic\/menuitem.d15a4e5dfb99396dc366ec10b0c0e1a0\/?vgnextoid=b85297b5a87d6210VgnVCM1000000b0c1e0aRCRD&amp;vgnextchannel=b85297b5a87d6210VgnVCM1000000b0c1e0aRCRD&amp;vgnextfmt=default&amp;action=fitxa&amp;portalId=1&amp;documentId=480169&amp;newLang=ca_ES#fragment-1182442\" target=\"_blank\" rel=\"noopener noreferrer\">Llei d&#8217;Educaci\u00f3 de Catalunya<\/a>, el projecte educatiu incorpora el car\u00e0cter propi del centre i cont\u00e9:<\/p>\n<ul>\n<li>Criteris d&#8217;ordenaci\u00f3 pedag\u00f2gica, prioritats i plantejaments educatius, procediments d&#8217;inclusi\u00f3 i altres actuacions que caracteritzen el centre.<\/li>\n<li>Indicadors de progr\u00e9s.<\/li>\n<li>Concreci\u00f3 i desenvolupament dels curr\u00edculums.<\/li>\n<li>Criteris que defineixen l&#8217;estructura organitzativa.<\/li>\n<li>Projecte ling\u00fc\u00edstic.<\/li>\n<li>Car\u00e0cter propi del centre, si n&#8217;hi ha.<\/li>\n<\/ul>\n<p>Incloem tamb\u00e9 informaci\u00f3 sobre les unitats i serveis especialitzats del centre (SIEI, Aula d&#8217;Acollida, Aula Oberta, PIM&#8230;) aix\u00ed com altres documents que tamb\u00e9 formen part del projecte educatiu com ara: Projecte de Conviv\u00e8ncia, Pla d&#8217;Acci\u00f3 Tutorial, Pla TAC, Plans d&#8217;Acollida, etc.<\/p>\n","protected":false},"excerpt":{"rendered":"<p>El juny de 2003 es va aprovar el primer Projecte Educatiu del Centre (PEC). Quinze anys despr\u00e9s, d&#8217;acord amb el <a href=\"https:\/\/www.slideshare.net\/slideshow\/embed_code\/key\/3ZkDDhEmFAl8RS\" target=\"_blank\" rel=\"noopener noreferrer\">Projecte de Direcci\u00f3 aprovat el maig de 2016<\/a>, vam treballat per fer-ne un de nou, actualitzat, i que don\u00e9s resposta a&hellip;  <a href=\"https:\/\/agora.xtec.cat\/inslarboc\/projecte-educatiu\/\" title=\"Read Projecte educatiu\">Llegeix m\u00e9s\u00bb<\/a><\/p>\n","protected":false},"author":1,"featured_media":0,"parent":0,"menu_order":20,"comment_status":"closed","ping_status":"closed","template":"page-templates\/side-menu.php","meta":{"_bbp_topic_count":0,"_bbp_reply_count":0,"_bbp_total_topic_count":0,"_bbp_total_reply_count":0,"_bbp_voice_count":0,"_bbp_anonymous_reply_count":0,"_bbp_topic_count_hidden":0,"_bbp_reply_count_hidden":0,"_bbp_forum_subforum_count":0,"footnotes":""},"class_list":["post-57","page","type-page","status-publish","hentry"],"post_mailing_queue_ids":[],"_links":{"self":[{"href":"https:\/\/agora.xtec.cat\/inslarboc\/wp-json\/wp\/v2\/pages\/57","targetHints":{"allow":["GET"]}}],"collection":[{"href":"https:\/\/agora.xtec.cat\/inslarboc\/wp-json\/wp\/v2\/pages"}],"about":[{"href":"https:\/\/agora.xtec.cat\/inslarboc\/wp-json\/wp\/v2\/types\/page"}],"author":[{"embeddable":true,"href":"https:\/\/agora.xtec.cat\/inslarboc\/wp-json\/wp\/v2\/users\/1"}],"replies":[{"embeddable":true,"href":"https:\/\/agora.xtec.cat\/inslarboc\/wp-json\/wp\/v2\/comments?post=57"}],"version-history":[{"count":3,"href":"https:\/\/agora.xtec.cat\/inslarboc\/wp-json\/wp\/v2\/pages\/57\/revisions"}],"predecessor-version":[{"id":2754,"href":"https:\/\/agora.xtec.cat\/inslarboc\/wp-json\/wp\/v2\/pages\/57\/revisions\/2754"}],"wp:attachment":[{"href":"https:\/\/agora.xtec.cat\/inslarboc\/wp-json\/wp\/v2\/media?parent=57"}],"curies":[{"name":"wp","href":"https:\/\/api.w.org\/{rel}","templated":true}]}}