{"id":552,"date":"2017-12-25T21:52:24","date_gmt":"2017-12-25T20:52:24","guid":{"rendered":"http:\/\/agora.xtec.cat\/inslarboc\/?page_id=552"},"modified":"2026-02-25T09:39:06","modified_gmt":"2026-02-25T08:39:06","slug":"preinscripcio-i-matricula-2020-2021","status":"publish","type":"page","link":"https:\/\/agora.xtec.cat\/inslarboc\/secretaria\/preinscripcio-i-matricula-2020-2021\/","title":{"rendered":"Preinscripci\u00f3 i matr\u00edcula"},"content":{"rendered":"<h2 style=\"text-align: left;\"><strong>\u00a0\u00a0\u00a0\u00a0\u00a0\u00a0\u00a0\u00a0 Preinscripci\u00f3 i matr\u00edcula 2026-2027<\/strong><\/h2>\n<h3>Calendari de preinscripci\u00f3 i matr\u00edcula 2026-2027<\/h3>\n<table style=\"width: 860px;\" border=\"5\">\n<caption>\u00a0<\/caption>\n<tbody>\n<tr style=\"height: 62px;\">\n<td style=\"width: 208px; background-color: #a1eef0; height: 62px; text-align: center;\"><strong>Data<\/strong><\/td>\n<td style=\"width: 129px; background-color: #a1eef0; height: 62px; text-align: center;\"><strong>Nivell<\/strong><\/td>\n<td style=\"width: 169px; background-color: #a1eef0; height: 62px; text-align: center;\"><strong>\u00a0 \u00a0 \u00a0 \u00a0 Alumnes curs\u00a0 \u00a0 \u00a0 \u00a0 2025-2026<\/strong><\/td>\n<td style=\"width: 170px; background-color: #a1eef0; height: 62px; text-align: center;\"><strong>\u00a0 \u00a0 \u00a0 Alumnes curs\u00a0 \u00a0 \u00a0 2026-2027<\/strong><\/td>\n<td style=\"width: 170px; background-color: #a1eef0; height: 62px; text-align: center;\"><strong>Preinscripci\u00f3 i matr\u00edcula<\/strong><\/td>\n<\/tr>\n<tr style=\"height: 71px;\">\n<td style=\"width: 208px; background-color: #caf0bd; height: 74px; text-align: center;\">6 al 18 de mar\u00e7 (telem\u00e0tic amb suport inform\u00e0tic)<\/td>\n<td style=\"width: 129px; background-color: #caf0bd; height: 74px; text-align: center;\">ESO<\/td>\n<td style=\"width: 169px; background-color: #caf0bd; height: 74px; text-align: center;\"><\/td>\n<td style=\"width: 170px; background-color: #caf0bd; height: 74px; text-align: center;\">1r, 2n, 3r i 4t d&#8217;ESO<\/td>\n<td style=\"width: 170px; background-color: #caf0bd; height: 74px; text-align: center;\">Preinscripci\u00f3 alumnes nova incorporaci\u00f3<\/td>\n<\/tr>\n<tr style=\"height: 78px;\">\n<td style=\"width: 208px; background-color: #caf0bd; height: 78px; text-align: center;\">22 al 30 de juny<\/td>\n<td style=\"width: 129px; background-color: #caf0bd; height: 78px; text-align: center;\">ESO<\/td>\n<td style=\"width: 169px; background-color: #caf0bd; height: 78px; text-align: center;\"><\/td>\n<td style=\"width: 170px; background-color: #caf0bd; height: 78px; text-align: center;\">1r, 2n, 3r i 4t d&#8217;ESO<\/td>\n<td style=\"width: 170px; background-color: #caf0bd; height: 78px; text-align: center;\">Matr\u00edcula alumnes nova incorporaci\u00f3<\/td>\n<\/tr>\n<tr style=\"height: 83px;\">\n<td style=\"width: 208px; background-color: #caf0bd; height: 83px; text-align: center;\">19 i 20 de mar\u00e7<\/td>\n<td style=\"width: 129px; background-color: #caf0bd; height: 83px; text-align: center;\">ESO<\/td>\n<td style=\"width: 169px; background-color: #caf0bd; height: 83px; text-align: center;\">1r d&#8217;ESO<\/td>\n<td style=\"width: 170px; background-color: #caf0bd; height: 83px; text-align: center;\">2n d&#8217;ESO<\/td>\n<td style=\"width: 170px; background-color: #caf0bd; height: 83px; text-align: center;\">Matr\u00edcula alumnes del centre que actualment estan estudiant 1r d&#8217;ESO<\/td>\n<\/tr>\n<tr style=\"height: 88px;\">\n<td style=\"width: 208px; background-color: #caf0bd; height: 88px; text-align: center;\">23 i 24 de mar\u00e7<\/td>\n<td style=\"width: 129px; background-color: #caf0bd; height: 88px; text-align: center;\">ESO<\/td>\n<td style=\"width: 169px; background-color: #caf0bd; height: 88px; text-align: center;\">2n d&#8217;ESO<\/td>\n<td style=\"width: 170px; background-color: #caf0bd; height: 88px; text-align: center;\">3r d&#8217;ESO<\/td>\n<td style=\"width: 170px; background-color: #caf0bd; height: 88px; text-align: center;\">Matr\u00edcula alumnes del centre que actualment estan estudiant 2n d&#8217;ESO<\/td>\n<\/tr>\n<tr style=\"height: 87px;\">\n<td style=\"width: 208px; background-color: #caf0bd; height: 87px; text-align: center;\">25 i 26 de mar\u00e7<\/td>\n<td style=\"width: 129px; background-color: #caf0bd; height: 87px; text-align: center;\">ESO<\/td>\n<td style=\"width: 169px; background-color: #caf0bd; height: 87px; text-align: center;\">3r d&#8217;ESO<\/td>\n<td style=\"width: 170px; background-color: #caf0bd; height: 87px; text-align: center;\">4t d&#8217;ESO<\/td>\n<td style=\"width: 170px; background-color: #caf0bd; height: 87px; text-align: center;\">Matr\u00edcula alumnes del centre que actualment estan estudiant 3r d&#8217;ESO<\/td>\n<\/tr>\n<tr style=\"height: 74px;\">\n<td style=\"width: 208px; background-color: #e8d8f2; height: 74px; text-align: center;\">\u00a09 al 16 d&#8217;abril (telem\u00e0tic amb suport inform\u00e0tic)<\/td>\n<td style=\"width: 129px; background-color: #e8d8f2; height: 74px; text-align: center;\">Batxillerat<\/td>\n<td style=\"width: 169px; background-color: #e8d8f2; height: 74px; text-align: center;\"><\/td>\n<td style=\"width: 170px; background-color: #e8d8f2; height: 74px; text-align: center;\">1r i 2n batxillerat<\/td>\n<td style=\"width: 170px; background-color: #e8d8f2; height: 74px; text-align: center;\">Preinscripci\u00f3 alumnes nova incorporaci\u00f3<\/td>\n<\/tr>\n<tr style=\"height: 75px;\">\n<td style=\"width: 208px; background-color: #e8d8f2; height: 74px; text-align: center;\">18 al 26 de juny<\/td>\n<td style=\"width: 129px; background-color: #e8d8f2; height: 74px; text-align: center;\">Batxillerat<\/td>\n<td style=\"width: 169px; background-color: #e8d8f2; height: 74px; text-align: center;\"><\/td>\n<td style=\"width: 170px; background-color: #e8d8f2; height: 74px; text-align: center;\">1r i 2n batxillerat<\/td>\n<td style=\"width: 170px; background-color: #e8d8f2; height: 74px; text-align: center;\">Matr\u00edcula alumnes nova incorporaci\u00f3<\/td>\n<\/tr>\n<tr style=\"height: 91px;\">\n<td style=\"width: 208px; background-color: #e8d8f2; height: 91px; text-align: center;\">15 i 16 d&#8217;abril<\/td>\n<td style=\"width: 129px; background-color: #e8d8f2; height: 91px; text-align: center;\">Batxillerat<\/td>\n<td style=\"width: 169px; background-color: #e8d8f2; height: 91px; text-align: center;\">4t d&#8217;ESO<\/td>\n<td style=\"width: 170px; background-color: #e8d8f2; height: 91px; text-align: center;\">1r\u00a0 batxillerat<\/td>\n<td style=\"width: 170px; background-color: #e8d8f2; height: 91px; text-align: center;\">Matr\u00edcula alumnes del centre que actualment estan estudiant 4t d&#8217;ESO<\/td>\n<\/tr>\n<tr>\n<td style=\"width: 208px; background-color: #e8d8f2; text-align: center;\">&nbsp;<\/p>\n<p>15 i 16 d&#8217;abril<\/td>\n<td style=\"width: 129px; background-color: #e8d8f2; text-align: center;\">Batxillerat<\/td>\n<td style=\"width: 169px; background-color: #e8d8f2; text-align: center;\">1r batxillerat<\/td>\n<td style=\"width: 170px; background-color: #e8d8f2; text-align: center;\">2n batxillerat<\/td>\n<td style=\"width: 170px; background-color: #e8d8f2; text-align: center;\">Matr\u00edcula alumnes del centre que actualment estan estudiant 1r de batxillerat<\/td>\n<\/tr>\n<\/tbody>\n<\/table>\n<h3>Documentaci\u00f3 que han d&#8217;aportar els alumnes de l&#8217;ESO<\/h3>\n<h4>Alumnes del centre<\/h4>\n<table style=\"height: 315px;\">\n<tbody>\n<tr style=\"height: 49px;\">\n<td style=\"height: 49px; background-color: #a1eef0; text-align: center; width: 502px;\"><strong>Documents Alumnes Centre<\/strong><\/td>\n<td style=\"height: 49px; background-color: #a1eef0; text-align: center; width: 606px;\"><strong>Observacions<\/strong><\/td>\n<td style=\"height: 49px; background-color: #a1eef0; text-align: center; width: 61px;\"><strong>1r d&#8217;ESO<\/strong><\/td>\n<td style=\"height: 49px; background-color: #a1eef0; text-align: center; width: 61px;\"><strong>2n d&#8217;ESO<\/strong><\/td>\n<td style=\"height: 49px; background-color: #a1eef0; text-align: center; width: 72px;\"><strong>3r d&#8217;ESO<\/strong><\/td>\n<td style=\"height: 49px; background-color: #a1eef0; text-align: center; width: 61px;\"><strong>4t d&#8217;ESO<\/strong><\/td>\n<\/tr>\n<tr style=\"height: 36px;\">\n<td style=\"text-align: center; height: 36px; width: 502px;\">Impr\u00e8s de matriculaci\u00f3 formalitzat<\/td>\n<td style=\"text-align: center; height: 36px; width: 606px;\">El facilita el centre<\/td>\n<td style=\"text-align: center; height: 36px; width: 61px;\">X<\/td>\n<td style=\"text-align: center; height: 36px; width: 61px;\">X<\/td>\n<td style=\"text-align: center; height: 36px; width: 72px;\">X<\/td>\n<td style=\"text-align: center; height: 36px; width: 61px;\">X<\/td>\n<\/tr>\n<tr style=\"height: 40px;\">\n<td style=\"height: 40px; background-color: #a1eef0; text-align: center; width: 502px;\">Fotos mida carnet<\/td>\n<td style=\"height: 40px; background-color: #a1eef0; text-align: center; width: 606px;\">Amb el nom i cognoms escrits al darrera de la foto<\/td>\n<td style=\"height: 40px; background-color: #a1eef0; text-align: center; width: 61px;\">1<\/td>\n<td style=\"height: 40px; background-color: #a1eef0; text-align: center; width: 61px;\">&#8211;<\/td>\n<td style=\"height: 40px; background-color: #a1eef0; text-align: center; width: 72px;\">1<\/td>\n<td style=\"height: 40px; background-color: #a1eef0; text-align: center; width: 61px;\">&#8211;<\/td>\n<\/tr>\n<tr style=\"height: 5px;\">\n<td style=\"text-align: center; height: 10px; width: 502px;\">Fotoc\u00f2pia del DNI\/NIF\/NIE de l&#8217;alumne. A partir de 3r d&#8217;ESO \u00e9s obligatori presentar el DNI de l&#8217;alumne\/a.<\/td>\n<td style=\"text-align: center; height: 10px; width: 606px;\">Tot l&#8217;alumnat que confirmi la pla\u00e7a a 3r d&#8217;ESO<\/td>\n<td style=\"text-align: center; height: 10px; width: 61px;\">&#8211;<\/td>\n<td style=\"text-align: center; height: 10px; width: 61px;\">&#8211;<\/td>\n<td style=\"text-align: center; height: 10px; width: 72px;\">1<\/td>\n<td style=\"text-align: center; height: 10px; width: 61px;\">&#8211;<\/td>\n<\/tr>\n<tr style=\"height: 33px;\">\n<td style=\"height: 33px; background-color: #a1eef0; text-align: center; width: 502px;\">Aportaci\u00f3 en concepte de material escolar<\/td>\n<td style=\"height: 33px; background-color: #a1eef0; text-align: center; width: 606px;\">A 3r i 4t inclou l&#8217;asseguran\u00e7a escolar. A 4t inclou les despeses de les activitats relacionades amb l&#8217;orientaci\u00f3 acad\u00e8mica dels ensenyaments postobligatoris.<\/td>\n<td style=\"height: 33px; background-color: #a1eef0; text-align: center; width: 61px;\">40\u20ac<\/td>\n<td style=\"height: 33px; background-color: #a1eef0; text-align: center; width: 61px;\">40\u20ac<\/td>\n<td style=\"height: 33px; background-color: #a1eef0; text-align: center; width: 72px;\">40\u20ac<\/td>\n<td style=\"height: 33px; background-color: #a1eef0; text-align: center; width: 61px;\">58\u20ac<\/td>\n<\/tr>\n<tr style=\"height: 52px;\">\n<td style=\"text-align: center; height: 52px; width: 502px;\">Retornar omplert i signat el document del dret d&#8217;imatge, l&#8217;autoritzaci\u00f3 de sortides i la carta de comprom\u00eds educatiu.<\/td>\n<td style=\"text-align: center; height: 52px; width: 606px;\">Dins del full de matr\u00edcula<\/td>\n<td style=\"text-align: center; height: 52px; width: 61px;\">X<\/td>\n<td style=\"text-align: center; height: 52px; width: 61px;\">X<\/td>\n<td style=\"text-align: center; height: 52px; width: 72px;\">X<\/td>\n<td style=\"text-align: center; height: 52px; width: 61px;\">X<\/td>\n<\/tr>\n<tr style=\"height: 56px;\">\n<td style=\"height: 56px; background-color: #a1eef0; text-align: center; width: 502px;\">Full de comunicaci\u00f3 de dades<\/td>\n<td style=\"height: 56px; background-color: #a1eef0; text-align: center; width: 606px;\">Complimentar les dades en May\u00fascules i modificar si hi ha alg\u00fan canvi o errada<\/td>\n<td style=\"height: 56px; background-color: #a1eef0; text-align: center; width: 61px;\">X<\/td>\n<td style=\"height: 56px; background-color: #a1eef0; text-align: center; width: 61px;\">X<\/td>\n<td style=\"height: 56px; background-color: #a1eef0; text-align: center; width: 72px;\">X<\/td>\n<td style=\"height: 56px; background-color: #a1eef0; text-align: center; width: 61px;\">X<\/td>\n<\/tr>\n<tr style=\"height: 39px;\">\n<td style=\"height: 39px; text-align: center; width: 502px;\">\u00a0Sent\u00e8ncia judicial (en cas de canvi de situaci\u00f3 familiar)<\/td>\n<td style=\"height: 39px; text-align: center; width: 606px;\">En els casos de separaci\u00f3, divorci, cust\u00f2dia, etc.<\/td>\n<td style=\"height: 39px; text-align: center; width: 61px;\">X<\/td>\n<td style=\"height: 39px; text-align: center; width: 61px;\">X<\/td>\n<td style=\"height: 39px; text-align: center; width: 72px;\">X<\/td>\n<td style=\"height: 39px; text-align: center; width: 61px;\">X<\/td>\n<\/tr>\n<\/tbody>\n<\/table>\n<h4>Alumnes de nova incorporaci\u00f3<\/h4>\n<table>\n<tbody>\n<tr style=\"height: 49px;\">\n<td style=\"height: 49px; background-color: #caf0bd; text-align: center;\"><strong>Documents Alumnes<br \/>\n<\/strong><\/td>\n<td style=\"height: 49px; background-color: #caf0bd; text-align: center;\"><strong>Observacions<\/strong><\/td>\n<td style=\"height: 49px; background-color: #caf0bd; text-align: center;\"><strong>1r d&#8217;ESO<\/strong><\/td>\n<td style=\"height: 49px; background-color: #caf0bd; text-align: center;\"><strong>2n d&#8217;ESO<\/strong><\/td>\n<td style=\"height: 49px; background-color: #caf0bd; text-align: center;\"><strong>3r d&#8217;ESO<\/strong><\/td>\n<td style=\"height: 49px; background-color: #caf0bd; text-align: center;\"><strong>4t d&#8217;ESO<\/strong><\/td>\n<\/tr>\n<tr style=\"height: 33px;\">\n<td style=\"text-align: center; height: 33px;\">Impr\u00e8s de matriculaci\u00f3 formalitzat<\/td>\n<td style=\"text-align: center; height: 33px;\">El facilita el centre<\/td>\n<td style=\"text-align: center; height: 33px;\">X<\/td>\n<td style=\"text-align: center; height: 33px;\">X<\/td>\n<td style=\"text-align: center; height: 33px;\">X<\/td>\n<td style=\"text-align: center; height: 33px;\">X<\/td>\n<\/tr>\n<tr style=\"height: 62px;\">\n<td style=\"height: 62px; background-color: #caf0bd; text-align: center;\">Aportaci\u00f3 en concepte de material escolar<\/td>\n<td style=\"height: 62px; background-color: #caf0bd; text-align: center;\">A 3r i 4t inclou l&#8217;asseguran\u00e7a escolar. A 4t inclou les despeses de les activitats relacionades amb l&#8217;orientaci\u00f3 acad\u00e8mica dels ensenyaments postobligatoris.<\/td>\n<td style=\"height: 62px; background-color: #caf0bd; text-align: center;\">40\u20ac<\/td>\n<td style=\"height: 62px; background-color: #caf0bd; text-align: center;\">40\u20ac<\/td>\n<td style=\"height: 62px; background-color: #caf0bd; text-align: center;\">40\u20ac<\/td>\n<td style=\"height: 62px; background-color: #caf0bd; text-align: center;\">58\u20ac<\/td>\n<\/tr>\n<tr style=\"height: 56px;\">\n<td style=\"height: 56px; text-align: center;\">Retornar omplert i signat el document del dret d&#8217;imatge, autoritzaci\u00f3 de sortides i la carta de comprom\u00eds educatiu.<\/td>\n<td style=\"height: 56px; text-align: center;\">Dins del full de matr\u00edcula<\/td>\n<td style=\"height: 56px; text-align: center;\">X<\/td>\n<td style=\"height: 56px; text-align: center;\">X<\/td>\n<td style=\"height: 56px; text-align: center;\">X<\/td>\n<td style=\"height: 56px; text-align: center;\">X<\/td>\n<\/tr>\n<tr style=\"height: 34px;\">\n<td style=\"height: 34px; background-color: #caf0bd; text-align: center;\">Full de comunicaci\u00f3 de dades<\/td>\n<td style=\"height: 34px; background-color: #caf0bd; text-align: center;\">Complimentar les dades en May\u00fascules<\/td>\n<td style=\"height: 34px; background-color: #caf0bd; text-align: center;\">X<\/td>\n<td style=\"height: 34px; background-color: #caf0bd; text-align: center;\">X<\/td>\n<td style=\"height: 34px; background-color: #caf0bd; text-align: center;\">X<\/td>\n<td style=\"height: 34px; background-color: #caf0bd; text-align: center;\">X<\/td>\n<\/tr>\n<tr style=\"height: 36px;\">\n<td style=\"height: 36px; text-align: center;\">\u00a0Sent\u00e8ncia judicial (en cas de canvi de situaci\u00f3 familiar)<\/td>\n<td style=\"height: 36px; text-align: center;\">En els casos de separaci\u00f3, divorci, cust\u00f2dia, etc.<\/td>\n<td style=\"height: 36px; text-align: center;\">X<\/td>\n<td style=\"height: 36px; text-align: center;\">X<\/td>\n<td style=\"height: 36px; text-align: center;\">X<\/td>\n<td style=\"height: 36px; text-align: center;\">X<\/td>\n<\/tr>\n<\/tbody>\n<\/table>\n<h3>Documentaci\u00f3 que han d&#8217;aportar els alumnes de Batxillerat<\/h3>\n<h4>Alumnes del centre per 1r i 2n de batxillerat<\/h4>\n<table style=\"background-color: #e8d8f2;\">\n<tbody>\n<tr style=\"height: 49px;\">\n<td style=\"background-color: #e8d8f2; text-align: center; height: 49px;\"><strong>Documents alumnes centre<\/strong><\/td>\n<td style=\"background-color: #e8d8f2; text-align: center; height: 49px;\"><strong>Observacions<\/strong><\/td>\n<td style=\"background-color: #e8d8f2; text-align: center; height: 49px;\"><strong>1r i 2n de batxillerat<\/strong><\/td>\n<\/tr>\n<tr style=\"height: 33px;\">\n<td style=\"text-align: center; height: 33px;\">Impr\u00e8s de matriculaci\u00f3 formalitzat<\/td>\n<td style=\"text-align: center; height: 33px;\">El facilita el centre<\/td>\n<td style=\"text-align: center; height: 33px;\">X<\/td>\n<\/tr>\n<tr style=\"height: 33px;\">\n<td style=\"background-color: #e8d8f2; text-align: center; height: 33px;\">Fotos mida carnet<\/td>\n<td style=\"background-color: #e8d8f2; text-align: center; height: 33px;\">Amb el nom i cognoms escrits al darrera de la foto<\/td>\n<td style=\"background-color: #e8d8f2; text-align: center; height: 33px;\">1<\/td>\n<\/tr>\n<tr style=\"height: 33px;\">\n<td style=\"text-align: center; height: 33px;\">Original i fotoc\u00f2pia del DNI\/NIF\/NIE de l&#8217;alumne\/a i dels pares o tutors legals<\/td>\n<td style=\"text-align: center; height: 33px;\">Si encara no l&#8217;heu lliurat al centre o est\u00e0 caducat<\/td>\n<td style=\"text-align: center; height: 33px;\">X<\/td>\n<\/tr>\n<tr style=\"height: 33px;\">\n<td style=\"background-color: #e8d8f2; text-align: center; height: 33px;\">Aportaci\u00f3 en concepte de material escolar<\/td>\n<td style=\"background-color: #e8d8f2; text-align: center; height: 33px;\">Inclou l&#8217;asseguran\u00e7a escolar<\/td>\n<td style=\"background-color: #e8d8f2; text-align: center; height: 33px;\">40\u20ac<\/td>\n<\/tr>\n<tr>\n<td style=\"text-align: center;\">Retornar omplert i signat el document del dret d&#8217;imatge, autoritzaci\u00f3 de sortides i carta de comprom\u00eds<\/td>\n<td style=\"text-align: center;\">Dins del full de matr\u00edcula<\/td>\n<td style=\"text-align: center;\">X<\/td>\n<\/tr>\n<tr style=\"height: 49px;\">\n<td style=\"background-color: #e8d8f2; text-align: center; height: 49px;\">Full de comunicaci\u00f3 de dades<\/td>\n<td style=\"background-color: #e8d8f2; text-align: center; height: 49px;\">Complimentar les dades en May\u00fascules i modificar si hi ha alg\u00fan canvi o errada<\/td>\n<td style=\"background-color: #e8d8f2; text-align: center; height: 49px;\">X<\/td>\n<\/tr>\n<\/tbody>\n<\/table>\n<h4>Alumnes de nova incorporaci\u00f3 a 1r i 2n de batxillerat<\/h4>\n<table style=\"height: 382px; background-color: #c4beb1; width: 100%;\">\n<tbody>\n<tr style=\"height: 49px;\">\n<td style=\"background-color: #bfbab2; height: 49px; text-align: center; width: 49.6994%;\"><strong>Documents alumnes centre<\/strong><\/td>\n<td style=\"background-color: #bfbab2; height: 49px; text-align: center; width: 35.5711%;\"><strong>Observacions<\/strong><\/td>\n<td style=\"background-color: #bfbab2; height: 49px; text-align: center; width: 14.0281%;\"><strong>1r i 2n de batxillerat<\/strong><\/td>\n<\/tr>\n<tr style=\"height: 40px;\">\n<td style=\"text-align: center; height: 40px; width: 49.6994%;\">Impr\u00e8s de matriculaci\u00f3 formalitzat<\/td>\n<td style=\"text-align: center; height: 40px; width: 35.5711%;\">El facilita el centre<\/td>\n<td style=\"text-align: center; height: 40px; width: 14.0281%;\">X<\/td>\n<\/tr>\n<tr style=\"height: 44px;\">\n<td style=\"background-color: #bfbab2; height: 44px; text-align: center; width: 49.6994%;\">Fotos mida carnet<\/td>\n<td style=\"background-color: #bfbab2; height: 44px; text-align: center; width: 35.5711%;\">Amb el nom i cognoms escrits al darrera de la foto<\/td>\n<td style=\"background-color: #bfbab2; height: 44px; text-align: center; width: 14.0281%;\">1<\/td>\n<\/tr>\n<tr style=\"height: 40px;\">\n<td style=\"text-align: center; height: 40px; width: 49.6994%;\">Original i fotoc\u00f2pia del DNI\/NIF\/NIE de l&#8217;alumne\/a i dels pares o tutors legals<\/td>\n<td style=\"text-align: center; height: 40px; width: 35.5711%;\">Si encara no l&#8217;heu lliurat al centre o est\u00e0 caducat<\/td>\n<td style=\"text-align: center; height: 40px; width: 14.0281%;\">X<\/td>\n<\/tr>\n<tr style=\"height: 42px;\">\n<td style=\"background-color: #bfbab2; height: 42px; text-align: center; width: 49.6994%;\">Aportaci\u00f3 en concepte de material escolar<\/td>\n<td style=\"background-color: #bfbab2; height: 42px; text-align: center; width: 35.5711%;\">Inclou l&#8217;asseguran\u00e7a escolar<\/td>\n<td style=\"background-color: #bfbab2; height: 42px; text-align: center; width: 14.0281%;\">40\u20ac<\/td>\n<\/tr>\n<tr style=\"height: 41px;\">\n<td style=\"text-align: center; height: 41px; width: 49.6994%;\">Fotoc\u00f2pia de la TSI<\/td>\n<td style=\"text-align: center; height: 41px; width: 35.5711%;\">Targeta sanit\u00e0ria individual<\/td>\n<td style=\"text-align: center; height: 41px; width: 14.0281%;\">X<\/td>\n<\/tr>\n<tr style=\"height: 44px; background-color: #cfdbcc;\">\n<td style=\"background-color: #bfbab2; height: 44px; width: 49.6994%; text-align: center;\">Retornar omplert i signat el document del dret d&#8217;imatge, autoritzaci\u00f3 de sortides i carta de comprom\u00eds<\/td>\n<td style=\"background-color: #bfbab2; height: 44px; width: 35.5711%; text-align: center;\">Dins del full de matr\u00edcula<\/td>\n<td style=\"background-color: #bfbab2; height: 44px; width: 14.0281%; text-align: center;\">X<\/td>\n<\/tr>\n<tr style=\"height: 41px;\">\n<td style=\"height: 41px; text-align: center; width: 49.6994%;\">Full de comunicaci\u00f3 de dades<\/td>\n<td style=\"height: 41px; text-align: center; width: 35.5711%;\">Complimentar les dades en May\u00fascules<\/td>\n<td style=\"height: 41px; text-align: center; width: 14.0281%;\">X<\/td>\n<\/tr>\n<tr style=\"height: 41px;\">\n<td style=\"height: 41px; width: 49.6994%; text-align: center;\">\u00a0Fotoc\u00f2pia del resguard del t\u00edtol d&#8217;ESO.<\/td>\n<td style=\"height: 41px; width: 35.5711%; text-align: center;\">Els alumnes per a 1r de BAT<\/td>\n<td style=\"height: 41px; width: 14.0281%; text-align: center;\">X<\/td>\n<\/tr>\n<tr>\n<td style=\"width: 49.6994%; text-align: center;\">Certificaci\u00f3 acad\u00e8mica de l&#8217;\u00faltim curs<\/td>\n<td style=\"width: 35.5711%; text-align: center;\">Els alumnes que hagin cursat estudis a l&#8217;estranger han de presentar el volant de sol\u00b7licitud d&#8217;homologaci\u00f3<\/td>\n<td style=\"width: 14.0281%; text-align: center;\">X<\/td>\n<\/tr>\n<\/tbody>\n<\/table>\n<p><!--more--><\/p>\n<p>&nbsp;<\/p>\n<table style=\"width: 931px;\">\n<tbody>\n<tr>\n<td style=\"width: 923px;\" colspan=\"2\">\n<h3>Pagament de l&#8217;asseguran\u00e7a escolar i aportaci\u00f3 en concepte de material escolar.<\/h3>\n<\/td>\n<\/tr>\n<tr>\n<td style=\"width: 923px; background-color: #a1eef0;\" colspan=\"2\"><strong>El pagament de l&#8217;asseguran\u00e7a escolar i l&#8217;aportaci\u00f3 en concepte de material escolar es podr\u00e0 efectuar per: <\/strong><\/td>\n<\/tr>\n<tr>\n<td style=\"width: 153px; background-color: #e647c3;\">\n<p style=\"text-align: center;\"><strong>CODI DE BARRES<\/strong><\/p>\n<p style=\"text-align: center;\"><strong>(PAGAMENT A TERCERS)<\/strong><\/p>\n<\/td>\n<td style=\"width: 770px; background-color: #a1eef0;\">\n<ul>\n<li style=\"text-align: justify;\"><strong>Al recollir el formulari de matr\u00edcula, l&#8217;institut proporcionar\u00e0 el codi de barres per fer el pagament.<\/strong><\/li>\n<li style=\"text-align: justify;\"><strong>No oblideu indicar el NOM i COGNOMS DE L&#8217;ALUMNE\/A.<\/strong><\/li>\n<li style=\"text-align: justify;\"><strong>En el moment de formalitzar la matr\u00edcula s&#8217;ha d&#8217;aportar el JUSTIFICANT DE PAGAMENT.<\/strong><\/li>\n<\/ul>\n<\/td>\n<\/tr>\n<\/tbody>\n<\/table>\n<p>&nbsp;<\/p>\n","protected":false},"excerpt":{"rendered":"<p>\u00a0\u00a0\u00a0\u00a0\u00a0\u00a0\u00a0\u00a0 Preinscripci\u00f3 i matr\u00edcula 2026-2027<br \/>\nCalendari de preinscripci\u00f3 i matr\u00edcula 2026-2027<\/p>\n<p>\u00a0<\/p>\n<p>Data<br \/>\nNivell<br \/>\n\u00a0 \u00a0 \u00a0 \u00a0 Alumnes curs\u00a0 \u00a0 \u00a0 \u00a0 2025-2026<br \/>\n\u00a0 \u00a0 \u00a0 Alumnes curs\u00a0 \u00a0 \u00a0 2026-2027<br \/>\nPreinscripci\u00f3 i matr\u00edcula<\/p>\n<p>6 al 18 de mar\u00e7 (telem\u00e0tic amb suport inform\u00e0tic)<br \/>\nESO<\/p>\n<p>1r, 2n, 3r i 4t d&#8217;ESO<br \/>\nPreinscripci\u00f3 alumnes nova incorporaci\u00f3<\/p>\n<p>22 al&hellip;  <a href=\"https:\/\/agora.xtec.cat\/inslarboc\/secretaria\/preinscripcio-i-matricula-2020-2021\/\" title=\"Read Preinscripci\u00f3 i matr\u00edcula\">Llegeix m\u00e9s\u00bb<\/a><\/p>\n","protected":false},"author":1,"featured_media":0,"parent":81,"menu_order":10,"comment_status":"closed","ping_status":"closed","template":"","meta":{"_bbp_topic_count":0,"_bbp_reply_count":0,"_bbp_total_topic_count":0,"_bbp_total_reply_count":0,"_bbp_voice_count":0,"_bbp_anonymous_reply_count":0,"_bbp_topic_count_hidden":0,"_bbp_reply_count_hidden":0,"_bbp_forum_subforum_count":0,"footnotes":""},"class_list":["post-552","page","type-page","status-publish","hentry"],"post_mailing_queue_ids":[],"_links":{"self":[{"href":"https:\/\/agora.xtec.cat\/inslarboc\/wp-json\/wp\/v2\/pages\/552","targetHints":{"allow":["GET"]}}],"collection":[{"href":"https:\/\/agora.xtec.cat\/inslarboc\/wp-json\/wp\/v2\/pages"}],"about":[{"href":"https:\/\/agora.xtec.cat\/inslarboc\/wp-json\/wp\/v2\/types\/page"}],"author":[{"embeddable":true,"href":"https:\/\/agora.xtec.cat\/inslarboc\/wp-json\/wp\/v2\/users\/1"}],"replies":[{"embeddable":true,"href":"https:\/\/agora.xtec.cat\/inslarboc\/wp-json\/wp\/v2\/comments?post=552"}],"version-history":[{"count":8,"href":"https:\/\/agora.xtec.cat\/inslarboc\/wp-json\/wp\/v2\/pages\/552\/revisions"}],"predecessor-version":[{"id":14201,"href":"https:\/\/agora.xtec.cat\/inslarboc\/wp-json\/wp\/v2\/pages\/552\/revisions\/14201"}],"up":[{"embeddable":true,"href":"https:\/\/agora.xtec.cat\/inslarboc\/wp-json\/wp\/v2\/pages\/81"}],"wp:attachment":[{"href":"https:\/\/agora.xtec.cat\/inslarboc\/wp-json\/wp\/v2\/media?parent=552"}],"curies":[{"name":"wp","href":"https:\/\/api.w.org\/{rel}","templated":true}]}}