{"id":55,"date":"2014-09-17T16:59:49","date_gmt":"2014-09-17T16:59:49","guid":{"rendered":"http:\/\/agora.xtec.cat\/inslarboc\/?page_id=55"},"modified":"2025-09-03T11:21:50","modified_gmt":"2025-09-03T09:21:50","slug":"horaris","status":"publish","type":"page","link":"https:\/\/agora.xtec.cat\/inslarboc\/projecte-educatiu\/horaris\/","title":{"rendered":"Horaris escolars"},"content":{"rendered":"<h4>Curs acad\u00e8mic 2025-2026<\/h4>\n<h5>Horari escolar<\/h5>\n<ul>\n<li>Inici de les classes: 08:15 hores<\/li>\n<li>Final de les classes: 14:45 hores<\/li>\n<li>L&#8217;assist\u00e8ncia \u00e9s obligat\u00f2ria. Les faltes d&#8217;assist\u00e8ncia cal justificar-les:\n<ul>\n<li><b>Model de justificaci\u00f3 de faltes d&#8217;assist\u00e8ncia<\/b>\n<ul>\n<li>Model en format PDF (<a href=\"http:\/\/www.xtec.cat\/~rpujol1\/justif\/PDF-Model_just.pdf\" target=\"_blank\" rel=\"nofollow noopener noreferrer\">acc\u00e9s<\/a>).<\/li>\n<li>Model en format JPG (<a href=\"http:\/\/www.xtec.cat\/~rpujol1\/justif\/JPG-Model_just.jpg\" target=\"_blank\" rel=\"nofollow noopener noreferrer\">acc\u00e9s<\/a>).<\/li>\n<\/ul>\n<\/li>\n<\/ul>\n<\/li>\n<li style=\"text-align: left;\">Disposeu tot seguit de l&#8217;horari detallat de cada grup:<\/li>\n<\/ul>\n<p style=\"text-align: center;\"><iframe loading=\"lazy\" src=\"https:\/\/www.slideshare.net\/slideshow\/embed_code\/key\/j9LRCxyL1Qfv9O?hostedIn=slideshare&amp;page=upload\" width=\"476\" height=\"400\" frameborder=\"0\" marginwidth=\"0\" marginheight=\"0\" scrolling=\"no\"><\/iframe><\/p>\n","protected":false},"excerpt":{"rendered":"<p>Curs acad\u00e8mic 2025-2026<br \/>\nHorari escolar<\/p>\n<ul>\n<li>Inici de les classes: 08:15 hores<\/li>\n<li>Final de les classes: 14:45 hores<\/li>\n<li>L&#8217;assist\u00e8ncia \u00e9s obligat\u00f2ria. Les faltes d&#8217;assist\u00e8ncia cal justificar-les:\n<ul>\n<li>Model de justificaci\u00f3 de faltes d&#8217;assist\u00e8ncia\n<ul>\n<li>Model en format PDF (<a href=\"http:\/\/www.xtec.cat\/~rpujol1\/justif\/PDF-Model_just.pdf\" target=\"_blank\" rel=\"nofollow noopener noreferrer\">acc\u00e9s<\/a>).<\/li>\n<li>Model en format JPG (<a href=\"http:\/\/www.xtec.cat\/~rpujol1\/justif\/JPG-Model_just.jpg\" target=\"_blank\" rel=\"nofollow noopener noreferrer\">acc\u00e9s<\/a>).<\/li>\n<\/ul>\n<\/li>\n<\/ul>\n<\/li>\n<li style=\"text-align:&hellip;  <a href=\"https:\/\/agora.xtec.cat\/inslarboc\/projecte-educatiu\/horaris\/\" title=\"Read Horaris escolars\">Llegeix m\u00e9s\u00bb<\/a><br \/>\n","protected":false},"author":1,"featured_media":0,"parent":57,"menu_order":30,"comment_status":"closed","ping_status":"closed","template":"page-templates\/side-menu.php","meta":{"_bbp_topic_count":0,"_bbp_reply_count":0,"_bbp_total_topic_count":0,"_bbp_total_reply_count":0,"_bbp_voice_count":0,"_bbp_anonymous_reply_count":0,"_bbp_topic_count_hidden":0,"_bbp_reply_count_hidden":0,"_bbp_forum_subforum_count":0,"footnotes":""},"class_list":["post-55","page","type-page","status-publish","hentry"],"post_mailing_queue_ids":[],"_links":{"self":[{"href":"https:\/\/agora.xtec.cat\/inslarboc\/wp-json\/wp\/v2\/pages\/55","targetHints":{"allow":["GET"]}}],"collection":[{"href":"https:\/\/agora.xtec.cat\/inslarboc\/wp-json\/wp\/v2\/pages"}],"about":[{"href":"https:\/\/agora.xtec.cat\/inslarboc\/wp-json\/wp\/v2\/types\/page"}],"author":[{"embeddable":true,"href":"https:\/\/agora.xtec.cat\/inslarboc\/wp-json\/wp\/v2\/users\/1"}],"replies":[{"embeddable":true,"href":"https:\/\/agora.xtec.cat\/inslarboc\/wp-json\/wp\/v2\/comments?post=55"}],"version-history":[{"count":6,"href":"https:\/\/agora.xtec.cat\/inslarboc\/wp-json\/wp\/v2\/pages\/55\/revisions"}],"predecessor-version":[{"id":13606,"href":"https:\/\/agora.xtec.cat\/inslarboc\/wp-json\/wp\/v2\/pages\/55\/revisions\/13606"}],"up":[{"embeddable":true,"href":"https:\/\/agora.xtec.cat\/inslarboc\/wp-json\/wp\/v2\/pages\/57"}],"wp:attachment":[{"href":"https:\/\/agora.xtec.cat\/inslarboc\/wp-json\/wp\/v2\/media?parent=55"}],"curies":[{"name":"wp","href":"https:\/\/api.w.org\/{rel}","templated":true}]}}