{"id":5201,"date":"2020-07-22T07:54:14","date_gmt":"2020-07-22T05:54:14","guid":{"rendered":"http:\/\/agora.xtec.cat\/inslarboc\/?page_id=5201"},"modified":"2021-04-06T14:17:31","modified_gmt":"2021-04-06T12:17:31","slug":"diagnosi-previa-i-seguiment-del-pla","status":"publish","type":"page","link":"https:\/\/agora.xtec.cat\/inslarboc\/diagnosi-previa-i-seguiment-del-pla\/","title":{"rendered":"Diagnosi pr\u00e8via i seguiment del pla"},"content":{"rendered":"<ul>\n<li><strong>Diagnosi pr\u00e8via.<\/strong>\n<ul>\n<li>Espai de treball per als alumnes del 3r trimestre del curs 2019-2020 (<a href=\"https:\/\/agora.xtec.cat\/inslarboc\/eso\/a-latencio-dels-alumnes-i-les-families-de-linstitut-de-larboc\/\" target=\"_blank\" rel=\"noopener noreferrer\">acc\u00e9s<\/a>).<\/li>\n<li>Categoria de nodes de comunicaci\u00f3 amb les fam\u00edlies (<a href=\"https:\/\/agora.xtec.cat\/inslarboc\/categoria\/actualitat\/corona\/\" target=\"_blank\" rel=\"noopener noreferrer\">acc\u00e9s<\/a>).<\/li>\n<li>Pla d\u2019obertura de juny de 2020 (<a href=\"https:\/\/agora.xtec.cat\/inslarboc\/actualitat\/corona\/en-revisio-pla-de-desconfinament-de-l1-al-19-de-juny-de-2020\/\" target=\"_blank\" rel=\"noopener noreferrer\">acc\u00e9s<\/a>).<\/li>\n<li>Informacions del director dels Serveis Territorials d\u2019Educaci\u00f3 a Tarragona (<a href=\"https:\/\/agora.xtec.cat\/inslarboc\/eso\/comunicat-del-departament-deducacio-en-relacio-al-coronavirus\/\" target=\"_blank\" rel=\"noopener noreferrer\">acc\u00e9s<\/a>).<\/li>\n<\/ul>\n<\/li>\n<li><strong>Seguiment del pla.<\/strong>\n<ul>\n<li>El responsable de la coordinaci\u00f3 i la gesti\u00f3 de la COVID-19 al centre \u00e9s el director o directora (Pla d\u2019actuaci\u00f3 2020-2021, p\u00e0g. 15).<\/li>\n<li>Indicadors:\n<ul>\n<li>Les actuacions del Pla d&#8217;Organitzaci\u00f3 del Curs 2020-2021 tenen com a finalitat complir amb els dos grans objectius d&#8217;aprentatge i seguretat. Per tant el seguiment, m\u00e9s que mai, \u00e9s permanent per tal de poder incorporar i reajustar les mesures que s&#8217;escaigui per, alhora, anar afegint o retirant suports en la mesura que siguin o deixin de ser necessaris. Com a criteri general ser\u00e0 cada trimestre que mirarem d&#8217;incorporar les millores que s&#8217;escaigui. Els indicadors que seguirem i que han de permetre regular les millores seran els seg\u00fcents:\n<ul>\n<li>Indicadors generals\n<ul>\n<li>Grau d&#8217;utilitat de la informaci\u00f3 recollida.<\/li>\n<li>Grau d&#8217;utilitat de la informaci\u00f3 facilitada.<\/li>\n<\/ul>\n<\/li>\n<li>Indicadors relatius a l&#8217;aula\n<ul>\n<li>Grau d&#8217;aplicaci\u00f3 de les mesures de seguretat i tra\u00e7abilitat adoptades.<\/li>\n<li>Grau d&#8217;adequaci\u00f3 de les mesures d&#8217;aprenentatge adoptades.<\/li>\n<\/ul>\n<\/li>\n<li>Indicadores relatius a la fam\u00edlia.\n<ul>\n<li>Grau d&#8217;utilitat de les reunions realitzades i de l&#8217;atenci\u00f3 tutorial.<\/li>\n<li>Grau de col\u00b7laboraci\u00f3 de les fam\u00edlies.<\/li>\n<\/ul>\n<\/li>\n<li>Indicadors relatius al centre.\n<ul>\n<li>Grau de coneixement del Pla d&#8217;Organitzaci\u00f3 del Curs 2020-2021.<\/li>\n<li>Grau d&#8217;aplicaci\u00f3 del Pla d&#8217;Organitzaci\u00f3 del Curs 2020-2021.<\/li>\n<\/ul>\n<\/li>\n<li>Indicadors relatius al professorat.\n<ul>\n<li>Grau de satisfacci\u00f3 amb el Pla d&#8217;Organitzaci\u00f3 del Curs 2020-2021.<\/li>\n<li>Grau de satisfacci\u00f3 amb el l&#8217;aplicaci\u00f3 del Pla d&#8217;Organitzaci\u00f3 del Curs 2020-2021.<\/li>\n<\/ul>\n<\/li>\n<\/ul>\n<\/li>\n<\/ul>\n<\/li>\n<li>Propostes de millora.\n<ul>\n<li>Com a criteri general amb periodicitat trimestral estudiarem propostes de millora i les implementarem.<\/li>\n<li>Valoraci\u00f3 del 1r trimestre (<a href=\"https:\/\/agora.xtec.cat\/inslarboc\/wp-content\/uploads\/usu1712\/2021\/01\/Val_1_trim_2020-2021.pdf\" target=\"_blank\" rel=\"noopener noreferrer\">acc\u00e9s<\/a>).<\/li>\n<li>Valoraci\u00f3 del 2n trimestre (<a href=\"https:\/\/agora.xtec.cat\/inslarboc\/wp-content\/uploads\/usu1712\/2021\/04\/val_2T.pdf\" target=\"_blank\" rel=\"noopener noreferrer\">acc\u00e9s<\/a>).<\/li>\n<\/ul>\n<\/li>\n<\/ul>\n<\/li>\n<\/ul>\n","protected":false},"excerpt":{"rendered":"<ul>\n<li>Diagnosi pr\u00e8via.\n<ul>\n<li>Espai de treball per als alumnes del 3r trimestre del curs 2019-2020 (<a href=\"https:\/\/agora.xtec.cat\/inslarboc\/eso\/a-latencio-dels-alumnes-i-les-families-de-linstitut-de-larboc\/\" target=\"_blank\" rel=\"noopener noreferrer\">acc\u00e9s<\/a>).<\/li>\n<li>Categoria de nodes de comunicaci\u00f3 amb les fam\u00edlies (<a href=\"https:\/\/agora.xtec.cat\/inslarboc\/categoria\/actualitat\/corona\/\" target=\"_blank\" rel=\"noopener noreferrer\">acc\u00e9s<\/a>).<\/li>\n<li>Pla d\u2019obertura de juny de 2020 (<a href=\"https:\/\/agora.xtec.cat\/inslarboc\/actualitat\/corona\/en-revisio-pla-de-desconfinament-de-l1-al-19-de-juny-de-2020\/\" target=\"_blank\" rel=\"noopener noreferrer\">acc\u00e9s<\/a>).<\/li>\n<li>Informacions del director dels Serveis Territorials&hellip;  <a href=\"https:\/\/agora.xtec.cat\/inslarboc\/diagnosi-previa-i-seguiment-del-pla\/\" title=\"Read Diagnosi pr\u00e8via i seguiment del pla\">Llegeix m\u00e9s\u00bb<\/a><br \/>\n","protected":false},"author":1,"featured_media":0,"parent":0,"menu_order":0,"comment_status":"closed","ping_status":"closed","template":"","meta":{"_bbp_topic_count":0,"_bbp_reply_count":0,"_bbp_total_topic_count":0,"_bbp_total_reply_count":0,"_bbp_voice_count":0,"_bbp_anonymous_reply_count":0,"_bbp_topic_count_hidden":0,"_bbp_reply_count_hidden":0,"_bbp_forum_subforum_count":0,"footnotes":""},"class_list":["post-5201","page","type-page","status-publish","hentry"],"post_mailing_queue_ids":[],"_links":{"self":[{"href":"https:\/\/agora.xtec.cat\/inslarboc\/wp-json\/wp\/v2\/pages\/5201","targetHints":{"allow":["GET"]}}],"collection":[{"href":"https:\/\/agora.xtec.cat\/inslarboc\/wp-json\/wp\/v2\/pages"}],"about":[{"href":"https:\/\/agora.xtec.cat\/inslarboc\/wp-json\/wp\/v2\/types\/page"}],"author":[{"embeddable":true,"href":"https:\/\/agora.xtec.cat\/inslarboc\/wp-json\/wp\/v2\/users\/1"}],"replies":[{"embeddable":true,"href":"https:\/\/agora.xtec.cat\/inslarboc\/wp-json\/wp\/v2\/comments?post=5201"}],"version-history":[{"count":4,"href":"https:\/\/agora.xtec.cat\/inslarboc\/wp-json\/wp\/v2\/pages\/5201\/revisions"}],"predecessor-version":[{"id":6391,"href":"https:\/\/agora.xtec.cat\/inslarboc\/wp-json\/wp\/v2\/pages\/5201\/revisions\/6391"}],"wp:attachment":[{"href":"https:\/\/agora.xtec.cat\/inslarboc\/wp-json\/wp\/v2\/media?parent=5201"}],"curies":[{"name":"wp","href":"https:\/\/api.w.org\/{rel}","templated":true}]}}