{"id":21,"date":"2014-09-17T16:14:14","date_gmt":"2014-09-17T16:14:14","guid":{"rendered":"http:\/\/agora.xtec.cat\/inslarboc\/?page_id=21"},"modified":"2026-01-22T09:56:29","modified_gmt":"2026-01-22T08:56:29","slug":"on-som","status":"publish","type":"page","link":"https:\/\/agora.xtec.cat\/inslarboc\/linstitut\/on-som\/","title":{"rendered":"On som"},"content":{"rendered":"<table style=\"height: 105px; width: 598px;\">\n<tbody>\n<tr>\n<td style=\"width: 280px;\"><strong>Institut de l&#8217;Arbo\u00e7<\/strong><br \/>\nAvinguda Pompeu Fabra, s\/n<br \/>\n43720 L&#8217;Arbo\u00e7<br \/>\n<a href=\"mailto:e3007580@xtec.cat\">e3007580<span class=\"\">@x<\/span>tec.cat<\/a><br \/>\nTel\u00e8fon: 977 67 10 65<\/td>\n<td style=\"width: 30px;\"><\/td>\n<td style=\"width: 276px;\"><strong>AFA de l&#8217;Institut de l&#8217;Arbo\u00e7<\/strong><br \/>\nAvinguda Pompeu Fabra, s\/n<br \/>\n43720 L&#8217;Arbo\u00e7<br \/>\n<a href=\"mailto:AFAIES.ARBOC@gmail.com\" target=\"_blank\" rel=\"noopener\">AFAIES.ARBOC<span class=\"\">@gmail.com<\/span><\/a><br \/>\n&nbsp;<\/td>\n<\/tr>\n<tr>\n<td style=\"width: 280px;\" colspan=\"3\"><strong>Horari de secretaria<br \/>\n<\/strong>Horari d&#8217;administraci\u00f3 d&#8217;octubre a maig<\/p>\n<ul>\n<li>dimecres de 09:30 a 15:30<\/li>\n<li>dilluns, dimarts, dijous i divendres de 9:30 a 13:30<\/li>\n<\/ul>\n<p>Horari d&#8217;administraci\u00f3 de juny, juliol i setembre (agost tancat)<\/p>\n<ul>\n<li>dimecres de 9:30 a 14:30<\/li>\n<li>dilluns, dimarts, dijous i divendres de 10:00 a 13:00<strong><br \/>\n<\/strong><\/li>\n<\/ul>\n<\/td>\n<\/tr>\n<\/tbody>\n<\/table>\n<p><iframe loading=\"lazy\" src=\"https:\/\/www.google.com\/maps\/embed?pb=!1m18!1m12!1m3!1d2998.830681800894!2d1.59521427922461!3d41.26902237937663!2m3!1f0!2f0!3f0!3m2!1i1024!2i768!4f13.1!3m3!1m2!1s0x12a38a0012138bfd%3A0x1d2b3eae364be90c!2sAv.+l'Institut%2C+43720+L'Arbo%C3%A7%2C+Tarragona!5e0!3m2!1sca!2ses!4v1511901595661\" width=\"600\" height=\"450\" frameborder=\"0\"><\/iframe><\/p>\n<p><strong>Com arribar-hi:<br \/>\n<\/strong><\/p>\n<ul>\n<li>Per tren: <a href=\"http:\/\/www.renfe.com\/viajeros\/cercanias\/planos\/barcelona.html\" target=\"_blank\" rel=\"noopener noreferrer\">Estaci\u00f3 l&#8217;Arbo\u00e7 de la l\u00ednia R4<\/a> (<a href=\"http:\/\/www.renfe.com\/viajeros\/cercanias\/barcelona\/index.html\" target=\"_blank\" rel=\"noopener noreferrer\">horaris<\/a>)<\/li>\n<li>Per bus: <a href=\"http:\/\/www.autocarsdelpenedes.com\/\" target=\"_blank\" rel=\"noopener noreferrer\">Autocars del Pened\u00e8s<\/a> (<a href=\"http:\/\/www.autocarsdelpenedes.com\/horarios\/tarragona_2017.pdf\" target=\"_blank\" rel=\"noopener noreferrer\">horaris<\/a>)<\/li>\n<\/ul>\n<p><strong>Escoles adscrites a l&#8217;institut:<br \/>\n<\/strong><\/p>\n<ul>\n<li>Escola Sant Juli\u00e0 &#8211; L&#8217;Arbo\u00e7<\/li>\n<li>Escola la Montanyeta &#8211;\u00a0 Bellvei<\/li>\n<li>Escola Muntanyans &#8211; Sant Mar\u00e7al (Castellet i la Gornal)<\/li>\n<li>Escola Mare de D\u00e9u del Priorat &#8211; Banyeres<\/li>\n<\/ul>\n","protected":false},"excerpt":{"rendered":"<p>Institut de l&#8217;Arbo\u00e7<br \/>\nAvinguda Pompeu Fabra, s\/n<br \/>\n43720 L&#8217;Arbo\u00e7<br \/>\n<a href=\"mailto:e3007580@xtec.cat\">e3007580@xtec.cat<\/a><br \/>\nTel\u00e8fon: 977 67 10 65<\/p>\n<p>AFA de l&#8217;Institut de l&#8217;Arbo\u00e7<br \/>\nAvinguda Pompeu Fabra, s\/n<br \/>\n43720 L&#8217;Arbo\u00e7<br \/>\n<a href=\"mailto:AFAIES.ARBOC@gmail.com\" target=\"_blank\" rel=\"noopener\">AFAIES.ARBOC@gmail.com<\/a><br \/>\n&nbsp;<\/p>\n<p>Horari de secretaria<br \/>\nHorari d&#8217;administraci\u00f3 d&#8217;octubre a maig<\/p>\n<ul>\n<li>dimecres de 09:30 a 15:30<\/li>\n<li>dilluns, dimarts, dijous i divendres de 9:30 a 13:30<\/li>\n<\/ul>\n<p>Horari d&#8217;administraci\u00f3 de juny, juliol&hellip;  <a href=\"https:\/\/agora.xtec.cat\/inslarboc\/linstitut\/on-som\/\" title=\"Read On som\">Llegeix m\u00e9s\u00bb<\/a><\/p>\n","protected":false},"author":1,"featured_media":0,"parent":19,"menu_order":10,"comment_status":"closed","ping_status":"closed","template":"page-templates\/side-menu.php","meta":{"_bbp_topic_count":0,"_bbp_reply_count":0,"_bbp_total_topic_count":0,"_bbp_total_reply_count":0,"_bbp_voice_count":0,"_bbp_anonymous_reply_count":0,"_bbp_topic_count_hidden":0,"_bbp_reply_count_hidden":0,"_bbp_forum_subforum_count":0,"footnotes":""},"class_list":["post-21","page","type-page","status-publish","hentry"],"post_mailing_queue_ids":[],"_links":{"self":[{"href":"https:\/\/agora.xtec.cat\/inslarboc\/wp-json\/wp\/v2\/pages\/21","targetHints":{"allow":["GET"]}}],"collection":[{"href":"https:\/\/agora.xtec.cat\/inslarboc\/wp-json\/wp\/v2\/pages"}],"about":[{"href":"https:\/\/agora.xtec.cat\/inslarboc\/wp-json\/wp\/v2\/types\/page"}],"author":[{"embeddable":true,"href":"https:\/\/agora.xtec.cat\/inslarboc\/wp-json\/wp\/v2\/users\/1"}],"replies":[{"embeddable":true,"href":"https:\/\/agora.xtec.cat\/inslarboc\/wp-json\/wp\/v2\/comments?post=21"}],"version-history":[{"count":7,"href":"https:\/\/agora.xtec.cat\/inslarboc\/wp-json\/wp\/v2\/pages\/21\/revisions"}],"predecessor-version":[{"id":14007,"href":"https:\/\/agora.xtec.cat\/inslarboc\/wp-json\/wp\/v2\/pages\/21\/revisions\/14007"}],"up":[{"embeddable":true,"href":"https:\/\/agora.xtec.cat\/inslarboc\/wp-json\/wp\/v2\/pages\/19"}],"wp:attachment":[{"href":"https:\/\/agora.xtec.cat\/inslarboc\/wp-json\/wp\/v2\/media?parent=21"}],"curies":[{"name":"wp","href":"https:\/\/api.w.org\/{rel}","templated":true}]}}