{"id":195,"date":"2014-09-22T10:39:39","date_gmt":"2014-09-22T10:39:39","guid":{"rendered":"http:\/\/agora.xtec.cat\/inslarboc\/?page_id=195"},"modified":"2018-01-21T20:09:17","modified_gmt":"2018-01-21T19:09:17","slug":"estudis","status":"publish","type":"page","link":"https:\/\/agora.xtec.cat\/inslarboc\/estudis\/","title":{"rendered":"Estudis"},"content":{"rendered":"<p>A l&#8217;espai <strong>Estudis\/Activitats<\/strong> s&#8217;hi inclou la informaci\u00f3 espec\u00edfica per a cadascuna de les etapes o cicles educatius que ofereix el centre. El primer que s&#8217;hi pot trobar s\u00f3n els criteris generals d&#8217;avaluaci\u00f3, que es fan p\u00fablics a principi de curs a trav\u00e9s del taulell d&#8217;anuncis de l&#8217;institut i tamb\u00e9 a trav\u00e9s d&#8217;aquest apartat de l&#8217;espai web del centre. Hi ha un apartat dedicat a l&#8217;ESO, un altre al batxillerat, i un d&#8217;espec\u00edfic dedicat a les Prov\u00e9s d&#8217;Acc\u00e9s a la Universitat (PAU). Incloem tamb\u00e9 un apartat que recull les sortides i activitats que efectuem en el centre.<\/p>\n<p>Una pluja d&#8217;idees del que es pot trobar en aquest apartat es pot obtenir amb la seg\u00fcent relaci\u00f3 de propostes: cr\u00e8dits,mat\u00e8ries optatives,cr\u00e8dit de s\u00edntesi, treball de recerca, viatges d&#8217;estudis, exemples d&#8217;ex\u00e0mens, itineraris universitaris, pr\u00e0ctiques a empreses, projectes de mobilitat, mesures flexibilitzadores: servei d&#8217;assessorament, servei de reconeixement acad\u00e8mic, cursos espec\u00edfics i de preparaci\u00f3, servei comunitari, PAU (notes de tall, calendari, ponderacions, exemples ex\u00e0mens, itineraris universitaris,\u2026), etc.<\/p>\n","protected":false},"excerpt":{"rendered":"<p>A l&#8217;espai Estudis\/Activitats s&#8217;hi inclou la informaci\u00f3 espec\u00edfica per a cadascuna de les etapes o cicles educatius que ofereix el centre. El primer que s&#8217;hi pot trobar s\u00f3n els criteris generals d&#8217;avaluaci\u00f3, que es fan p\u00fablics a principi de curs a trav\u00e9s del taulell d&#8217;anuncis&hellip;  <a href=\"https:\/\/agora.xtec.cat\/inslarboc\/estudis\/\" title=\"Read Estudis\">Llegeix m\u00e9s\u00bb<\/a><\/p>\n","protected":false},"author":1,"featured_media":0,"parent":0,"menu_order":0,"comment_status":"closed","ping_status":"closed","template":"","meta":{"_bbp_topic_count":0,"_bbp_reply_count":0,"_bbp_total_topic_count":0,"_bbp_total_reply_count":0,"_bbp_voice_count":0,"_bbp_anonymous_reply_count":0,"_bbp_topic_count_hidden":0,"_bbp_reply_count_hidden":0,"_bbp_forum_subforum_count":0,"footnotes":""},"class_list":["post-195","page","type-page","status-publish","hentry"],"post_mailing_queue_ids":[],"_links":{"self":[{"href":"https:\/\/agora.xtec.cat\/inslarboc\/wp-json\/wp\/v2\/pages\/195","targetHints":{"allow":["GET"]}}],"collection":[{"href":"https:\/\/agora.xtec.cat\/inslarboc\/wp-json\/wp\/v2\/pages"}],"about":[{"href":"https:\/\/agora.xtec.cat\/inslarboc\/wp-json\/wp\/v2\/types\/page"}],"author":[{"embeddable":true,"href":"https:\/\/agora.xtec.cat\/inslarboc\/wp-json\/wp\/v2\/users\/1"}],"replies":[{"embeddable":true,"href":"https:\/\/agora.xtec.cat\/inslarboc\/wp-json\/wp\/v2\/comments?post=195"}],"version-history":[{"count":2,"href":"https:\/\/agora.xtec.cat\/inslarboc\/wp-json\/wp\/v2\/pages\/195\/revisions"}],"predecessor-version":[{"id":708,"href":"https:\/\/agora.xtec.cat\/inslarboc\/wp-json\/wp\/v2\/pages\/195\/revisions\/708"}],"wp:attachment":[{"href":"https:\/\/agora.xtec.cat\/inslarboc\/wp-json\/wp\/v2\/media?parent=195"}],"curies":[{"name":"wp","href":"https:\/\/api.w.org\/{rel}","templated":true}]}}