{"id":19,"date":"2014-09-17T14:56:56","date_gmt":"2014-09-17T14:56:56","guid":{"rendered":"http:\/\/agora.xtec.cat\/inslarboc\/?page_id=19"},"modified":"2018-01-21T19:42:25","modified_gmt":"2018-01-21T18:42:25","slug":"linstitut","status":"publish","type":"page","link":"https:\/\/agora.xtec.cat\/inslarboc\/linstitut\/","title":{"rendered":"L&#8217;institut"},"content":{"rendered":"<p style=\"color: #444444;\">Aquesta secci\u00f3 cont\u00e9 les p\u00e0gines que faciliten una descripci\u00f3 general de l\u2019Institut de l&#8217;Arbo\u00e7. Hi podreu trobar dades de localitzaci\u00f3 i tamb\u00e9 l&#8217;organigrama del centre, entre d&#8217;altres on podreu accedir des del men\u00fa de l&#8217;esquerra.<\/p>\n","protected":false},"excerpt":{"rendered":"<p>Aquesta secci\u00f3 cont\u00e9 les p\u00e0gines que faciliten una descripci\u00f3 general de l\u2019Institut de l&#8217;Arbo\u00e7. Hi podreu trobar dades de localitzaci\u00f3 i tamb\u00e9 l&#8217;organigrama del centre, entre d&#8217;altres on podreu accedir des del men\u00fa de l&#8217;esquerra.<\/p>\n","protected":false},"author":1,"featured_media":0,"parent":0,"menu_order":10,"comment_status":"closed","ping_status":"closed","template":"page-templates\/side-menu.php","meta":{"_bbp_topic_count":0,"_bbp_reply_count":0,"_bbp_total_topic_count":0,"_bbp_total_reply_count":0,"_bbp_voice_count":0,"_bbp_anonymous_reply_count":0,"_bbp_topic_count_hidden":0,"_bbp_reply_count_hidden":0,"_bbp_forum_subforum_count":0,"footnotes":""},"class_list":["post-19","page","type-page","status-publish","hentry"],"post_mailing_queue_ids":[],"_links":{"self":[{"href":"https:\/\/agora.xtec.cat\/inslarboc\/wp-json\/wp\/v2\/pages\/19","targetHints":{"allow":["GET"]}}],"collection":[{"href":"https:\/\/agora.xtec.cat\/inslarboc\/wp-json\/wp\/v2\/pages"}],"about":[{"href":"https:\/\/agora.xtec.cat\/inslarboc\/wp-json\/wp\/v2\/types\/page"}],"author":[{"embeddable":true,"href":"https:\/\/agora.xtec.cat\/inslarboc\/wp-json\/wp\/v2\/users\/1"}],"replies":[{"embeddable":true,"href":"https:\/\/agora.xtec.cat\/inslarboc\/wp-json\/wp\/v2\/comments?post=19"}],"version-history":[{"count":2,"href":"https:\/\/agora.xtec.cat\/inslarboc\/wp-json\/wp\/v2\/pages\/19\/revisions"}],"predecessor-version":[{"id":703,"href":"https:\/\/agora.xtec.cat\/inslarboc\/wp-json\/wp\/v2\/pages\/19\/revisions\/703"}],"wp:attachment":[{"href":"https:\/\/agora.xtec.cat\/inslarboc\/wp-json\/wp\/v2\/media?parent=19"}],"curies":[{"name":"wp","href":"https:\/\/api.w.org\/{rel}","templated":true}]}}