{"id":9040,"date":"2021-09-10T19:47:00","date_gmt":"2021-09-10T17:47:00","guid":{"rendered":"https:\/\/agora.xtec.cat\/inslaplana\/?page_id=9040"},"modified":"2025-10-05T22:15:17","modified_gmt":"2025-10-05T20:15:17","slug":"info-eso","status":"publish","type":"page","link":"https:\/\/agora.xtec.cat\/inslaplana\/info-eso\/","title":{"rendered":"Info ESO"},"content":{"rendered":"<p>&nbsp;<\/p>\n<p>INFORMACIONS PER LES FAM\u00cdLIES curs 25-26: Organigrama, calendari, consell escolar i AMPA, tutories i equip docent, normativa, comunicaci\u00f3 amb les fam\u00edlies&#8230;<\/p>\n<p><a class=\"button small\" style=\"padding: 1em; font-weight: 400; margin: 0.1em; color: white !important; background-color: #ff3257bf;\" href=\"https:\/\/agora.xtec.cat\/inslaplana\/wp-content\/uploads\/usu1618\/2025\/10\/1r-ESO-Presentacions-Inici-de-Curs_compressed.pdf\" target=\"_blank\" rel=\"noopener noreferrer\">dossier 1r ESO<\/a>\u00a0<a class=\"button small\" style=\"padding: 1em; font-weight: 400; margin: 0.1em; color: white !important; background-color: #4c86a6;\" href=\"https:\/\/agora.xtec.cat\/inslaplana\/wp-content\/uploads\/usu1618\/2025\/10\/2n-ESO-Presentacions-Inici-de-Curs_compressed-1.pdf\" target=\"_blank\" rel=\"noopener noreferrer\">dossier 2n ESO<\/a> \u00a0<a class=\"button small\" style=\"padding: 1em; font-weight: 400; margin: 0.1em; color: white !important; background-color: #4c86a6bf;\" href=\"https:\/\/agora.xtec.cat\/inslaplana\/wp-content\/uploads\/usu1618\/2025\/10\/3r-ESO-Presentacions-Inici-de-Curs_compressed.pdf\" target=\"_blank\" rel=\"noopener noreferrer\">dossier 3r ESO<\/a>\u00a0 <a class=\"button small\" style=\"padding: 1em; font-weight: 400; margin: 0.1em; color: white !important; background-color: #767676;\" href=\"https:\/\/agora.xtec.cat\/inslaplana\/wp-content\/uploads\/usu1618\/2025\/10\/4t-ESO-Presentacions-Inici-de-Curs_compressed.pdf\" target=\"_blank\" rel=\"noopener noreferrer\">dossier 4t ESO\u00a0<\/a><\/p>\n<p>&nbsp;<\/p>\n<p>&nbsp;<\/p>\n","protected":false},"excerpt":{"rendered":"<p>&nbsp;<br \/>\nINFORMACIONS PER LES FAM\u00cdLIES curs 25-26: Organigrama, calendari, consell escolar i AMPA, tutories i equip docent, normativa, comunicaci\u00f3 amb les fam\u00edlies&#8230;<br \/>\n<a class=\"button small\" style=\"padding: 1em; font-weight: 400; margin: 0.1em; color: white !important; background-color: #ff3257bf;\" href=\"https:\/\/agora.xtec.cat\/inslaplana\/wp-content\/uploads\/usu1618\/2025\/10\/1r-ESO-Presentacions-Inici-de-Curs_compressed.pdf\" target=\"_blank\" rel=\"noopener noreferrer\">dossier 1r ESO<\/a>\u00a0<a class=\"button small\" style=\"padding: 1em; font-weight:&hellip;  <a href=\"https:\/\/agora.xtec.cat\/inslaplana\/info-eso\/\" title=\"Read Info ESO\">Llegeix m\u00e9s\u00bb<\/a><\/p>\n","protected":false},"author":1,"featured_media":0,"parent":0,"menu_order":0,"comment_status":"closed","ping_status":"closed","template":"","meta":{"_bbp_topic_count":0,"_bbp_reply_count":0,"_bbp_total_topic_count":0,"_bbp_total_reply_count":0,"_bbp_voice_count":0,"_bbp_anonymous_reply_count":0,"_bbp_topic_count_hidden":0,"_bbp_reply_count_hidden":0,"_bbp_forum_subforum_count":0,"footnotes":""},"class_list":["post-9040","page","type-page","status-publish","hentry"],"post_mailing_queue_ids":[],"_links":{"self":[{"href":"https:\/\/agora.xtec.cat\/inslaplana\/wp-json\/wp\/v2\/pages\/9040","targetHints":{"allow":["GET"]}}],"collection":[{"href":"https:\/\/agora.xtec.cat\/inslaplana\/wp-json\/wp\/v2\/pages"}],"about":[{"href":"https:\/\/agora.xtec.cat\/inslaplana\/wp-json\/wp\/v2\/types\/page"}],"author":[{"embeddable":true,"href":"https:\/\/agora.xtec.cat\/inslaplana\/wp-json\/wp\/v2\/users\/1"}],"replies":[{"embeddable":true,"href":"https:\/\/agora.xtec.cat\/inslaplana\/wp-json\/wp\/v2\/comments?post=9040"}],"version-history":[{"count":7,"href":"https:\/\/agora.xtec.cat\/inslaplana\/wp-json\/wp\/v2\/pages\/9040\/revisions"}],"predecessor-version":[{"id":19285,"href":"https:\/\/agora.xtec.cat\/inslaplana\/wp-json\/wp\/v2\/pages\/9040\/revisions\/19285"}],"wp:attachment":[{"href":"https:\/\/agora.xtec.cat\/inslaplana\/wp-json\/wp\/v2\/media?parent=9040"}],"curies":[{"name":"wp","href":"https:\/\/api.w.org\/{rel}","templated":true}]}}