{"id":81,"date":"2014-09-18T10:38:05","date_gmt":"2014-09-18T10:38:05","guid":{"rendered":"http:\/\/agora.xtec.cat\/inslaplana\/?page_id=81"},"modified":"2025-10-05T21:49:56","modified_gmt":"2025-10-05T19:49:56","slug":"secretaria","status":"publish","type":"page","link":"https:\/\/agora.xtec.cat\/inslaplana\/secretaria\/","title":{"rendered":"Secretaria"},"content":{"rendered":"<p>HORARIS D&#8217;ATENCI\u00d3 AL P\u00daBLIC<\/p>\n<ul>\n<li>De dilluns a divendres de 09:00h a 14:00h<\/li>\n<li>Dimarts a la tarda de 15:00h a 17:00h<\/li>\n<\/ul>\n<p>Els per\u00edodes de matr\u00edcula i altres avisos importants s&#8217;anunciaran amb la suficient antelaci\u00f3 en aquesta web.<\/p>\n<p>Tel\u00e8fon del centre: 938834851<\/p>\n<p>Adre\u00e7a electr\u00f2nica: a8062870<span class=\"\"><span class=\"\">@<\/span>xtec.cat<\/span><\/p>\n","protected":false},"excerpt":{"rendered":"<p>HORARIS D&#8217;ATENCI\u00d3 AL P\u00daBLIC<\/p>\n<ul>\n<li>De dilluns a divendres de 09:00h a 14:00h<\/li>\n<li>Dimarts a la tarda de 15:00h a 17:00h<\/li>\n<\/ul>\n<p>Els per\u00edodes de matr\u00edcula i altres avisos importants s&#8217;anunciaran amb la suficient antelaci\u00f3 en aquesta web.<br \/>\nTel\u00e8fon del centre: 938834851<br \/>\nAdre\u00e7a electr\u00f2nica: a8062870@xtec.cat<\/p>\n","protected":false},"author":1,"featured_media":0,"parent":0,"menu_order":0,"comment_status":"closed","ping_status":"closed","template":"","meta":{"_bbp_topic_count":0,"_bbp_reply_count":0,"_bbp_total_topic_count":0,"_bbp_total_reply_count":0,"_bbp_voice_count":0,"_bbp_anonymous_reply_count":0,"_bbp_topic_count_hidden":0,"_bbp_reply_count_hidden":0,"_bbp_forum_subforum_count":0,"footnotes":""},"class_list":["post-81","page","type-page","status-publish","hentry"],"post_mailing_queue_ids":[],"_links":{"self":[{"href":"https:\/\/agora.xtec.cat\/inslaplana\/wp-json\/wp\/v2\/pages\/81","targetHints":{"allow":["GET"]}}],"collection":[{"href":"https:\/\/agora.xtec.cat\/inslaplana\/wp-json\/wp\/v2\/pages"}],"about":[{"href":"https:\/\/agora.xtec.cat\/inslaplana\/wp-json\/wp\/v2\/types\/page"}],"author":[{"embeddable":true,"href":"https:\/\/agora.xtec.cat\/inslaplana\/wp-json\/wp\/v2\/users\/1"}],"replies":[{"embeddable":true,"href":"https:\/\/agora.xtec.cat\/inslaplana\/wp-json\/wp\/v2\/comments?post=81"}],"version-history":[{"count":6,"href":"https:\/\/agora.xtec.cat\/inslaplana\/wp-json\/wp\/v2\/pages\/81\/revisions"}],"predecessor-version":[{"id":19273,"href":"https:\/\/agora.xtec.cat\/inslaplana\/wp-json\/wp\/v2\/pages\/81\/revisions\/19273"}],"wp:attachment":[{"href":"https:\/\/agora.xtec.cat\/inslaplana\/wp-json\/wp\/v2\/media?parent=81"}],"curies":[{"name":"wp","href":"https:\/\/api.w.org\/{rel}","templated":true}]}}