{"id":762,"date":"2018-11-06T00:17:26","date_gmt":"2018-11-05T23:17:26","guid":{"rendered":"http:\/\/agora.xtec.cat\/inslaplana\/?page_id=762"},"modified":"2019-09-09T12:02:06","modified_gmt":"2019-09-09T10:02:06","slug":"la-plana-verda","status":"publish","type":"page","link":"https:\/\/agora.xtec.cat\/inslaplana\/projectes-del-centre\/la-plana-verda\/","title":{"rendered":"La Plana Verda"},"content":{"rendered":"<p><span style=\"text-decoration: underline;\"><strong><a href=\"https:\/\/es.calameo.com\/read\/004844652882d150deda6\" target=\"_blank\" rel=\"noopener noreferrer\">La Plana Verda, qu\u00e8 \u00e9s?<\/a><\/strong><\/span><a href=\"https:\/\/agora.xtec.cat\/inslaplana\/wp-content\/uploads\/usu1618\/2019\/09\/xesvic.jpg\"><img loading=\"lazy\" decoding=\"async\" class=\"wp-image-3592 size-full alignleft\" src=\"https:\/\/agora.xtec.cat\/inslaplana\/wp-content\/uploads\/usu1618\/2019\/09\/xesvic.jpg\" alt=\"\" width=\"270\" height=\"187\" \/><\/a><\/p>\n<p>&nbsp;<\/p>\n<p>&nbsp;<\/p>\n<p>&nbsp;<\/p>\n<h1><\/h1>\n<h1 class=\"title\">Alumnes de l\u2019Institut La Plana dissenyen campanyes per la millora del medi ambient<\/h1>\n<p>Els alumnes de primer d\u2019ESO de l\u2019Institut la Plana, van rebre l\u2019enc\u00e0rrec de l\u2019Ajuntament demanant col\u00b7laboraci\u00f3 per ajudar a crear alguna campanya o acci\u00f3 que serv\u00eds per canviar els h\u00e0bits de la ciutadania per la millora del medi ambient.<\/p>\n<p>Els alumnes van treballar a les aules els problemes ambientals i quina seria la millor manera d\u2019arribar a la ciutadania per millorar la recollida selectiva, l\u2019estalvi energ\u00e8tic i d\u2019aigua, les millores de l\u2019entorn natural i pensar alternatives per la mobilitat per millorar la qualitat de l\u2019aire a la ciutat.<\/p>\n<p>Els grups de primer d\u2019ESO, van decidir crear uns petits v\u00eddeos o cartells per fer la campanya per millorar els problemes ambientals de l\u2019entorn. Totes les propostes presentades s\u00f3n campanyes fetes i creades pels alumnes i sense l\u2019ajuda de cap adult.<\/p>\n<p>Felicitar a tots els alumnes participants i us animem a continuar treballant en temes de medi ambient. A continuaci\u00f3 podeu veure els v\u00eddeos guanyadors.<\/p>\n<p><a href=\"https:\/\/www.vic.cat\/viure-a-vic\/medi-ambient\/fitxers\/residus\/video-la-plana1\/at_download\/file\" target=\"_blank\" rel=\"noopener noreferrer\">V\u00eddeo 1: Aquesta \u00e9s la ciutat que volem<\/a><\/p>\n<p><a href=\"https:\/\/www.vic.cat\/viure-a-vic\/medi-ambient\/fitxers\/residus\/video-la-plana-2\/at_download\/file\" target=\"_blank\" rel=\"noopener noreferrer\">V\u00eddeo 2: Junts per una nova ciutat<\/a><\/p>\n","protected":false},"excerpt":{"rendered":"<p><a href=\"https:\/\/es.calameo.com\/read\/004844652882d150deda6\" target=\"_blank\" rel=\"noopener noreferrer\">La Plana Verda, qu\u00e8 \u00e9s?<\/a><a href=\"https:\/\/agora.xtec.cat\/inslaplana\/wp-content\/uploads\/usu1618\/2019\/09\/xesvic.jpg\"><\/a><br \/>\n&nbsp;<br \/>\n&nbsp;<br \/>\n&nbsp;<\/p>\n<p>Alumnes de l\u2019Institut La Plana dissenyen campanyes per la millora del medi ambient<br \/>\nEls alumnes de primer d\u2019ESO de l\u2019Institut la Plana, van rebre l\u2019enc\u00e0rrec de l\u2019Ajuntament demanant col\u00b7laboraci\u00f3 per ajudar a crear alguna campanya o acci\u00f3&hellip;  <a href=\"https:\/\/agora.xtec.cat\/inslaplana\/projectes-del-centre\/la-plana-verda\/\" title=\"Read La Plana Verda\">Llegeix m\u00e9s\u00bb<\/a><\/p>\n","protected":false},"author":1,"featured_media":0,"parent":999,"menu_order":0,"comment_status":"closed","ping_status":"closed","template":"page-templates\/side-menu.php","meta":{"_bbp_topic_count":0,"_bbp_reply_count":0,"_bbp_total_topic_count":0,"_bbp_total_reply_count":0,"_bbp_voice_count":0,"_bbp_anonymous_reply_count":0,"_bbp_topic_count_hidden":0,"_bbp_reply_count_hidden":0,"_bbp_forum_subforum_count":0,"footnotes":""},"class_list":["post-762","page","type-page","status-publish","hentry"],"post_mailing_queue_ids":[],"_links":{"self":[{"href":"https:\/\/agora.xtec.cat\/inslaplana\/wp-json\/wp\/v2\/pages\/762","targetHints":{"allow":["GET"]}}],"collection":[{"href":"https:\/\/agora.xtec.cat\/inslaplana\/wp-json\/wp\/v2\/pages"}],"about":[{"href":"https:\/\/agora.xtec.cat\/inslaplana\/wp-json\/wp\/v2\/types\/page"}],"author":[{"embeddable":true,"href":"https:\/\/agora.xtec.cat\/inslaplana\/wp-json\/wp\/v2\/users\/1"}],"replies":[{"embeddable":true,"href":"https:\/\/agora.xtec.cat\/inslaplana\/wp-json\/wp\/v2\/comments?post=762"}],"version-history":[{"count":4,"href":"https:\/\/agora.xtec.cat\/inslaplana\/wp-json\/wp\/v2\/pages\/762\/revisions"}],"predecessor-version":[{"id":3594,"href":"https:\/\/agora.xtec.cat\/inslaplana\/wp-json\/wp\/v2\/pages\/762\/revisions\/3594"}],"up":[{"embeddable":true,"href":"https:\/\/agora.xtec.cat\/inslaplana\/wp-json\/wp\/v2\/pages\/999"}],"wp:attachment":[{"href":"https:\/\/agora.xtec.cat\/inslaplana\/wp-json\/wp\/v2\/media?parent=762"}],"curies":[{"name":"wp","href":"https:\/\/api.w.org\/{rel}","templated":true}]}}