{"id":758,"date":"2018-11-06T00:08:28","date_gmt":"2018-11-05T23:08:28","guid":{"rendered":"http:\/\/agora.xtec.cat\/inslaplana\/?page_id=758"},"modified":"2019-12-17T09:25:12","modified_gmt":"2019-12-17T08:25:12","slug":"etwinning-school","status":"publish","type":"page","link":"https:\/\/agora.xtec.cat\/inslaplana\/projectes-del-centre\/etwinning-school\/","title":{"rendered":"eTwinning school"},"content":{"rendered":"<p><a href=\"https:\/\/agora.xtec.cat\/inslaplana\/wp-content\/uploads\/usu1618\/2018\/11\/baixa.jpg\"><img loading=\"lazy\" decoding=\"async\" class=\"aligncenter size-full wp-image-759\" src=\"https:\/\/agora.xtec.cat\/inslaplana\/wp-content\/uploads\/usu1618\/2018\/11\/baixa.jpg\" alt=\"\" width=\"275\" height=\"183\" \/><\/a><br \/>\nETwinning forma part d&#8217;Erasmus+, un programa de la Uni\u00f3 Europea que t\u00e9 com a objectiu fomentar i promoure el contacte i el treball col\u00b7laboratiu entre professorat i alumnat de diferents pa\u00efsos a trav\u00e9s de les TIC (tecnologies de la informaci\u00f3 i comunicaci\u00f3).<br \/>\nJa fa uns anys que l&#8217;institut va comen\u00e7ar a treballar en algun projecte d&#8217;eTwinning i l&#8217;any passat vam obtenir dos reconeixements pels projectes de 2n d&#8217;ESO que vam presentar: el Segell de Qualitat Nacional i el Segell de Qualitat Europea. Els projectes guardonats van ser &#8220;Through Teens&#8217; Lenses&#8221; i &#8220;One Europe &#8211; One Culture&#8221;. En aquests projectes els alumnes van poder con\u00e8ixer diferents cultures, diferents costums, &#8230; i tot amb l&#8217;angl\u00e8s com a llengua de comunicaci\u00f3.<br \/>\nEnguany continuem treballant amb eTwinning a 2n d&#8217;ESO amb tres projectes: &#8220;Be our Guest&#8221;, &#8220;What&#8217;s the news?&#8221; i &#8220;Let&#8217;s discover traditions with teens&#8221; i, a principis d&#8217;any,\u00a0 n&#8217;iniciem un a 4t d&#8217;ESO.<\/p>\n","protected":false},"excerpt":{"rendered":"<p><a href=\"https:\/\/agora.xtec.cat\/inslaplana\/wp-content\/uploads\/usu1618\/2018\/11\/baixa.jpg\"><\/a><br \/>\nETwinning forma part d&#8217;Erasmus+, un programa de la Uni\u00f3 Europea que t\u00e9 com a objectiu fomentar i promoure el contacte i el treball col\u00b7laboratiu entre professorat i alumnat de diferents pa\u00efsos a trav\u00e9s de les TIC (tecnologies de la informaci\u00f3 i comunicaci\u00f3).<br \/>\nJa fa uns&hellip;  <a href=\"https:\/\/agora.xtec.cat\/inslaplana\/projectes-del-centre\/etwinning-school\/\" title=\"Read eTwinning school\">Llegeix m\u00e9s\u00bb<\/a><\/p>\n","protected":false},"author":1,"featured_media":0,"parent":999,"menu_order":0,"comment_status":"closed","ping_status":"closed","template":"page-templates\/side-menu.php","meta":{"_bbp_topic_count":0,"_bbp_reply_count":0,"_bbp_total_topic_count":0,"_bbp_total_reply_count":0,"_bbp_voice_count":0,"_bbp_anonymous_reply_count":0,"_bbp_topic_count_hidden":0,"_bbp_reply_count_hidden":0,"_bbp_forum_subforum_count":0,"footnotes":""},"class_list":["post-758","page","type-page","status-publish","hentry"],"post_mailing_queue_ids":[],"_links":{"self":[{"href":"https:\/\/agora.xtec.cat\/inslaplana\/wp-json\/wp\/v2\/pages\/758","targetHints":{"allow":["GET"]}}],"collection":[{"href":"https:\/\/agora.xtec.cat\/inslaplana\/wp-json\/wp\/v2\/pages"}],"about":[{"href":"https:\/\/agora.xtec.cat\/inslaplana\/wp-json\/wp\/v2\/types\/page"}],"author":[{"embeddable":true,"href":"https:\/\/agora.xtec.cat\/inslaplana\/wp-json\/wp\/v2\/users\/1"}],"replies":[{"embeddable":true,"href":"https:\/\/agora.xtec.cat\/inslaplana\/wp-json\/wp\/v2\/comments?post=758"}],"version-history":[{"count":3,"href":"https:\/\/agora.xtec.cat\/inslaplana\/wp-json\/wp\/v2\/pages\/758\/revisions"}],"predecessor-version":[{"id":4522,"href":"https:\/\/agora.xtec.cat\/inslaplana\/wp-json\/wp\/v2\/pages\/758\/revisions\/4522"}],"up":[{"embeddable":true,"href":"https:\/\/agora.xtec.cat\/inslaplana\/wp-json\/wp\/v2\/pages\/999"}],"wp:attachment":[{"href":"https:\/\/agora.xtec.cat\/inslaplana\/wp-json\/wp\/v2\/media?parent=758"}],"curies":[{"name":"wp","href":"https:\/\/api.w.org\/{rel}","templated":true}]}}