{"id":752,"date":"2018-11-05T23:54:55","date_gmt":"2018-11-05T22:54:55","guid":{"rendered":"http:\/\/agora.xtec.cat\/inslaplana\/?page_id=752"},"modified":"2021-02-06T22:29:32","modified_gmt":"2021-02-06T21:29:32","slug":"organigrama-2","status":"publish","type":"page","link":"https:\/\/agora.xtec.cat\/inslaplana\/linstitut\/organigrama-2\/","title":{"rendered":"Organigrama"},"content":{"rendered":"<p><a href=\"https:\/\/agora.xtec.cat\/inslaplana\/wp-content\/uploads\/usu1618\/2021\/02\/1612646122814-01.jpeg\"><img loading=\"lazy\" decoding=\"async\" class=\" wp-image-7610 aligncenter\" src=\"https:\/\/agora.xtec.cat\/inslaplana\/wp-content\/uploads\/usu1618\/2021\/02\/1612646122814-01-300x53.jpeg\" alt=\"\" width=\"323\" height=\"57\" srcset=\"https:\/\/agora.xtec.cat\/inslaplana\/wp-content\/uploads\/usu1618\/2021\/02\/1612646122814-01-300x53.jpeg 300w, https:\/\/agora.xtec.cat\/inslaplana\/wp-content\/uploads\/usu1618\/2021\/02\/1612646122814-01-768x136.jpeg 768w, https:\/\/agora.xtec.cat\/inslaplana\/wp-content\/uploads\/usu1618\/2021\/02\/1612646122814-01-1024x182.jpeg 1024w\" sizes=\"auto, (max-width: 323px) 100vw, 323px\" \/> \u00a0 \u00a0 \u00a0 <\/a>Curs 2020\/2021<\/p>\n<p style=\"text-align: center;\"><strong>C\u00e0rrecs<\/strong><\/p>\n<table style=\"width: 513px; height: 791px;\" width=\"450\">\n<tbody>\n<tr style=\"height: 31px;\">\n<td style=\"width: 234.545px; text-align: center; height: 31px;\"><strong>C\u00c0RRECS<\/strong><\/td>\n<td style=\"width: 270.909px; text-align: center; height: 31px;\"><strong>PROFESSORS<\/strong><\/td>\n<\/tr>\n<tr style=\"height: 31px;\">\n<td style=\"width: 234.545px; height: 31px;\">Director\/a<\/td>\n<td style=\"width: 270.909px; height: 31px;\">Anna Roca<\/td>\n<\/tr>\n<tr style=\"height: 31px;\">\n<td style=\"width: 234.545px; height: 31px;\">Cap d&#8217;estudis<\/td>\n<td style=\"width: 270.909px; height: 31px;\">Vanesa Fern\u00e1ndez<\/td>\n<\/tr>\n<tr style=\"height: 31px;\">\n<td style=\"width: 234.545px; height: 31px;\">Secret\u00e0ria<\/td>\n<td style=\"width: 270.909px; height: 31px;\">Juncal Pujadas<\/td>\n<\/tr>\n<tr style=\"height: 31px;\">\n<td style=\"width: 234.545px; height: 31px;\">Coordinador pedag\u00f2gic<\/td>\n<td style=\"width: 270.909px; height: 31px;\">Judit Font<\/td>\n<\/tr>\n<tr style=\"height: 31px;\">\n<td style=\"width: 234.545px; height: 31px;\">Coordinador\/a 1r curs ESO<\/td>\n<td style=\"width: 270.909px; height: 31px;\">Marta Pla<\/td>\n<\/tr>\n<tr style=\"height: 31px;\">\n<td style=\"width: 234.545px; height: 31px;\">Coordinador\/a 2n curs ESO<\/td>\n<td style=\"width: 270.909px; height: 31px;\">Dolors Guerrero<\/td>\n<\/tr>\n<tr style=\"height: 31px;\">\n<td style=\"width: 234.545px; height: 31px;\">Coordinador\/a 3r curs ESO<\/td>\n<td style=\"width: 270.909px; height: 31px;\">Lourdes Vizca\u00edno<\/td>\n<\/tr>\n<tr style=\"height: 31px;\">\n<td style=\"width: 234.545px; height: 31px;\">Coordinador\/a 4t curs ESO<\/td>\n<td style=\"width: 270.909px; height: 31px;\">Lourdes Par\u00e9s<\/td>\n<\/tr>\n<tr style=\"height: 31px;\">\n<td style=\"width: 234.545px; height: 31px;\">Coordinador\/a batxillerat<\/td>\n<td style=\"width: 270.909px; height: 31px;\">Quim Zorrilla<\/td>\n<\/tr>\n<tr style=\"height: 31px;\">\n<td style=\"width: 234.545px; height: 31px;\">Cap d&#8217;\u00e0mbit ling\u00fc\u00edstic<\/td>\n<td style=\"width: 270.909px; height: 31px;\">Eva Vi\u00f1as<\/td>\n<\/tr>\n<tr style=\"height: 31px;\">\n<td style=\"width: 234.545px; height: 31px;\">Cap d&#8217;\u00e0mbit social i art\u00edstic<\/td>\n<td style=\"width: 270.909px; height: 31px;\">Eva Blasi<\/td>\n<\/tr>\n<tr style=\"height: 31px;\">\n<td style=\"width: 234.545px; height: 31px;\">Cap d&#8217;\u00e0mbit STEAM<\/td>\n<td style=\"width: 270.909px; height: 31px;\">Anna Guasch<\/td>\n<\/tr>\n<tr style=\"height: 31px;\">\n<td style=\"width: 234.545px; height: 31px;\">Coordinador\/a inform\u00e0tic<\/td>\n<td style=\"width: 270.909px; height: 31px;\">Josep Izquierdo \/ David Vila<\/td>\n<\/tr>\n<tr style=\"height: 31px;\">\n<td style=\"width: 234.545px; height: 31px;\">Coordinador\/a iEduca<\/td>\n<td style=\"width: 270.909px; height: 31px;\">Judit Fabreg\u00f3<\/td>\n<\/tr>\n<tr style=\"height: 31px;\">\n<td style=\"width: 234.545px; height: 31px;\">Coordinador\/a de riscos<\/td>\n<td style=\"width: 270.909px; height: 31px;\">Josep Alemany<\/td>\n<\/tr>\n<tr style=\"height: 31px;\">\n<td style=\"width: 234.545px; height: 31px;\">Coordinador\/a LIC<\/td>\n<td style=\"width: 270.909px; height: 31px;\">Dolors Guerrero<\/td>\n<\/tr>\n<tr style=\"height: 31px;\">\n<td style=\"width: 234.545px; height: 31px;\">Coordinador\/a Estada a l&#8217;empresa<\/td>\n<td style=\"width: 270.909px; height: 31px;\">Quim Zorrilla<\/td>\n<\/tr>\n<tr style=\"height: 47px;\">\n<td style=\"width: 234.545px; height: 47px;\">Coordinador\/a Pla Catal\u00e0 de l&#8217;Esport<\/td>\n<td style=\"width: 270.909px; height: 47px;\">Adri\u00e0 Casanovas<\/td>\n<\/tr>\n<tr style=\"height: 31px;\">\n<td style=\"width: 234.545px; height: 31px;\">Coordinador intercanvi \/ Erasmus<\/td>\n<td style=\"width: 270.909px; height: 31px;\">M\u00f2nica Herrera<\/td>\n<\/tr>\n<tr style=\"height: 31px;\">\n<td style=\"width: 234.545px; height: 31px;\">Coordinador LEGO FLL<\/td>\n<td style=\"width: 270.909px; height: 31px;\">Lourdes Vizca\u00edno<\/td>\n<\/tr>\n<tr style=\"height: 31px;\">\n<td style=\"width: 234.545px; height: 31px;\">Coordinaci\u00f3 web<\/td>\n<td style=\"width: 270.909px; height: 31px;\">Fina Arag\u00f3<\/td>\n<\/tr>\n<tr style=\"height: 31px;\">\n<td style=\"width: 234.545px; height: 31px;\">Coordinaci\u00f3 gastroneta \/imatge<\/td>\n<td style=\"width: 270.909px; height: 31px;\">Laia Figuerola<\/td>\n<\/tr>\n<tr style=\"height: 31px;\">\n<td style=\"width: 234.545px; height: 31px;\">Coordinaci\u00f3 servei a la comunitat<\/td>\n<td style=\"width: 270.909px; height: 31px;\">Francesc Rub\u00ed<\/td>\n<\/tr>\n<tr style=\"height: 31px;\">\n<td style=\"width: 234.545px; height: 31px;\">Coordinaci\u00f3 La Plana Verda<\/td>\n<td style=\"width: 270.909px; height: 31px;\">Eva Masramon<\/td>\n<\/tr>\n<\/tbody>\n<\/table>\n<p>f<\/p>\n<p style=\"text-align: center;\"><strong>Els tutors de grup:<\/strong><\/p>\n<table style=\"height: 730px; width: 342px;\" width=\"350\">\n<tbody>\n<tr style=\"height: 31px;\">\n<td style=\"text-align: center; height: 31px; width: 119.091px;\"><strong>GRUPS<\/strong><\/td>\n<td style=\"text-align: center; height: 31px; width: 215.455px;\"><strong>TUTORIES<\/strong><\/td>\n<\/tr>\n<tr style=\"height: 31px;\">\n<td style=\"height: 31px; width: 119.091px;\">1r A<\/td>\n<td style=\"height: 31px; width: 215.455px;\">Fina Arag\u00f3<\/td>\n<\/tr>\n<tr style=\"height: 31px;\">\n<td style=\"height: 31px; width: 119.091px;\">1r B<\/td>\n<td style=\"height: 31px; width: 215.455px;\">Elisenda Galobardes<\/td>\n<\/tr>\n<tr style=\"height: 31px;\">\n<td style=\"height: 31px; width: 119.091px;\">1r C<\/td>\n<td style=\"height: 31px; width: 215.455px;\">Mireia Gassol<\/td>\n<\/tr>\n<tr style=\"height: 31px;\">\n<td style=\"height: 31px; width: 119.091px;\">1r D<\/td>\n<td style=\"height: 31px; width: 215.455px;\">Isabel Sala<\/td>\n<\/tr>\n<tr>\n<td style=\"width: 119.091px;\">1r E<\/td>\n<td style=\"width: 215.455px;\">Jordi Salvans<\/td>\n<\/tr>\n<tr style=\"height: 31px;\">\n<td style=\"height: 31px; width: 119.091px;\">2n A<\/td>\n<td style=\"height: 31px; width: 215.455px;\">Eva Masramon<\/td>\n<\/tr>\n<tr style=\"height: 31px;\">\n<td style=\"height: 31px; width: 119.091px;\">2n B<\/td>\n<td style=\"height: 31px; width: 215.455px;\">Xavier Sans<\/td>\n<\/tr>\n<tr style=\"height: 31px;\">\n<td style=\"height: 31px; width: 119.091px;\">2n C<\/td>\n<td style=\"height: 31px; width: 215.455px;\">Berta Puigdom\u00e8nech<\/td>\n<\/tr>\n<tr style=\"height: 31px;\">\n<td style=\"height: 31px; width: 119.091px;\">2n D<\/td>\n<td style=\"height: 31px; width: 215.455px;\">M\u00f2nica Herrera<\/td>\n<\/tr>\n<tr style=\"height: 31px;\">\n<td style=\"height: 31px; width: 119.091px;\">3r A<\/td>\n<td style=\"height: 31px; width: 215.455px;\">J\u00falia Pamos<\/td>\n<\/tr>\n<tr style=\"height: 31px;\">\n<td style=\"height: 31px; width: 119.091px;\">3r B<\/td>\n<td style=\"height: 31px; width: 215.455px;\">Judit Novellas<\/td>\n<\/tr>\n<tr style=\"height: 31px;\">\n<td style=\"height: 31px; width: 119.091px;\">3r C<\/td>\n<td style=\"height: 31px; width: 215.455px;\">Helena Prieto<\/td>\n<\/tr>\n<tr style=\"height: 31px;\">\n<td style=\"height: 31px; width: 119.091px;\">3r D<\/td>\n<td style=\"height: 31px; width: 215.455px;\">Carme Gonz\u00e0lez<\/td>\n<\/tr>\n<tr style=\"height: 31px;\">\n<td style=\"height: 31px; width: 119.091px;\">4t A<\/td>\n<td style=\"height: 31px; width: 215.455px;\">Armand Guti\u00e9rrez<\/td>\n<\/tr>\n<tr style=\"height: 31px;\">\n<td style=\"height: 31px; width: 119.091px;\">4t B<\/td>\n<td style=\"height: 31px; width: 215.455px;\">Neus Cullell<\/td>\n<\/tr>\n<tr style=\"height: 31px;\">\n<td style=\"height: 31px; width: 119.091px;\">4t C<\/td>\n<td style=\"height: 31px; width: 215.455px;\">Sa\u00fcl Gand\u00eda<\/td>\n<\/tr>\n<tr style=\"height: 31px;\">\n<td style=\"height: 31px; width: 119.091px;\">4t D<\/td>\n<td style=\"height: 31px; width: 215.455px;\">L\u00eddia Rich<\/td>\n<\/tr>\n<tr style=\"height: 31px;\">\n<td style=\"height: 31px; width: 119.091px;\">A Oberta<\/td>\n<td style=\"height: 31px; width: 215.455px;\">Marta L\u00e1zaro<\/td>\n<\/tr>\n<tr style=\"height: 31px;\">\n<td style=\"height: 31px; width: 119.091px;\">1r batx A<\/td>\n<td style=\"height: 31px; width: 215.455px;\">Emili Benito<\/td>\n<\/tr>\n<tr style=\"height: 17px;\">\n<td style=\"height: 17px; width: 119.091px;\">1r batx B<\/td>\n<td style=\"height: 17px; width: 215.455px;\">Rosa M Ricart<\/td>\n<\/tr>\n<tr style=\"height: 31px;\">\n<td style=\"height: 31px; width: 119.091px;\">2n batx A<\/td>\n<td style=\"height: 31px; width: 215.455px;\">Gina Traveria<\/td>\n<\/tr>\n<tr>\n<td style=\"width: 119.091px;\">2n Batx B<\/td>\n<td style=\"width: 215.455px;\">Montse Jord\u00e0<\/td>\n<\/tr>\n<tr style=\"height: 31px;\">\n<td style=\"height: 31px; width: 119.091px;\">AA<\/td>\n<td style=\"height: 31px; width: 215.455px;\">Dolors Guerrero<\/td>\n<\/tr>\n<tr style=\"height: 31px;\">\n<td style=\"height: 31px; width: 119.091px;\">USEE<\/td>\n<td style=\"height: 31px; width: 215.455px;\"><\/td>\n<\/tr>\n<\/tbody>\n<\/table>\n<p style=\"text-align: center;\"><strong>Els vocals de cada departament<\/strong><\/p>\n<table width=\"583\">\n<tbody>\n<tr>\n<td style=\"text-align: center;\" width=\"224\"><strong>DEPARTAMENTS<\/strong><\/td>\n<td style=\"text-align: center;\" width=\"359\"><strong>VOCALS<\/strong><\/td>\n<\/tr>\n<tr>\n<td>Catal\u00e0<\/td>\n<td>Emili Benito<\/td>\n<\/tr>\n<tr>\n<td>Castell\u00e0<\/td>\n<td>Neus Culell<\/td>\n<\/tr>\n<tr>\n<td>Idiomes<\/td>\n<td>Elena Mart\u00ed<\/td>\n<\/tr>\n<tr>\n<td>Socials<\/td>\n<td>J\u00falia Pamos<\/td>\n<\/tr>\n<tr>\n<td>Tecnologies<\/td>\n<td>David Vila<\/td>\n<\/tr>\n<tr>\n<td>Naturals<\/td>\n<td>Marta L\u00e0zaro<\/td>\n<\/tr>\n<tr>\n<td>Matem\u00e0tiques<\/td>\n<td>Judit Fabreg\u00f3<\/td>\n<\/tr>\n<tr>\n<td>Orientaci\u00f3<\/td>\n<td>Lourdes Par\u00e9s<\/td>\n<\/tr>\n<tr>\n<td>M\u00fasica i Educaci\u00f3 F\u00edsica<\/td>\n<td>Maria \u00c0ngels Barnardas<\/td>\n<\/tr>\n<\/tbody>\n<\/table>\n<p style=\"text-align: center;\"><strong>Personal d&#8217;administraci\u00f3 i serveis<\/strong><\/p>\n<table style=\"height: 192px;\" width=\"585\">\n<tbody>\n<tr>\n<td style=\"width: 245.455px;\">Conserges<\/td>\n<td style=\"width: 332.727px;\">Maravillas Guirao \/ Jordi Costa<\/td>\n<\/tr>\n<tr>\n<td style=\"width: 245.455px;\">Administrativa<\/td>\n<td style=\"width: 332.727px;\">Cristina S\u00e0nchez-Lafuente<\/td>\n<\/tr>\n<tr>\n<td style=\"width: 245.455px;\">T\u00e8cnica d&#8217;integraci\u00f3 social<\/td>\n<td style=\"width: 332.727px;\">Marta Gonz\u00e0lez<\/td>\n<\/tr>\n<tr>\n<td style=\"width: 245.455px;\">Educadora d&#8217;educaci\u00f3 especial<\/td>\n<td style=\"width: 332.727px;\">Marta Vila<\/td>\n<\/tr>\n<tr>\n<td style=\"width: 245.455px;\">Vetlladores<\/td>\n<td style=\"width: 332.727px;\">Susanna Fern\u00e0ndez<\/td>\n<\/tr>\n<\/tbody>\n<\/table>\n","protected":false},"excerpt":{"rendered":"<p><a href=\"https:\/\/agora.xtec.cat\/inslaplana\/wp-content\/uploads\/usu1618\/2021\/02\/1612646122814-01.jpeg\"> \u00a0 \u00a0 \u00a0 <\/a>Curs 2020\/2021<br \/>\nC\u00e0rrecs<\/p>\n<p>C\u00c0RRECS<br \/>\nPROFESSORS<\/p>\n<p>Director\/a<br \/>\nAnna Roca<\/p>\n<p>Cap d&#8217;estudis<br \/>\nVanesa Fern\u00e1ndez<\/p>\n<p>Secret\u00e0ria<br \/>\nJuncal Pujadas<\/p>\n<p>Coordinador pedag\u00f2gic<br \/>\nJudit Font<\/p>\n<p>Coordinador\/a 1r curs ESO<br \/>\nMarta Pla<\/p>\n<p>Coordinador\/a 2n curs ESO<br \/>\nDolors Guerrero<\/p>\n<p>Coordinador\/a 3r curs ESO<br \/>\nLourdes Vizca\u00edno<\/p>\n<p>Coordinador\/a 4t curs ESO<br \/>\nLourdes Par\u00e9s<\/p>\n<p>Coordinador\/a batxillerat<br \/>\nQuim Zorrilla<\/p>\n<p>Cap d&#8217;\u00e0mbit ling\u00fc\u00edstic<br \/>\nEva Vi\u00f1as<\/p>\n<p>Cap d&#8217;\u00e0mbit social i art\u00edstic<br \/>\nEva Blasi<\/p>\n<p>Cap d&#8217;\u00e0mbit STEAM<br \/>\nAnna Guasch<\/p>\n<p>Coordinador\/a inform\u00e0tic<br \/>\nJosep Izquierdo \/&hellip;  <a href=\"https:\/\/agora.xtec.cat\/inslaplana\/linstitut\/organigrama-2\/\" title=\"Read Organigrama\">Llegeix m\u00e9s\u00bb<\/a><\/p>\n","protected":false},"author":1,"featured_media":0,"parent":19,"menu_order":0,"comment_status":"closed","ping_status":"closed","template":"","meta":{"_bbp_topic_count":0,"_bbp_reply_count":0,"_bbp_total_topic_count":0,"_bbp_total_reply_count":0,"_bbp_voice_count":0,"_bbp_anonymous_reply_count":0,"_bbp_topic_count_hidden":0,"_bbp_reply_count_hidden":0,"_bbp_forum_subforum_count":0,"footnotes":""},"class_list":["post-752","page","type-page","status-publish","hentry"],"post_mailing_queue_ids":[],"_links":{"self":[{"href":"https:\/\/agora.xtec.cat\/inslaplana\/wp-json\/wp\/v2\/pages\/752","targetHints":{"allow":["GET"]}}],"collection":[{"href":"https:\/\/agora.xtec.cat\/inslaplana\/wp-json\/wp\/v2\/pages"}],"about":[{"href":"https:\/\/agora.xtec.cat\/inslaplana\/wp-json\/wp\/v2\/types\/page"}],"author":[{"embeddable":true,"href":"https:\/\/agora.xtec.cat\/inslaplana\/wp-json\/wp\/v2\/users\/1"}],"replies":[{"embeddable":true,"href":"https:\/\/agora.xtec.cat\/inslaplana\/wp-json\/wp\/v2\/comments?post=752"}],"version-history":[{"count":4,"href":"https:\/\/agora.xtec.cat\/inslaplana\/wp-json\/wp\/v2\/pages\/752\/revisions"}],"predecessor-version":[{"id":7614,"href":"https:\/\/agora.xtec.cat\/inslaplana\/wp-json\/wp\/v2\/pages\/752\/revisions\/7614"}],"up":[{"embeddable":true,"href":"https:\/\/agora.xtec.cat\/inslaplana\/wp-json\/wp\/v2\/pages\/19"}],"wp:attachment":[{"href":"https:\/\/agora.xtec.cat\/inslaplana\/wp-json\/wp\/v2\/media?parent=752"}],"curies":[{"name":"wp","href":"https:\/\/api.w.org\/{rel}","templated":true}]}}