{"id":7456,"date":"2021-02-03T20:17:39","date_gmt":"2021-02-03T19:17:39","guid":{"rendered":"https:\/\/agora.xtec.cat\/inslaplana\/?page_id=7456"},"modified":"2021-09-11T00:47:48","modified_gmt":"2021-09-10T22:47:48","slug":"serveis-de-suport-extern","status":"publish","type":"page","link":"https:\/\/agora.xtec.cat\/inslaplana\/serveis-de-suport-extern\/","title":{"rendered":"Serveis de suport extern"},"content":{"rendered":"<p class=\"font_8\"><span class=\"color_18\">&#8211;\u00a0<a href=\"http:\/\/www.eapvic.org\/ca\/\" target=\"_blank\" rel=\"nofollow noopener noreferrer\" data-content=\"http:\/\/www.eapvic.org\/ca\/\" data-type=\"external\">CAP del Remei:<\/a><\/span>\u00a0 Ofereix serveis d&#8217;infermeria al centre als\u00a0 alumnes que ho demanen, setmanalment.<\/p>\n<p class=\"font_8\"><a href=\"https:\/\/serveiseducatius.xtec.cat\/osona\/categoria\/eap\/\" target=\"_blank\" rel=\"nofollow noopener noreferrer\" data-content=\"https:\/\/serveiseducatius.xtec.cat\/osona\/categoria\/eap\/\" data-type=\"external\"><span class=\"color_18\">&#8211; EAP Osona<\/span><\/a>: L&#8217; Isabel S\u00e1nchez \u00e9s l&#8217;assessora psicopedag\u00f2gica de refer\u00e0ncia al centre.<\/p>\n<p class=\"font_8\"><a href=\"http:\/\/benestar.vic.cat\/\" target=\"_blank\" rel=\"nofollow noopener noreferrer\" data-content=\"http:\/\/benestar.vic.cat\/\" data-type=\"external\"><span class=\"color_18\">&#8211; Serveis Socials de Vic:<\/span><\/a> Es faran tasques de protecci\u00f3, valoraci\u00f3 i intervenci\u00f3 de situacions de vulnerabilitat i risc social<\/p>\n<p class=\"font_8\">Altres serveis que col\u00b7laboren amb l&#8217;Ins La Plana:<\/p>\n<p class=\"font_8\">&#8211; <a href=\"http:\/\/www.xtec.cat\/~jcruz\/recursos\/c_uee.html\" target=\"_blank\" rel=\"noopener noreferrer\">UEC<\/a> (unitat d&#8217;escolaritzaci\u00f3 compartida<\/p>\n<p class=\"font_8\">&#8211; Centres de reeducaci\u00f3 de Vic (Criv, Osonament)<\/p>\n<p class=\"font_8\">&#8211; <a href=\"https:\/\/serveiseducatius.xtec.cat\/osona\/\" target=\"_blank\" rel=\"noopener noreferrer\">CRP<\/a> (Centre de recursos d&#8217;Osona)<\/p>\n<p class=\"font_8\">&#8211; <a href=\"http:\/\/xtec.gencat.cat\/ca\/serveis\/see\/cretdic\/\" target=\"_blank\" rel=\"noopener noreferrer\">CRETDIC<\/a><\/p>\n","protected":false},"excerpt":{"rendered":"<p>&#8211;\u00a0<a href=\"http:\/\/www.eapvic.org\/ca\/\" target=\"_blank\" rel=\"nofollow noopener noreferrer\" data-content=\"http:\/\/www.eapvic.org\/ca\/\" data-type=\"external\">CAP del Remei:<\/a>\u00a0 Ofereix serveis d&#8217;infermeria al centre als\u00a0 alumnes que ho demanen, setmanalment.<br \/>\n<a href=\"https:\/\/serveiseducatius.xtec.cat\/osona\/categoria\/eap\/\" target=\"_blank\" rel=\"nofollow noopener noreferrer\" data-content=\"https:\/\/serveiseducatius.xtec.cat\/osona\/categoria\/eap\/\" data-type=\"external\">&#8211; EAP Osona<\/a>: L&#8217; Isabel S\u00e1nchez \u00e9s l&#8217;assessora psicopedag\u00f2gica de refer\u00e0ncia al centre.<br \/>\n<a href=\"http:\/\/benestar.vic.cat\/\" target=\"_blank\" rel=\"nofollow noopener noreferrer\"&hellip;  <a href=\"https:\/\/agora.xtec.cat\/inslaplana\/serveis-de-suport-extern\/\" title=\"Read Serveis de suport extern\">Llegeix m\u00e9s\u00bb<\/a><\/p>\n","protected":false},"author":1,"featured_media":0,"parent":0,"menu_order":0,"comment_status":"closed","ping_status":"closed","template":"","meta":{"_bbp_topic_count":0,"_bbp_reply_count":0,"_bbp_total_topic_count":0,"_bbp_total_reply_count":0,"_bbp_voice_count":0,"_bbp_anonymous_reply_count":0,"_bbp_topic_count_hidden":0,"_bbp_reply_count_hidden":0,"_bbp_forum_subforum_count":0,"footnotes":""},"class_list":["post-7456","page","type-page","status-publish","hentry"],"post_mailing_queue_ids":[],"_links":{"self":[{"href":"https:\/\/agora.xtec.cat\/inslaplana\/wp-json\/wp\/v2\/pages\/7456","targetHints":{"allow":["GET"]}}],"collection":[{"href":"https:\/\/agora.xtec.cat\/inslaplana\/wp-json\/wp\/v2\/pages"}],"about":[{"href":"https:\/\/agora.xtec.cat\/inslaplana\/wp-json\/wp\/v2\/types\/page"}],"author":[{"embeddable":true,"href":"https:\/\/agora.xtec.cat\/inslaplana\/wp-json\/wp\/v2\/users\/1"}],"replies":[{"embeddable":true,"href":"https:\/\/agora.xtec.cat\/inslaplana\/wp-json\/wp\/v2\/comments?post=7456"}],"version-history":[{"count":2,"href":"https:\/\/agora.xtec.cat\/inslaplana\/wp-json\/wp\/v2\/pages\/7456\/revisions"}],"predecessor-version":[{"id":9117,"href":"https:\/\/agora.xtec.cat\/inslaplana\/wp-json\/wp\/v2\/pages\/7456\/revisions\/9117"}],"wp:attachment":[{"href":"https:\/\/agora.xtec.cat\/inslaplana\/wp-json\/wp\/v2\/media?parent=7456"}],"curies":[{"name":"wp","href":"https:\/\/api.w.org\/{rel}","templated":true}]}}