{"id":735,"date":"2018-11-05T23:11:00","date_gmt":"2018-11-05T22:11:00","guid":{"rendered":"http:\/\/agora.xtec.cat\/inslaplana\/?page_id=735"},"modified":"2018-11-11T22:41:39","modified_gmt":"2018-11-11T21:41:39","slug":"escola-nova-21","status":"publish","type":"page","link":"https:\/\/agora.xtec.cat\/inslaplana\/formacio-professorat\/escola-nova-21\/","title":{"rendered":"Escola Nova 21"},"content":{"rendered":"<p><a href=\"https:\/\/agora.xtec.cat\/inslaplana\/wp-content\/uploads\/usu1618\/2018\/11\/slide1-escola-nova-21.jpg\"><img loading=\"lazy\" decoding=\"async\" class=\"aligncenter size-full wp-image-739\" src=\"https:\/\/agora.xtec.cat\/inslaplana\/wp-content\/uploads\/usu1618\/2018\/11\/slide1-escola-nova-21.jpg\" alt=\"\" width=\"730\" height=\"340\" srcset=\"https:\/\/agora.xtec.cat\/inslaplana\/wp-content\/uploads\/usu1618\/2018\/11\/slide1-escola-nova-21.jpg 730w, https:\/\/agora.xtec.cat\/inslaplana\/wp-content\/uploads\/usu1618\/2018\/11\/slide1-escola-nova-21-300x140.jpg 300w\" sizes=\"auto, (max-width: 730px) 100vw, 730px\" \/><\/a><\/p>\n<p style=\"text-align: center;\"><a href=\"https:\/\/www.escolanova21.cat\/\">Escola Nova 21<\/a>\u00a0 WEB<\/p>\n<p>Escola Nova 21 \u00e9s una alian\u00e7a de centres educatius i entitats per un sistema educatiu avan\u00e7at, que respon a la crida de la UNESCO per la participaci\u00f3 de tots els sectors en un proc\u00e9s inclusiu de millora de l\u2019educaci\u00f3. Es va crear el gener de 2016 per conveni entre el <a href=\"http:\/\/unescocat.org\/es\/\">Centre UNESCO de Catalunya<\/a>, <a href=\"https:\/\/www.fbofill.cat\/\">la Fundaci\u00f3 Jaume Bofill<\/a> i la <a href=\"https:\/\/www.uoc.edu\/portal\/ca\/index.html\">Universitat Oberta de Catalunya<\/a>, al que s\u2019hi van sumar l\u2019Obra Social \u201cla Caixa\u201d i la Diputaci\u00f3 de Barcelona. El programa va n\u00e9ixer amb el suport de la Federaci\u00f3 de Moviments de Renovaci\u00f3 Pedag\u00f2gica, la Federaci\u00f3 d\u2019Associacions de Mares i Pares de Catalunya <a href=\"http:\/\/www.fapac.cat\/\">(FAPaC)<\/a>, i la Fundaci\u00f3 <a href=\"https:\/\/www.femcat.cat\/es\/\">FemCAT<\/a>, i compta tamb\u00e9 amb el suport de la Fundaci\u00f3 <a href=\"http:\/\/fundacio.cat\/es\">PuntCAT<\/a> pel desenvolupament de l\u2019estrat\u00e8gia digital.<\/p>\n<p>El programa t\u00e9 signat des dels seus inicis un conveni de col\u00b7laboraci\u00f3 amb el Departament d\u2019Ensenyament de la Generalitat, amb qui treballa conjuntament en la planificaci\u00f3 de les accions de transformaci\u00f3 educativa per tal que sumin esfor\u00e7os amb el treball que fan els professionals del Departament.<\/p>\n<p>Aquesta horitz\u00f3 com\u00fa d\u2019actualitzaci\u00f3 es concreta en el que s\u2019ha anomenat \u201cmarc d\u2019escola avan\u00e7ada\u201d, una refer\u00e8ncia que possibilita molts models i projectes diferents per\u00f2 que tenen en com\u00fa <strong>quatre eixos<\/strong> interconnectats i interdependents:<\/p>\n<ul>\n<li><strong>Prop\u00f2sit<\/strong>\u00a0educatiu dirigit a desenvolupar compet\u00e8ncies per a la vida.<\/li>\n<li><strong>Pr\u00e0ctiques<\/strong>\u00a0d\u2019aprenentatge basades en el coneixement existent de com les persones aprenen.<\/li>\n<li><strong>Avaluaci\u00f3<\/strong>\u00a0competencial i global, que contribueix a l\u2019aprenentatge.<\/li>\n<li><strong>Organitzaci\u00f3<\/strong>\u00a0aut\u00f2noma i oberta, capa\u00e7 de l\u2019autoreflexi\u00f3 i d\u2019actualitzar-se i de formar-se.<a href=\"https:\/\/agora.xtec.cat\/inslaplana\/wp-content\/uploads\/usu1618\/2018\/11\/Escola-nova-2.png\"><img loading=\"lazy\" decoding=\"async\" class=\"aligncenter size-full wp-image-740\" src=\"https:\/\/agora.xtec.cat\/inslaplana\/wp-content\/uploads\/usu1618\/2018\/11\/Escola-nova-2.png\" alt=\"\" width=\"295\" height=\"243\" \/><\/a><\/li>\n<\/ul>\n","protected":false},"excerpt":{"rendered":"<p><a href=\"https:\/\/agora.xtec.cat\/inslaplana\/wp-content\/uploads\/usu1618\/2018\/11\/slide1-escola-nova-21.jpg\"><\/a><br \/>\n<a href=\"https:\/\/www.escolanova21.cat\/\">Escola Nova 21<\/a>\u00a0 WEB<br \/>\nEscola Nova 21 \u00e9s una alian\u00e7a de centres educatius i entitats per un sistema educatiu avan\u00e7at, que respon a la crida de la UNESCO per la participaci\u00f3 de tots els sectors en un proc\u00e9s inclusiu de millora de l\u2019educaci\u00f3. Es&hellip;  <a href=\"https:\/\/agora.xtec.cat\/inslaplana\/formacio-professorat\/escola-nova-21\/\" title=\"Read Escola Nova 21\">Llegeix m\u00e9s\u00bb<\/a><\/p>\n","protected":false},"author":1,"featured_media":0,"parent":1027,"menu_order":0,"comment_status":"closed","ping_status":"closed","template":"page-templates\/side-menu.php","meta":{"_bbp_topic_count":0,"_bbp_reply_count":0,"_bbp_total_topic_count":0,"_bbp_total_reply_count":0,"_bbp_voice_count":0,"_bbp_anonymous_reply_count":0,"_bbp_topic_count_hidden":0,"_bbp_reply_count_hidden":0,"_bbp_forum_subforum_count":0,"footnotes":""},"class_list":["post-735","page","type-page","status-publish","hentry"],"post_mailing_queue_ids":[],"_links":{"self":[{"href":"https:\/\/agora.xtec.cat\/inslaplana\/wp-json\/wp\/v2\/pages\/735","targetHints":{"allow":["GET"]}}],"collection":[{"href":"https:\/\/agora.xtec.cat\/inslaplana\/wp-json\/wp\/v2\/pages"}],"about":[{"href":"https:\/\/agora.xtec.cat\/inslaplana\/wp-json\/wp\/v2\/types\/page"}],"author":[{"embeddable":true,"href":"https:\/\/agora.xtec.cat\/inslaplana\/wp-json\/wp\/v2\/users\/1"}],"replies":[{"embeddable":true,"href":"https:\/\/agora.xtec.cat\/inslaplana\/wp-json\/wp\/v2\/comments?post=735"}],"version-history":[{"count":2,"href":"https:\/\/agora.xtec.cat\/inslaplana\/wp-json\/wp\/v2\/pages\/735\/revisions"}],"predecessor-version":[{"id":990,"href":"https:\/\/agora.xtec.cat\/inslaplana\/wp-json\/wp\/v2\/pages\/735\/revisions\/990"}],"up":[{"embeddable":true,"href":"https:\/\/agora.xtec.cat\/inslaplana\/wp-json\/wp\/v2\/pages\/1027"}],"wp:attachment":[{"href":"https:\/\/agora.xtec.cat\/inslaplana\/wp-json\/wp\/v2\/media?parent=735"}],"curies":[{"name":"wp","href":"https:\/\/api.w.org\/{rel}","templated":true}]}}