{"id":725,"date":"2018-11-05T22:40:51","date_gmt":"2018-11-05T21:40:51","guid":{"rendered":"http:\/\/agora.xtec.cat\/inslaplana\/?page_id=725"},"modified":"2018-11-12T01:47:59","modified_gmt":"2018-11-12T00:47:59","slug":"projecte-peris","status":"publish","type":"page","link":"https:\/\/agora.xtec.cat\/inslaplana\/projectes-del-centre\/projecte-peris\/","title":{"rendered":"PERIS"},"content":{"rendered":"<p><a href=\"https:\/\/agora.xtec.cat\/inslaplana\/wp-content\/uploads\/usu1618\/2018\/11\/std-rz_xlg.jpeg\"><img loading=\"lazy\" decoding=\"async\" class=\"wp-image-746 alignright\" src=\"https:\/\/agora.xtec.cat\/inslaplana\/wp-content\/uploads\/usu1618\/2018\/11\/std-rz_xlg-1024x576.jpeg\" alt=\"\" width=\"535\" height=\"301\" srcset=\"https:\/\/agora.xtec.cat\/inslaplana\/wp-content\/uploads\/usu1618\/2018\/11\/std-rz_xlg-1024x576.jpeg 1024w, https:\/\/agora.xtec.cat\/inslaplana\/wp-content\/uploads\/usu1618\/2018\/11\/std-rz_xlg-300x169.jpeg 300w, https:\/\/agora.xtec.cat\/inslaplana\/wp-content\/uploads\/usu1618\/2018\/11\/std-rz_xlg-768x432.jpeg 768w, https:\/\/agora.xtec.cat\/inslaplana\/wp-content\/uploads\/usu1618\/2018\/11\/std-rz_xlg.jpeg 1200w\" sizes=\"auto, (max-width: 535px) 100vw, 535px\" \/><\/a><\/p>\n<p>El Pla Estrat\u00e8gic de Recerca i Innovaci\u00f3 en Salut (PERIS) 2016-2020 \u00e9s una eina de planificaci\u00f3 i coordinaci\u00f3 que estableix les l\u00ednies generals de recerca i innovaci\u00f3 en mat\u00e8ria de salut impulsada pel Govern de la Generalitat a trav\u00e9s del Departament de Salut.\u00a0El seu prop\u00f2sit \u00e9s millorar la salut dels ciutadans a partir del coneixement generat per la recerca i\u00a0 la innovaci\u00f3.<\/p>\n<p>Pel que fa als\u00a0ajuts PERIS per a projectes de l\u2019\u00e0mbit de la salut mental, la \u00a0VHIR (Vall d&#8217;Hebr\u00f3n, Institut de Recerca) coordina el projecte <strong>\u201c<em>Trastorns del neurodesenvolupament, frac\u00e0s escolar i alteracions conductuals a l\u2019adolesc\u00e8ncia: estudi prospectiu i de modelitzaci\u00f3 territorial de dos grups d\u2019alumnes d\u2019ESO de la Catalunya Central<\/em>\u201d,\u00a0<\/strong>\u00a0amb la col\u00b7laboraci\u00f3 dels doctors Miquel Casas i Sergi Valero de la Vall d\u2019Hebron.<\/p>\n<p>L\u2019 <strong>objectiu<\/strong> del projecte \u00e9s prevenir el frac\u00e0s escolar a partir del diagn\u00f2stic i tractament de trastorns de neurodesenvolupament i les seves conseq\u00fc\u00e8ncies conductuals en estudiants d\u2019ESO a les poblacions de Vic, Manresa, Manlleu i Centelles, empre amb el consentiment de les fam\u00edlies.<\/p>\n<p>El projecte ha estat finan\u00e7at amb 197.598 \u20ac fruit de la convocat\u00f2ria competitiva PERIS de la Generalitat de Catalunya<\/p>\n<p>&nbsp;<\/p>\n","protected":false},"excerpt":{"rendered":"<p><a href=\"https:\/\/agora.xtec.cat\/inslaplana\/wp-content\/uploads\/usu1618\/2018\/11\/std-rz_xlg.jpeg\"><\/a><br \/>\nEl Pla Estrat\u00e8gic de Recerca i Innovaci\u00f3 en Salut (PERIS) 2016-2020 \u00e9s una eina de planificaci\u00f3 i coordinaci\u00f3 que estableix les l\u00ednies generals de recerca i innovaci\u00f3 en mat\u00e8ria de salut impulsada pel Govern de la Generalitat a trav\u00e9s del Departament de Salut.\u00a0El seu&hellip;  <a href=\"https:\/\/agora.xtec.cat\/inslaplana\/projectes-del-centre\/projecte-peris\/\" title=\"Read PERIS\">Llegeix m\u00e9s\u00bb<\/a><\/p>\n","protected":false},"author":1,"featured_media":0,"parent":999,"menu_order":0,"comment_status":"closed","ping_status":"closed","template":"page-templates\/side-menu.php","meta":{"_bbp_topic_count":0,"_bbp_reply_count":0,"_bbp_total_topic_count":0,"_bbp_total_reply_count":0,"_bbp_voice_count":0,"_bbp_anonymous_reply_count":0,"_bbp_topic_count_hidden":0,"_bbp_reply_count_hidden":0,"_bbp_forum_subforum_count":0,"footnotes":""},"class_list":["post-725","page","type-page","status-publish","hentry"],"post_mailing_queue_ids":[],"_links":{"self":[{"href":"https:\/\/agora.xtec.cat\/inslaplana\/wp-json\/wp\/v2\/pages\/725","targetHints":{"allow":["GET"]}}],"collection":[{"href":"https:\/\/agora.xtec.cat\/inslaplana\/wp-json\/wp\/v2\/pages"}],"about":[{"href":"https:\/\/agora.xtec.cat\/inslaplana\/wp-json\/wp\/v2\/types\/page"}],"author":[{"embeddable":true,"href":"https:\/\/agora.xtec.cat\/inslaplana\/wp-json\/wp\/v2\/users\/1"}],"replies":[{"embeddable":true,"href":"https:\/\/agora.xtec.cat\/inslaplana\/wp-json\/wp\/v2\/comments?post=725"}],"version-history":[{"count":3,"href":"https:\/\/agora.xtec.cat\/inslaplana\/wp-json\/wp\/v2\/pages\/725\/revisions"}],"predecessor-version":[{"id":1100,"href":"https:\/\/agora.xtec.cat\/inslaplana\/wp-json\/wp\/v2\/pages\/725\/revisions\/1100"}],"up":[{"embeddable":true,"href":"https:\/\/agora.xtec.cat\/inslaplana\/wp-json\/wp\/v2\/pages\/999"}],"wp:attachment":[{"href":"https:\/\/agora.xtec.cat\/inslaplana\/wp-json\/wp\/v2\/media?parent=725"}],"curies":[{"name":"wp","href":"https:\/\/api.w.org\/{rel}","templated":true}]}}