{"id":43,"date":"2014-09-17T16:45:07","date_gmt":"2014-09-17T16:45:07","guid":{"rendered":"http:\/\/agora.xtec.cat\/inslaplana\/?page_id=43"},"modified":"2024-10-29T07:19:56","modified_gmt":"2024-10-29T06:19:56","slug":"consell-escolar","status":"publish","type":"page","link":"https:\/\/agora.xtec.cat\/inslaplana\/consell-escolar\/","title":{"rendered":"Consell escolar"},"content":{"rendered":"<p>&nbsp;<\/p>\n<p style=\"text-align: center;\"><strong><u>MEMBRES DEL CONSELL ESCOLAR, CURS 19-20<\/u><\/strong><\/p>\n<p>El\u00a0 curs 2018-19 es van realitzar eleccions al Consell Escolar del nostre institut. Els representants s\u00f3n:<\/p>\n<table style=\"height: 331px; width: 87.5902%;\" width=\"599\">\n<tbody>\n<tr style=\"height: 35px;\">\n<td style=\"width: 48.7261%; height: 35px;\">Presidenta<\/td>\n<td style=\"width: 108.917%; height: 35px;\">Anna Roca<\/td>\n<\/tr>\n<tr style=\"height: 35px;\">\n<td style=\"width: 48.7261%; height: 35px;\">Secret\u00e0ria<\/td>\n<td style=\"width: 108.917%; height: 35px;\">Juncal Pujadas<\/td>\n<\/tr>\n<tr style=\"height: 35px;\">\n<td style=\"width: 48.7261%; height: 35px;\">Cap d&#8217;Estudis<\/td>\n<td style=\"width: 108.917%; height: 35px;\">Vanesa Fern\u00e0ndez<\/td>\n<\/tr>\n<tr style=\"height: 51px;\">\n<td style=\"width: 48.7261%; height: 51px;\">Representatns professorat<\/td>\n<td style=\"width: 108.917%; height: 51px;\">Fina Arag\u00f3. Eva Masramon. Lourdes Vizca\u00edno. Edward Van Herreweghe. Marta Ti\u00f3. Montserrat Pascual i Judit Fabreg\u00f3.<\/td>\n<\/tr>\n<tr style=\"height: 35px;\">\n<td style=\"width: 48.7261%; height: 35px;\">Representants pares i mares<\/td>\n<td style=\"width: 108.917%; height: 35px;\">Eva Casas\u00fas. Jordi Figuerola. Andreu Creus.<\/td>\n<\/tr>\n<tr style=\"height: 35px;\">\n<td style=\"width: 48.7261%; height: 35px;\">Representants alumnat<\/td>\n<td style=\"width: 108.917%; height: 35px;\">Patxi Kyere. Wumiao Lai<\/td>\n<\/tr>\n<tr style=\"height: 35px;\">\n<td style=\"width: 48.7261%; height: 35px;\">Representant PAE<\/p>\n<p>Representant PAS<\/td>\n<td style=\"width: 108.917%; height: 35px;\">Marta Gonz\u00e0lez<\/p>\n<p>Sergi Vila<\/td>\n<\/tr>\n<tr style=\"height: 35px;\">\n<td style=\"width: 48.7261%; height: 35px;\">Representant AFA<\/td>\n<td style=\"width: 108.917%; height: 35px;\">Jordi Bagaria<\/td>\n<\/tr>\n<tr style=\"height: 35px;\">\n<td style=\"width: 48.7261%; height: 35px;\">Representant de l&#8217;Ajuntament de Vic<\/td>\n<td style=\"width: 108.917%; height: 35px;\">Elisabet Franquesa<\/td>\n<\/tr>\n<\/tbody>\n<\/table>\n<div><\/div>\n<p>&nbsp;<\/p>\n<p>&nbsp;<\/p>\n<figure class=\"figure wp-caption alignleft\"><a href=\"https:\/\/agora.xtec.cat\/inslaplana\/wp-content\/uploads\/usu1618\/2018\/11\/IMG_20181120_120546-01-e1542751646813.jpeg\"><img loading=\"lazy\" decoding=\"async\" class=\"wp-image-1414 size-large\" src=\"https:\/\/agora.xtec.cat\/inslaplana\/wp-content\/uploads\/usu1618\/2018\/11\/IMG_20181120_120546-01-1024x511.jpeg\" alt=\"\" width=\"1024\" height=\"511\" \/><\/a><figcaption class=\"wp-caption-text\">D&#8217;esquerra a dreta: Anna Roca (directora), Camni Raj, \u00c0lex Soler, Daniela Font, Aina Sagal\u00e9s, Mauly Sharma, Aina Trabal, Isabella Rodr\u00edguez (candidats a representar als alumnes al Consell Escolar, en les eleccions del curs 18-19) i Juncal Pujades (Secretaria).<\/figcaption><\/figure>\n","protected":false},"excerpt":{"rendered":"<p>&nbsp;<br \/>\nMEMBRES DEL CONSELL ESCOLAR, CURS 19-20<br \/>\nEl\u00a0 curs 2018-19 es van realitzar eleccions al Consell Escolar del nostre institut. Els representants s\u00f3n:<\/p>\n<p>Presidenta<br \/>\nAnna Roca<\/p>\n<p>Secret\u00e0ria<br \/>\nJuncal Pujadas<\/p>\n<p>Cap d&#8217;Estudis<br \/>\nVanesa Fern\u00e0ndez<\/p>\n<p>Representatns professorat<br \/>\nFina Arag\u00f3. Eva Masramon. Lourdes Vizca\u00edno. Edward Van Herreweghe. Marta Ti\u00f3. Montserrat Pascual i Judit Fabreg\u00f3.<\/p>\n<p>Representants pares i mares<br \/>\nEva Casas\u00fas.&hellip;  <a href=\"https:\/\/agora.xtec.cat\/inslaplana\/consell-escolar\/\" title=\"Read Consell escolar\">Llegeix m\u00e9s\u00bb<\/a><\/p>\n","protected":false},"author":1,"featured_media":0,"parent":0,"menu_order":40,"comment_status":"closed","ping_status":"closed","template":"","meta":{"_bbp_topic_count":0,"_bbp_reply_count":0,"_bbp_total_topic_count":0,"_bbp_total_reply_count":0,"_bbp_voice_count":0,"_bbp_anonymous_reply_count":0,"_bbp_topic_count_hidden":0,"_bbp_reply_count_hidden":0,"_bbp_forum_subforum_count":0,"footnotes":""},"class_list":["post-43","page","type-page","status-publish","hentry"],"post_mailing_queue_ids":[],"_links":{"self":[{"href":"https:\/\/agora.xtec.cat\/inslaplana\/wp-json\/wp\/v2\/pages\/43","targetHints":{"allow":["GET"]}}],"collection":[{"href":"https:\/\/agora.xtec.cat\/inslaplana\/wp-json\/wp\/v2\/pages"}],"about":[{"href":"https:\/\/agora.xtec.cat\/inslaplana\/wp-json\/wp\/v2\/types\/page"}],"author":[{"embeddable":true,"href":"https:\/\/agora.xtec.cat\/inslaplana\/wp-json\/wp\/v2\/users\/1"}],"replies":[{"embeddable":true,"href":"https:\/\/agora.xtec.cat\/inslaplana\/wp-json\/wp\/v2\/comments?post=43"}],"version-history":[{"count":6,"href":"https:\/\/agora.xtec.cat\/inslaplana\/wp-json\/wp\/v2\/pages\/43\/revisions"}],"predecessor-version":[{"id":17320,"href":"https:\/\/agora.xtec.cat\/inslaplana\/wp-json\/wp\/v2\/pages\/43\/revisions\/17320"}],"wp:attachment":[{"href":"https:\/\/agora.xtec.cat\/inslaplana\/wp-json\/wp\/v2\/media?parent=43"}],"curies":[{"name":"wp","href":"https:\/\/api.w.org\/{rel}","templated":true}]}}