{"id":1966,"date":"2019-01-27T13:52:39","date_gmt":"2019-01-27T12:52:39","guid":{"rendered":"http:\/\/agora.xtec.cat\/inslaplana\/?page_id=1966"},"modified":"2019-03-06T12:08:28","modified_gmt":"2019-03-06T11:08:28","slug":"carcassona-2ne","status":"publish","type":"page","link":"https:\/\/agora.xtec.cat\/inslaplana\/projectes-del-centre\/carcassona-2ne\/","title":{"rendered":"Carcassonne 2n ESO"},"content":{"rendered":"<p><a href=\"https:\/\/agora.xtec.cat\/inslaplana\/wp-content\/uploads\/usu1618\/2019\/03\/IMG-20190305-WA0001.jpg\"><img loading=\"lazy\" decoding=\"async\" class=\"wp-image-2227 alignright\" src=\"https:\/\/agora.xtec.cat\/inslaplana\/wp-content\/uploads\/usu1618\/2019\/03\/IMG-20190305-WA0001.jpg\" alt=\"\" width=\"399\" height=\"828\" srcset=\"https:\/\/agora.xtec.cat\/inslaplana\/wp-content\/uploads\/usu1618\/2019\/03\/IMG-20190305-WA0001.jpg 771w, https:\/\/agora.xtec.cat\/inslaplana\/wp-content\/uploads\/usu1618\/2019\/03\/IMG-20190305-WA0001-145x300.jpg 145w, https:\/\/agora.xtec.cat\/inslaplana\/wp-content\/uploads\/usu1618\/2019\/03\/IMG-20190305-WA0001-768x1594.jpg 768w, https:\/\/agora.xtec.cat\/inslaplana\/wp-content\/uploads\/usu1618\/2019\/03\/IMG-20190305-WA0001-493x1024.jpg 493w\" sizes=\"auto, (max-width: 399px) 100vw, 399px\" \/><\/a><\/p>\n<p>&nbsp;<\/p>\n<ul>\n<li><strong>Presentaci\u00f3 del viatge cultural de 2n d&#8217;ESO a Carcassonne<\/strong><\/li>\n<\/ul>\n<p>Els objectius d&#8217;aquest viatge s\u00f3n, entre d&#8217;altres, refermar la conviv\u00e8ncia entre alumnes i professorat,<br \/>\nfomentar entre l&#8217;alumnat el respecte i l&#8217;inter\u00e9s del patrimoni art\u00edstic i cultural franc\u00e8s aix\u00ed com<br \/>\nconsolidar els continguts i aprenentatge de comunicaci\u00f3 de la llengua francesa treballats durant el<br \/>\ncurs. A trav\u00e8s de diferents activitats, el grup podr\u00e0 gaudir de l&#8217;experi\u00e8ncia d&#8217;una visita cultural al sud<br \/>\nde Fran\u00e7a.<\/p>\n\r\n\t<div class=\"slideshow_container slideshow_container_style-light\" style=\"height: 420px; \" data-slideshow-id=\"1933\" data-style-name=\"style-light\" data-style-version=\"2.3.1\" >\r\n\r\n\t\t\t\t\t<div class=\"slideshow_loading_icon\"><\/div>\r\n\t\t\r\n\t\t<div class=\"slideshow_content\" style=\"display: none;\">\r\n\r\n\t\t\t<div class=\"slideshow_view\">\r\n\t\t\t\t<div class=\"slideshow_slide slideshow_slide_image\">\r\n\t\t\t\t\t\t\t\t\t\t\t<img src=\"https:\/\/agora.xtec.cat\/inslaplana\/wp-content\/uploads\/usu1618\/2019\/01\/Diapositiva1.jpg\" alt=\"Diapositiva1\" width=\"960\" height=\"720\" \/>\r\n\t\t\t\t\t\t\t\t\t\t<div class=\"slideshow_description_box slideshow_transparent\">\r\n\t\t\t\t\t\t<div class=\"slideshow_title\">Diapositiva1<\/div>\t\t\t\t\t\t\t\t\t\t\t<\/div>\r\n\t\t\t\t<\/div>\r\n\r\n\t\t\t\t\t\t<div style=\"clear: both;\"><\/div><\/div><div class=\"slideshow_view\">\r\n\t\t\t\t<div class=\"slideshow_slide slideshow_slide_image\">\r\n\t\t\t\t\t\t\t\t\t\t\t<img src=\"https:\/\/agora.xtec.cat\/inslaplana\/wp-content\/uploads\/usu1618\/2019\/01\/Diapositiva2.jpg\" alt=\"Diapositiva2\" width=\"960\" height=\"720\" \/>\r\n\t\t\t\t\t\t\t\t\t\t<div class=\"slideshow_description_box slideshow_transparent\">\r\n\t\t\t\t\t\t<div class=\"slideshow_title\">Diapositiva2<\/div>\t\t\t\t\t\t\t\t\t\t\t<\/div>\r\n\t\t\t\t<\/div>\r\n\r\n\t\t\t\t\t\t<div style=\"clear: both;\"><\/div><\/div><div class=\"slideshow_view\">\r\n\t\t\t\t<div class=\"slideshow_slide slideshow_slide_image\">\r\n\t\t\t\t\t\t\t\t\t\t\t<img src=\"https:\/\/agora.xtec.cat\/inslaplana\/wp-content\/uploads\/usu1618\/2019\/01\/Diapositiva3.jpg\" alt=\"Diapositiva3\" width=\"960\" height=\"720\" \/>\r\n\t\t\t\t\t\t\t\t\t\t<div class=\"slideshow_description_box slideshow_transparent\">\r\n\t\t\t\t\t\t<div class=\"slideshow_title\">Diapositiva3<\/div>\t\t\t\t\t\t\t\t\t\t\t<\/div>\r\n\t\t\t\t<\/div>\r\n\r\n\t\t\t\t\t\t<div style=\"clear: both;\"><\/div><\/div><div class=\"slideshow_view\">\r\n\t\t\t\t<div class=\"slideshow_slide slideshow_slide_image\">\r\n\t\t\t\t\t\t\t\t\t\t\t<img src=\"https:\/\/agora.xtec.cat\/inslaplana\/wp-content\/uploads\/usu1618\/2019\/01\/Diapositiva4.jpg\" alt=\"Diapositiva4\" width=\"960\" height=\"720\" \/>\r\n\t\t\t\t\t\t\t\t\t\t<div class=\"slideshow_description_box slideshow_transparent\">\r\n\t\t\t\t\t\t<div class=\"slideshow_title\">Diapositiva4<\/div>\t\t\t\t\t\t\t\t\t\t\t<\/div>\r\n\t\t\t\t<\/div>\r\n\r\n\t\t\t\t\t\t<div style=\"clear: both;\"><\/div><\/div><div class=\"slideshow_view\">\r\n\t\t\t\t<div class=\"slideshow_slide slideshow_slide_image\">\r\n\t\t\t\t\t\t\t\t\t\t\t<img src=\"https:\/\/agora.xtec.cat\/inslaplana\/wp-content\/uploads\/usu1618\/2019\/01\/Diapositiva5.jpg\" alt=\"Diapositiva5\" width=\"960\" height=\"720\" \/>\r\n\t\t\t\t\t\t\t\t\t\t<div class=\"slideshow_description_box slideshow_transparent\">\r\n\t\t\t\t\t\t<div class=\"slideshow_title\">Diapositiva5<\/div>\t\t\t\t\t\t\t\t\t\t\t<\/div>\r\n\t\t\t\t<\/div>\r\n\r\n\t\t\t\t\t\t<div style=\"clear: both;\"><\/div><\/div><div class=\"slideshow_view\">\r\n\t\t\t\t<div class=\"slideshow_slide slideshow_slide_image\">\r\n\t\t\t\t\t\t\t\t\t\t\t<img src=\"https:\/\/agora.xtec.cat\/inslaplana\/wp-content\/uploads\/usu1618\/2019\/01\/Diapositiva6.jpg\" alt=\"Diapositiva6\" width=\"960\" height=\"720\" \/>\r\n\t\t\t\t\t\t\t\t\t\t<div class=\"slideshow_description_box slideshow_transparent\">\r\n\t\t\t\t\t\t<div class=\"slideshow_title\">Diapositiva6<\/div>\t\t\t\t\t\t\t\t\t\t\t<\/div>\r\n\t\t\t\t<\/div>\r\n\r\n\t\t\t\t\t\t<div style=\"clear: both;\"><\/div><\/div><div class=\"slideshow_view\">\r\n\t\t\t\t<div class=\"slideshow_slide slideshow_slide_image\">\r\n\t\t\t\t\t\t\t\t\t\t\t<img src=\"https:\/\/agora.xtec.cat\/inslaplana\/wp-content\/uploads\/usu1618\/2019\/01\/Diapositiva7.jpg\" alt=\"Diapositiva7\" width=\"960\" height=\"720\" \/>\r\n\t\t\t\t\t\t\t\t\t\t<div class=\"slideshow_description_box slideshow_transparent\">\r\n\t\t\t\t\t\t<div class=\"slideshow_title\">Diapositiva7<\/div>\t\t\t\t\t\t\t\t\t\t\t<\/div>\r\n\t\t\t\t<\/div>\r\n\r\n\t\t\t\t\t\t<div style=\"clear: both;\"><\/div><\/div><div class=\"slideshow_view\">\r\n\t\t\t\t<div class=\"slideshow_slide slideshow_slide_image\">\r\n\t\t\t\t\t\t\t\t\t\t\t<img src=\"https:\/\/agora.xtec.cat\/inslaplana\/wp-content\/uploads\/usu1618\/2019\/01\/Diapositiva8.jpg\" alt=\"Diapositiva8\" width=\"960\" height=\"720\" \/>\r\n\t\t\t\t\t\t\t\t\t\t<div class=\"slideshow_description_box slideshow_transparent\">\r\n\t\t\t\t\t\t<div class=\"slideshow_title\">Diapositiva8<\/div>\t\t\t\t\t\t\t\t\t\t\t<\/div>\r\n\t\t\t\t<\/div>\r\n\r\n\t\t\t\t\t\t<div style=\"clear: both;\"><\/div><\/div><div class=\"slideshow_view\">\r\n\t\t\t\t<div class=\"slideshow_slide slideshow_slide_image\">\r\n\t\t\t\t\t\t\t\t\t\t\t<img src=\"https:\/\/agora.xtec.cat\/inslaplana\/wp-content\/uploads\/usu1618\/2019\/01\/Diapositiva9.jpg\" alt=\"Diapositiva9\" width=\"960\" height=\"720\" \/>\r\n\t\t\t\t\t\t\t\t\t\t<div class=\"slideshow_description_box slideshow_transparent\">\r\n\t\t\t\t\t\t<div class=\"slideshow_title\">Diapositiva9<\/div>\t\t\t\t\t\t\t\t\t\t\t<\/div>\r\n\t\t\t\t<\/div>\r\n\r\n\t\t\t\t\t\t<div style=\"clear: both;\"><\/div><\/div><div class=\"slideshow_view\">\r\n\t\t\t\t<div class=\"slideshow_slide slideshow_slide_image\">\r\n\t\t\t\t\t\t\t\t\t\t\t<img src=\"https:\/\/agora.xtec.cat\/inslaplana\/wp-content\/uploads\/usu1618\/2019\/01\/Diapositiva10.jpg\" alt=\"Diapositiva10\" width=\"960\" height=\"720\" \/>\r\n\t\t\t\t\t\t\t\t\t\t<div class=\"slideshow_description_box slideshow_transparent\">\r\n\t\t\t\t\t\t<div class=\"slideshow_title\">Diapositiva10<\/div>\t\t\t\t\t\t\t\t\t\t\t<\/div>\r\n\t\t\t\t<\/div>\r\n\r\n\t\t\t\t\t\t<div style=\"clear: both;\"><\/div><\/div><div class=\"slideshow_view\">\r\n\t\t\t\t<div class=\"slideshow_slide slideshow_slide_image\">\r\n\t\t\t\t\t\t\t\t\t\t\t<img src=\"https:\/\/agora.xtec.cat\/inslaplana\/wp-content\/uploads\/usu1618\/2019\/01\/Diapositiva11.jpg\" alt=\"Diapositiva11\" width=\"960\" height=\"720\" \/>\r\n\t\t\t\t\t\t\t\t\t\t<div class=\"slideshow_description_box slideshow_transparent\">\r\n\t\t\t\t\t\t<div class=\"slideshow_title\">Diapositiva11<\/div>\t\t\t\t\t\t\t\t\t\t\t<\/div>\r\n\t\t\t\t<\/div>\r\n\r\n\t\t\t\t\t\t<div style=\"clear: both;\"><\/div><\/div><div class=\"slideshow_view\">\r\n\t\t\t\t<div class=\"slideshow_slide slideshow_slide_image\">\r\n\t\t\t\t\t\t\t\t\t\t\t<img src=\"https:\/\/agora.xtec.cat\/inslaplana\/wp-content\/uploads\/usu1618\/2019\/01\/Diapositiva12.jpg\" alt=\"Diapositiva12\" width=\"960\" height=\"720\" \/>\r\n\t\t\t\t\t\t\t\t\t\t<div class=\"slideshow_description_box slideshow_transparent\">\r\n\t\t\t\t\t\t<div class=\"slideshow_title\">Diapositiva12<\/div>\t\t\t\t\t\t\t\t\t\t\t<\/div>\r\n\t\t\t\t<\/div>\r\n\r\n\t\t\t\t\t\t<div style=\"clear: both;\"><\/div><\/div><div class=\"slideshow_view\">\r\n\t\t\t\t<div class=\"slideshow_slide slideshow_slide_image\">\r\n\t\t\t\t\t\t\t\t\t\t\t<img src=\"https:\/\/agora.xtec.cat\/inslaplana\/wp-content\/uploads\/usu1618\/2019\/01\/Diapositiva13.jpg\" alt=\"Diapositiva13\" width=\"960\" height=\"720\" \/>\r\n\t\t\t\t\t\t\t\t\t\t<div class=\"slideshow_description_box slideshow_transparent\">\r\n\t\t\t\t\t\t<div class=\"slideshow_title\">Diapositiva13<\/div>\t\t\t\t\t\t\t\t\t\t\t<\/div>\r\n\t\t\t\t<\/div>\r\n\r\n\t\t\t\t\t\t<div style=\"clear: both;\"><\/div><\/div><div class=\"slideshow_view\">\r\n\t\t\t\t<div class=\"slideshow_slide slideshow_slide_image\">\r\n\t\t\t\t\t\t\t\t\t\t\t<img src=\"https:\/\/agora.xtec.cat\/inslaplana\/wp-content\/uploads\/usu1618\/2019\/01\/Diapositiva14.jpg\" alt=\"Diapositiva14\" width=\"960\" height=\"720\" \/>\r\n\t\t\t\t\t\t\t\t\t\t<div class=\"slideshow_description_box slideshow_transparent\">\r\n\t\t\t\t\t\t<div class=\"slideshow_title\">Diapositiva14<\/div>\t\t\t\t\t\t\t\t\t\t\t<\/div>\r\n\t\t\t\t<\/div>\r\n\r\n\t\t\t\t\t\t<div style=\"clear: both;\"><\/div><\/div><div class=\"slideshow_view\">\r\n\t\t\t\t<div class=\"slideshow_slide slideshow_slide_image\">\r\n\t\t\t\t\t\t\t\t\t\t\t<img src=\"https:\/\/agora.xtec.cat\/inslaplana\/wp-content\/uploads\/usu1618\/2019\/01\/Diapositiva15.jpg\" alt=\"Diapositiva15\" width=\"960\" height=\"720\" \/>\r\n\t\t\t\t\t\t\t\t\t\t<div class=\"slideshow_description_box slideshow_transparent\">\r\n\t\t\t\t\t\t<div class=\"slideshow_title\">Diapositiva15<\/div>\t\t\t\t\t\t\t\t\t\t\t<\/div>\r\n\t\t\t\t<\/div>\r\n\r\n\t\t\t\t\t\t<div style=\"clear: both;\"><\/div><\/div><div class=\"slideshow_view\">\r\n\t\t\t\t<div class=\"slideshow_slide slideshow_slide_image\">\r\n\t\t\t\t\t\t\t\t\t\t\t<img src=\"https:\/\/agora.xtec.cat\/inslaplana\/wp-content\/uploads\/usu1618\/2019\/01\/Diapositiva16.jpg\" alt=\"Diapositiva16\" width=\"960\" height=\"720\" \/>\r\n\t\t\t\t\t\t\t\t\t\t<div class=\"slideshow_description_box slideshow_transparent\">\r\n\t\t\t\t\t\t<div class=\"slideshow_title\">Diapositiva16<\/div>\t\t\t\t\t\t\t\t\t\t\t<\/div>\r\n\t\t\t\t<\/div>\r\n\r\n\t\t\t\t\t\t<div style=\"clear: both;\"><\/div><\/div><div class=\"slideshow_view\">\r\n\t\t\t\t<div class=\"slideshow_slide slideshow_slide_image\">\r\n\t\t\t\t\t\t\t\t\t\t\t<img src=\"https:\/\/agora.xtec.cat\/inslaplana\/wp-content\/uploads\/usu1618\/2019\/01\/Diapositiva17.jpg\" alt=\"Diapositiva17\" width=\"960\" height=\"720\" \/>\r\n\t\t\t\t\t\t\t\t\t\t<div class=\"slideshow_description_box slideshow_transparent\">\r\n\t\t\t\t\t\t<div class=\"slideshow_title\">Diapositiva17<\/div>\t\t\t\t\t\t\t\t\t\t\t<\/div>\r\n\t\t\t\t<\/div>\r\n\r\n\t\t\t\t\t\t<div style=\"clear: both;\"><\/div><\/div><div class=\"slideshow_view\">\r\n\t\t\t\t<div class=\"slideshow_slide slideshow_slide_image\">\r\n\t\t\t\t\t\t\t\t\t\t\t<img src=\"https:\/\/agora.xtec.cat\/inslaplana\/wp-content\/uploads\/usu1618\/2019\/01\/Diapositiva18.jpg\" alt=\"Diapositiva18\" width=\"960\" height=\"720\" \/>\r\n\t\t\t\t\t\t\t\t\t\t<div class=\"slideshow_description_box slideshow_transparent\">\r\n\t\t\t\t\t\t<div class=\"slideshow_title\">Diapositiva18<\/div>\t\t\t\t\t\t\t\t\t\t\t<\/div>\r\n\t\t\t\t<\/div>\r\n\r\n\t\t\t\t\t\t<div style=\"clear: both;\"><\/div><\/div><div class=\"slideshow_view\">\r\n\t\t\t\t<div class=\"slideshow_slide slideshow_slide_image\">\r\n\t\t\t\t\t\t\t\t\t\t\t<img src=\"https:\/\/agora.xtec.cat\/inslaplana\/wp-content\/uploads\/usu1618\/2019\/01\/Diapositiva19.jpg\" alt=\"Diapositiva19\" width=\"960\" height=\"720\" \/>\r\n\t\t\t\t\t\t\t\t\t\t<div class=\"slideshow_description_box slideshow_transparent\">\r\n\t\t\t\t\t\t<div class=\"slideshow_title\">Diapositiva19<\/div>\t\t\t\t\t\t\t\t\t\t\t<\/div>\r\n\t\t\t\t<\/div>\r\n\r\n\t\t\t\t\t\t<div style=\"clear: both;\"><\/div><\/div><div class=\"slideshow_view\">\r\n\t\t\t\t<div class=\"slideshow_slide slideshow_slide_image\">\r\n\t\t\t\t\t\t\t\t\t\t\t<img src=\"https:\/\/agora.xtec.cat\/inslaplana\/wp-content\/uploads\/usu1618\/2019\/01\/Diapositiva20.jpg\" alt=\"Diapositiva20\" width=\"960\" height=\"720\" \/>\r\n\t\t\t\t\t\t\t\t\t\t<div class=\"slideshow_description_box slideshow_transparent\">\r\n\t\t\t\t\t\t<div class=\"slideshow_title\">Diapositiva20<\/div>\t\t\t\t\t\t\t\t\t\t\t<\/div>\r\n\t\t\t\t<\/div>\r\n\r\n\t\t\t\t\t\t<div style=\"clear: both;\"><\/div><\/div><div class=\"slideshow_view\">\r\n\t\t\t\t<div class=\"slideshow_slide slideshow_slide_image\">\r\n\t\t\t\t\t\t\t\t\t\t\t<img src=\"https:\/\/agora.xtec.cat\/inslaplana\/wp-content\/uploads\/usu1618\/2019\/01\/Diapositiva21.jpg\" alt=\"Diapositiva21\" width=\"960\" height=\"720\" \/>\r\n\t\t\t\t\t\t\t\t\t\t<div class=\"slideshow_description_box slideshow_transparent\">\r\n\t\t\t\t\t\t<div class=\"slideshow_title\">Diapositiva21<\/div>\t\t\t\t\t\t\t\t\t\t\t<\/div>\r\n\t\t\t\t<\/div>\r\n\r\n\t\t\t\t\t\t<div style=\"clear: both;\"><\/div><\/div><div class=\"slideshow_view\">\r\n\t\t\t\t<div class=\"slideshow_slide slideshow_slide_image\">\r\n\t\t\t\t\t\t\t\t\t\t\t<img src=\"https:\/\/agora.xtec.cat\/inslaplana\/wp-content\/uploads\/usu1618\/2019\/01\/Diapositiva22.jpg\" alt=\"Diapositiva22\" width=\"960\" height=\"720\" \/>\r\n\t\t\t\t\t\t\t\t\t\t<div class=\"slideshow_description_box slideshow_transparent\">\r\n\t\t\t\t\t\t<div class=\"slideshow_title\">Diapositiva22<\/div>\t\t\t\t\t\t\t\t\t\t\t<\/div>\r\n\t\t\t\t<\/div>\r\n\r\n\t\t\t\t\t\t<div style=\"clear: both;\"><\/div><\/div><div class=\"slideshow_view\">\r\n\t\t\t\t<div class=\"slideshow_slide slideshow_slide_image\">\r\n\t\t\t\t\t\t\t\t\t\t\t<img src=\"https:\/\/agora.xtec.cat\/inslaplana\/wp-content\/uploads\/usu1618\/2019\/01\/Diapositiva23.jpg\" alt=\"Diapositiva23\" width=\"960\" height=\"720\" \/>\r\n\t\t\t\t\t\t\t\t\t\t<div class=\"slideshow_description_box slideshow_transparent\">\r\n\t\t\t\t\t\t<div class=\"slideshow_title\">Diapositiva23<\/div>\t\t\t\t\t\t\t\t\t\t\t<\/div>\r\n\t\t\t\t<\/div>\r\n\r\n\t\t\t\t\t\t<div style=\"clear: both;\"><\/div><\/div><div class=\"slideshow_view\">\r\n\t\t\t\t<div class=\"slideshow_slide slideshow_slide_image\">\r\n\t\t\t\t\t\t\t\t\t\t\t<img src=\"https:\/\/agora.xtec.cat\/inslaplana\/wp-content\/uploads\/usu1618\/2019\/01\/Diapositiva24.jpg\" alt=\"Diapositiva24\" width=\"960\" height=\"720\" \/>\r\n\t\t\t\t\t\t\t\t\t\t<div class=\"slideshow_description_box slideshow_transparent\">\r\n\t\t\t\t\t\t<div class=\"slideshow_title\">Diapositiva24<\/div>\t\t\t\t\t\t\t\t\t\t\t<\/div>\r\n\t\t\t\t<\/div>\r\n\r\n\t\t\t\t\t\t<div style=\"clear: both;\"><\/div><\/div><div class=\"slideshow_view\">\r\n\t\t\t\t<div class=\"slideshow_slide slideshow_slide_image\">\r\n\t\t\t\t\t\t\t\t\t\t\t<img src=\"https:\/\/agora.xtec.cat\/inslaplana\/wp-content\/uploads\/usu1618\/2019\/01\/Diapositiva25.jpg\" alt=\"Diapositiva25\" width=\"960\" height=\"720\" \/>\r\n\t\t\t\t\t\t\t\t\t\t<div class=\"slideshow_description_box slideshow_transparent\">\r\n\t\t\t\t\t\t<div class=\"slideshow_title\">Diapositiva25<\/div>\t\t\t\t\t\t\t\t\t\t\t<\/div>\r\n\t\t\t\t<\/div>\r\n\r\n\t\t\t\t\t\t<div style=\"clear: both;\"><\/div><\/div><div class=\"slideshow_view\">\r\n\t\t\t\t<div class=\"slideshow_slide slideshow_slide_image\">\r\n\t\t\t\t\t\t\t\t\t\t\t<img src=\"https:\/\/agora.xtec.cat\/inslaplana\/wp-content\/uploads\/usu1618\/2019\/01\/Diapositiva26.jpg\" alt=\"Diapositiva26\" width=\"960\" height=\"720\" \/>\r\n\t\t\t\t\t\t\t\t\t\t<div class=\"slideshow_description_box slideshow_transparent\">\r\n\t\t\t\t\t\t<div class=\"slideshow_title\">Diapositiva26<\/div>\t\t\t\t\t\t\t\t\t\t\t<\/div>\r\n\t\t\t\t<\/div>\r\n\r\n\t\t\t\t\t\t<div style=\"clear: both;\"><\/div><\/div><div class=\"slideshow_view\">\r\n\t\t\t\t<div class=\"slideshow_slide slideshow_slide_image\">\r\n\t\t\t\t\t\t\t\t\t\t\t<img src=\"https:\/\/agora.xtec.cat\/inslaplana\/wp-content\/uploads\/usu1618\/2019\/01\/Diapositiva27.jpg\" alt=\"Diapositiva27\" width=\"960\" height=\"720\" \/>\r\n\t\t\t\t\t\t\t\t\t\t<div class=\"slideshow_description_box slideshow_transparent\">\r\n\t\t\t\t\t\t<div class=\"slideshow_title\">Diapositiva27<\/div>\t\t\t\t\t\t\t\t\t\t\t<\/div>\r\n\t\t\t\t<\/div>\r\n\r\n\t\t\t\t\t\t<div style=\"clear: both;\"><\/div><\/div>\r\n\t\t<\/div>\r\n\r\n\t\t<div class=\"slideshow_controlPanel slideshow_transparent\" style=\"display: none;\"><ul><li class=\"slideshow_togglePlay\" data-play-text=\"Visualitza\" data-pause-text=\"Pausa\"><\/li><\/ul><\/div>\r\n\r\n\t\t<div class=\"slideshow_button slideshow_previous slideshow_transparent\" role=\"button\" data-previous-text=\"Anterior\" style=\"display: none;\"><\/div>\r\n\t\t<div class=\"slideshow_button slideshow_next slideshow_transparent\" role=\"button\" data-next-text=\"Seg\u00fcent\" style=\"display: none;\"><\/div>\r\n\r\n\t\t<div class=\"slideshow_pagination\" style=\"display: none;\" data-go-to-text=\"V\u00e9s a la diapositiva\"><div class=\"slideshow_pagination_center\"><\/div><\/div>\r\n\r\n\t\t<!-- WordPress Slideshow Version 2.3.1 -->\r\n\r\n\t\t\t<\/div>\r\n\r\n\n<ul>\n<li><strong>CIRCULAR per a les fam\u00edlies<\/strong><\/li>\n<\/ul>\n<p>VIATGE A CARCASSONE 6-8 MAIG 2019<br \/>\nBenvolguda fam\u00edlia,<br \/>\nTal i com us vam comunicar, estem realitzant les gestions oportunes per tal d&#8217;organitzar el viatge<br \/>\ncultural a Fran\u00e7a, que tindr\u00e0 lloc els 6-8 de maig de 2019. En aquest sentit, i per tal de fer la<br \/>\nreserva de l&#8217;allotjament, ens urgeix fer el primer pagament, abans del dia 29 de novembre.<br \/>\nCaldr\u00e0 adjuntar la butlleta d\u2019assist\u00e8ncia i el justificant del pagament. En cas de no venir tamb\u00e9 s\u2019ha<br \/>\nde retornar la butlleta. Per tal de tenir dret a la reserva de pla\u00e7a, cal ingressar la quantitat de 75 \u20ac<br \/>\nal compte corrent de l&#8217;institut abans del dia 30 de novembre i lliurar el resguard de l&#8217;ingr\u00e9s a la<br \/>\nprofessora de franc\u00e8s. Recordeu d\u2019indicar el NOM i COGNOMS de l\u2019ALUMNE, CURS i el<br \/>\nconcepte VIATGE FRAN\u00c7A ESO.<br \/>\nEl pagament es far\u00e0 fraccionat: 1r pagament: 75 \u20ac ; m\u00e0x. 30 de novembre; 2n pagament: 125 \u20ac ;<br \/>\nm\u00e0x. 8 febrer. El preu total estimat per a l&#8217;estada \u00e9s de 200 \u20ac per alumne (pot variar en funci\u00f3 del<br \/>\nnombre final d&#8217;alumnes).<br \/>\nCal fer l\u2019ingr\u00e9s al compte d\u2019activitats del BBVA:<br \/>\nIBAN ES06 0182 0359 7502 0001 1850<br \/>\nM\u00e9s endavant rebreu informaci\u00f3 m\u00e9s acurada sobre les condicions del viatge aix\u00ed com de les<br \/>\nactivitats que realitzaran els seus fills\/ filles.<br \/>\nBen cordialment,<\/p>\n<p>Es pot descarregar aqu\u00ed:\u00a0<a href=\"https:\/\/agora.xtec.cat\/inslaplana\/wp-content\/uploads\/usu1618\/2019\/01\/CIRCULAR-INFORMATIVA-1er-pagament-VIATGE-CULTURAL-FRAN\u00c7A-2018-19-1.pdf\">CIRCULAR INFORMATIVA 1er pagament FRAN\u00c7A 2018-19<\/a><\/p>\n<ul>\n<li><strong>Documentaci\u00f3 necess\u00e0ria<\/strong><br \/>\nCal que porteu a Secretaria abans del 29 de mar\u00e7 la seg\u00fcent documentaci\u00f3:<br \/>\n\u2022 Fotoc\u00f2pia del DNI o passaport de l&#8217;alumne en vigor durant el viatge. En cas necessari, conv\u00e9<br \/>\nrenovar-lo abans de marxar.<br \/>\n\u2022 Fotoc\u00f2pia del DNI del tutor que autoritza.<br \/>\n\u2022 Autoritzaci\u00f3 de menors per viatjar a l&#8217;estranger (un dels tutors de l&#8217;alumne ha de tramitar aquest<br \/>\ndocument a trav\u00e8s de la Comissaria del Mossos d&#8217;Esquadra o l&#8217;Ajuntament de la seva localitat).<br \/>\n\u2022 Fotoc\u00f2pia de la targeta sanit\u00e0ria europea.<br \/>\n\u2022 Fotoc\u00f2pia de la p\u00e0gina del llibre de fam\u00edlia on apareguin els pares i el\/la menor autoritzat.<\/li>\n<\/ul>\n<p>Es pot descarregar el document aqu\u00ed:\u00a0<a href=\"https:\/\/agora.xtec.cat\/inslaplana\/wp-content\/uploads\/usu1618\/2019\/01\/DOCUMENTACI\u00d3-NECESS\u00c0RIA.pdf\">DOCUMENTACI\u00d3 NECESS\u00c0RIA<\/a><\/p>\n","protected":false},"excerpt":{"rendered":"<p><a href=\"https:\/\/agora.xtec.cat\/inslaplana\/wp-content\/uploads\/usu1618\/2019\/03\/IMG-20190305-WA0001.jpg\"><\/a><br \/>\n&nbsp;<\/p>\n<ul>\n<li>Presentaci\u00f3 del viatge cultural de 2n d&#8217;ESO a Carcassonne<\/li>\n<\/ul>\n<p>Els objectius d&#8217;aquest viatge s\u00f3n, entre d&#8217;altres, refermar la conviv\u00e8ncia entre alumnes i professorat,<br \/>\nfomentar entre l&#8217;alumnat el respecte i l&#8217;inter\u00e9s del patrimoni art\u00edstic i cultural franc\u00e8s aix\u00ed com<br \/>\nconsolidar els continguts i aprenentatge de comunicaci\u00f3 de la&hellip;  <a href=\"https:\/\/agora.xtec.cat\/inslaplana\/projectes-del-centre\/carcassona-2ne\/\" title=\"Read Carcassonne 2n ESO\">Llegeix m\u00e9s\u00bb<\/a><\/p>\n","protected":false},"author":1,"featured_media":0,"parent":999,"menu_order":0,"comment_status":"closed","ping_status":"closed","template":"","meta":{"_bbp_topic_count":0,"_bbp_reply_count":0,"_bbp_total_topic_count":0,"_bbp_total_reply_count":0,"_bbp_voice_count":0,"_bbp_anonymous_reply_count":0,"_bbp_topic_count_hidden":0,"_bbp_reply_count_hidden":0,"_bbp_forum_subforum_count":0,"footnotes":""},"class_list":["post-1966","page","type-page","status-publish","hentry"],"post_mailing_queue_ids":[],"_links":{"self":[{"href":"https:\/\/agora.xtec.cat\/inslaplana\/wp-json\/wp\/v2\/pages\/1966","targetHints":{"allow":["GET"]}}],"collection":[{"href":"https:\/\/agora.xtec.cat\/inslaplana\/wp-json\/wp\/v2\/pages"}],"about":[{"href":"https:\/\/agora.xtec.cat\/inslaplana\/wp-json\/wp\/v2\/types\/page"}],"author":[{"embeddable":true,"href":"https:\/\/agora.xtec.cat\/inslaplana\/wp-json\/wp\/v2\/users\/1"}],"replies":[{"embeddable":true,"href":"https:\/\/agora.xtec.cat\/inslaplana\/wp-json\/wp\/v2\/comments?post=1966"}],"version-history":[{"count":4,"href":"https:\/\/agora.xtec.cat\/inslaplana\/wp-json\/wp\/v2\/pages\/1966\/revisions"}],"predecessor-version":[{"id":2229,"href":"https:\/\/agora.xtec.cat\/inslaplana\/wp-json\/wp\/v2\/pages\/1966\/revisions\/2229"}],"up":[{"embeddable":true,"href":"https:\/\/agora.xtec.cat\/inslaplana\/wp-json\/wp\/v2\/pages\/999"}],"wp:attachment":[{"href":"https:\/\/agora.xtec.cat\/inslaplana\/wp-json\/wp\/v2\/media?parent=1966"}],"curies":[{"name":"wp","href":"https:\/\/api.w.org\/{rel}","templated":true}]}}