{"id":19,"date":"2014-09-17T14:56:56","date_gmt":"2014-09-17T14:56:56","guid":{"rendered":"http:\/\/agora.xtec.cat\/inslaplana\/?page_id=19"},"modified":"2021-09-11T00:36:47","modified_gmt":"2021-09-10T22:36:47","slug":"linstitut","status":"publish","type":"page","link":"https:\/\/agora.xtec.cat\/inslaplana\/linstitut\/","title":{"rendered":"L&#8217;institut"},"content":{"rendered":"<p style=\"font-family: 'Helvetica Neue', Helvetica, Helvetica, Arial, sans-serif; font-size: 16px;\"><img loading=\"lazy\" decoding=\"async\" class=\"alignleft wp-image-1094\" src=\"https:\/\/agora.xtec.cat\/inslaplana\/wp-content\/uploads\/usu1618\/2018\/11\/Foto-de-Fina-Arago-7-576x1024.jpg\" alt=\"\" width=\"210\" height=\"373\" srcset=\"https:\/\/agora.xtec.cat\/inslaplana\/wp-content\/uploads\/usu1618\/2018\/11\/Foto-de-Fina-Arago-7-576x1024.jpg 576w, https:\/\/agora.xtec.cat\/inslaplana\/wp-content\/uploads\/usu1618\/2018\/11\/Foto-de-Fina-Arago-7-169x300.jpg 169w, https:\/\/agora.xtec.cat\/inslaplana\/wp-content\/uploads\/usu1618\/2018\/11\/Foto-de-Fina-Arago-7-768x1365.jpg 768w, https:\/\/agora.xtec.cat\/inslaplana\/wp-content\/uploads\/usu1618\/2018\/11\/Foto-de-Fina-Arago-7.jpg 900w\" sizes=\"auto, (max-width: 210px) 100vw, 210px\" \/><\/p>\n<p>L\u2019institut La Plana \u00e9s un centre p\u00fablic de la ciutat de Vic depenent del Departament d\u2019Educaci\u00f3 de la Generalitat de Catalunya creat l\u2019any 2007 . Els nivells educatius que s\u2019imparteixen s\u00f3n l\u2019Educaci\u00f3 Secund\u00e0ria Obligat\u00f2ria i el Batxillerat. La planificaci\u00f3 educativa ha previst que el centre sigui de tres l\u00ednies d\u2019ESO i dues de Batxillerat.<\/p>\n<p>El projecte s\u2019orienta en els principis b\u00e0sics explicitats al PEC:<br \/>\na) La transmissi\u00f3 dels valors propis d\u2019una societat democr\u00e0tica: la llibertat personal, la igualtat i la solidaritat.<br \/>\nb) El respecte a totes les confessions de car\u00e0cter religi\u00f3s, el pluralisme ideol\u00f2gic o l\u2019exclusi\u00f3 de qualsevol mena d\u2019adoctrinament i proselitisme.<br \/>\nc) El foment de la pau i el respecte als Drets Humans.<br \/>\nd) El conreu del coneixement de Catalunya i l\u2019arrelament dels alumnes al pa\u00eds, i el respecte a la conviv\u00e8ncia.<\/p>\n<p>A partir\u00a0<span style=\"font-family: inherit; font-size: 1em;\">d\u2019aquests principis universals, el projecte recolza sobre els seg\u00fcents eixos:<\/span><\/p>\n<p>a) La cohesi\u00f3 social.<br \/>\nb) La millora dels resultats educatius.<br \/>\nc) L\u2019educaci\u00f3 integral potenciant la responsabilitat, l\u2019autonomia, la cooperaci\u00f3 i l\u2019apoderament.<br \/>\nd) Les metodologies d\u2019innovaci\u00f3 pedag\u00f2gica.<\/p>\n","protected":false},"excerpt":{"rendered":"<p>L\u2019institut La Plana \u00e9s un centre p\u00fablic de la ciutat de Vic depenent del Departament d\u2019Educaci\u00f3 de la Generalitat de Catalunya creat l\u2019any 2007 . Els nivells educatius que s\u2019imparteixen s\u00f3n l\u2019Educaci\u00f3 Secund\u00e0ria Obligat\u00f2ria i el Batxillerat. La planificaci\u00f3 educativa ha previst que el centre&hellip;  <a href=\"https:\/\/agora.xtec.cat\/inslaplana\/linstitut\/\" title=\"Read L&#8217;institut\">Llegeix m\u00e9s\u00bb<\/a><\/p>\n","protected":false},"author":1,"featured_media":0,"parent":0,"menu_order":0,"comment_status":"closed","ping_status":"closed","template":"","meta":{"_bbp_topic_count":0,"_bbp_reply_count":0,"_bbp_total_topic_count":0,"_bbp_total_reply_count":0,"_bbp_voice_count":0,"_bbp_anonymous_reply_count":0,"_bbp_topic_count_hidden":0,"_bbp_reply_count_hidden":0,"_bbp_forum_subforum_count":0,"footnotes":""},"class_list":["post-19","page","type-page","status-publish","hentry"],"post_mailing_queue_ids":[],"_links":{"self":[{"href":"https:\/\/agora.xtec.cat\/inslaplana\/wp-json\/wp\/v2\/pages\/19","targetHints":{"allow":["GET"]}}],"collection":[{"href":"https:\/\/agora.xtec.cat\/inslaplana\/wp-json\/wp\/v2\/pages"}],"about":[{"href":"https:\/\/agora.xtec.cat\/inslaplana\/wp-json\/wp\/v2\/types\/page"}],"author":[{"embeddable":true,"href":"https:\/\/agora.xtec.cat\/inslaplana\/wp-json\/wp\/v2\/users\/1"}],"replies":[{"embeddable":true,"href":"https:\/\/agora.xtec.cat\/inslaplana\/wp-json\/wp\/v2\/comments?post=19"}],"version-history":[{"count":4,"href":"https:\/\/agora.xtec.cat\/inslaplana\/wp-json\/wp\/v2\/pages\/19\/revisions"}],"predecessor-version":[{"id":7454,"href":"https:\/\/agora.xtec.cat\/inslaplana\/wp-json\/wp\/v2\/pages\/19\/revisions\/7454"}],"wp:attachment":[{"href":"https:\/\/agora.xtec.cat\/inslaplana\/wp-json\/wp\/v2\/media?parent=19"}],"curies":[{"name":"wp","href":"https:\/\/api.w.org\/{rel}","templated":true}]}}