{"id":11918,"date":"2022-11-07T06:43:59","date_gmt":"2022-11-07T05:43:59","guid":{"rendered":"https:\/\/agora.xtec.cat\/inslaplana\/?page_id=11918"},"modified":"2022-11-07T09:12:21","modified_gmt":"2022-11-07T08:12:21","slug":"la-plana-internacional","status":"publish","type":"page","link":"https:\/\/agora.xtec.cat\/inslaplana\/la-plana-internacional\/","title":{"rendered":"La Plana Internacional"},"content":{"rendered":"<p><i>Fa m\u00e9s de deu anys que La Plana vam comen\u00e7ar realitzar programes d&#8217;internacionalitzaci\u00f3 com a estrat\u00e8gia per refor\u00e7ar una educaci\u00f3 pluriling\u00fce i com a instruments per ajudar els alumnes a desenvolupar la seva autonomia i el coneixement d&#8217;altres cultures, conven\u00e7uts que aix\u00f2 millorava el nostre projecte educatiu.\u00a0\u00a0<\/i><i>La vocaci\u00f3 d&#8217;internacionalitzar el centre ens ha portat a organitzar diferents projectes\u00a0 aprofitant tots els recursos al nostre abast. Actualment som centre acreditat Erasmus, fet que ens permetr\u00e0 desenvolupar 11 projectes internacionals subvencionats per la UE des d&#8217;ara fins al 2027, i som centre eTwinning, plataforma educativa europea que permet realitzar projectes internacionals amb altres escoles on line.&#8221;<\/i><\/p>\n","protected":false},"excerpt":{"rendered":"<p>Fa m\u00e9s de deu anys que La Plana vam comen\u00e7ar realitzar programes d&#8217;internacionalitzaci\u00f3 com a estrat\u00e8gia per refor\u00e7ar una educaci\u00f3 pluriling\u00fce i com a instruments per ajudar els alumnes a desenvolupar la seva autonomia i el coneixement d&#8217;altres cultures, conven\u00e7uts que aix\u00f2 millorava el nostre&hellip;  <a href=\"https:\/\/agora.xtec.cat\/inslaplana\/la-plana-internacional\/\" title=\"Read La Plana Internacional\">Llegeix m\u00e9s\u00bb<\/a><\/p>\n","protected":false},"author":1,"featured_media":0,"parent":0,"menu_order":0,"comment_status":"closed","ping_status":"closed","template":"","meta":{"_bbp_topic_count":0,"_bbp_reply_count":0,"_bbp_total_topic_count":0,"_bbp_total_reply_count":0,"_bbp_voice_count":0,"_bbp_anonymous_reply_count":0,"_bbp_topic_count_hidden":0,"_bbp_reply_count_hidden":0,"_bbp_forum_subforum_count":0,"footnotes":""},"class_list":["post-11918","page","type-page","status-publish","hentry"],"post_mailing_queue_ids":[],"_links":{"self":[{"href":"https:\/\/agora.xtec.cat\/inslaplana\/wp-json\/wp\/v2\/pages\/11918","targetHints":{"allow":["GET"]}}],"collection":[{"href":"https:\/\/agora.xtec.cat\/inslaplana\/wp-json\/wp\/v2\/pages"}],"about":[{"href":"https:\/\/agora.xtec.cat\/inslaplana\/wp-json\/wp\/v2\/types\/page"}],"author":[{"embeddable":true,"href":"https:\/\/agora.xtec.cat\/inslaplana\/wp-json\/wp\/v2\/users\/1"}],"replies":[{"embeddable":true,"href":"https:\/\/agora.xtec.cat\/inslaplana\/wp-json\/wp\/v2\/comments?post=11918"}],"version-history":[{"count":2,"href":"https:\/\/agora.xtec.cat\/inslaplana\/wp-json\/wp\/v2\/pages\/11918\/revisions"}],"predecessor-version":[{"id":11950,"href":"https:\/\/agora.xtec.cat\/inslaplana\/wp-json\/wp\/v2\/pages\/11918\/revisions\/11950"}],"wp:attachment":[{"href":"https:\/\/agora.xtec.cat\/inslaplana\/wp-json\/wp\/v2\/media?parent=11918"}],"curies":[{"name":"wp","href":"https:\/\/api.w.org\/{rel}","templated":true}]}}