{"id":11737,"date":"2022-10-03T12:08:18","date_gmt":"2022-10-03T10:08:18","guid":{"rendered":"https:\/\/agora.xtec.cat\/inslaplana\/?page_id=11737"},"modified":"2022-10-03T12:12:41","modified_gmt":"2022-10-03T10:12:41","slug":"stem","status":"publish","type":"page","link":"https:\/\/agora.xtec.cat\/inslaplana\/projectes-del-centre\/stem\/","title":{"rendered":"STEM"},"content":{"rendered":"<p><span class=\"hiddenSpellError\">STEM<\/span>\u00a0\u00e9s un acr\u00f2nim per les disciplines acad\u00e8miques de ci\u00e8ncia, tecnologia, enginyeria i matem\u00e0tiques.<\/p>\n<p>Des de l&#8217;equip\u00a0<span class=\"hiddenSpellError\">STEM<\/span>\u00a0de l&#8217;Institut la Plana es vetlla per potenciar i fer\u00a0con\u00e8ixer\u00a0tots els\u00a0\u00e0mbits\u00a0de les\u00a0ci\u00e8ncies\u00a0i la tecnologia.<\/p>\n","protected":false},"excerpt":{"rendered":"<p>STEM\u00a0\u00e9s un acr\u00f2nim per les disciplines acad\u00e8miques de ci\u00e8ncia, tecnologia, enginyeria i matem\u00e0tiques.<br \/>\nDes de l&#8217;equip\u00a0STEM\u00a0de l&#8217;Institut la Plana es vetlla per potenciar i fer\u00a0con\u00e8ixer\u00a0tots els\u00a0\u00e0mbits\u00a0de les\u00a0ci\u00e8ncies\u00a0i la tecnologia.<\/p>\n","protected":false},"author":1,"featured_media":0,"parent":999,"menu_order":0,"comment_status":"closed","ping_status":"closed","template":"","meta":{"_bbp_topic_count":0,"_bbp_reply_count":0,"_bbp_total_topic_count":0,"_bbp_total_reply_count":0,"_bbp_voice_count":0,"_bbp_anonymous_reply_count":0,"_bbp_topic_count_hidden":0,"_bbp_reply_count_hidden":0,"_bbp_forum_subforum_count":0,"footnotes":""},"class_list":["post-11737","page","type-page","status-publish","hentry"],"post_mailing_queue_ids":[],"_links":{"self":[{"href":"https:\/\/agora.xtec.cat\/inslaplana\/wp-json\/wp\/v2\/pages\/11737","targetHints":{"allow":["GET"]}}],"collection":[{"href":"https:\/\/agora.xtec.cat\/inslaplana\/wp-json\/wp\/v2\/pages"}],"about":[{"href":"https:\/\/agora.xtec.cat\/inslaplana\/wp-json\/wp\/v2\/types\/page"}],"author":[{"embeddable":true,"href":"https:\/\/agora.xtec.cat\/inslaplana\/wp-json\/wp\/v2\/users\/1"}],"replies":[{"embeddable":true,"href":"https:\/\/agora.xtec.cat\/inslaplana\/wp-json\/wp\/v2\/comments?post=11737"}],"version-history":[{"count":2,"href":"https:\/\/agora.xtec.cat\/inslaplana\/wp-json\/wp\/v2\/pages\/11737\/revisions"}],"predecessor-version":[{"id":11740,"href":"https:\/\/agora.xtec.cat\/inslaplana\/wp-json\/wp\/v2\/pages\/11737\/revisions\/11740"}],"up":[{"embeddable":true,"href":"https:\/\/agora.xtec.cat\/inslaplana\/wp-json\/wp\/v2\/pages\/999"}],"wp:attachment":[{"href":"https:\/\/agora.xtec.cat\/inslaplana\/wp-json\/wp\/v2\/media?parent=11737"}],"curies":[{"name":"wp","href":"https:\/\/api.w.org\/{rel}","templated":true}]}}