{"id":1047,"date":"2018-11-12T00:01:43","date_gmt":"2018-11-11T23:01:43","guid":{"rendered":"http:\/\/agora.xtec.cat\/inslaplana\/?page_id=1047"},"modified":"2018-11-12T00:12:07","modified_gmt":"2018-11-11T23:12:07","slug":"violencies-de-genere","status":"publish","type":"page","link":"https:\/\/agora.xtec.cat\/inslaplana\/projectes-del-centre\/violencies-de-genere\/","title":{"rendered":"Viol\u00e8ncies de g\u00e8nere"},"content":{"rendered":"<p style=\"text-align: center;\"><strong>VIOL\u00c8NCIES DE G\u00c8NERE. MIRADES POLI\u00c8DRIQUES<\/strong><\/p>\n<p><a href=\"https:\/\/agora.xtec.cat\/inslaplana\/wp-content\/uploads\/usu1618\/2018\/11\/baixa-1-4.jpg\"><img loading=\"lazy\" decoding=\"async\" class=\"alignleft wp-image-1049\" src=\"https:\/\/agora.xtec.cat\/inslaplana\/wp-content\/uploads\/usu1618\/2018\/11\/baixa-1-4.jpg\" alt=\"\" width=\"236\" height=\"236\" srcset=\"https:\/\/agora.xtec.cat\/inslaplana\/wp-content\/uploads\/usu1618\/2018\/11\/baixa-1-4.jpg 225w, https:\/\/agora.xtec.cat\/inslaplana\/wp-content\/uploads\/usu1618\/2018\/11\/baixa-1-4-150x150.jpg 150w\" sizes=\"auto, (max-width: 236px) 100vw, 236px\" \/><\/a>Projecte seleccionat per la convocat\u00f2ria d&#8217;ajuts a la recerca <a href=\"https:\/\/obrasociallacaixa.org\/ca\/investigacion-y-becas\/investigacion-ciencias-vida-salud\/recercaixa\/que-es-recercaixa\" target=\"_blank\" rel=\"noopener\">Recercaixa<\/a> de l&#8217;any 2017. Es far\u00e0 un equip de coinvestigaci\u00f3 de 6 alumnes de 4t d&#8217;ESO que desenvoluparan eines de recerca amb el seu grup classe.<\/p>\n<p>L&#8217;objectiu del projecte \u00e9s analitzar les experi\u00e8ncies de viol\u00e8ncia de g\u00e8nere en centres de secund\u00e0ria i la prevenci\u00f3 que se\u2019n pot fer, a trav\u00e9s de dues perspectives innovadores: en primer lloc una mirada hol\u00edstica que comprengui les diferents formes de viol\u00e8ncia patriarcals. En segon lloc, una perspectiva interseccional que abordi la relaci\u00f3 entre desigualtats tenint en compte la interacci\u00f3 de diferents eixos de desigualtat m\u00e9s enll\u00e0 del g\u00e8nere, com ara l\u2019\u00e8tnia, l\u2019orientaci\u00f3 sexual, la classe social o l\u2019edat.<\/p>\n<p>Per dur a terme el projecte els investigadors utilitzaran una metodologia mixta i original basada en l\u2019an\u00e0lisi de materials i discursos sobre la prevenci\u00f3 i en m\u00e8todes participatius, visuals, digitals i etnogr\u00e0fics amb l\u2019alumnat. El resultat final ha de permetre generar nous recursos i espais de debat per millorar la prevenci\u00f3 de la viol\u00e8ncia masclista.<\/p>\n<p><a href=\"https:\/\/www.naciodigital.cat\/osona\/noticia\/56523\/atorguen\/ajut\/investigador\/uvic\/projecte\/sobre\/violencia\/genere\/secundaria\" target=\"_blank\" rel=\"noopener\">not\u00edcia sobre el projecte<\/a><\/p>\n<figure class=\"figure wp-caption alignleft\"><a href=\"https:\/\/agora.xtec.cat\/inslaplana\/wp-content\/uploads\/usu1618\/2018\/11\/recercaixa-gerard-coll-planas.jpg\"><img loading=\"lazy\" decoding=\"async\" class=\" wp-image-1051\" src=\"https:\/\/agora.xtec.cat\/inslaplana\/wp-content\/uploads\/usu1618\/2018\/11\/recercaixa-gerard-coll-planas.jpg\" alt=\"\" width=\"466\" height=\"343\" srcset=\"https:\/\/agora.xtec.cat\/inslaplana\/wp-content\/uploads\/usu1618\/2018\/11\/recercaixa-gerard-coll-planas.jpg 700w, https:\/\/agora.xtec.cat\/inslaplana\/wp-content\/uploads\/usu1618\/2018\/11\/recercaixa-gerard-coll-planas-300x221.jpg 300w\" sizes=\"auto, (max-width: 466px) 100vw, 466px\" \/><\/a><figcaption class=\"wp-caption-text\">Gerard Coll-Planas iMaria Rod\u00f3 de Z\u00e1rate , han estat reconeguts amb un ajut RecerCaixa de la convocat\u00f2ria 2017<\/figcaption><\/figure>\n","protected":false},"excerpt":{"rendered":"<p>VIOL\u00c8NCIES DE G\u00c8NERE. MIRADES POLI\u00c8DRIQUES<br \/>\n<a href=\"https:\/\/agora.xtec.cat\/inslaplana\/wp-content\/uploads\/usu1618\/2018\/11\/baixa-1-4.jpg\"><\/a>Projecte seleccionat per la convocat\u00f2ria d&#8217;ajuts a la recerca <a href=\"https:\/\/obrasociallacaixa.org\/ca\/investigacion-y-becas\/investigacion-ciencias-vida-salud\/recercaixa\/que-es-recercaixa\" target=\"_blank\" rel=\"noopener\">Recercaixa<\/a> de l&#8217;any 2017. Es far\u00e0 un equip de coinvestigaci\u00f3 de 6 alumnes de 4t d&#8217;ESO que desenvoluparan eines de recerca amb el seu grup classe.<br \/>\nL&#8217;objectiu del projecte&hellip;  <a href=\"https:\/\/agora.xtec.cat\/inslaplana\/projectes-del-centre\/violencies-de-genere\/\" title=\"Read Viol\u00e8ncies de g\u00e8nere\">Llegeix m\u00e9s\u00bb<\/a><\/p>\n","protected":false},"author":1,"featured_media":0,"parent":999,"menu_order":0,"comment_status":"closed","ping_status":"closed","template":"page-templates\/side-menu.php","meta":{"_bbp_topic_count":0,"_bbp_reply_count":0,"_bbp_total_topic_count":0,"_bbp_total_reply_count":0,"_bbp_voice_count":0,"_bbp_anonymous_reply_count":0,"_bbp_topic_count_hidden":0,"_bbp_reply_count_hidden":0,"_bbp_forum_subforum_count":0,"footnotes":""},"class_list":["post-1047","page","type-page","status-publish","hentry"],"post_mailing_queue_ids":[],"_links":{"self":[{"href":"https:\/\/agora.xtec.cat\/inslaplana\/wp-json\/wp\/v2\/pages\/1047","targetHints":{"allow":["GET"]}}],"collection":[{"href":"https:\/\/agora.xtec.cat\/inslaplana\/wp-json\/wp\/v2\/pages"}],"about":[{"href":"https:\/\/agora.xtec.cat\/inslaplana\/wp-json\/wp\/v2\/types\/page"}],"author":[{"embeddable":true,"href":"https:\/\/agora.xtec.cat\/inslaplana\/wp-json\/wp\/v2\/users\/1"}],"replies":[{"embeddable":true,"href":"https:\/\/agora.xtec.cat\/inslaplana\/wp-json\/wp\/v2\/comments?post=1047"}],"version-history":[{"count":3,"href":"https:\/\/agora.xtec.cat\/inslaplana\/wp-json\/wp\/v2\/pages\/1047\/revisions"}],"predecessor-version":[{"id":1053,"href":"https:\/\/agora.xtec.cat\/inslaplana\/wp-json\/wp\/v2\/pages\/1047\/revisions\/1053"}],"up":[{"embeddable":true,"href":"https:\/\/agora.xtec.cat\/inslaplana\/wp-json\/wp\/v2\/pages\/999"}],"wp:attachment":[{"href":"https:\/\/agora.xtec.cat\/inslaplana\/wp-json\/wp\/v2\/media?parent=1047"}],"curies":[{"name":"wp","href":"https:\/\/api.w.org\/{rel}","templated":true}]}}